{"id":26683,"date":"2021-01-12T11:43:16","date_gmt":"2021-01-12T11:43:16","guid":{"rendered":"https:\/\/skin-heal.com\/?post_type=product&#038;p=26683"},"modified":"2022-06-15T18:03:49","modified_gmt":"2022-06-15T18:03:49","slug":"hyaldew-shine-1-x-2ml","status":"publish","type":"product","link":"https:\/\/skin-heal.com\/es\/producto\/hyaldew-shine-1-x-2ml\/","title":{"rendered":"HyalDew Shine (1 x 2ml)"},"content":{"rendered":"<p>Aunque HyalDew Shine no es \u00fanico en cuanto a lo que hace, es mucho mejor que los otros h\u00edbridos de mesoterapia\/relleno disponibles en el mercado. La mayor\u00eda de los productos de rejuvenecimiento de la piel basados en el \u00e1cido hialur\u00f3nico tienen una concentraci\u00f3n muy baja de AH por ml (normalmente 10mg\/ml). A diferencia de ellos, Shine cuenta con una concentraci\u00f3n de HA de 20ml\/ml, lo que garantiza que su efecto sea m\u00e1s duradero y potente. El \u00e1cido se disolver\u00e1 durante m\u00e1s tiempo en el cuerpo del paciente, lo que significa que su efecto beneficioso sobre la piel se prolongar\u00e1 significativamente. La mejora inmediata de la salud de la piel se producir\u00e1 en un plazo de hasta dos meses, a diferencia de lo que ocurre cuando se utilizan productos alternativos.<\/p>\n<h3>HyalDew Shine - relleno y meso<\/h3>\n<p>Esto permite que HyalDew act\u00fae como un relleno d\u00e9rmico. Si bien no es tan eficaz como un relleno blando est\u00e1ndar, sigue teniendo un efecto instant\u00e1neo cuando se trata de eliminar las l\u00edneas y arrugas m\u00e1s finas y delicadas de la piel.<\/p>\n<p>Este producto es 100% seguro. El \u00e1cido hialur\u00f3nico utilizado no es de origen animal y ha sido adicionalmente purificado y esterilizado. Una vez inyectado, el gel de AH se disuelve de forma segura en el cuerpo en el transcurso de un par de meses. Al hacerlo, los niveles de hidrataci\u00f3n de la piel mejorar\u00e1n, la elasticidad se restaurar\u00e1 y las arrugas superficiales se suavizar\u00e1n.<\/p>","protected":false},"excerpt":{"rendered":"<p>HyalDew Shine es uno de los productos a base de \u00e1cido hialur\u00f3nico m\u00e1s potentes del mercado. M\u00e1s que una soluci\u00f3n de mesoterapia, este inyectable a base de AH tambi\u00e9n tiene un rendimiento espectacular como relleno blando. Una vez inyectado en una zona de la cara, empezar\u00e1 inmediatamente a potenciar y amplificar las propiedades naturales de cicatrizaci\u00f3n y autoregeneraci\u00f3n de la piel, al tiempo que mejora enormemente los niveles de hidrataci\u00f3n. Al mismo tiempo, HyalDew Shine tendr\u00e1 un efecto inmediato sobre las l\u00edneas de expresi\u00f3n y las arrugas especialmente delicadas.<\/p>","protected":false},"featured_media":26701,"template":"","meta":[],"product_brand":[],"product_cat":[132,133,80],"product_tag":[],"class_list":{"0":"post-26683","1":"product","2":"type-product","3":"status-publish","4":"has-post-thumbnail","6":"product_cat-bioplus","7":"product_cat-hyaldew","8":"product_cat-mesotherapy","9":"clearfix","11":"first","12":"outofstock","13":"taxable","14":"shipping-taxable","15":"purchasable","16":"product-type-simple"},"yoast_head":"<!-- This site is optimized with the Yoast SEO plugin v27.4 - https:\/\/yoast.com\/product\/yoast-seo-wordpress\/ -->\n<title>HyalDew Shine (1 x 2ml) - Skin Heal<\/title>\n<meta name=\"robots\" content=\"index, follow, max-snippet:-1, max-image-preview:large, max-video-preview:-1\" \/>\n<link rel=\"canonical\" href=\"https:\/\/skin-heal.com\/es\/producto\/hyaldew-shine-1-x-2ml\/\" \/>\n<meta property=\"og:locale\" content=\"es_MX\" \/>\n<meta property=\"og:type\" content=\"article\" \/>\n<meta property=\"og:title\" content=\"HyalDew Shine (1 x 2ml) - Skin Heal\" \/>\n<meta property=\"og:description\" content=\"HyalDew Shine is one of the most powerful Hyaluronic acid based products on the market. More than a mesotherapy solution this HA based injectable also performs spectacularly as a soft filler. Once injected into an area of the face, it will immediately start boosting and amplifying the natural healing and self regenerating properties of the skin, while vastly improving the hydration levels. At the same time, the HyalDew Shine will have an immediate effect on especially delicate skin lines and wrinkles.\" \/>\n<meta property=\"og:url\" content=\"https:\/\/skin-heal.com\/es\/producto\/hyaldew-shine-1-x-2ml\/\" \/>\n<meta property=\"og:site_name\" content=\"Skin Heal\" \/>\n<meta property=\"article:modified_time\" content=\"2022-06-15T18:03:49+00:00\" \/>\n<meta property=\"og:image\" content=\"https:\/\/cdn.skin-heal.com\/wp-content\/uploads\/2021\/01\/HyalDew-Shine.jpg\" \/>\n\t<meta property=\"og:image:width\" content=\"600\" \/>\n\t<meta property=\"og:image:height\" content=\"600\" \/>\n\t<meta property=\"og:image:type\" content=\"image\/jpeg\" \/>\n<meta name=\"twitter:card\" content=\"summary_large_image\" \/>\n<meta name=\"twitter:label1\" content=\"Tiempo de lectura\" \/>\n\t<meta name=\"twitter:data1\" content=\"1 minuto\" \/>\n<script type=\"application\/ld+json\" class=\"yoast-schema-graph\">{\"@context\":\"https:\\\/\\\/schema.org\",\"@graph\":[{\"@type\":\"WebPage\",\"@id\":\"https:\\\/\\\/skin-heal.com\\\/product\\\/hyaldew-shine-1-x-2ml\\\/\",\"url\":\"https:\\\/\\\/skin-heal.com\\\/product\\\/hyaldew-shine-1-x-2ml\\\/\",\"name\":\"HyalDew Shine (1 x 2ml) - Skin Heal\",\"isPartOf\":{\"@id\":\"https:\\\/\\\/skin-heal.com\\\/#website\"},\"primaryImageOfPage\":{\"@id\":\"https:\\\/\\\/skin-heal.com\\\/product\\\/hyaldew-shine-1-x-2ml\\\/#primaryimage\"},\"image\":{\"@id\":\"https:\\\/\\\/skin-heal.com\\\/product\\\/hyaldew-shine-1-x-2ml\\\/#primaryimage\"},\"thumbnailUrl\":\"https:\\\/\\\/skin-heal.com\\\/wp-content\\\/uploads\\\/2021\\\/01\\\/HyalDew-Shine.jpg\",\"datePublished\":\"2021-01-12T11:43:16+00:00\",\"dateModified\":\"2022-06-15T18:03:49+00:00\",\"breadcrumb\":{\"@id\":\"https:\\\/\\\/skin-heal.com\\\/product\\\/hyaldew-shine-1-x-2ml\\\/#breadcrumb\"},\"inLanguage\":\"es\",\"potentialAction\":[{\"@type\":\"ReadAction\",\"target\":[\"https:\\\/\\\/skin-heal.com\\\/product\\\/hyaldew-shine-1-x-2ml\\\/\"]}]},{\"@type\":\"ImageObject\",\"inLanguage\":\"es\",\"@id\":\"https:\\\/\\\/skin-heal.com\\\/product\\\/hyaldew-shine-1-x-2ml\\\/#primaryimage\",\"url\":\"https:\\\/\\\/skin-heal.com\\\/wp-content\\\/uploads\\\/2021\\\/01\\\/HyalDew-Shine.jpg\",\"contentUrl\":\"https:\\\/\\\/skin-heal.com\\\/wp-content\\\/uploads\\\/2021\\\/01\\\/HyalDew-Shine.jpg\",\"width\":600,\"height\":600,\"caption\":\"HyalDew Shine\"},{\"@type\":\"BreadcrumbList\",\"@id\":\"https:\\\/\\\/skin-heal.com\\\/product\\\/hyaldew-shine-1-x-2ml\\\/#breadcrumb\",\"itemListElement\":[{\"@type\":\"ListItem\",\"position\":1,\"name\":\"Home\",\"item\":\"https:\\\/\\\/skin-heal.com\\\/\"},{\"@type\":\"ListItem\",\"position\":2,\"name\":\"Store\",\"item\":\"https:\\\/\\\/skin-heal.com\\\/store\\\/\"},{\"@type\":\"ListItem\",\"position\":3,\"name\":\"HyalDew Shine (1 x 2ml)\"}]},{\"@type\":\"WebSite\",\"@id\":\"https:\\\/\\\/skin-heal.com\\\/#website\",\"url\":\"https:\\\/\\\/skin-heal.com\\\/\",\"name\":\"Skin Heal\",\"description\":\"Lowest Prices for Dermal Fillers\",\"potentialAction\":[{\"@type\":\"SearchAction\",\"target\":{\"@type\":\"EntryPoint\",\"urlTemplate\":\"https:\\\/\\\/skin-heal.com\\\/?s={search_term_string}\"},\"query-input\":{\"@type\":\"PropertyValueSpecification\",\"valueRequired\":true,\"valueName\":\"search_term_string\"}}],\"inLanguage\":\"es\"}]}<\/script>\n<!-- \/ Yoast SEO plugin. -->","yoast_head_json":{"title":"HyalDew Shine (1 x 2ml) - Skin Heal","robots":{"index":"index","follow":"follow","max-snippet":"max-snippet:-1","max-image-preview":"max-image-preview:large","max-video-preview":"max-video-preview:-1"},"canonical":"https:\/\/skin-heal.com\/es\/producto\/hyaldew-shine-1-x-2ml\/","og_locale":"es_MX","og_type":"article","og_title":"HyalDew Shine (1 x 2ml) - Skin Heal","og_description":"HyalDew Shine is one of the most powerful Hyaluronic acid based products on the market. More than a mesotherapy solution this HA based injectable also performs spectacularly as a soft filler. Once injected into an area of the face, it will immediately start boosting and amplifying the natural healing and self regenerating properties of the skin, while vastly improving the hydration levels. At the same time, the HyalDew Shine will have an immediate effect on especially delicate skin lines and wrinkles.","og_url":"https:\/\/skin-heal.com\/es\/producto\/hyaldew-shine-1-x-2ml\/","og_site_name":"Skin Heal","article_modified_time":"2022-06-15T18:03:49+00:00","og_image":[{"width":600,"height":600,"url":"https:\/\/cdn.skin-heal.com\/wp-content\/uploads\/2021\/01\/HyalDew-Shine.jpg","type":"image\/jpeg"}],"twitter_card":"summary_large_image","twitter_misc":{"Tiempo de lectura":"1 minuto"},"schema":{"@context":"https:\/\/schema.org","@graph":[{"@type":"WebPage","@id":"https:\/\/skin-heal.com\/product\/hyaldew-shine-1-x-2ml\/","url":"https:\/\/skin-heal.com\/product\/hyaldew-shine-1-x-2ml\/","name":"HyalDew Shine (1 x 2ml) - Skin Heal","isPartOf":{"@id":"https:\/\/skin-heal.com\/#website"},"primaryImageOfPage":{"@id":"https:\/\/skin-heal.com\/product\/hyaldew-shine-1-x-2ml\/#primaryimage"},"image":{"@id":"https:\/\/skin-heal.com\/product\/hyaldew-shine-1-x-2ml\/#primaryimage"},"thumbnailUrl":"https:\/\/cdn.skin-heal.com\/wp-content\/uploads\/2021\/01\/HyalDew-Shine.jpg","datePublished":"2021-01-12T11:43:16+00:00","dateModified":"2022-06-15T18:03:49+00:00","breadcrumb":{"@id":"https:\/\/skin-heal.com\/product\/hyaldew-shine-1-x-2ml\/#breadcrumb"},"inLanguage":"es","potentialAction":[{"@type":"ReadAction","target":["https:\/\/skin-heal.com\/product\/hyaldew-shine-1-x-2ml\/"]}]},{"@type":"ImageObject","inLanguage":"es","@id":"https:\/\/skin-heal.com\/product\/hyaldew-shine-1-x-2ml\/#primaryimage","url":"https:\/\/cdn.skin-heal.com\/wp-content\/uploads\/2021\/01\/HyalDew-Shine.jpg","contentUrl":"https:\/\/cdn.skin-heal.com\/wp-content\/uploads\/2021\/01\/HyalDew-Shine.jpg","width":600,"height":600,"caption":"HyalDew Shine"},{"@type":"BreadcrumbList","@id":"https:\/\/skin-heal.com\/product\/hyaldew-shine-1-x-2ml\/#breadcrumb","itemListElement":[{"@type":"ListItem","position":1,"name":"Home","item":"https:\/\/skin-heal.com\/"},{"@type":"ListItem","position":2,"name":"Store","item":"https:\/\/skin-heal.com\/store\/"},{"@type":"ListItem","position":3,"name":"HyalDew Shine (1 x 2ml)"}]},{"@type":"WebSite","@id":"https:\/\/skin-heal.com\/#website","url":"https:\/\/skin-heal.com\/","name":"Curaci\u00f3n de la piel","description":"Los precios m\u00e1s bajos para los rellenos d\u00e9rmicos","potentialAction":[{"@type":"SearchAction","target":{"@type":"EntryPoint","urlTemplate":"https:\/\/skin-heal.com\/?s={search_term_string}"},"query-input":{"@type":"PropertyValueSpecification","valueRequired":true,"valueName":"search_term_string"}}],"inLanguage":"es"}]}},"_links":{"self":[{"href":"https:\/\/skin-heal.com\/es\/wp-json\/wp\/v2\/product\/26683","targetHints":{"allow":["GET"]}}],"collection":[{"href":"https:\/\/skin-heal.com\/es\/wp-json\/wp\/v2\/product"}],"about":[{"href":"https:\/\/skin-heal.com\/es\/wp-json\/wp\/v2\/types\/product"}],"wp:featuredmedia":[{"embeddable":true,"href":"https:\/\/skin-heal.com\/es\/wp-json\/wp\/v2\/media\/26701"}],"wp:attachment":[{"href":"https:\/\/skin-heal.com\/es\/wp-json\/wp\/v2\/media?parent=26683"}],"wp:term":[{"taxonomy":"product_brand","embeddable":true,"href":"https:\/\/skin-heal.com\/es\/wp-json\/wp\/v2\/product_brand?post=26683"},{"taxonomy":"product_cat","embeddable":true,"href":"https:\/\/skin-heal.com\/es\/wp-json\/wp\/v2\/product_cat?post=26683"},{"taxonomy":"product_tag","embeddable":true,"href":"https:\/\/skin-heal.com\/es\/wp-json\/wp\/v2\/product_tag?post=26683"}],"curies":[{"name":"wp","href":"https:\/\/api.w.org\/{rel}","templated":true}]}}