{"id":26684,"date":"2021-01-12T11:42:04","date_gmt":"2021-01-12T11:42:04","guid":{"rendered":"https:\/\/skin-heal.com\/?post_type=product&#038;p=26684"},"modified":"2022-06-15T18:03:56","modified_gmt":"2022-06-15T18:03:56","slug":"hyaldew-fine-1-x-1ml","status":"publish","type":"product","link":"https:\/\/skin-heal.com\/es\/producto\/hyaldew-fine-1-x-1ml\/","title":{"rendered":"HyalDew Fine (1 x 1ml)"},"content":{"rendered":"<h3>Eliminaci\u00f3n instant\u00e1nea de las l\u00edneas de expresi\u00f3n<\/h3>\n<p>Por regla general, los m\u00e9dicos deben aplicar el producto mediante una inyecci\u00f3n en la dermis media. Este procedimiento es r\u00e1pido, ya que normalmente no dura m\u00e1s de 20-30 minutos. Despu\u00e9s de \u00e9l, las arrugas finas de la cara desaparecen en un instante y el aspecto del paciente se vuelve m\u00e1s juvenil.<\/p>\n<p>Lo mejor de todo es que HyalDew Fine puede <em>tratar una amplia gama de arrugas<\/em>. Algunos de ellos incluyen l\u00edneas poco profundas:<\/p>\n<ul>\n<li>Alrededor de los labios<\/li>\n<li>Alrededor de los ojos<\/li>\n<li>En el cuello<\/li>\n<\/ul>\n<p>Adem\u00e1s, las propiedades estimulantes de la piel del producto permiten a los cirujanos est\u00e9ticos utilizarlo durante <strong>tratamientos de mesoterapia<\/strong>. Por ejemplo, el procedimiento ofrece los mejores resultados cuando se trata de <em>eliminaci\u00f3n de las bolsas de los ojos e iluminaci\u00f3n de la piel<\/em>.<\/p>\n<p>Adem\u00e1s, los m\u00e9dicos pueden utilizar el anest\u00e9sico local de la caja para evitar que los pacientes sientan dolor durante el procedimiento. Aun as\u00ed, incluso sin este paso del tratamiento, la terapia es casi indolora. Adem\u00e1s, s\u00f3lo dura unos pocos minutos.<\/p>\n<h3>Beneficios de HyalDew Fine<\/h3>\n<p>La empresa que est\u00e1 detr\u00e1s de este relleno cut\u00e1neo de HA es BioPlus Co. y es famosa por su tecnolog\u00eda de reticulaci\u00f3n. Esta \u00faltima se llama <strong>Tecnolog\u00eda MCL<\/strong> y prolonga en gran medida los efectos antiarrugas del tratamiento.<\/p>\n<p>A diferencia de otros productos similares, HyalDew Fine es f\u00e1cil y r\u00e1pido de aplicar. Por un lado, consiste en un gel el\u00e1stico que los cirujanos pl\u00e1sticos pueden controlar y moldear de la forma que deseen.<\/p>","protected":false},"excerpt":{"rendered":"<p>HyalDew Fine de BioPlus Co. es un relleno d\u00e9rmico pionero con <u>antienvejecimiento y potenciador de la piel<\/u> poderes. El principal ingrediente activo de este producto es el \u00e1cido hialur\u00f3nico, que rellena instant\u00e1neamente las l\u00edneas de expresi\u00f3n y mejora el estado de la piel. Una vez que los cirujanos pl\u00e1sticos aplican la soluci\u00f3n bajo la piel, sus efectos son activos durante varios meses. A diferencia de otros rellenos antiarrugas, \u00e9ste es f\u00e1cil de moldear y ofrece resultados naturales.<\/p>","protected":false},"featured_media":26699,"template":"","meta":[],"product_brand":[],"product_cat":[132,79,133],"product_tag":[],"class_list":{"0":"post-26684","1":"product","2":"type-product","3":"status-publish","4":"has-post-thumbnail","6":"product_cat-bioplus","7":"product_cat-dermal-fillers","8":"product_cat-hyaldew","9":"clearfix","11":"first","12":"outofstock","13":"taxable","14":"shipping-taxable","15":"purchasable","16":"product-type-simple"},"yoast_head":"<!-- This site is optimized with the Yoast SEO plugin v27.3 - https:\/\/yoast.com\/product\/yoast-seo-wordpress\/ -->\n<title>HyalDew Fine (1 x 1ml) - Skin Heal<\/title>\n<meta name=\"description\" content=\"HyalDew Fine by BioPlus Co. is an HA skin filler with anti-aging and skin-boosting powers. Use HyalDew Fine to remove fine lines on the face and the neck.\" \/>\n<meta name=\"robots\" content=\"index, follow, max-snippet:-1, max-image-preview:large, max-video-preview:-1\" \/>\n<link rel=\"canonical\" href=\"https:\/\/skin-heal.com\/es\/producto\/hyaldew-fine-1-x-1ml\/\" \/>\n<meta property=\"og:locale\" content=\"es_MX\" \/>\n<meta property=\"og:type\" content=\"article\" \/>\n<meta property=\"og:title\" content=\"HyalDew Fine (1 x 1ml) - Skin Heal\" \/>\n<meta property=\"og:description\" content=\"HyalDew Fine by BioPlus Co. is an HA skin filler with anti-aging and skin-boosting powers. Use HyalDew Fine to remove fine lines on the face and the neck.\" \/>\n<meta property=\"og:url\" content=\"https:\/\/skin-heal.com\/es\/producto\/hyaldew-fine-1-x-1ml\/\" \/>\n<meta property=\"og:site_name\" content=\"Skin Heal\" \/>\n<meta property=\"article:modified_time\" content=\"2022-06-15T18:03:56+00:00\" \/>\n<meta property=\"og:image\" content=\"https:\/\/cdn.skin-heal.com\/wp-content\/uploads\/2021\/01\/HyalDew-Fine.jpg\" \/>\n\t<meta property=\"og:image:width\" content=\"600\" \/>\n\t<meta property=\"og:image:height\" content=\"600\" \/>\n\t<meta property=\"og:image:type\" content=\"image\/jpeg\" \/>\n<meta name=\"twitter:card\" content=\"summary_large_image\" \/>\n<meta name=\"twitter:label1\" content=\"Tiempo de lectura\" \/>\n\t<meta name=\"twitter:data1\" content=\"1 minuto\" \/>\n<script type=\"application\/ld+json\" class=\"yoast-schema-graph\">{\"@context\":\"https:\\\/\\\/schema.org\",\"@graph\":[{\"@type\":\"WebPage\",\"@id\":\"https:\\\/\\\/skin-heal.com\\\/product\\\/hyaldew-fine-1-x-1ml\\\/\",\"url\":\"https:\\\/\\\/skin-heal.com\\\/product\\\/hyaldew-fine-1-x-1ml\\\/\",\"name\":\"HyalDew Fine (1 x 1ml) - Skin Heal\",\"isPartOf\":{\"@id\":\"https:\\\/\\\/skin-heal.com\\\/#website\"},\"primaryImageOfPage\":{\"@id\":\"https:\\\/\\\/skin-heal.com\\\/product\\\/hyaldew-fine-1-x-1ml\\\/#primaryimage\"},\"image\":{\"@id\":\"https:\\\/\\\/skin-heal.com\\\/product\\\/hyaldew-fine-1-x-1ml\\\/#primaryimage\"},\"thumbnailUrl\":\"https:\\\/\\\/skin-heal.com\\\/wp-content\\\/uploads\\\/2021\\\/01\\\/HyalDew-Fine.jpg\",\"datePublished\":\"2021-01-12T11:42:04+00:00\",\"dateModified\":\"2022-06-15T18:03:56+00:00\",\"description\":\"HyalDew Fine by BioPlus Co. is an HA skin filler with anti-aging and skin-boosting powers. Use HyalDew Fine to remove fine lines on the face and the neck.\",\"breadcrumb\":{\"@id\":\"https:\\\/\\\/skin-heal.com\\\/product\\\/hyaldew-fine-1-x-1ml\\\/#breadcrumb\"},\"inLanguage\":\"es\",\"potentialAction\":[{\"@type\":\"ReadAction\",\"target\":[\"https:\\\/\\\/skin-heal.com\\\/product\\\/hyaldew-fine-1-x-1ml\\\/\"]}]},{\"@type\":\"ImageObject\",\"inLanguage\":\"es\",\"@id\":\"https:\\\/\\\/skin-heal.com\\\/product\\\/hyaldew-fine-1-x-1ml\\\/#primaryimage\",\"url\":\"https:\\\/\\\/skin-heal.com\\\/wp-content\\\/uploads\\\/2021\\\/01\\\/HyalDew-Fine.jpg\",\"contentUrl\":\"https:\\\/\\\/skin-heal.com\\\/wp-content\\\/uploads\\\/2021\\\/01\\\/HyalDew-Fine.jpg\",\"width\":600,\"height\":600,\"caption\":\"HyalDew Fine\"},{\"@type\":\"BreadcrumbList\",\"@id\":\"https:\\\/\\\/skin-heal.com\\\/product\\\/hyaldew-fine-1-x-1ml\\\/#breadcrumb\",\"itemListElement\":[{\"@type\":\"ListItem\",\"position\":1,\"name\":\"Home\",\"item\":\"https:\\\/\\\/skin-heal.com\\\/\"},{\"@type\":\"ListItem\",\"position\":2,\"name\":\"Store\",\"item\":\"https:\\\/\\\/skin-heal.com\\\/store\\\/\"},{\"@type\":\"ListItem\",\"position\":3,\"name\":\"HyalDew Fine (1 x 1ml)\"}]},{\"@type\":\"WebSite\",\"@id\":\"https:\\\/\\\/skin-heal.com\\\/#website\",\"url\":\"https:\\\/\\\/skin-heal.com\\\/\",\"name\":\"Skin Heal\",\"description\":\"Lowest Prices for Dermal Fillers\",\"potentialAction\":[{\"@type\":\"SearchAction\",\"target\":{\"@type\":\"EntryPoint\",\"urlTemplate\":\"https:\\\/\\\/skin-heal.com\\\/?s={search_term_string}\"},\"query-input\":{\"@type\":\"PropertyValueSpecification\",\"valueRequired\":true,\"valueName\":\"search_term_string\"}}],\"inLanguage\":\"es\"}]}<\/script>\n<!-- \/ Yoast SEO plugin. -->","yoast_head_json":{"title":"HyalDew Fino (1 x 1ml) - Skin Heal","description":"HyalDew Fine de BioPlus Co. es un rellenador cut\u00e1neo de HA con poderes antienvejecimiento y potenciadores de la piel. Utilice HyalDew Fine para eliminar las l\u00edneas de expresi\u00f3n de la cara y el cuello.","robots":{"index":"index","follow":"follow","max-snippet":"max-snippet:-1","max-image-preview":"max-image-preview:large","max-video-preview":"max-video-preview:-1"},"canonical":"https:\/\/skin-heal.com\/es\/producto\/hyaldew-fine-1-x-1ml\/","og_locale":"es_MX","og_type":"article","og_title":"HyalDew Fine (1 x 1ml) - Skin Heal","og_description":"HyalDew Fine by BioPlus Co. is an HA skin filler with anti-aging and skin-boosting powers. Use HyalDew Fine to remove fine lines on the face and the neck.","og_url":"https:\/\/skin-heal.com\/es\/producto\/hyaldew-fine-1-x-1ml\/","og_site_name":"Skin Heal","article_modified_time":"2022-06-15T18:03:56+00:00","og_image":[{"width":600,"height":600,"url":"https:\/\/cdn.skin-heal.com\/wp-content\/uploads\/2021\/01\/HyalDew-Fine.jpg","type":"image\/jpeg"}],"twitter_card":"summary_large_image","twitter_misc":{"Tiempo de lectura":"1 minuto"},"schema":{"@context":"https:\/\/schema.org","@graph":[{"@type":"WebPage","@id":"https:\/\/skin-heal.com\/product\/hyaldew-fine-1-x-1ml\/","url":"https:\/\/skin-heal.com\/product\/hyaldew-fine-1-x-1ml\/","name":"HyalDew Fino (1 x 1ml) - Skin Heal","isPartOf":{"@id":"https:\/\/skin-heal.com\/#website"},"primaryImageOfPage":{"@id":"https:\/\/skin-heal.com\/product\/hyaldew-fine-1-x-1ml\/#primaryimage"},"image":{"@id":"https:\/\/skin-heal.com\/product\/hyaldew-fine-1-x-1ml\/#primaryimage"},"thumbnailUrl":"https:\/\/cdn.skin-heal.com\/wp-content\/uploads\/2021\/01\/HyalDew-Fine.jpg","datePublished":"2021-01-12T11:42:04+00:00","dateModified":"2022-06-15T18:03:56+00:00","description":"HyalDew Fine de BioPlus Co. es un rellenador cut\u00e1neo de HA con poderes antienvejecimiento y potenciadores de la piel. Utilice HyalDew Fine para eliminar las l\u00edneas de expresi\u00f3n de la cara y el cuello.","breadcrumb":{"@id":"https:\/\/skin-heal.com\/product\/hyaldew-fine-1-x-1ml\/#breadcrumb"},"inLanguage":"es","potentialAction":[{"@type":"ReadAction","target":["https:\/\/skin-heal.com\/product\/hyaldew-fine-1-x-1ml\/"]}]},{"@type":"ImageObject","inLanguage":"es","@id":"https:\/\/skin-heal.com\/product\/hyaldew-fine-1-x-1ml\/#primaryimage","url":"https:\/\/cdn.skin-heal.com\/wp-content\/uploads\/2021\/01\/HyalDew-Fine.jpg","contentUrl":"https:\/\/cdn.skin-heal.com\/wp-content\/uploads\/2021\/01\/HyalDew-Fine.jpg","width":600,"height":600,"caption":"HyalDew Fine"},{"@type":"BreadcrumbList","@id":"https:\/\/skin-heal.com\/product\/hyaldew-fine-1-x-1ml\/#breadcrumb","itemListElement":[{"@type":"ListItem","position":1,"name":"Home","item":"https:\/\/skin-heal.com\/"},{"@type":"ListItem","position":2,"name":"Store","item":"https:\/\/skin-heal.com\/store\/"},{"@type":"ListItem","position":3,"name":"HyalDew Fine (1 x 1ml)"}]},{"@type":"WebSite","@id":"https:\/\/skin-heal.com\/#website","url":"https:\/\/skin-heal.com\/","name":"Curaci\u00f3n de la piel","description":"Los precios m\u00e1s bajos para los rellenos d\u00e9rmicos","potentialAction":[{"@type":"SearchAction","target":{"@type":"EntryPoint","urlTemplate":"https:\/\/skin-heal.com\/?s={search_term_string}"},"query-input":{"@type":"PropertyValueSpecification","valueRequired":true,"valueName":"search_term_string"}}],"inLanguage":"es"}]}},"_links":{"self":[{"href":"https:\/\/skin-heal.com\/es\/wp-json\/wp\/v2\/product\/26684","targetHints":{"allow":["GET"]}}],"collection":[{"href":"https:\/\/skin-heal.com\/es\/wp-json\/wp\/v2\/product"}],"about":[{"href":"https:\/\/skin-heal.com\/es\/wp-json\/wp\/v2\/types\/product"}],"wp:featuredmedia":[{"embeddable":true,"href":"https:\/\/skin-heal.com\/es\/wp-json\/wp\/v2\/media\/26699"}],"wp:attachment":[{"href":"https:\/\/skin-heal.com\/es\/wp-json\/wp\/v2\/media?parent=26684"}],"wp:term":[{"taxonomy":"product_brand","embeddable":true,"href":"https:\/\/skin-heal.com\/es\/wp-json\/wp\/v2\/product_brand?post=26684"},{"taxonomy":"product_cat","embeddable":true,"href":"https:\/\/skin-heal.com\/es\/wp-json\/wp\/v2\/product_cat?post=26684"},{"taxonomy":"product_tag","embeddable":true,"href":"https:\/\/skin-heal.com\/es\/wp-json\/wp\/v2\/product_tag?post=26684"}],"curies":[{"name":"wp","href":"https:\/\/api.w.org\/{rel}","templated":true}]}}