{"id":26758,"date":"2021-01-14T12:39:00","date_gmt":"2021-01-14T10:39:00","guid":{"rendered":"https:\/\/skin-heal.com\/?post_type=product&#038;p=26758"},"modified":"2026-02-17T15:39:19","modified_gmt":"2026-02-17T13:39:19","slug":"revanesse-ultra-2-x-1ml","status":"publish","type":"product","link":"https:\/\/skin-heal.com\/es\/producto\/revanesse-ultra-2-x-1ml\/","title":{"rendered":"Revanesse Ultra (2 x 1ml)"},"content":{"rendered":"<p>Revanesse es una marca canadiense de rellenos de primera calidad de Prollenium, que iguala completamente la calidad ofrecida por la marca europea de fama mundial. Este producto de belleza, que es un gel de HA m\u00e1s grueso que la media, est\u00e1 destinado principalmente a tratar (y eliminar por completo) los pliegues cut\u00e1neos profundos y graves, especialmente los nasolabiales. El uso del relleno Revanesse Ultra puede extenderse al esculpido facial y al aumento de zonas como la barbilla y la nariz, para conseguir mejores l\u00edneas de rasgos faciales, contorno o mejorar la forma y el volumen de varias partes de la cara del paciente.<\/p>","protected":false},"excerpt":{"rendered":"<p>Revanesse es una marca canadiense de rellenos de primera calidad de Prollenium, que iguala completamente la calidad ofrecida por la marca europea de fama mundial. Este producto de belleza, que es un gel de HA m\u00e1s grueso que la media, est\u00e1 destinado principalmente a tratar (y eliminar por completo) los pliegues cut\u00e1neos profundos y graves, especialmente los nasolabiales. El uso del relleno Revanesse Ultra puede extenderse al esculpido facial y al aumento de zonas como la barbilla y la nariz, para conseguir mejores l\u00edneas de rasgos faciales, contorno o mejorar la forma y el volumen de varias partes de la cara del paciente.<\/p>","protected":false},"featured_media":26759,"template":"","meta":[],"product_brand":[],"product_cat":[79,135,134,144],"product_tag":[145],"class_list":{"0":"post-26758","1":"product","2":"type-product","3":"status-publish","4":"has-post-thumbnail","6":"product_cat-dermal-fillers","7":"product_cat-prollenium","8":"product_cat-revanesse","9":"product_cat-holiday-mega-sale","10":"product_tag-5off","11":"clearfix","13":"first","14":"outofstock","15":"sale","16":"taxable","17":"shipping-taxable","18":"purchasable","19":"product-type-simple"},"yoast_head":"<!-- This site is optimized with the Yoast SEO plugin v27.3 - https:\/\/yoast.com\/product\/yoast-seo-wordpress\/ -->\n<title>Revanesse Ultra (2 x 1ml) - Skin Heal<\/title>\n<meta name=\"description\" content=\"Revanesse Ultra is a Canadian fillers for the removal of need skin folds and light contouring and facial augmentation, which can also be used as a firmer lip filler.\" \/>\n<meta name=\"robots\" content=\"index, follow, max-snippet:-1, max-image-preview:large, max-video-preview:-1\" \/>\n<link rel=\"canonical\" href=\"https:\/\/skin-heal.com\/es\/producto\/revanesse-ultra-2-x-1ml\/\" \/>\n<meta property=\"og:locale\" content=\"es_MX\" \/>\n<meta property=\"og:type\" content=\"article\" \/>\n<meta property=\"og:title\" content=\"Revanesse Ultra (2 x 1ml) - Skin Heal\" \/>\n<meta property=\"og:description\" content=\"Revanesse Ultra is a Canadian fillers for the removal of need skin folds and light contouring and facial augmentation, which can also be used as a firmer lip filler.\" \/>\n<meta property=\"og:url\" content=\"https:\/\/skin-heal.com\/es\/producto\/revanesse-ultra-2-x-1ml\/\" \/>\n<meta property=\"og:site_name\" content=\"Skin Heal\" \/>\n<meta property=\"article:modified_time\" content=\"2026-02-17T13:39:19+00:00\" \/>\n<meta property=\"og:image\" content=\"https:\/\/cdn.skin-heal.com\/wp-content\/uploads\/2021\/01\/Revanesse-Ultra.jpg\" \/>\n\t<meta property=\"og:image:width\" content=\"600\" \/>\n\t<meta property=\"og:image:height\" content=\"600\" \/>\n\t<meta property=\"og:image:type\" content=\"image\/jpeg\" \/>\n<meta name=\"twitter:card\" content=\"summary_large_image\" \/>\n<script type=\"application\/ld+json\" class=\"yoast-schema-graph\">{\"@context\":\"https:\\\/\\\/schema.org\",\"@graph\":[{\"@type\":\"WebPage\",\"@id\":\"https:\\\/\\\/skin-heal.com\\\/product\\\/revanesse-ultra-2-x-1ml\\\/\",\"url\":\"https:\\\/\\\/skin-heal.com\\\/product\\\/revanesse-ultra-2-x-1ml\\\/\",\"name\":\"Revanesse Ultra (2 x 1ml) - Skin Heal\",\"isPartOf\":{\"@id\":\"https:\\\/\\\/skin-heal.com\\\/#website\"},\"primaryImageOfPage\":{\"@id\":\"https:\\\/\\\/skin-heal.com\\\/product\\\/revanesse-ultra-2-x-1ml\\\/#primaryimage\"},\"image\":{\"@id\":\"https:\\\/\\\/skin-heal.com\\\/product\\\/revanesse-ultra-2-x-1ml\\\/#primaryimage\"},\"thumbnailUrl\":\"https:\\\/\\\/skin-heal.com\\\/wp-content\\\/uploads\\\/2021\\\/01\\\/Revanesse-Ultra.jpg\",\"datePublished\":\"2021-01-14T10:39:00+00:00\",\"dateModified\":\"2026-02-17T13:39:19+00:00\",\"description\":\"Revanesse Ultra is a Canadian fillers for the removal of need skin folds and light contouring and facial augmentation, which can also be used as a firmer lip filler.\",\"breadcrumb\":{\"@id\":\"https:\\\/\\\/skin-heal.com\\\/product\\\/revanesse-ultra-2-x-1ml\\\/#breadcrumb\"},\"inLanguage\":\"es\",\"potentialAction\":[{\"@type\":\"ReadAction\",\"target\":[\"https:\\\/\\\/skin-heal.com\\\/product\\\/revanesse-ultra-2-x-1ml\\\/\"]}]},{\"@type\":\"ImageObject\",\"inLanguage\":\"es\",\"@id\":\"https:\\\/\\\/skin-heal.com\\\/product\\\/revanesse-ultra-2-x-1ml\\\/#primaryimage\",\"url\":\"https:\\\/\\\/skin-heal.com\\\/wp-content\\\/uploads\\\/2021\\\/01\\\/Revanesse-Ultra.jpg\",\"contentUrl\":\"https:\\\/\\\/skin-heal.com\\\/wp-content\\\/uploads\\\/2021\\\/01\\\/Revanesse-Ultra.jpg\",\"width\":600,\"height\":600,\"caption\":\"Revanesse Ultra\"},{\"@type\":\"BreadcrumbList\",\"@id\":\"https:\\\/\\\/skin-heal.com\\\/product\\\/revanesse-ultra-2-x-1ml\\\/#breadcrumb\",\"itemListElement\":[{\"@type\":\"ListItem\",\"position\":1,\"name\":\"Home\",\"item\":\"https:\\\/\\\/skin-heal.com\\\/\"},{\"@type\":\"ListItem\",\"position\":2,\"name\":\"Store\",\"item\":\"https:\\\/\\\/skin-heal.com\\\/store\\\/\"},{\"@type\":\"ListItem\",\"position\":3,\"name\":\"Revanesse Ultra (2 x 1ml)\"}]},{\"@type\":\"WebSite\",\"@id\":\"https:\\\/\\\/skin-heal.com\\\/#website\",\"url\":\"https:\\\/\\\/skin-heal.com\\\/\",\"name\":\"Skin Heal\",\"description\":\"Lowest Prices for Dermal Fillers\",\"potentialAction\":[{\"@type\":\"SearchAction\",\"target\":{\"@type\":\"EntryPoint\",\"urlTemplate\":\"https:\\\/\\\/skin-heal.com\\\/?s={search_term_string}\"},\"query-input\":{\"@type\":\"PropertyValueSpecification\",\"valueRequired\":true,\"valueName\":\"search_term_string\"}}],\"inLanguage\":\"es\"}]}<\/script>\n<!-- \/ Yoast SEO plugin. -->","yoast_head_json":{"title":"Revanesse Ultra (2 x 1ml) - Skin Heal","description":"Revanesse Ultra es un relleno canadiense para la eliminaci\u00f3n de los pliegues cut\u00e1neos necesarios y el ligero contorneado y aumento facial, que tambi\u00e9n puede utilizarse como relleno labial m\u00e1s firme.","robots":{"index":"index","follow":"follow","max-snippet":"max-snippet:-1","max-image-preview":"max-image-preview:large","max-video-preview":"max-video-preview:-1"},"canonical":"https:\/\/skin-heal.com\/es\/producto\/revanesse-ultra-2-x-1ml\/","og_locale":"es_MX","og_type":"article","og_title":"Revanesse Ultra (2 x 1ml) - Skin Heal","og_description":"Revanesse Ultra is a Canadian fillers for the removal of need skin folds and light contouring and facial augmentation, which can also be used as a firmer lip filler.","og_url":"https:\/\/skin-heal.com\/es\/producto\/revanesse-ultra-2-x-1ml\/","og_site_name":"Skin Heal","article_modified_time":"2026-02-17T13:39:19+00:00","og_image":[{"width":600,"height":600,"url":"https:\/\/cdn.skin-heal.com\/wp-content\/uploads\/2021\/01\/Revanesse-Ultra.jpg","type":"image\/jpeg"}],"twitter_card":"summary_large_image","schema":{"@context":"https:\/\/schema.org","@graph":[{"@type":"WebPage","@id":"https:\/\/skin-heal.com\/product\/revanesse-ultra-2-x-1ml\/","url":"https:\/\/skin-heal.com\/product\/revanesse-ultra-2-x-1ml\/","name":"Revanesse Ultra (2 x 1ml) - Skin Heal","isPartOf":{"@id":"https:\/\/skin-heal.com\/#website"},"primaryImageOfPage":{"@id":"https:\/\/skin-heal.com\/product\/revanesse-ultra-2-x-1ml\/#primaryimage"},"image":{"@id":"https:\/\/skin-heal.com\/product\/revanesse-ultra-2-x-1ml\/#primaryimage"},"thumbnailUrl":"https:\/\/cdn.skin-heal.com\/wp-content\/uploads\/2021\/01\/Revanesse-Ultra.jpg","datePublished":"2021-01-14T10:39:00+00:00","dateModified":"2026-02-17T13:39:19+00:00","description":"Revanesse Ultra es un relleno canadiense para la eliminaci\u00f3n de los pliegues cut\u00e1neos necesarios y el ligero contorneado y aumento facial, que tambi\u00e9n puede utilizarse como relleno labial m\u00e1s firme.","breadcrumb":{"@id":"https:\/\/skin-heal.com\/product\/revanesse-ultra-2-x-1ml\/#breadcrumb"},"inLanguage":"es","potentialAction":[{"@type":"ReadAction","target":["https:\/\/skin-heal.com\/product\/revanesse-ultra-2-x-1ml\/"]}]},{"@type":"ImageObject","inLanguage":"es","@id":"https:\/\/skin-heal.com\/product\/revanesse-ultra-2-x-1ml\/#primaryimage","url":"https:\/\/cdn.skin-heal.com\/wp-content\/uploads\/2021\/01\/Revanesse-Ultra.jpg","contentUrl":"https:\/\/cdn.skin-heal.com\/wp-content\/uploads\/2021\/01\/Revanesse-Ultra.jpg","width":600,"height":600,"caption":"Revanesse Ultra"},{"@type":"BreadcrumbList","@id":"https:\/\/skin-heal.com\/product\/revanesse-ultra-2-x-1ml\/#breadcrumb","itemListElement":[{"@type":"ListItem","position":1,"name":"Home","item":"https:\/\/skin-heal.com\/"},{"@type":"ListItem","position":2,"name":"Store","item":"https:\/\/skin-heal.com\/store\/"},{"@type":"ListItem","position":3,"name":"Revanesse Ultra (2 x 1ml)"}]},{"@type":"WebSite","@id":"https:\/\/skin-heal.com\/#website","url":"https:\/\/skin-heal.com\/","name":"Curaci\u00f3n de la piel","description":"Los precios m\u00e1s bajos para los rellenos d\u00e9rmicos","potentialAction":[{"@type":"SearchAction","target":{"@type":"EntryPoint","urlTemplate":"https:\/\/skin-heal.com\/?s={search_term_string}"},"query-input":{"@type":"PropertyValueSpecification","valueRequired":true,"valueName":"search_term_string"}}],"inLanguage":"es"}]}},"_links":{"self":[{"href":"https:\/\/skin-heal.com\/es\/wp-json\/wp\/v2\/product\/26758","targetHints":{"allow":["GET"]}}],"collection":[{"href":"https:\/\/skin-heal.com\/es\/wp-json\/wp\/v2\/product"}],"about":[{"href":"https:\/\/skin-heal.com\/es\/wp-json\/wp\/v2\/types\/product"}],"wp:featuredmedia":[{"embeddable":true,"href":"https:\/\/skin-heal.com\/es\/wp-json\/wp\/v2\/media\/26759"}],"wp:attachment":[{"href":"https:\/\/skin-heal.com\/es\/wp-json\/wp\/v2\/media?parent=26758"}],"wp:term":[{"taxonomy":"product_brand","embeddable":true,"href":"https:\/\/skin-heal.com\/es\/wp-json\/wp\/v2\/product_brand?post=26758"},{"taxonomy":"product_cat","embeddable":true,"href":"https:\/\/skin-heal.com\/es\/wp-json\/wp\/v2\/product_cat?post=26758"},{"taxonomy":"product_tag","embeddable":true,"href":"https:\/\/skin-heal.com\/es\/wp-json\/wp\/v2\/product_tag?post=26758"}],"curies":[{"name":"wp","href":"https:\/\/api.w.org\/{rel}","templated":true}]}}