{"id":30462,"date":"2021-06-25T16:00:54","date_gmt":"2021-06-25T13:00:54","guid":{"rendered":"https:\/\/skin-heal.com\/?post_type=product&#038;p=30462"},"modified":"2023-10-24T13:19:17","modified_gmt":"2023-10-24T10:19:17","slug":"e-p-t-q-s100-lidocaine-1-x-1-1ml","status":"publish","type":"product","link":"https:\/\/skin-heal.com\/es\/producto\/e-p-t-q-s100-lidocaine-1-x-1-1ml\/","title":{"rendered":"E.P.T.Q. S100 Lidoca\u00edna (1 x 1,1ml)"},"content":{"rendered":"<p>El relleno E.P.T.Q S100 se caracteriza por dos rasgos principales: seguridad y comodidad. Fabricado en un entorno especial y esterilizado, y basado en \u00e1cido hialur\u00f3nico purificado de origen no animal (con una concentraci\u00f3n de 24mg\/ml), su uso es completamente seguro. Jetema utiliza un proceso especial que garantiza que no hay pr\u00e1cticamente ning\u00fan residuo de agente reticulante BDDE, lo que hace que el relleno sea mucho m\u00e1s seguro de usar.<\/p>\n<p>El pH del gel de belleza es el mismo que el del cuerpo humano y eso, combinado con el hecho de que el \u00e1cido hialur\u00f3nico se encuentra en \u00e9l de forma natural, reduce en gran medida la posibilidad de efectos adversos.<\/p>\n<p>Adem\u00e1s, el producto HA contiene 0,3% de Lidoca\u00edna, que adormece cualquier molestia durante el procedimiento de inyecci\u00f3n. Las part\u00edculas del gel hialur\u00f3nico est\u00e1n homogeneizadas y la presi\u00f3n de la fuerza de inyecci\u00f3n se ha ajustado en la jeringa que lo contiene, lo que significa que el m\u00e9dico tiene un mayor control sobre el proceso de aplicaci\u00f3n, al tiempo que disminuye las molestias para el paciente<\/p>\n<p>E.P.T.Q S100 - caracter\u00edsticas principales<\/p>\n<ul>\n<li>Suave gel HA antiarrugas<\/li>\n<li>Relleno f\u00e1cil de inyectar<\/li>\n<li>Contiene 0,3% de lidoca\u00edna<\/li>\n<li>Gel homogeneizado y f\u00e1cil de inyectar<\/li>\n<li>Viene con dos agujas 27G<\/li>\n<\/ul>","protected":false},"excerpt":{"rendered":"<p>E.P.T.Q S100 con Lidoca\u00edna toma todo lo bueno del relleno de HA S100 base y lo hace sin dolor. Este gel antiarrugas de Jetema, uno de los rellenos blandos de mayor calidad procedentes de Corea, es una soluci\u00f3n r\u00e1pida, fiable y eficaz para eliminar los primeros signos de envejecimiento de la piel. Desde las l\u00edneas de las cejas hasta las patas de gallo, una vez inyectado en la piel, este relleno hialur\u00f3nico eliminar\u00e1 todas las arrugas de forma indistinguible y ofrecer\u00e1 un aspecto m\u00e1s juvenil hasta un a\u00f1o, mientras que, al mismo tiempo, potenciar\u00e1 el estado general de la piel y restaurar\u00e1 los niveles naturales de hidrataci\u00f3n de la misma.<\/p>","protected":false},"featured_media":30468,"template":"","meta":[],"product_brand":[],"product_cat":[79,136,137,144],"product_tag":[147],"class_list":{"0":"post-30462","1":"product","2":"type-product","3":"status-publish","4":"has-post-thumbnail","6":"product_cat-dermal-fillers","7":"product_cat-e-p-t-q","8":"product_cat-jetema","9":"product_cat-holiday-mega-sale","10":"product_tag-15off","11":"clearfix","13":"first","14":"outofstock","15":"sale","16":"taxable","17":"shipping-taxable","18":"purchasable","19":"product-type-simple"},"yoast_head":"<!-- This site is optimized with the Yoast SEO plugin v27.3 - https:\/\/yoast.com\/product\/yoast-seo-wordpress\/ -->\n<title>E.P.T.Q. S100 Lidocaine (1 x 1.1ml) - Skin Heal<\/title>\n<meta name=\"description\" content=\"A prime proposition from Jetema, E.P.T.Q S100 with lidocaine is a lasting solution for superficial wrinkles and skin lines.\" \/>\n<meta name=\"robots\" content=\"index, follow, max-snippet:-1, max-image-preview:large, max-video-preview:-1\" \/>\n<link rel=\"canonical\" href=\"https:\/\/skin-heal.com\/es\/producto\/e-p-t-q-s100-lidocaine-1-x-1-1ml\/\" \/>\n<meta property=\"og:locale\" content=\"es_MX\" \/>\n<meta property=\"og:type\" content=\"article\" \/>\n<meta property=\"og:title\" content=\"E.P.T.Q. S100 Lidocaine (1 x 1.1ml) - Skin Heal\" \/>\n<meta property=\"og:description\" content=\"A prime proposition from Jetema, E.P.T.Q S100 with lidocaine is a lasting solution for superficial wrinkles and skin lines.\" \/>\n<meta property=\"og:url\" content=\"https:\/\/skin-heal.com\/es\/producto\/e-p-t-q-s100-lidocaine-1-x-1-1ml\/\" \/>\n<meta property=\"og:site_name\" content=\"Skin Heal\" \/>\n<meta property=\"article:modified_time\" content=\"2023-10-24T10:19:17+00:00\" \/>\n<meta property=\"og:image\" content=\"https:\/\/cdn.skin-heal.com\/wp-content\/uploads\/2021\/06\/E.P.T.Q-S100-Lidocaine.jpg\" \/>\n\t<meta property=\"og:image:width\" content=\"600\" \/>\n\t<meta property=\"og:image:height\" content=\"600\" \/>\n\t<meta property=\"og:image:type\" content=\"image\/jpeg\" \/>\n<meta name=\"twitter:card\" content=\"summary_large_image\" \/>\n<meta name=\"twitter:label1\" content=\"Tiempo de lectura\" \/>\n\t<meta name=\"twitter:data1\" content=\"1 minuto\" \/>\n<script type=\"application\/ld+json\" class=\"yoast-schema-graph\">{\"@context\":\"https:\\\/\\\/schema.org\",\"@graph\":[{\"@type\":\"WebPage\",\"@id\":\"https:\\\/\\\/skin-heal.com\\\/product\\\/e-p-t-q-s100-lidocaine-1-x-1-1ml\\\/\",\"url\":\"https:\\\/\\\/skin-heal.com\\\/product\\\/e-p-t-q-s100-lidocaine-1-x-1-1ml\\\/\",\"name\":\"E.P.T.Q. S100 Lidocaine (1 x 1.1ml) - Skin Heal\",\"isPartOf\":{\"@id\":\"https:\\\/\\\/skin-heal.com\\\/#website\"},\"primaryImageOfPage\":{\"@id\":\"https:\\\/\\\/skin-heal.com\\\/product\\\/e-p-t-q-s100-lidocaine-1-x-1-1ml\\\/#primaryimage\"},\"image\":{\"@id\":\"https:\\\/\\\/skin-heal.com\\\/product\\\/e-p-t-q-s100-lidocaine-1-x-1-1ml\\\/#primaryimage\"},\"thumbnailUrl\":\"https:\\\/\\\/skin-heal.com\\\/wp-content\\\/uploads\\\/2021\\\/06\\\/E.P.T.Q-S100-Lidocaine.jpg\",\"datePublished\":\"2021-06-25T13:00:54+00:00\",\"dateModified\":\"2023-10-24T10:19:17+00:00\",\"description\":\"A prime proposition from Jetema, E.P.T.Q S100 with lidocaine is a lasting solution for superficial wrinkles and skin lines.\",\"breadcrumb\":{\"@id\":\"https:\\\/\\\/skin-heal.com\\\/product\\\/e-p-t-q-s100-lidocaine-1-x-1-1ml\\\/#breadcrumb\"},\"inLanguage\":\"es\",\"potentialAction\":[{\"@type\":\"ReadAction\",\"target\":[\"https:\\\/\\\/skin-heal.com\\\/product\\\/e-p-t-q-s100-lidocaine-1-x-1-1ml\\\/\"]}]},{\"@type\":\"ImageObject\",\"inLanguage\":\"es\",\"@id\":\"https:\\\/\\\/skin-heal.com\\\/product\\\/e-p-t-q-s100-lidocaine-1-x-1-1ml\\\/#primaryimage\",\"url\":\"https:\\\/\\\/skin-heal.com\\\/wp-content\\\/uploads\\\/2021\\\/06\\\/E.P.T.Q-S100-Lidocaine.jpg\",\"contentUrl\":\"https:\\\/\\\/skin-heal.com\\\/wp-content\\\/uploads\\\/2021\\\/06\\\/E.P.T.Q-S100-Lidocaine.jpg\",\"width\":600,\"height\":600,\"caption\":\"E.P.T.Q S100 Lidocaine\"},{\"@type\":\"BreadcrumbList\",\"@id\":\"https:\\\/\\\/skin-heal.com\\\/product\\\/e-p-t-q-s100-lidocaine-1-x-1-1ml\\\/#breadcrumb\",\"itemListElement\":[{\"@type\":\"ListItem\",\"position\":1,\"name\":\"Home\",\"item\":\"https:\\\/\\\/skin-heal.com\\\/\"},{\"@type\":\"ListItem\",\"position\":2,\"name\":\"Store\",\"item\":\"https:\\\/\\\/skin-heal.com\\\/store\\\/\"},{\"@type\":\"ListItem\",\"position\":3,\"name\":\"E.P.T.Q. S100 Lidocaine (1 x 1.1ml)\"}]},{\"@type\":\"WebSite\",\"@id\":\"https:\\\/\\\/skin-heal.com\\\/#website\",\"url\":\"https:\\\/\\\/skin-heal.com\\\/\",\"name\":\"Skin Heal\",\"description\":\"Lowest Prices for Dermal Fillers\",\"potentialAction\":[{\"@type\":\"SearchAction\",\"target\":{\"@type\":\"EntryPoint\",\"urlTemplate\":\"https:\\\/\\\/skin-heal.com\\\/?s={search_term_string}\"},\"query-input\":{\"@type\":\"PropertyValueSpecification\",\"valueRequired\":true,\"valueName\":\"search_term_string\"}}],\"inLanguage\":\"es\"}]}<\/script>\n<!-- \/ Yoast SEO plugin. -->","yoast_head_json":{"title":"E.P.T.Q. S100 Lidoca\u00edna (1 x 1,1ml) - Skin Heal","description":"Propuesta estrella de Jetema, E.P.T.Q S100 con lidoca\u00edna es una soluci\u00f3n duradera para las arrugas superficiales y las l\u00edneas de expresi\u00f3n.","robots":{"index":"index","follow":"follow","max-snippet":"max-snippet:-1","max-image-preview":"max-image-preview:large","max-video-preview":"max-video-preview:-1"},"canonical":"https:\/\/skin-heal.com\/es\/producto\/e-p-t-q-s100-lidocaine-1-x-1-1ml\/","og_locale":"es_MX","og_type":"article","og_title":"E.P.T.Q. S100 Lidocaine (1 x 1.1ml) - Skin Heal","og_description":"A prime proposition from Jetema, E.P.T.Q S100 with lidocaine is a lasting solution for superficial wrinkles and skin lines.","og_url":"https:\/\/skin-heal.com\/es\/producto\/e-p-t-q-s100-lidocaine-1-x-1-1ml\/","og_site_name":"Skin Heal","article_modified_time":"2023-10-24T10:19:17+00:00","og_image":[{"width":600,"height":600,"url":"https:\/\/cdn.skin-heal.com\/wp-content\/uploads\/2021\/06\/E.P.T.Q-S100-Lidocaine.jpg","type":"image\/jpeg"}],"twitter_card":"summary_large_image","twitter_misc":{"Tiempo de lectura":"1 minuto"},"schema":{"@context":"https:\/\/schema.org","@graph":[{"@type":"WebPage","@id":"https:\/\/skin-heal.com\/product\/e-p-t-q-s100-lidocaine-1-x-1-1ml\/","url":"https:\/\/skin-heal.com\/product\/e-p-t-q-s100-lidocaine-1-x-1-1ml\/","name":"E.P.T.Q. S100 Lidoca\u00edna (1 x 1,1ml) - Skin Heal","isPartOf":{"@id":"https:\/\/skin-heal.com\/#website"},"primaryImageOfPage":{"@id":"https:\/\/skin-heal.com\/product\/e-p-t-q-s100-lidocaine-1-x-1-1ml\/#primaryimage"},"image":{"@id":"https:\/\/skin-heal.com\/product\/e-p-t-q-s100-lidocaine-1-x-1-1ml\/#primaryimage"},"thumbnailUrl":"https:\/\/cdn.skin-heal.com\/wp-content\/uploads\/2021\/06\/E.P.T.Q-S100-Lidocaine.jpg","datePublished":"2021-06-25T13:00:54+00:00","dateModified":"2023-10-24T10:19:17+00:00","description":"Propuesta estrella de Jetema, E.P.T.Q S100 con lidoca\u00edna es una soluci\u00f3n duradera para las arrugas superficiales y las l\u00edneas de expresi\u00f3n.","breadcrumb":{"@id":"https:\/\/skin-heal.com\/product\/e-p-t-q-s100-lidocaine-1-x-1-1ml\/#breadcrumb"},"inLanguage":"es","potentialAction":[{"@type":"ReadAction","target":["https:\/\/skin-heal.com\/product\/e-p-t-q-s100-lidocaine-1-x-1-1ml\/"]}]},{"@type":"ImageObject","inLanguage":"es","@id":"https:\/\/skin-heal.com\/product\/e-p-t-q-s100-lidocaine-1-x-1-1ml\/#primaryimage","url":"https:\/\/cdn.skin-heal.com\/wp-content\/uploads\/2021\/06\/E.P.T.Q-S100-Lidocaine.jpg","contentUrl":"https:\/\/cdn.skin-heal.com\/wp-content\/uploads\/2021\/06\/E.P.T.Q-S100-Lidocaine.jpg","width":600,"height":600,"caption":"E.P.T.Q S100 Lidocaine"},{"@type":"BreadcrumbList","@id":"https:\/\/skin-heal.com\/product\/e-p-t-q-s100-lidocaine-1-x-1-1ml\/#breadcrumb","itemListElement":[{"@type":"ListItem","position":1,"name":"Home","item":"https:\/\/skin-heal.com\/"},{"@type":"ListItem","position":2,"name":"Store","item":"https:\/\/skin-heal.com\/store\/"},{"@type":"ListItem","position":3,"name":"E.P.T.Q. S100 Lidocaine (1 x 1.1ml)"}]},{"@type":"WebSite","@id":"https:\/\/skin-heal.com\/#website","url":"https:\/\/skin-heal.com\/","name":"Curaci\u00f3n de la piel","description":"Los precios m\u00e1s bajos para los rellenos d\u00e9rmicos","potentialAction":[{"@type":"SearchAction","target":{"@type":"EntryPoint","urlTemplate":"https:\/\/skin-heal.com\/?s={search_term_string}"},"query-input":{"@type":"PropertyValueSpecification","valueRequired":true,"valueName":"search_term_string"}}],"inLanguage":"es"}]}},"_links":{"self":[{"href":"https:\/\/skin-heal.com\/es\/wp-json\/wp\/v2\/product\/30462","targetHints":{"allow":["GET"]}}],"collection":[{"href":"https:\/\/skin-heal.com\/es\/wp-json\/wp\/v2\/product"}],"about":[{"href":"https:\/\/skin-heal.com\/es\/wp-json\/wp\/v2\/types\/product"}],"wp:featuredmedia":[{"embeddable":true,"href":"https:\/\/skin-heal.com\/es\/wp-json\/wp\/v2\/media\/30468"}],"wp:attachment":[{"href":"https:\/\/skin-heal.com\/es\/wp-json\/wp\/v2\/media?parent=30462"}],"wp:term":[{"taxonomy":"product_brand","embeddable":true,"href":"https:\/\/skin-heal.com\/es\/wp-json\/wp\/v2\/product_brand?post=30462"},{"taxonomy":"product_cat","embeddable":true,"href":"https:\/\/skin-heal.com\/es\/wp-json\/wp\/v2\/product_cat?post=30462"},{"taxonomy":"product_tag","embeddable":true,"href":"https:\/\/skin-heal.com\/es\/wp-json\/wp\/v2\/product_tag?post=30462"}],"curies":[{"name":"wp","href":"https:\/\/api.w.org\/{rel}","templated":true}]}}