{"id":30463,"date":"2021-06-25T16:00:53","date_gmt":"2021-06-25T13:00:53","guid":{"rendered":"https:\/\/skin-heal.com\/?post_type=product&#038;p=30463"},"modified":"2022-12-15T18:44:28","modified_gmt":"2022-12-15T16:44:28","slug":"e-p-t-q-s300-lidocaine-1-x-1-1ml","status":"publish","type":"product","link":"https:\/\/skin-heal.com\/es\/producto\/e-p-t-q-s300-lidocaine-1-x-1-1ml\/","title":{"rendered":"E.P.T.Q. S300 Lidoca\u00edna (1 x 1,1ml)"},"content":{"rendered":"<p>Uno de los principales objetivos de cualquier fabricante de rellenos, como Jetema, es ofrecer un relleno que tenga un aspecto completamente natural al aplicarlo. Sin protuberancias, sin \"fugas\", sin deformidades. Esto es a\u00fan m\u00e1s v\u00e1lido cuando se trata de rellenos labiales, ya que los labios son una zona muy delicada, con mucho movimiento muscular, que al mismo tiempo requiere una cierta firmeza para que el relleno tenga un aspecto y una sensaci\u00f3n naturales. En todos estos aspectos, el relleno E.P.T.Q S300 con lidoca\u00edna es un \u00e9xito total. Se trata de un relleno casi indoloro de inyectar, con una excelente capacidad de aumentar el volumen y el contorno de los labios, que durar\u00e1 hasta un a\u00f1o.<\/p>\n<h3>E.P.T.Q S300 m\u00e1s que un relleno de labios<\/h3>\n<p>Aunque se utiliza principalmente en esta zona espec\u00edfica, la lista completa de aplicaciones del gel E.P.T.Q S300 incluye:<\/p>\n<ul>\n<li>Labios<\/li>\n<li>Pliegues nasolabiales profundos<\/li>\n<li>L\u00edneas de marioneta profundas<\/li>\n<li>Inyecci\u00f3n en la nariz (para una rinoplastia leve)<\/li>\n<\/ul>\n<p>El uso del relleno labial E.P.T.Q S300 proporciona un aumento instant\u00e1neo y sin dolor del aspecto (y la confianza) del paciente mediante un procedimiento que no requiere tiempo de inactividad. La casi inexistencia de residuos de BDDE, la similitud con el pH corporal y la biocompatibilidad general hacen que sea una soluci\u00f3n segura para aumentar el volumen de los labios o eliminar las arrugas faciales y los pliegues cut\u00e1neos de moderados a profundos.<\/p>","protected":false},"excerpt":{"rendered":"<p>Pocos rellenos pueden ofrecer un realce de labios como E.P.T.Q S300 con Lidoca\u00edna. Y menos a\u00fan a este precio. E.P.T.Q S300 es un relleno labial de primera calidad con un efecto duradero, un aumento notable del volumen de los labios y la viscosidad perfecta de 200~330 Pa.s para hacer que los labios del paciente est\u00e9n llenos, bien contorneados y en general hermosos. La tecnolog\u00eda especial de estructura HIVE que utiliza Jetema, hace que el relleno hialur\u00f3nico sea indistinguible una vez inyectado en los labios, con un aspecto completamente natural durante el movimiento de los labios y con la garant\u00eda de que el gel inyectado no se desplace a otras zonas.<\/p>","protected":false},"featured_media":30466,"template":"","meta":[],"product_brand":[],"product_cat":[79,136,137],"product_tag":[],"class_list":{"0":"post-30463","1":"product","2":"type-product","3":"status-publish","4":"has-post-thumbnail","6":"product_cat-dermal-fillers","7":"product_cat-e-p-t-q","8":"product_cat-jetema","9":"clearfix","11":"first","12":"outofstock","13":"taxable","14":"shipping-taxable","15":"purchasable","16":"product-type-simple"},"yoast_head":"<!-- This site is optimized with the Yoast SEO plugin v27.4 - https:\/\/yoast.com\/product\/yoast-seo-wordpress\/ -->\n<title>E.P.T.Q. S300 Lidocaine (1 x 1.1ml) - Skin Heal<\/title>\n<meta name=\"description\" content=\"The E.P.T.Q S300 With Lidocaine filler can be used to successfully improve the shape and volume of the lips, or remove deep wrinkles for up to a year.\" \/>\n<meta name=\"robots\" content=\"index, follow, max-snippet:-1, max-image-preview:large, max-video-preview:-1\" \/>\n<link rel=\"canonical\" href=\"https:\/\/skin-heal.com\/es\/producto\/e-p-t-q-s300-lidocaine-1-x-1-1ml\/\" \/>\n<meta property=\"og:locale\" content=\"es_MX\" \/>\n<meta property=\"og:type\" content=\"article\" \/>\n<meta property=\"og:title\" content=\"E.P.T.Q. S300 Lidocaine (1 x 1.1ml) - Skin Heal\" \/>\n<meta property=\"og:description\" content=\"The E.P.T.Q S300 With Lidocaine filler can be used to successfully improve the shape and volume of the lips, or remove deep wrinkles for up to a year.\" \/>\n<meta property=\"og:url\" content=\"https:\/\/skin-heal.com\/es\/producto\/e-p-t-q-s300-lidocaine-1-x-1-1ml\/\" \/>\n<meta property=\"og:site_name\" content=\"Skin Heal\" \/>\n<meta property=\"article:modified_time\" content=\"2022-12-15T16:44:28+00:00\" \/>\n<meta property=\"og:image\" content=\"https:\/\/cdn.skin-heal.com\/wp-content\/uploads\/2021\/06\/E.P.T.Q-S300-Lidocaine.jpg\" \/>\n\t<meta property=\"og:image:width\" content=\"600\" \/>\n\t<meta property=\"og:image:height\" content=\"600\" \/>\n\t<meta property=\"og:image:type\" content=\"image\/jpeg\" \/>\n<meta name=\"twitter:card\" content=\"summary_large_image\" \/>\n<meta name=\"twitter:label1\" content=\"Tiempo de lectura\" \/>\n\t<meta name=\"twitter:data1\" content=\"1 minuto\" \/>\n<script type=\"application\/ld+json\" class=\"yoast-schema-graph\">{\"@context\":\"https:\\\/\\\/schema.org\",\"@graph\":[{\"@type\":\"WebPage\",\"@id\":\"https:\\\/\\\/skin-heal.com\\\/product\\\/e-p-t-q-s300-lidocaine-1-x-1-1ml\\\/\",\"url\":\"https:\\\/\\\/skin-heal.com\\\/product\\\/e-p-t-q-s300-lidocaine-1-x-1-1ml\\\/\",\"name\":\"E.P.T.Q. S300 Lidocaine (1 x 1.1ml) - Skin Heal\",\"isPartOf\":{\"@id\":\"https:\\\/\\\/skin-heal.com\\\/#website\"},\"primaryImageOfPage\":{\"@id\":\"https:\\\/\\\/skin-heal.com\\\/product\\\/e-p-t-q-s300-lidocaine-1-x-1-1ml\\\/#primaryimage\"},\"image\":{\"@id\":\"https:\\\/\\\/skin-heal.com\\\/product\\\/e-p-t-q-s300-lidocaine-1-x-1-1ml\\\/#primaryimage\"},\"thumbnailUrl\":\"https:\\\/\\\/skin-heal.com\\\/wp-content\\\/uploads\\\/2021\\\/06\\\/E.P.T.Q-S300-Lidocaine.jpg\",\"datePublished\":\"2021-06-25T13:00:53+00:00\",\"dateModified\":\"2022-12-15T16:44:28+00:00\",\"description\":\"The E.P.T.Q S300 With Lidocaine filler can be used to successfully improve the shape and volume of the lips, or remove deep wrinkles for up to a year.\",\"breadcrumb\":{\"@id\":\"https:\\\/\\\/skin-heal.com\\\/product\\\/e-p-t-q-s300-lidocaine-1-x-1-1ml\\\/#breadcrumb\"},\"inLanguage\":\"es\",\"potentialAction\":[{\"@type\":\"ReadAction\",\"target\":[\"https:\\\/\\\/skin-heal.com\\\/product\\\/e-p-t-q-s300-lidocaine-1-x-1-1ml\\\/\"]}]},{\"@type\":\"ImageObject\",\"inLanguage\":\"es\",\"@id\":\"https:\\\/\\\/skin-heal.com\\\/product\\\/e-p-t-q-s300-lidocaine-1-x-1-1ml\\\/#primaryimage\",\"url\":\"https:\\\/\\\/skin-heal.com\\\/wp-content\\\/uploads\\\/2021\\\/06\\\/E.P.T.Q-S300-Lidocaine.jpg\",\"contentUrl\":\"https:\\\/\\\/skin-heal.com\\\/wp-content\\\/uploads\\\/2021\\\/06\\\/E.P.T.Q-S300-Lidocaine.jpg\",\"width\":600,\"height\":600,\"caption\":\"E.P.T.Q S300 Lidocaine\"},{\"@type\":\"BreadcrumbList\",\"@id\":\"https:\\\/\\\/skin-heal.com\\\/product\\\/e-p-t-q-s300-lidocaine-1-x-1-1ml\\\/#breadcrumb\",\"itemListElement\":[{\"@type\":\"ListItem\",\"position\":1,\"name\":\"Home\",\"item\":\"https:\\\/\\\/skin-heal.com\\\/\"},{\"@type\":\"ListItem\",\"position\":2,\"name\":\"Store\",\"item\":\"https:\\\/\\\/skin-heal.com\\\/store\\\/\"},{\"@type\":\"ListItem\",\"position\":3,\"name\":\"E.P.T.Q. S300 Lidocaine (1 x 1.1ml)\"}]},{\"@type\":\"WebSite\",\"@id\":\"https:\\\/\\\/skin-heal.com\\\/#website\",\"url\":\"https:\\\/\\\/skin-heal.com\\\/\",\"name\":\"Skin Heal\",\"description\":\"Lowest Prices for Dermal Fillers\",\"potentialAction\":[{\"@type\":\"SearchAction\",\"target\":{\"@type\":\"EntryPoint\",\"urlTemplate\":\"https:\\\/\\\/skin-heal.com\\\/?s={search_term_string}\"},\"query-input\":{\"@type\":\"PropertyValueSpecification\",\"valueRequired\":true,\"valueName\":\"search_term_string\"}}],\"inLanguage\":\"es\"}]}<\/script>\n<!-- \/ Yoast SEO plugin. -->","yoast_head_json":{"title":"E.P.T.Q. S300 Lidoca\u00edna (1 x 1,1ml) - Skin Heal","description":"El relleno E.P.T.Q S300 Con Lidoca\u00edna puede utilizarse para mejorar con \u00e9xito la forma y el volumen de los labios, o eliminar arrugas profundas durante un a\u00f1o.","robots":{"index":"index","follow":"follow","max-snippet":"max-snippet:-1","max-image-preview":"max-image-preview:large","max-video-preview":"max-video-preview:-1"},"canonical":"https:\/\/skin-heal.com\/es\/producto\/e-p-t-q-s300-lidocaine-1-x-1-1ml\/","og_locale":"es_MX","og_type":"article","og_title":"E.P.T.Q. S300 Lidocaine (1 x 1.1ml) - Skin Heal","og_description":"The E.P.T.Q S300 With Lidocaine filler can be used to successfully improve the shape and volume of the lips, or remove deep wrinkles for up to a year.","og_url":"https:\/\/skin-heal.com\/es\/producto\/e-p-t-q-s300-lidocaine-1-x-1-1ml\/","og_site_name":"Skin Heal","article_modified_time":"2022-12-15T16:44:28+00:00","og_image":[{"width":600,"height":600,"url":"https:\/\/cdn.skin-heal.com\/wp-content\/uploads\/2021\/06\/E.P.T.Q-S300-Lidocaine.jpg","type":"image\/jpeg"}],"twitter_card":"summary_large_image","twitter_misc":{"Tiempo de lectura":"1 minuto"},"schema":{"@context":"https:\/\/schema.org","@graph":[{"@type":"WebPage","@id":"https:\/\/skin-heal.com\/product\/e-p-t-q-s300-lidocaine-1-x-1-1ml\/","url":"https:\/\/skin-heal.com\/product\/e-p-t-q-s300-lidocaine-1-x-1-1ml\/","name":"E.P.T.Q. S300 Lidoca\u00edna (1 x 1,1ml) - Skin Heal","isPartOf":{"@id":"https:\/\/skin-heal.com\/#website"},"primaryImageOfPage":{"@id":"https:\/\/skin-heal.com\/product\/e-p-t-q-s300-lidocaine-1-x-1-1ml\/#primaryimage"},"image":{"@id":"https:\/\/skin-heal.com\/product\/e-p-t-q-s300-lidocaine-1-x-1-1ml\/#primaryimage"},"thumbnailUrl":"https:\/\/cdn.skin-heal.com\/wp-content\/uploads\/2021\/06\/E.P.T.Q-S300-Lidocaine.jpg","datePublished":"2021-06-25T13:00:53+00:00","dateModified":"2022-12-15T16:44:28+00:00","description":"El relleno E.P.T.Q S300 Con Lidoca\u00edna puede utilizarse para mejorar con \u00e9xito la forma y el volumen de los labios, o eliminar arrugas profundas durante un a\u00f1o.","breadcrumb":{"@id":"https:\/\/skin-heal.com\/product\/e-p-t-q-s300-lidocaine-1-x-1-1ml\/#breadcrumb"},"inLanguage":"es","potentialAction":[{"@type":"ReadAction","target":["https:\/\/skin-heal.com\/product\/e-p-t-q-s300-lidocaine-1-x-1-1ml\/"]}]},{"@type":"ImageObject","inLanguage":"es","@id":"https:\/\/skin-heal.com\/product\/e-p-t-q-s300-lidocaine-1-x-1-1ml\/#primaryimage","url":"https:\/\/cdn.skin-heal.com\/wp-content\/uploads\/2021\/06\/E.P.T.Q-S300-Lidocaine.jpg","contentUrl":"https:\/\/cdn.skin-heal.com\/wp-content\/uploads\/2021\/06\/E.P.T.Q-S300-Lidocaine.jpg","width":600,"height":600,"caption":"E.P.T.Q S300 Lidocaine"},{"@type":"BreadcrumbList","@id":"https:\/\/skin-heal.com\/product\/e-p-t-q-s300-lidocaine-1-x-1-1ml\/#breadcrumb","itemListElement":[{"@type":"ListItem","position":1,"name":"Home","item":"https:\/\/skin-heal.com\/"},{"@type":"ListItem","position":2,"name":"Store","item":"https:\/\/skin-heal.com\/store\/"},{"@type":"ListItem","position":3,"name":"E.P.T.Q. S300 Lidocaine (1 x 1.1ml)"}]},{"@type":"WebSite","@id":"https:\/\/skin-heal.com\/#website","url":"https:\/\/skin-heal.com\/","name":"Curaci\u00f3n de la piel","description":"Los precios m\u00e1s bajos para los rellenos d\u00e9rmicos","potentialAction":[{"@type":"SearchAction","target":{"@type":"EntryPoint","urlTemplate":"https:\/\/skin-heal.com\/?s={search_term_string}"},"query-input":{"@type":"PropertyValueSpecification","valueRequired":true,"valueName":"search_term_string"}}],"inLanguage":"es"}]}},"_links":{"self":[{"href":"https:\/\/skin-heal.com\/es\/wp-json\/wp\/v2\/product\/30463","targetHints":{"allow":["GET"]}}],"collection":[{"href":"https:\/\/skin-heal.com\/es\/wp-json\/wp\/v2\/product"}],"about":[{"href":"https:\/\/skin-heal.com\/es\/wp-json\/wp\/v2\/types\/product"}],"wp:featuredmedia":[{"embeddable":true,"href":"https:\/\/skin-heal.com\/es\/wp-json\/wp\/v2\/media\/30466"}],"wp:attachment":[{"href":"https:\/\/skin-heal.com\/es\/wp-json\/wp\/v2\/media?parent=30463"}],"wp:term":[{"taxonomy":"product_brand","embeddable":true,"href":"https:\/\/skin-heal.com\/es\/wp-json\/wp\/v2\/product_brand?post=30463"},{"taxonomy":"product_cat","embeddable":true,"href":"https:\/\/skin-heal.com\/es\/wp-json\/wp\/v2\/product_cat?post=30463"},{"taxonomy":"product_tag","embeddable":true,"href":"https:\/\/skin-heal.com\/es\/wp-json\/wp\/v2\/product_tag?post=30463"}],"curies":[{"name":"wp","href":"https:\/\/api.w.org\/{rel}","templated":true}]}}