{"id":30464,"date":"2021-06-25T16:00:51","date_gmt":"2021-06-25T13:00:51","guid":{"rendered":"https:\/\/skin-heal.com\/?post_type=product&#038;p=30464"},"modified":"2022-11-01T18:20:23","modified_gmt":"2022-11-01T16:20:23","slug":"e-p-t-q-s500-lidocaine-1-x-1-1ml","status":"publish","type":"product","link":"https:\/\/skin-heal.com\/es\/producto\/e-p-t-q-s500-lidocaine-1-x-1-1ml\/","title":{"rendered":"E.P.T.Q. S500 Lidoca\u00edna (1 x 1,1ml)"},"content":{"rendered":"<p>Trabajar con rellenos de contorno facial no suele ser f\u00e1cil. Estos tienden a ser m\u00e1s gruesos (por lo tanto, m\u00e1s dif\u00edciles de manipular) ya que sus \u00e1reas de aplicaci\u00f3n normales incluyen el:<\/p>\n<ul>\n<li>Chin<\/li>\n<li>Nariz<\/li>\n<li>L\u00ednea de la mand\u00edbula<\/li>\n<li>P\u00f3mulos<\/li>\n<\/ul>\n<p>Pero cuando se trata del E.P.T.Q S500, se trata de un producto especialmente adaptado con el objetivo de mejorar la experiencia de la inyecci\u00f3n tanto para el m\u00e9dico como para el paciente. El manejo de la jeringa precargada es sencillo y c\u00f3modo, y las agujas incluidas tienen el tama\u00f1o adecuado para inyectar correctamente el gel hialur\u00f3nico.<\/p>\n<p>Todo ello hace que la inyecci\u00f3n sea menos inc\u00f3moda para el paciente, lo que se ampl\u00eda con el 0,3% de lidoca\u00edna. Un procedimiento de veinte minutos sin apenas dolor dar\u00e1 como resultado hasta 12 meses de rasgos m\u00e1s moldeados y contorneados de la cara.<\/p>\n<h3>E.P.T.Q S500 - un relleno seguro<\/h3>\n<p>Jetema no ha hecho ninguna concesi\u00f3n en cuanto a la calidad y seguridad de sus productos. El m\u00e9todo especial de fabricaci\u00f3n garantiza que no haya casi ning\u00fan residuo de agente reticulante (BDDA). Al mismo tiempo, el gel de \u00e1cido hialur\u00f3nico est\u00e1 purificado y esterilizado con un origen no animal garantizado.<\/p>","protected":false},"excerpt":{"rendered":"<p>El contorno y el aumento del rostro son cada vez m\u00e1s f\u00e1ciles cuando se utiliza el relleno E.P.T.Q S500 con Lidoca\u00edna de Jetema. El gel de HA viene en una jeringa, que est\u00e1 afinada para aplicar la cantidad correcta de presi\u00f3n, para un control superior al inyectar el relleno, mientras que al mismo tiempo, las part\u00edculas del producto son extremadamente uniformes, lo que iguala significativamente el flujo de la inyecci\u00f3n y facilita el proceso. Una soluci\u00f3n segura y duradera, este relleno escultural ofrece excelentes resultados de contorno a s\u00f3lo una fracci\u00f3n del precio de los rellenos de marcas europeas.<\/p>","protected":false},"featured_media":30467,"template":"","meta":[],"product_brand":[],"product_cat":[79,136,137],"product_tag":[],"class_list":{"0":"post-30464","1":"product","2":"type-product","3":"status-publish","4":"has-post-thumbnail","6":"product_cat-dermal-fillers","7":"product_cat-e-p-t-q","8":"product_cat-jetema","9":"clearfix","11":"first","12":"outofstock","13":"taxable","14":"shipping-taxable","15":"purchasable","16":"product-type-simple"},"yoast_head":"<!-- This site is optimized with the Yoast SEO plugin v27.4 - https:\/\/yoast.com\/product\/yoast-seo-wordpress\/ -->\n<title>E.P.T.Q. S500 Lidocaine (1 x 1.1ml) - Skin Heal<\/title>\n<meta name=\"description\" content=\"E.P.T.Q S500 With Lidocaine is one of the prices for performance champions of the facial contouring market with great results at a low price point.\" \/>\n<meta name=\"robots\" content=\"index, follow, max-snippet:-1, max-image-preview:large, max-video-preview:-1\" \/>\n<link rel=\"canonical\" href=\"https:\/\/skin-heal.com\/es\/producto\/e-p-t-q-s500-lidocaine-1-x-1-1ml\/\" \/>\n<meta property=\"og:locale\" content=\"es_MX\" \/>\n<meta property=\"og:type\" content=\"article\" \/>\n<meta property=\"og:title\" content=\"E.P.T.Q. S500 Lidocaine (1 x 1.1ml) - Skin Heal\" \/>\n<meta property=\"og:description\" content=\"E.P.T.Q S500 With Lidocaine is one of the prices for performance champions of the facial contouring market with great results at a low price point.\" \/>\n<meta property=\"og:url\" content=\"https:\/\/skin-heal.com\/es\/producto\/e-p-t-q-s500-lidocaine-1-x-1-1ml\/\" \/>\n<meta property=\"og:site_name\" content=\"Skin Heal\" \/>\n<meta property=\"article:modified_time\" content=\"2022-11-01T16:20:23+00:00\" \/>\n<meta property=\"og:image\" content=\"https:\/\/cdn.skin-heal.com\/wp-content\/uploads\/2021\/06\/E.P.T.Q-S500-Lidocaine.jpg\" \/>\n\t<meta property=\"og:image:width\" content=\"600\" \/>\n\t<meta property=\"og:image:height\" content=\"600\" \/>\n\t<meta property=\"og:image:type\" content=\"image\/jpeg\" \/>\n<meta name=\"twitter:card\" content=\"summary_large_image\" \/>\n<meta name=\"twitter:label1\" content=\"Tiempo de lectura\" \/>\n\t<meta name=\"twitter:data1\" content=\"1 minuto\" \/>\n<script type=\"application\/ld+json\" class=\"yoast-schema-graph\">{\"@context\":\"https:\\\/\\\/schema.org\",\"@graph\":[{\"@type\":\"WebPage\",\"@id\":\"https:\\\/\\\/skin-heal.com\\\/product\\\/e-p-t-q-s500-lidocaine-1-x-1-1ml\\\/\",\"url\":\"https:\\\/\\\/skin-heal.com\\\/product\\\/e-p-t-q-s500-lidocaine-1-x-1-1ml\\\/\",\"name\":\"E.P.T.Q. S500 Lidocaine (1 x 1.1ml) - Skin Heal\",\"isPartOf\":{\"@id\":\"https:\\\/\\\/skin-heal.com\\\/#website\"},\"primaryImageOfPage\":{\"@id\":\"https:\\\/\\\/skin-heal.com\\\/product\\\/e-p-t-q-s500-lidocaine-1-x-1-1ml\\\/#primaryimage\"},\"image\":{\"@id\":\"https:\\\/\\\/skin-heal.com\\\/product\\\/e-p-t-q-s500-lidocaine-1-x-1-1ml\\\/#primaryimage\"},\"thumbnailUrl\":\"https:\\\/\\\/skin-heal.com\\\/wp-content\\\/uploads\\\/2021\\\/06\\\/E.P.T.Q-S500-Lidocaine.jpg\",\"datePublished\":\"2021-06-25T13:00:51+00:00\",\"dateModified\":\"2022-11-01T16:20:23+00:00\",\"description\":\"E.P.T.Q S500 With Lidocaine is one of the prices for performance champions of the facial contouring market with great results at a low price point.\",\"breadcrumb\":{\"@id\":\"https:\\\/\\\/skin-heal.com\\\/product\\\/e-p-t-q-s500-lidocaine-1-x-1-1ml\\\/#breadcrumb\"},\"inLanguage\":\"es\",\"potentialAction\":[{\"@type\":\"ReadAction\",\"target\":[\"https:\\\/\\\/skin-heal.com\\\/product\\\/e-p-t-q-s500-lidocaine-1-x-1-1ml\\\/\"]}]},{\"@type\":\"ImageObject\",\"inLanguage\":\"es\",\"@id\":\"https:\\\/\\\/skin-heal.com\\\/product\\\/e-p-t-q-s500-lidocaine-1-x-1-1ml\\\/#primaryimage\",\"url\":\"https:\\\/\\\/skin-heal.com\\\/wp-content\\\/uploads\\\/2021\\\/06\\\/E.P.T.Q-S500-Lidocaine.jpg\",\"contentUrl\":\"https:\\\/\\\/skin-heal.com\\\/wp-content\\\/uploads\\\/2021\\\/06\\\/E.P.T.Q-S500-Lidocaine.jpg\",\"width\":600,\"height\":600,\"caption\":\"E.P.T.Q S500 Lidocaine\"},{\"@type\":\"BreadcrumbList\",\"@id\":\"https:\\\/\\\/skin-heal.com\\\/product\\\/e-p-t-q-s500-lidocaine-1-x-1-1ml\\\/#breadcrumb\",\"itemListElement\":[{\"@type\":\"ListItem\",\"position\":1,\"name\":\"Home\",\"item\":\"https:\\\/\\\/skin-heal.com\\\/\"},{\"@type\":\"ListItem\",\"position\":2,\"name\":\"Store\",\"item\":\"https:\\\/\\\/skin-heal.com\\\/store\\\/\"},{\"@type\":\"ListItem\",\"position\":3,\"name\":\"E.P.T.Q. S500 Lidocaine (1 x 1.1ml)\"}]},{\"@type\":\"WebSite\",\"@id\":\"https:\\\/\\\/skin-heal.com\\\/#website\",\"url\":\"https:\\\/\\\/skin-heal.com\\\/\",\"name\":\"Skin Heal\",\"description\":\"Lowest Prices for Dermal Fillers\",\"potentialAction\":[{\"@type\":\"SearchAction\",\"target\":{\"@type\":\"EntryPoint\",\"urlTemplate\":\"https:\\\/\\\/skin-heal.com\\\/?s={search_term_string}\"},\"query-input\":{\"@type\":\"PropertyValueSpecification\",\"valueRequired\":true,\"valueName\":\"search_term_string\"}}],\"inLanguage\":\"es\"}]}<\/script>\n<!-- \/ Yoast SEO plugin. -->","yoast_head_json":{"title":"E.P.T.Q. S500 Lidoca\u00edna (1 x 1,1ml) - Skin Heal","description":"E.P.T.Q S500 con Lidoca\u00edna es uno de los campeones del mercado del contorneado facial en relaci\u00f3n calidad-precio, con grandes resultados a un bajo precio.","robots":{"index":"index","follow":"follow","max-snippet":"max-snippet:-1","max-image-preview":"max-image-preview:large","max-video-preview":"max-video-preview:-1"},"canonical":"https:\/\/skin-heal.com\/es\/producto\/e-p-t-q-s500-lidocaine-1-x-1-1ml\/","og_locale":"es_MX","og_type":"article","og_title":"E.P.T.Q. S500 Lidocaine (1 x 1.1ml) - Skin Heal","og_description":"E.P.T.Q S500 With Lidocaine is one of the prices for performance champions of the facial contouring market with great results at a low price point.","og_url":"https:\/\/skin-heal.com\/es\/producto\/e-p-t-q-s500-lidocaine-1-x-1-1ml\/","og_site_name":"Skin Heal","article_modified_time":"2022-11-01T16:20:23+00:00","og_image":[{"width":600,"height":600,"url":"https:\/\/cdn.skin-heal.com\/wp-content\/uploads\/2021\/06\/E.P.T.Q-S500-Lidocaine.jpg","type":"image\/jpeg"}],"twitter_card":"summary_large_image","twitter_misc":{"Tiempo de lectura":"1 minuto"},"schema":{"@context":"https:\/\/schema.org","@graph":[{"@type":"WebPage","@id":"https:\/\/skin-heal.com\/product\/e-p-t-q-s500-lidocaine-1-x-1-1ml\/","url":"https:\/\/skin-heal.com\/product\/e-p-t-q-s500-lidocaine-1-x-1-1ml\/","name":"E.P.T.Q. S500 Lidoca\u00edna (1 x 1,1ml) - Skin Heal","isPartOf":{"@id":"https:\/\/skin-heal.com\/#website"},"primaryImageOfPage":{"@id":"https:\/\/skin-heal.com\/product\/e-p-t-q-s500-lidocaine-1-x-1-1ml\/#primaryimage"},"image":{"@id":"https:\/\/skin-heal.com\/product\/e-p-t-q-s500-lidocaine-1-x-1-1ml\/#primaryimage"},"thumbnailUrl":"https:\/\/cdn.skin-heal.com\/wp-content\/uploads\/2021\/06\/E.P.T.Q-S500-Lidocaine.jpg","datePublished":"2021-06-25T13:00:51+00:00","dateModified":"2022-11-01T16:20:23+00:00","description":"E.P.T.Q S500 con Lidoca\u00edna es uno de los campeones del mercado del contorneado facial en relaci\u00f3n calidad-precio, con grandes resultados a un bajo precio.","breadcrumb":{"@id":"https:\/\/skin-heal.com\/product\/e-p-t-q-s500-lidocaine-1-x-1-1ml\/#breadcrumb"},"inLanguage":"es","potentialAction":[{"@type":"ReadAction","target":["https:\/\/skin-heal.com\/product\/e-p-t-q-s500-lidocaine-1-x-1-1ml\/"]}]},{"@type":"ImageObject","inLanguage":"es","@id":"https:\/\/skin-heal.com\/product\/e-p-t-q-s500-lidocaine-1-x-1-1ml\/#primaryimage","url":"https:\/\/cdn.skin-heal.com\/wp-content\/uploads\/2021\/06\/E.P.T.Q-S500-Lidocaine.jpg","contentUrl":"https:\/\/cdn.skin-heal.com\/wp-content\/uploads\/2021\/06\/E.P.T.Q-S500-Lidocaine.jpg","width":600,"height":600,"caption":"E.P.T.Q S500 Lidocaine"},{"@type":"BreadcrumbList","@id":"https:\/\/skin-heal.com\/product\/e-p-t-q-s500-lidocaine-1-x-1-1ml\/#breadcrumb","itemListElement":[{"@type":"ListItem","position":1,"name":"Home","item":"https:\/\/skin-heal.com\/"},{"@type":"ListItem","position":2,"name":"Store","item":"https:\/\/skin-heal.com\/store\/"},{"@type":"ListItem","position":3,"name":"E.P.T.Q. S500 Lidocaine (1 x 1.1ml)"}]},{"@type":"WebSite","@id":"https:\/\/skin-heal.com\/#website","url":"https:\/\/skin-heal.com\/","name":"Curaci\u00f3n de la piel","description":"Los precios m\u00e1s bajos para los rellenos d\u00e9rmicos","potentialAction":[{"@type":"SearchAction","target":{"@type":"EntryPoint","urlTemplate":"https:\/\/skin-heal.com\/?s={search_term_string}"},"query-input":{"@type":"PropertyValueSpecification","valueRequired":true,"valueName":"search_term_string"}}],"inLanguage":"es"}]}},"_links":{"self":[{"href":"https:\/\/skin-heal.com\/es\/wp-json\/wp\/v2\/product\/30464","targetHints":{"allow":["GET"]}}],"collection":[{"href":"https:\/\/skin-heal.com\/es\/wp-json\/wp\/v2\/product"}],"about":[{"href":"https:\/\/skin-heal.com\/es\/wp-json\/wp\/v2\/types\/product"}],"wp:featuredmedia":[{"embeddable":true,"href":"https:\/\/skin-heal.com\/es\/wp-json\/wp\/v2\/media\/30467"}],"wp:attachment":[{"href":"https:\/\/skin-heal.com\/es\/wp-json\/wp\/v2\/media?parent=30464"}],"wp:term":[{"taxonomy":"product_brand","embeddable":true,"href":"https:\/\/skin-heal.com\/es\/wp-json\/wp\/v2\/product_brand?post=30464"},{"taxonomy":"product_cat","embeddable":true,"href":"https:\/\/skin-heal.com\/es\/wp-json\/wp\/v2\/product_cat?post=30464"},{"taxonomy":"product_tag","embeddable":true,"href":"https:\/\/skin-heal.com\/es\/wp-json\/wp\/v2\/product_tag?post=30464"}],"curies":[{"name":"wp","href":"https:\/\/api.w.org\/{rel}","templated":true}]}}