{"id":32013,"date":"2022-01-28T08:34:31","date_gmt":"2022-01-28T06:34:31","guid":{"rendered":"https:\/\/skin-heal.com\/?post_type=product&#038;p=32013"},"modified":"2023-08-30T12:10:30","modified_gmt":"2023-08-30T09:10:30","slug":"aptos-visage-excellence-method-skin-threads-set","status":"publish","type":"product","link":"https:\/\/skin-heal.com\/es\/producto\/aptos-visage-excellence-method-skin-threads-set\/","title":{"rendered":"M\u00e9todo Aptos Visage Excellence - Set de hilos para la piel"},"content":{"rendered":"<h3>\u00bfPor qu\u00e9 el m\u00e9todo Aptos Visage Excellence es mejor que otros productos de elevaci\u00f3n de pelda\u00f1os?<\/h3>\n<p>El m\u00e9todo Aptos Visage Excellence ha sido ampliamente utilizado como tratamiento cosm\u00e9tico m\u00ednimamente invasivo desde hace m\u00e1s de dos d\u00e9cadas. Lo que lo hace diferente de la mayor\u00eda de los otros hilos de elevaci\u00f3n es que ofrece un apoyo adicional a los tejidos blandos. Como resultado, los cirujanos est\u00e9ticos pueden utilizarlo para proporcionar a los pacientes mejores resultados de lifting facial.<\/p>\n<p>El producto tambi\u00e9n contiene \u00e1cido hialur\u00f3nico, un ingrediente conocido por sus propiedades antienvejecimiento, potenciadoras e hidratantes de la piel. Gracias a \u00e9l, el hilo estimula los tejidos blandos seleccionados para proporcionar elastina y col\u00e1geno adicionales. As\u00ed, aunque el <strong>el producto se disolver\u00e1 completamente<\/strong> en los 18 meses siguientes a su aplicaci\u00f3n, sus efectos seguir\u00e1n siendo visibles durante casi dos a\u00f1os.<\/p>\n<ul>\n<li>Compuesto de HA para una mayor hidrataci\u00f3n y rejuvenecimiento de la piel<\/li>\n<li>Viene con p\u00faas multidireccionales para una mayor sujeci\u00f3n y elevaci\u00f3n de los tejidos blandos<\/li>\n<li>Tiene acciones antiinflamatorias para reducir el tiempo de inactividad y el riesgo de efectos secundarios<\/li>\n<li>Proporciona una bio-revitalizaci\u00f3n integral de la piel<\/li>\n<\/ul>\n<h3>\u00bfQu\u00e9 hay en la caja?<\/h3>\n<p>El paquete del m\u00e9todo Aptos Visage Excellence no s\u00f3lo incluye el hilo quir\u00fargico. Tambi\u00e9n incluye un accesorio de aguja extra\u00edble y un juego de agujas de punta redonda. \u00c9stas ayudar\u00e1n a los cirujanos est\u00e9ticos a introducir el hilo en el tejido subd\u00e9rmico de forma segura y sencilla. Las zonas objetivo son el rostro (ment\u00f3n, p\u00f3mulos y cejas), as\u00ed como el cuello (especialmente la zona bajo el ment\u00f3n).<\/p>","protected":false},"excerpt":{"rendered":"<p>El m\u00e9todo Aptos Visage Excellence es un <u>hilo quir\u00fargico de p\u00faas para el lifting facial<\/u> que contiene \u00e1cido hialur\u00f3nico. Con \u00e9l, los cirujanos pl\u00e1sticos cualificados y certificados pueden proporcionar a los pacientes un tratamiento antienvejecimiento r\u00e1pido cuyo resultado durar\u00e1 hasta 24 meses. El envase tambi\u00e9n contiene tres tipos de agujas y puede utilizarse tambi\u00e9n para el rejuvenecimiento del cuello.<\/p>","protected":false},"featured_media":32014,"template":"","meta":[],"product_brand":[],"product_cat":[138,144,124],"product_tag":[146],"class_list":{"0":"post-32013","1":"product","2":"type-product","3":"status-publish","4":"has-post-thumbnail","6":"product_cat-aptos","7":"product_cat-holiday-mega-sale","8":"product_cat-threads","9":"product_tag-10off","10":"clearfix","12":"first","13":"outofstock","14":"sale","15":"taxable","16":"shipping-taxable","17":"purchasable","18":"product-type-simple"},"yoast_head":"<!-- This site is optimized with the Yoast SEO plugin v27.4 - https:\/\/yoast.com\/product\/yoast-seo-wordpress\/ -->\n<title>Aptos Visage Excellence Method - Skin Threads Set - Skin Heal<\/title>\n<meta name=\"description\" content=\"Aptos Visage Excellence Method is a product for fast and risk-free facial lifting and contouring. Get the HA Aptos surgical thread to treat skin sagginess.\" \/>\n<meta name=\"robots\" content=\"index, follow, max-snippet:-1, max-image-preview:large, max-video-preview:-1\" \/>\n<link rel=\"canonical\" href=\"https:\/\/skin-heal.com\/es\/producto\/aptos-visage-excellence-method-skin-threads-set\/\" \/>\n<meta property=\"og:locale\" content=\"es_MX\" \/>\n<meta property=\"og:type\" content=\"article\" \/>\n<meta property=\"og:title\" content=\"Aptos Visage Excellence Method - Skin Threads Set - Skin Heal\" \/>\n<meta property=\"og:description\" content=\"Aptos Visage Excellence Method is a product for fast and risk-free facial lifting and contouring. Get the HA Aptos surgical thread to treat skin sagginess.\" \/>\n<meta property=\"og:url\" content=\"https:\/\/skin-heal.com\/es\/producto\/aptos-visage-excellence-method-skin-threads-set\/\" \/>\n<meta property=\"og:site_name\" content=\"Skin Heal\" \/>\n<meta property=\"article:modified_time\" content=\"2023-08-30T09:10:30+00:00\" \/>\n<meta property=\"og:image\" content=\"https:\/\/cdn.skin-heal.com\/wp-content\/uploads\/2022\/01\/Aptos-Visage-Exellence.jpg\" \/>\n\t<meta property=\"og:image:width\" content=\"600\" \/>\n\t<meta property=\"og:image:height\" content=\"600\" \/>\n\t<meta property=\"og:image:type\" content=\"image\/jpeg\" \/>\n<meta name=\"twitter:card\" content=\"summary_large_image\" \/>\n<meta name=\"twitter:label1\" content=\"Tiempo de lectura\" \/>\n\t<meta name=\"twitter:data1\" content=\"1 minuto\" \/>\n<script type=\"application\/ld+json\" class=\"yoast-schema-graph\">{\"@context\":\"https:\\\/\\\/schema.org\",\"@graph\":[{\"@type\":\"WebPage\",\"@id\":\"https:\\\/\\\/skin-heal.com\\\/product\\\/aptos-visage-excellence-method-skin-threads-set\\\/\",\"url\":\"https:\\\/\\\/skin-heal.com\\\/product\\\/aptos-visage-excellence-method-skin-threads-set\\\/\",\"name\":\"Aptos Visage Excellence Method - Skin Threads Set - Skin Heal\",\"isPartOf\":{\"@id\":\"https:\\\/\\\/skin-heal.com\\\/#website\"},\"primaryImageOfPage\":{\"@id\":\"https:\\\/\\\/skin-heal.com\\\/product\\\/aptos-visage-excellence-method-skin-threads-set\\\/#primaryimage\"},\"image\":{\"@id\":\"https:\\\/\\\/skin-heal.com\\\/product\\\/aptos-visage-excellence-method-skin-threads-set\\\/#primaryimage\"},\"thumbnailUrl\":\"https:\\\/\\\/skin-heal.com\\\/wp-content\\\/uploads\\\/2022\\\/01\\\/Aptos-Visage-Exellence.jpg\",\"datePublished\":\"2022-01-28T06:34:31+00:00\",\"dateModified\":\"2023-08-30T09:10:30+00:00\",\"description\":\"Aptos Visage Excellence Method is a product for fast and risk-free facial lifting and contouring. Get the HA Aptos surgical thread to treat skin sagginess.\",\"breadcrumb\":{\"@id\":\"https:\\\/\\\/skin-heal.com\\\/product\\\/aptos-visage-excellence-method-skin-threads-set\\\/#breadcrumb\"},\"inLanguage\":\"es\",\"potentialAction\":[{\"@type\":\"ReadAction\",\"target\":[\"https:\\\/\\\/skin-heal.com\\\/product\\\/aptos-visage-excellence-method-skin-threads-set\\\/\"]}]},{\"@type\":\"ImageObject\",\"inLanguage\":\"es\",\"@id\":\"https:\\\/\\\/skin-heal.com\\\/product\\\/aptos-visage-excellence-method-skin-threads-set\\\/#primaryimage\",\"url\":\"https:\\\/\\\/skin-heal.com\\\/wp-content\\\/uploads\\\/2022\\\/01\\\/Aptos-Visage-Exellence.jpg\",\"contentUrl\":\"https:\\\/\\\/skin-heal.com\\\/wp-content\\\/uploads\\\/2022\\\/01\\\/Aptos-Visage-Exellence.jpg\",\"width\":600,\"height\":600,\"caption\":\"Aptos Visage Exellence\"},{\"@type\":\"BreadcrumbList\",\"@id\":\"https:\\\/\\\/skin-heal.com\\\/product\\\/aptos-visage-excellence-method-skin-threads-set\\\/#breadcrumb\",\"itemListElement\":[{\"@type\":\"ListItem\",\"position\":1,\"name\":\"Home\",\"item\":\"https:\\\/\\\/skin-heal.com\\\/\"},{\"@type\":\"ListItem\",\"position\":2,\"name\":\"Store\",\"item\":\"https:\\\/\\\/skin-heal.com\\\/store\\\/\"},{\"@type\":\"ListItem\",\"position\":3,\"name\":\"Aptos Visage Excellence Method &#8211; Skin Threads Set\"}]},{\"@type\":\"WebSite\",\"@id\":\"https:\\\/\\\/skin-heal.com\\\/#website\",\"url\":\"https:\\\/\\\/skin-heal.com\\\/\",\"name\":\"Skin Heal\",\"description\":\"Lowest Prices for Dermal Fillers\",\"potentialAction\":[{\"@type\":\"SearchAction\",\"target\":{\"@type\":\"EntryPoint\",\"urlTemplate\":\"https:\\\/\\\/skin-heal.com\\\/?s={search_term_string}\"},\"query-input\":{\"@type\":\"PropertyValueSpecification\",\"valueRequired\":true,\"valueName\":\"search_term_string\"}}],\"inLanguage\":\"es\"}]}<\/script>\n<!-- \/ Yoast SEO plugin. -->","yoast_head_json":{"title":"M\u00e9todo Aptos Visage Excellence - Juego de Hilos para la Piel - Skin Heal","description":"El M\u00e9todo Aptos Visage Excellence es un producto para el lifting y el contorno facial r\u00e1pido y sin riesgos. Consigue el hilo quir\u00fargico HA Aptos para tratar la flacidez cut\u00e1nea.","robots":{"index":"index","follow":"follow","max-snippet":"max-snippet:-1","max-image-preview":"max-image-preview:large","max-video-preview":"max-video-preview:-1"},"canonical":"https:\/\/skin-heal.com\/es\/producto\/aptos-visage-excellence-method-skin-threads-set\/","og_locale":"es_MX","og_type":"article","og_title":"Aptos Visage Excellence Method - Skin Threads Set - Skin Heal","og_description":"Aptos Visage Excellence Method is a product for fast and risk-free facial lifting and contouring. Get the HA Aptos surgical thread to treat skin sagginess.","og_url":"https:\/\/skin-heal.com\/es\/producto\/aptos-visage-excellence-method-skin-threads-set\/","og_site_name":"Skin Heal","article_modified_time":"2023-08-30T09:10:30+00:00","og_image":[{"width":600,"height":600,"url":"https:\/\/cdn.skin-heal.com\/wp-content\/uploads\/2022\/01\/Aptos-Visage-Exellence.jpg","type":"image\/jpeg"}],"twitter_card":"summary_large_image","twitter_misc":{"Tiempo de lectura":"1 minuto"},"schema":{"@context":"https:\/\/schema.org","@graph":[{"@type":"WebPage","@id":"https:\/\/skin-heal.com\/product\/aptos-visage-excellence-method-skin-threads-set\/","url":"https:\/\/skin-heal.com\/product\/aptos-visage-excellence-method-skin-threads-set\/","name":"M\u00e9todo Aptos Visage Excellence - Juego de Hilos para la Piel - Skin Heal","isPartOf":{"@id":"https:\/\/skin-heal.com\/#website"},"primaryImageOfPage":{"@id":"https:\/\/skin-heal.com\/product\/aptos-visage-excellence-method-skin-threads-set\/#primaryimage"},"image":{"@id":"https:\/\/skin-heal.com\/product\/aptos-visage-excellence-method-skin-threads-set\/#primaryimage"},"thumbnailUrl":"https:\/\/cdn.skin-heal.com\/wp-content\/uploads\/2022\/01\/Aptos-Visage-Exellence.jpg","datePublished":"2022-01-28T06:34:31+00:00","dateModified":"2023-08-30T09:10:30+00:00","description":"El M\u00e9todo Aptos Visage Excellence es un producto para el lifting y el contorno facial r\u00e1pido y sin riesgos. Consigue el hilo quir\u00fargico HA Aptos para tratar la flacidez cut\u00e1nea.","breadcrumb":{"@id":"https:\/\/skin-heal.com\/product\/aptos-visage-excellence-method-skin-threads-set\/#breadcrumb"},"inLanguage":"es","potentialAction":[{"@type":"ReadAction","target":["https:\/\/skin-heal.com\/product\/aptos-visage-excellence-method-skin-threads-set\/"]}]},{"@type":"ImageObject","inLanguage":"es","@id":"https:\/\/skin-heal.com\/product\/aptos-visage-excellence-method-skin-threads-set\/#primaryimage","url":"https:\/\/cdn.skin-heal.com\/wp-content\/uploads\/2022\/01\/Aptos-Visage-Exellence.jpg","contentUrl":"https:\/\/cdn.skin-heal.com\/wp-content\/uploads\/2022\/01\/Aptos-Visage-Exellence.jpg","width":600,"height":600,"caption":"Aptos Visage Exellence"},{"@type":"BreadcrumbList","@id":"https:\/\/skin-heal.com\/product\/aptos-visage-excellence-method-skin-threads-set\/#breadcrumb","itemListElement":[{"@type":"ListItem","position":1,"name":"Home","item":"https:\/\/skin-heal.com\/"},{"@type":"ListItem","position":2,"name":"Store","item":"https:\/\/skin-heal.com\/store\/"},{"@type":"ListItem","position":3,"name":"Aptos Visage Excellence Method &#8211; Skin Threads Set"}]},{"@type":"WebSite","@id":"https:\/\/skin-heal.com\/#website","url":"https:\/\/skin-heal.com\/","name":"Curaci\u00f3n de la piel","description":"Los precios m\u00e1s bajos para los rellenos d\u00e9rmicos","potentialAction":[{"@type":"SearchAction","target":{"@type":"EntryPoint","urlTemplate":"https:\/\/skin-heal.com\/?s={search_term_string}"},"query-input":{"@type":"PropertyValueSpecification","valueRequired":true,"valueName":"search_term_string"}}],"inLanguage":"es"}]}},"_links":{"self":[{"href":"https:\/\/skin-heal.com\/es\/wp-json\/wp\/v2\/product\/32013","targetHints":{"allow":["GET"]}}],"collection":[{"href":"https:\/\/skin-heal.com\/es\/wp-json\/wp\/v2\/product"}],"about":[{"href":"https:\/\/skin-heal.com\/es\/wp-json\/wp\/v2\/types\/product"}],"wp:featuredmedia":[{"embeddable":true,"href":"https:\/\/skin-heal.com\/es\/wp-json\/wp\/v2\/media\/32014"}],"wp:attachment":[{"href":"https:\/\/skin-heal.com\/es\/wp-json\/wp\/v2\/media?parent=32013"}],"wp:term":[{"taxonomy":"product_brand","embeddable":true,"href":"https:\/\/skin-heal.com\/es\/wp-json\/wp\/v2\/product_brand?post=32013"},{"taxonomy":"product_cat","embeddable":true,"href":"https:\/\/skin-heal.com\/es\/wp-json\/wp\/v2\/product_cat?post=32013"},{"taxonomy":"product_tag","embeddable":true,"href":"https:\/\/skin-heal.com\/es\/wp-json\/wp\/v2\/product_tag?post=32013"}],"curies":[{"name":"wp","href":"https:\/\/api.w.org\/{rel}","templated":true}]}}