{"id":32456,"date":"2022-03-16T13:24:32","date_gmt":"2022-03-16T13:24:32","guid":{"rendered":"https:\/\/skin-heal.com\/?post_type=product&#038;p=32456"},"modified":"2022-03-17T11:35:25","modified_gmt":"2022-03-17T11:35:25","slug":"dermaren-lumi-eyes-1-x-1ml","status":"publish","type":"product","link":"https:\/\/skin-heal.com\/es\/producto\/dermaren-lumi-eyes-1-x-1ml\/","title":{"rendered":"Dermaren Lumi Eyes (1 x 1ml)"},"content":{"rendered":"<h3>Dermaren Lumi Eyes - Una inyecci\u00f3n basada en PDRN para el rejuvenecimiento periorbital<\/h3>\n<p>El principal ingrediente activo de Dermaren Lumi Eyes es el PDRN o Polinucle\u00f3tido. Esta sustancia se extrae de la lecha de salm\u00f3n mediante un proceso especial. Despu\u00e9s, el ingrediente se purifica para que pueda a\u00f1adirse con seguridad a esta inyecci\u00f3n.<\/p>\n<p>Hoy en d\u00eda, la PDRN se encuentra en muchos otros productos cosm\u00e9ticos, ya que es segura y eficaz en <u>mejorar el estado de la piel<\/u>. Cuando se inyecta en la dermis, tiene los siguientes efectos:<\/p>\n<ul>\n<li>Estimular la producci\u00f3n de elastina y col\u00e1geno<\/li>\n<li>Favorecer la regeneraci\u00f3n de las c\u00e9lulas de la piel<\/li>\n<li>Suavizar las arrugas y las l\u00edneas de expresi\u00f3n<\/li>\n<li>Hidrataci\u00f3n de la piel<\/li>\n<\/ul>\n<p>Aunque el tratamiento act\u00faa en diferentes zonas del cuerpo (incluidos el cuello y los labios), es el m\u00e1s adecuado para corregir las arrugas y las ojeras.<\/p>\n<p>Adem\u00e1s de PDRN, esta inyecci\u00f3n tambi\u00e9n contiene una peque\u00f1a cantidad de glutati\u00f3n. Este antioxidante natural mejora a\u00fan m\u00e1s el estado de la piel. Adem\u00e1s, tiene un efecto blanqueador de la piel.<\/p>\n<h3>Duraci\u00f3n del tratamiento y dosis sugeridas<\/h3>\n<p>Un tratamiento completo con Dermaren Lumi Eyes suele requerir <strong>alrededor de un mes para completar<\/strong>. Lo mejor es que los cirujanos pl\u00e1sticos certificados lleven a cabo cuatro sesiones de inyecci\u00f3n separadas, una cada diez d\u00edas.<\/p>","protected":false},"excerpt":{"rendered":"<p>Dermaren Lumi Eyes es una inyecci\u00f3n de polinucle\u00f3tidos (PDRN) que restaura y trata la piel da\u00f1ada del contorno de los ojos. Por ello, es ideal para corregir las ojeras y las arrugas de la zona periorbital. Sus principales ventajas son que puede combinarse con otros tipos de tratamientos cosm\u00e9ticos no quir\u00fargicos y que no contiene ning\u00fan ingrediente t\u00f3xico o perjudicial. El paciente puede disfrutar de los efectos \u00f3ptimos de este tratamiento tras s\u00f3lo cuatro sesiones.<\/p>","protected":false},"featured_media":32457,"template":"","meta":[],"product_brand":[],"product_cat":[79,140,80],"product_tag":[],"class_list":{"0":"post-32456","1":"product","2":"type-product","3":"status-publish","4":"has-post-thumbnail","6":"product_cat-dermal-fillers","7":"product_cat-dermaren","8":"product_cat-mesotherapy","9":"clearfix","11":"first","12":"outofstock","13":"taxable","14":"shipping-taxable","15":"purchasable","16":"product-type-simple"},"yoast_head":"<!-- This site is optimized with the Yoast SEO plugin v27.4 - https:\/\/yoast.com\/product\/yoast-seo-wordpress\/ -->\n<title>Dermaren Lumi Eyes (1 x 1ml) - Skin Heal<\/title>\n<meta name=\"description\" content=\"Dermaren Lumi Eyes treats dark circles and removes periorbital lines and wrinkles. The effects of PDRN injection Dermaren Lumi Eyes last up to 6 months.\" \/>\n<meta name=\"robots\" content=\"index, follow, max-snippet:-1, max-image-preview:large, max-video-preview:-1\" \/>\n<link rel=\"canonical\" href=\"https:\/\/skin-heal.com\/es\/producto\/dermaren-lumi-eyes-1-x-1ml\/\" \/>\n<meta property=\"og:locale\" content=\"es_MX\" \/>\n<meta property=\"og:type\" content=\"article\" \/>\n<meta property=\"og:title\" content=\"Dermaren Lumi Eyes (1 x 1ml) - Skin Heal\" \/>\n<meta property=\"og:description\" content=\"Dermaren Lumi Eyes treats dark circles and removes periorbital lines and wrinkles. The effects of PDRN injection Dermaren Lumi Eyes last up to 6 months.\" \/>\n<meta property=\"og:url\" content=\"https:\/\/skin-heal.com\/es\/producto\/dermaren-lumi-eyes-1-x-1ml\/\" \/>\n<meta property=\"og:site_name\" content=\"Skin Heal\" \/>\n<meta property=\"article:modified_time\" content=\"2022-03-17T11:35:25+00:00\" \/>\n<meta property=\"og:image\" content=\"https:\/\/cdn.skin-heal.com\/wp-content\/uploads\/2022\/03\/Dermaren-Lumi-Eyes.jpg\" \/>\n\t<meta property=\"og:image:width\" content=\"600\" \/>\n\t<meta property=\"og:image:height\" content=\"600\" \/>\n\t<meta property=\"og:image:type\" content=\"image\/jpeg\" \/>\n<meta name=\"twitter:card\" content=\"summary_large_image\" \/>\n<meta name=\"twitter:label1\" content=\"Tiempo de lectura\" \/>\n\t<meta name=\"twitter:data1\" content=\"1 minuto\" \/>\n<script type=\"application\/ld+json\" class=\"yoast-schema-graph\">{\"@context\":\"https:\\\/\\\/schema.org\",\"@graph\":[{\"@type\":\"WebPage\",\"@id\":\"https:\\\/\\\/skin-heal.com\\\/product\\\/dermaren-lumi-eyes-1-x-1ml\\\/\",\"url\":\"https:\\\/\\\/skin-heal.com\\\/product\\\/dermaren-lumi-eyes-1-x-1ml\\\/\",\"name\":\"Dermaren Lumi Eyes (1 x 1ml) - Skin Heal\",\"isPartOf\":{\"@id\":\"https:\\\/\\\/skin-heal.com\\\/#website\"},\"primaryImageOfPage\":{\"@id\":\"https:\\\/\\\/skin-heal.com\\\/product\\\/dermaren-lumi-eyes-1-x-1ml\\\/#primaryimage\"},\"image\":{\"@id\":\"https:\\\/\\\/skin-heal.com\\\/product\\\/dermaren-lumi-eyes-1-x-1ml\\\/#primaryimage\"},\"thumbnailUrl\":\"https:\\\/\\\/skin-heal.com\\\/wp-content\\\/uploads\\\/2022\\\/03\\\/Dermaren-Lumi-Eyes.jpg\",\"datePublished\":\"2022-03-16T13:24:32+00:00\",\"dateModified\":\"2022-03-17T11:35:25+00:00\",\"description\":\"Dermaren Lumi Eyes treats dark circles and removes periorbital lines and wrinkles. The effects of PDRN injection Dermaren Lumi Eyes last up to 6 months.\",\"breadcrumb\":{\"@id\":\"https:\\\/\\\/skin-heal.com\\\/product\\\/dermaren-lumi-eyes-1-x-1ml\\\/#breadcrumb\"},\"inLanguage\":\"es\",\"potentialAction\":[{\"@type\":\"ReadAction\",\"target\":[\"https:\\\/\\\/skin-heal.com\\\/product\\\/dermaren-lumi-eyes-1-x-1ml\\\/\"]}]},{\"@type\":\"ImageObject\",\"inLanguage\":\"es\",\"@id\":\"https:\\\/\\\/skin-heal.com\\\/product\\\/dermaren-lumi-eyes-1-x-1ml\\\/#primaryimage\",\"url\":\"https:\\\/\\\/skin-heal.com\\\/wp-content\\\/uploads\\\/2022\\\/03\\\/Dermaren-Lumi-Eyes.jpg\",\"contentUrl\":\"https:\\\/\\\/skin-heal.com\\\/wp-content\\\/uploads\\\/2022\\\/03\\\/Dermaren-Lumi-Eyes.jpg\",\"width\":600,\"height\":600,\"caption\":\"Dermaren Lumi Eyes\"},{\"@type\":\"BreadcrumbList\",\"@id\":\"https:\\\/\\\/skin-heal.com\\\/product\\\/dermaren-lumi-eyes-1-x-1ml\\\/#breadcrumb\",\"itemListElement\":[{\"@type\":\"ListItem\",\"position\":1,\"name\":\"Home\",\"item\":\"https:\\\/\\\/skin-heal.com\\\/\"},{\"@type\":\"ListItem\",\"position\":2,\"name\":\"Store\",\"item\":\"https:\\\/\\\/skin-heal.com\\\/store\\\/\"},{\"@type\":\"ListItem\",\"position\":3,\"name\":\"Dermaren Lumi Eyes (1 x 1ml)\"}]},{\"@type\":\"WebSite\",\"@id\":\"https:\\\/\\\/skin-heal.com\\\/#website\",\"url\":\"https:\\\/\\\/skin-heal.com\\\/\",\"name\":\"Skin Heal\",\"description\":\"Lowest Prices for Dermal Fillers\",\"potentialAction\":[{\"@type\":\"SearchAction\",\"target\":{\"@type\":\"EntryPoint\",\"urlTemplate\":\"https:\\\/\\\/skin-heal.com\\\/?s={search_term_string}\"},\"query-input\":{\"@type\":\"PropertyValueSpecification\",\"valueRequired\":true,\"valueName\":\"search_term_string\"}}],\"inLanguage\":\"es\"}]}<\/script>\n<!-- \/ Yoast SEO plugin. -->","yoast_head_json":{"title":"Dermaren Lumi Ojos (1 x 1ml) - Skin Heal","description":"Dermaren Lumi Ojos trata las ojeras y elimina las l\u00edneas y arrugas periorbitales. Los efectos de la inyecci\u00f3n PDRN Dermaren Lumi Ojos duran hasta 6 meses.","robots":{"index":"index","follow":"follow","max-snippet":"max-snippet:-1","max-image-preview":"max-image-preview:large","max-video-preview":"max-video-preview:-1"},"canonical":"https:\/\/skin-heal.com\/es\/producto\/dermaren-lumi-eyes-1-x-1ml\/","og_locale":"es_MX","og_type":"article","og_title":"Dermaren Lumi Eyes (1 x 1ml) - Skin Heal","og_description":"Dermaren Lumi Eyes treats dark circles and removes periorbital lines and wrinkles. The effects of PDRN injection Dermaren Lumi Eyes last up to 6 months.","og_url":"https:\/\/skin-heal.com\/es\/producto\/dermaren-lumi-eyes-1-x-1ml\/","og_site_name":"Skin Heal","article_modified_time":"2022-03-17T11:35:25+00:00","og_image":[{"width":600,"height":600,"url":"https:\/\/cdn.skin-heal.com\/wp-content\/uploads\/2022\/03\/Dermaren-Lumi-Eyes.jpg","type":"image\/jpeg"}],"twitter_card":"summary_large_image","twitter_misc":{"Tiempo de lectura":"1 minuto"},"schema":{"@context":"https:\/\/schema.org","@graph":[{"@type":"WebPage","@id":"https:\/\/skin-heal.com\/product\/dermaren-lumi-eyes-1-x-1ml\/","url":"https:\/\/skin-heal.com\/product\/dermaren-lumi-eyes-1-x-1ml\/","name":"Dermaren Lumi Ojos (1 x 1ml) - Skin Heal","isPartOf":{"@id":"https:\/\/skin-heal.com\/#website"},"primaryImageOfPage":{"@id":"https:\/\/skin-heal.com\/product\/dermaren-lumi-eyes-1-x-1ml\/#primaryimage"},"image":{"@id":"https:\/\/skin-heal.com\/product\/dermaren-lumi-eyes-1-x-1ml\/#primaryimage"},"thumbnailUrl":"https:\/\/cdn.skin-heal.com\/wp-content\/uploads\/2022\/03\/Dermaren-Lumi-Eyes.jpg","datePublished":"2022-03-16T13:24:32+00:00","dateModified":"2022-03-17T11:35:25+00:00","description":"Dermaren Lumi Ojos trata las ojeras y elimina las l\u00edneas y arrugas periorbitales. Los efectos de la inyecci\u00f3n PDRN Dermaren Lumi Ojos duran hasta 6 meses.","breadcrumb":{"@id":"https:\/\/skin-heal.com\/product\/dermaren-lumi-eyes-1-x-1ml\/#breadcrumb"},"inLanguage":"es","potentialAction":[{"@type":"ReadAction","target":["https:\/\/skin-heal.com\/product\/dermaren-lumi-eyes-1-x-1ml\/"]}]},{"@type":"ImageObject","inLanguage":"es","@id":"https:\/\/skin-heal.com\/product\/dermaren-lumi-eyes-1-x-1ml\/#primaryimage","url":"https:\/\/cdn.skin-heal.com\/wp-content\/uploads\/2022\/03\/Dermaren-Lumi-Eyes.jpg","contentUrl":"https:\/\/cdn.skin-heal.com\/wp-content\/uploads\/2022\/03\/Dermaren-Lumi-Eyes.jpg","width":600,"height":600,"caption":"Dermaren Lumi Eyes"},{"@type":"BreadcrumbList","@id":"https:\/\/skin-heal.com\/product\/dermaren-lumi-eyes-1-x-1ml\/#breadcrumb","itemListElement":[{"@type":"ListItem","position":1,"name":"Home","item":"https:\/\/skin-heal.com\/"},{"@type":"ListItem","position":2,"name":"Store","item":"https:\/\/skin-heal.com\/store\/"},{"@type":"ListItem","position":3,"name":"Dermaren Lumi Eyes (1 x 1ml)"}]},{"@type":"WebSite","@id":"https:\/\/skin-heal.com\/#website","url":"https:\/\/skin-heal.com\/","name":"Curaci\u00f3n de la piel","description":"Los precios m\u00e1s bajos para los rellenos d\u00e9rmicos","potentialAction":[{"@type":"SearchAction","target":{"@type":"EntryPoint","urlTemplate":"https:\/\/skin-heal.com\/?s={search_term_string}"},"query-input":{"@type":"PropertyValueSpecification","valueRequired":true,"valueName":"search_term_string"}}],"inLanguage":"es"}]}},"_links":{"self":[{"href":"https:\/\/skin-heal.com\/es\/wp-json\/wp\/v2\/product\/32456","targetHints":{"allow":["GET"]}}],"collection":[{"href":"https:\/\/skin-heal.com\/es\/wp-json\/wp\/v2\/product"}],"about":[{"href":"https:\/\/skin-heal.com\/es\/wp-json\/wp\/v2\/types\/product"}],"wp:featuredmedia":[{"embeddable":true,"href":"https:\/\/skin-heal.com\/es\/wp-json\/wp\/v2\/media\/32457"}],"wp:attachment":[{"href":"https:\/\/skin-heal.com\/es\/wp-json\/wp\/v2\/media?parent=32456"}],"wp:term":[{"taxonomy":"product_brand","embeddable":true,"href":"https:\/\/skin-heal.com\/es\/wp-json\/wp\/v2\/product_brand?post=32456"},{"taxonomy":"product_cat","embeddable":true,"href":"https:\/\/skin-heal.com\/es\/wp-json\/wp\/v2\/product_cat?post=32456"},{"taxonomy":"product_tag","embeddable":true,"href":"https:\/\/skin-heal.com\/es\/wp-json\/wp\/v2\/product_tag?post=32456"}],"curies":[{"name":"wp","href":"https:\/\/api.w.org\/{rel}","templated":true}]}}