{"id":32459,"date":"2022-03-16T14:07:21","date_gmt":"2022-03-16T12:07:21","guid":{"rendered":"https:\/\/skin-heal.com\/?post_type=product&#038;p=32459"},"modified":"2024-06-10T11:10:14","modified_gmt":"2024-06-10T08:10:14","slug":"s-dna-for-skin-cell-regeneration-1-x-1ml","status":"publish","type":"product","link":"https:\/\/skin-heal.com\/es\/producto\/s-dna-for-skin-cell-regeneration-1-x-1ml\/","title":{"rendered":"S-DNA para la regeneraci\u00f3n celular de la piel - 1 x 1ml"},"content":{"rendered":"<h3>\u00bfQu\u00e9 es el ADN-S y qu\u00e9 contiene?<\/h3>\n<p><strong>Producto regenerador de c\u00e9lulas y tejidos<\/strong> S-DNA contiene ADN s\u00f3dico purificado. Este ingrediente se ha extra\u00eddo del salm\u00f3n y es muy compatible con el organismo humano y en particular con la piel. Es m\u00e1s, tiene una larga lista de poderes potenciadores, rejuvenecedores y curativos de la piel que incluyen:<\/p>\n<ul>\n<li>Acciones antiinflamatorias<\/li>\n<li>Mejora de la elasticidad de la piel<\/li>\n<li>Regeneraci\u00f3n de c\u00e9lulas d\u00e9rmicas<\/li>\n<li>Alisado de arrugas<\/li>\n<li>Blanqueamiento de la piel<\/li>\n<\/ul>\n<p>Para conseguir los efectos y resultados mencionados, el producto hace las dos cosas siguientes. En primer lugar, estimula el receptor A2 y eso, a su vez, mejora la microcirculaci\u00f3n en la dermis y tiene un <em>efecto rejuvenecedor<\/em>. En segundo lugar, el ADN-S estimula el crecimiento de las c\u00e9lulas de la piel y, al hacerlo, ayuda a la dermis a repararse y regenerarse.<\/p>\n<h3>\u00c1reas de aplicaci\u00f3n y protocolo<\/h3>\n<p>El S-DNA puede inyectarse en la cara, el cuello o el dorso de las manos. A diferencia de las inyecciones de relleno, por ejemplo, no ofrece efectos inmediatos. En cambio, el paciente necesita someterse a entre 3 y 4 sesiones de tratamiento para disfrutar de resultados \u00f3ptimos. Lo mejor es que se realicen en intervalos de 2 a 3.<\/p>","protected":false},"excerpt":{"rendered":"<p>S-DNA es un producto inyectable que proporciona un tratamiento de ADN que <u>regenera las c\u00e9lulas de la piel<\/u>. De este modo, ofrece una larga lista de efectos antienvejecimiento, como la reducci\u00f3n de las arrugas, un efecto lifting y la mejora de la elasticidad de la piel. Adem\u00e1s, el producto tiene propiedades para iluminar y curar la piel, e incluso puede ayudar en el tratamiento del acn\u00e9. Su principal ingrediente es un derivado del salm\u00f3n y es altamente tolerado por el cuerpo humano.<\/p>","protected":false},"featured_media":32460,"template":"","meta":[],"product_brand":[],"product_cat":[79,80,142,144],"product_tag":[146],"class_list":{"0":"post-32459","1":"product","2":"type-product","3":"status-publish","4":"has-post-thumbnail","6":"product_cat-dermal-fillers","7":"product_cat-mesotherapy","8":"product_cat-s-dna","9":"product_cat-holiday-mega-sale","10":"product_tag-10off","11":"clearfix","13":"first","14":"outofstock","15":"sale","16":"taxable","17":"shipping-taxable","18":"purchasable","19":"product-type-simple"},"yoast_head":"<!-- This site is optimized with the Yoast SEO plugin v27.3 - https:\/\/yoast.com\/product\/yoast-seo-wordpress\/ -->\n<title>S-DNA for Skin Cell Regeneration - 1 x 1ml - Skin Heal<\/title>\n<meta name=\"description\" content=\"S-DNA is a skin cell regenerating treatment that has anti-aging, skin whitening and even anti-acne effects. Order S-DNA for an all-around DNA treatment.\" \/>\n<meta name=\"robots\" content=\"index, follow, max-snippet:-1, max-image-preview:large, max-video-preview:-1\" \/>\n<link rel=\"canonical\" href=\"https:\/\/skin-heal.com\/es\/producto\/s-dna-for-skin-cell-regeneration-1-x-1ml\/\" \/>\n<meta property=\"og:locale\" content=\"es_MX\" \/>\n<meta property=\"og:type\" content=\"article\" \/>\n<meta property=\"og:title\" content=\"S-DNA for Skin Cell Regeneration - 1 x 1ml - Skin Heal\" \/>\n<meta property=\"og:description\" content=\"S-DNA is a skin cell regenerating treatment that has anti-aging, skin whitening and even anti-acne effects. Order S-DNA for an all-around DNA treatment.\" \/>\n<meta property=\"og:url\" content=\"https:\/\/skin-heal.com\/es\/producto\/s-dna-for-skin-cell-regeneration-1-x-1ml\/\" \/>\n<meta property=\"og:site_name\" content=\"Skin Heal\" \/>\n<meta property=\"article:modified_time\" content=\"2024-06-10T08:10:14+00:00\" \/>\n<meta property=\"og:image\" content=\"https:\/\/cdn.skin-heal.com\/wp-content\/uploads\/2022\/03\/S-DNA-Cell-Regeneration.jpg\" \/>\n\t<meta property=\"og:image:width\" content=\"600\" \/>\n\t<meta property=\"og:image:height\" content=\"600\" \/>\n\t<meta property=\"og:image:type\" content=\"image\/jpeg\" \/>\n<meta name=\"twitter:card\" content=\"summary_large_image\" \/>\n<meta name=\"twitter:label1\" content=\"Tiempo de lectura\" \/>\n\t<meta name=\"twitter:data1\" content=\"1 minuto\" \/>\n<script type=\"application\/ld+json\" class=\"yoast-schema-graph\">{\"@context\":\"https:\\\/\\\/schema.org\",\"@graph\":[{\"@type\":\"WebPage\",\"@id\":\"https:\\\/\\\/skin-heal.com\\\/product\\\/s-dna-for-skin-cell-regeneration-1-x-1ml\\\/\",\"url\":\"https:\\\/\\\/skin-heal.com\\\/product\\\/s-dna-for-skin-cell-regeneration-1-x-1ml\\\/\",\"name\":\"S-DNA for Skin Cell Regeneration - 1 x 1ml - Skin Heal\",\"isPartOf\":{\"@id\":\"https:\\\/\\\/skin-heal.com\\\/#website\"},\"primaryImageOfPage\":{\"@id\":\"https:\\\/\\\/skin-heal.com\\\/product\\\/s-dna-for-skin-cell-regeneration-1-x-1ml\\\/#primaryimage\"},\"image\":{\"@id\":\"https:\\\/\\\/skin-heal.com\\\/product\\\/s-dna-for-skin-cell-regeneration-1-x-1ml\\\/#primaryimage\"},\"thumbnailUrl\":\"https:\\\/\\\/skin-heal.com\\\/wp-content\\\/uploads\\\/2022\\\/03\\\/S-DNA-Cell-Regeneration.jpg\",\"datePublished\":\"2022-03-16T12:07:21+00:00\",\"dateModified\":\"2024-06-10T08:10:14+00:00\",\"description\":\"S-DNA is a skin cell regenerating treatment that has anti-aging, skin whitening and even anti-acne effects. Order S-DNA for an all-around DNA treatment.\",\"breadcrumb\":{\"@id\":\"https:\\\/\\\/skin-heal.com\\\/product\\\/s-dna-for-skin-cell-regeneration-1-x-1ml\\\/#breadcrumb\"},\"inLanguage\":\"es\",\"potentialAction\":[{\"@type\":\"ReadAction\",\"target\":[\"https:\\\/\\\/skin-heal.com\\\/product\\\/s-dna-for-skin-cell-regeneration-1-x-1ml\\\/\"]}]},{\"@type\":\"ImageObject\",\"inLanguage\":\"es\",\"@id\":\"https:\\\/\\\/skin-heal.com\\\/product\\\/s-dna-for-skin-cell-regeneration-1-x-1ml\\\/#primaryimage\",\"url\":\"https:\\\/\\\/skin-heal.com\\\/wp-content\\\/uploads\\\/2022\\\/03\\\/S-DNA-Cell-Regeneration.jpg\",\"contentUrl\":\"https:\\\/\\\/skin-heal.com\\\/wp-content\\\/uploads\\\/2022\\\/03\\\/S-DNA-Cell-Regeneration.jpg\",\"width\":600,\"height\":600,\"caption\":\"S-DNA Cell Regeneration\"},{\"@type\":\"BreadcrumbList\",\"@id\":\"https:\\\/\\\/skin-heal.com\\\/product\\\/s-dna-for-skin-cell-regeneration-1-x-1ml\\\/#breadcrumb\",\"itemListElement\":[{\"@type\":\"ListItem\",\"position\":1,\"name\":\"Home\",\"item\":\"https:\\\/\\\/skin-heal.com\\\/\"},{\"@type\":\"ListItem\",\"position\":2,\"name\":\"Store\",\"item\":\"https:\\\/\\\/skin-heal.com\\\/store\\\/\"},{\"@type\":\"ListItem\",\"position\":3,\"name\":\"S-DNA for Skin Cell Regeneration &#8211; 1 x 1ml\"}]},{\"@type\":\"WebSite\",\"@id\":\"https:\\\/\\\/skin-heal.com\\\/#website\",\"url\":\"https:\\\/\\\/skin-heal.com\\\/\",\"name\":\"Skin Heal\",\"description\":\"Lowest Prices for Dermal Fillers\",\"potentialAction\":[{\"@type\":\"SearchAction\",\"target\":{\"@type\":\"EntryPoint\",\"urlTemplate\":\"https:\\\/\\\/skin-heal.com\\\/?s={search_term_string}\"},\"query-input\":{\"@type\":\"PropertyValueSpecification\",\"valueRequired\":true,\"valueName\":\"search_term_string\"}}],\"inLanguage\":\"es\"}]}<\/script>\n<!-- \/ Yoast SEO plugin. -->","yoast_head_json":{"title":"S-DNA para la Regeneraci\u00f3n Celular de la Piel - 1 x 1ml - Skin Heal","description":"S-DNA es un tratamiento regenerador de las c\u00e9lulas de la piel que tiene efectos antienvejecimiento, blanqueamiento de la piel e incluso antiacn\u00e9. Pida S-DNA para un tratamiento completo de ADN.","robots":{"index":"index","follow":"follow","max-snippet":"max-snippet:-1","max-image-preview":"max-image-preview:large","max-video-preview":"max-video-preview:-1"},"canonical":"https:\/\/skin-heal.com\/es\/producto\/s-dna-for-skin-cell-regeneration-1-x-1ml\/","og_locale":"es_MX","og_type":"article","og_title":"S-DNA for Skin Cell Regeneration - 1 x 1ml - Skin Heal","og_description":"S-DNA is a skin cell regenerating treatment that has anti-aging, skin whitening and even anti-acne effects. Order S-DNA for an all-around DNA treatment.","og_url":"https:\/\/skin-heal.com\/es\/producto\/s-dna-for-skin-cell-regeneration-1-x-1ml\/","og_site_name":"Skin Heal","article_modified_time":"2024-06-10T08:10:14+00:00","og_image":[{"width":600,"height":600,"url":"https:\/\/cdn.skin-heal.com\/wp-content\/uploads\/2022\/03\/S-DNA-Cell-Regeneration.jpg","type":"image\/jpeg"}],"twitter_card":"summary_large_image","twitter_misc":{"Tiempo de lectura":"1 minuto"},"schema":{"@context":"https:\/\/schema.org","@graph":[{"@type":"WebPage","@id":"https:\/\/skin-heal.com\/product\/s-dna-for-skin-cell-regeneration-1-x-1ml\/","url":"https:\/\/skin-heal.com\/product\/s-dna-for-skin-cell-regeneration-1-x-1ml\/","name":"S-DNA para la Regeneraci\u00f3n Celular de la Piel - 1 x 1ml - Skin Heal","isPartOf":{"@id":"https:\/\/skin-heal.com\/#website"},"primaryImageOfPage":{"@id":"https:\/\/skin-heal.com\/product\/s-dna-for-skin-cell-regeneration-1-x-1ml\/#primaryimage"},"image":{"@id":"https:\/\/skin-heal.com\/product\/s-dna-for-skin-cell-regeneration-1-x-1ml\/#primaryimage"},"thumbnailUrl":"https:\/\/cdn.skin-heal.com\/wp-content\/uploads\/2022\/03\/S-DNA-Cell-Regeneration.jpg","datePublished":"2022-03-16T12:07:21+00:00","dateModified":"2024-06-10T08:10:14+00:00","description":"S-DNA es un tratamiento regenerador de las c\u00e9lulas de la piel que tiene efectos antienvejecimiento, blanqueamiento de la piel e incluso antiacn\u00e9. Pida S-DNA para un tratamiento completo de ADN.","breadcrumb":{"@id":"https:\/\/skin-heal.com\/product\/s-dna-for-skin-cell-regeneration-1-x-1ml\/#breadcrumb"},"inLanguage":"es","potentialAction":[{"@type":"ReadAction","target":["https:\/\/skin-heal.com\/product\/s-dna-for-skin-cell-regeneration-1-x-1ml\/"]}]},{"@type":"ImageObject","inLanguage":"es","@id":"https:\/\/skin-heal.com\/product\/s-dna-for-skin-cell-regeneration-1-x-1ml\/#primaryimage","url":"https:\/\/cdn.skin-heal.com\/wp-content\/uploads\/2022\/03\/S-DNA-Cell-Regeneration.jpg","contentUrl":"https:\/\/cdn.skin-heal.com\/wp-content\/uploads\/2022\/03\/S-DNA-Cell-Regeneration.jpg","width":600,"height":600,"caption":"S-DNA Cell Regeneration"},{"@type":"BreadcrumbList","@id":"https:\/\/skin-heal.com\/product\/s-dna-for-skin-cell-regeneration-1-x-1ml\/#breadcrumb","itemListElement":[{"@type":"ListItem","position":1,"name":"Home","item":"https:\/\/skin-heal.com\/"},{"@type":"ListItem","position":2,"name":"Store","item":"https:\/\/skin-heal.com\/store\/"},{"@type":"ListItem","position":3,"name":"S-DNA for Skin Cell Regeneration &#8211; 1 x 1ml"}]},{"@type":"WebSite","@id":"https:\/\/skin-heal.com\/#website","url":"https:\/\/skin-heal.com\/","name":"Curaci\u00f3n de la piel","description":"Los precios m\u00e1s bajos para los rellenos d\u00e9rmicos","potentialAction":[{"@type":"SearchAction","target":{"@type":"EntryPoint","urlTemplate":"https:\/\/skin-heal.com\/?s={search_term_string}"},"query-input":{"@type":"PropertyValueSpecification","valueRequired":true,"valueName":"search_term_string"}}],"inLanguage":"es"}]}},"_links":{"self":[{"href":"https:\/\/skin-heal.com\/es\/wp-json\/wp\/v2\/product\/32459","targetHints":{"allow":["GET"]}}],"collection":[{"href":"https:\/\/skin-heal.com\/es\/wp-json\/wp\/v2\/product"}],"about":[{"href":"https:\/\/skin-heal.com\/es\/wp-json\/wp\/v2\/types\/product"}],"wp:featuredmedia":[{"embeddable":true,"href":"https:\/\/skin-heal.com\/es\/wp-json\/wp\/v2\/media\/32460"}],"wp:attachment":[{"href":"https:\/\/skin-heal.com\/es\/wp-json\/wp\/v2\/media?parent=32459"}],"wp:term":[{"taxonomy":"product_brand","embeddable":true,"href":"https:\/\/skin-heal.com\/es\/wp-json\/wp\/v2\/product_brand?post=32459"},{"taxonomy":"product_cat","embeddable":true,"href":"https:\/\/skin-heal.com\/es\/wp-json\/wp\/v2\/product_cat?post=32459"},{"taxonomy":"product_tag","embeddable":true,"href":"https:\/\/skin-heal.com\/es\/wp-json\/wp\/v2\/product_tag?post=32459"}],"curies":[{"name":"wp","href":"https:\/\/api.w.org\/{rel}","templated":true}]}}