{"id":32462,"date":"2022-03-16T14:19:32","date_gmt":"2022-03-16T14:19:32","guid":{"rendered":"https:\/\/skin-heal.com\/?post_type=product&#038;p=32462"},"modified":"2024-07-08T18:00:00","modified_gmt":"2024-07-08T15:00:00","slug":"saypha-filler-1-x-1ml","status":"publish","type":"product","link":"https:\/\/skin-heal.com\/es\/producto\/saypha-filler-1-x-1ml\/","title":{"rendered":"Relleno Saypha (1 x 1ml) ex. Relleno Princesa"},"content":{"rendered":"<h3>Saypha Filler como producto antienvejecimiento<\/h3>\n<p>Este relleno a base de HA se aplica mediante una inyecci\u00f3n en la dermis media y profunda. El tratamiento es r\u00e1pido y no conlleva tiempo de inactividad. En otras palabras, en la mayor\u00eda de los casos, los pacientes pueden volver f\u00e1cilmente a sus planes del d\u00eda despu\u00e9s de completarlo.<\/p>\n<p>El poder principal de este producto es llenar y <u>alisar pliegues moderados, profundos e incluso severos<\/u> y las arrugas de la cara. Por ejemplo, puede reducir inmediatamente la aparici\u00f3n de los siguientes signos de envejecimiento:<\/p>\n<ul>\n<li>Depresiones faciales<\/li>\n<li>Pliegues nasolabiales<\/li>\n<li>Arrugas en las mejillas<\/li>\n<li>L\u00edneas de la barbilla<\/li>\n<li>L\u00edneas de marioneta<\/li>\n<\/ul>\n<p>Adem\u00e1s, los efectos hidratantes naturales del AH mejorar\u00e1n el aspecto, la elasticidad y la tonicidad de la piel. Dado que Saypha Filler utiliza la tecnolog\u00eda S.M.A.R.T. de Croma, este relleno de tejidos blandos tambi\u00e9n se caracteriza por tener un peso molecular m\u00e1s elevado que la mayor\u00eda de los productos de esta categor\u00eda. Por lo tanto, los efectos del tratamiento son bastante duraderos ya que pueden durar aproximadamente 9 meses despu\u00e9s de una sola sesi\u00f3n de inyecci\u00f3n.<\/p>\n<h3>Relleno Saypha como soluci\u00f3n de aumento facial<\/h3>\n<p>Saypha Filler a base de HA tambi\u00e9n puede mejorar el contorno de los labios, la l\u00ednea de la mand\u00edbula o incluso toda la cara. Lo mejor es que el producto puede a\u00f1adir volumen a diferentes \u00e1reas de la cara, incluyendo las mejillas y los labios. Una vez m\u00e1s, los resultados son <em>instant\u00e1nea, pero duradera<\/em>.<\/p>","protected":false},"excerpt":{"rendered":"<p>Saypha Filler (ex Princess Filler) es un relleno d\u00e9rmico de HA de Croma Pharma que corrige las arrugas medias y graves del rostro. Adem\u00e1s, el producto tiene excelentes propiedades voluminizadoras. Como resultado, puede ser utilizado con \u00e9xito por los cirujanos cosm\u00e9ticos certificados para <em>mejora de los labios y contorno facial m\u00ednimamente invasivos<\/em>. Un tratamiento con \u00e9l proporciona resultados antiarrugas instant\u00e1neos que duran hasta 36 semanas.<\/p>","protected":false},"featured_media":32467,"template":"","meta":[],"product_brand":[],"product_cat":[71,79,141],"product_tag":[],"class_list":{"0":"post-32462","1":"product","2":"type-product","3":"status-publish","4":"has-post-thumbnail","6":"product_cat-croma-pharma","7":"product_cat-dermal-fillers","8":"product_cat-saypha","9":"clearfix","11":"first","12":"instock","13":"taxable","14":"shipping-taxable","15":"purchasable","16":"product-type-simple"},"yoast_head":"<!-- This site is optimized with the Yoast SEO plugin v27.3 - https:\/\/yoast.com\/product\/yoast-seo-wordpress\/ -->\n<title>Saypha Filler (1 x 1ml) ex. Princess Filler - Skin Heal<\/title>\n<meta name=\"description\" content=\"Saypha Filler is an HA filler that treats medium to severe wrinkles. Order Saypha Filler (ex Princess Filler) for fast lip contouring and augmentation.\" \/>\n<meta name=\"robots\" content=\"index, follow, max-snippet:-1, max-image-preview:large, max-video-preview:-1\" \/>\n<link rel=\"canonical\" href=\"https:\/\/skin-heal.com\/es\/producto\/saypha-filler-1-x-1ml\/\" \/>\n<meta property=\"og:locale\" content=\"es_MX\" \/>\n<meta property=\"og:type\" content=\"article\" \/>\n<meta property=\"og:title\" content=\"Saypha Filler (1 x 1ml) ex. Princess Filler - Skin Heal\" \/>\n<meta property=\"og:description\" content=\"Saypha Filler is an HA filler that treats medium to severe wrinkles. Order Saypha Filler (ex Princess Filler) for fast lip contouring and augmentation.\" \/>\n<meta property=\"og:url\" content=\"https:\/\/skin-heal.com\/es\/producto\/saypha-filler-1-x-1ml\/\" \/>\n<meta property=\"og:site_name\" content=\"Skin Heal\" \/>\n<meta property=\"article:modified_time\" content=\"2024-07-08T15:00:00+00:00\" \/>\n<meta property=\"og:image\" content=\"https:\/\/cdn.skin-heal.com\/wp-content\/uploads\/2022\/03\/Saypha-Filler.jpg\" \/>\n\t<meta property=\"og:image:width\" content=\"600\" \/>\n\t<meta property=\"og:image:height\" content=\"600\" \/>\n\t<meta property=\"og:image:type\" content=\"image\/jpeg\" \/>\n<meta name=\"twitter:card\" content=\"summary_large_image\" \/>\n<meta name=\"twitter:label1\" content=\"Tiempo de lectura\" \/>\n\t<meta name=\"twitter:data1\" content=\"1 minuto\" \/>\n<script type=\"application\/ld+json\" class=\"yoast-schema-graph\">{\"@context\":\"https:\\\/\\\/schema.org\",\"@graph\":[{\"@type\":\"WebPage\",\"@id\":\"https:\\\/\\\/skin-heal.com\\\/product\\\/saypha-filler-1-x-1ml\\\/\",\"url\":\"https:\\\/\\\/skin-heal.com\\\/product\\\/saypha-filler-1-x-1ml\\\/\",\"name\":\"Saypha Filler (1 x 1ml) ex. Princess Filler - Skin Heal\",\"isPartOf\":{\"@id\":\"https:\\\/\\\/skin-heal.com\\\/#website\"},\"primaryImageOfPage\":{\"@id\":\"https:\\\/\\\/skin-heal.com\\\/product\\\/saypha-filler-1-x-1ml\\\/#primaryimage\"},\"image\":{\"@id\":\"https:\\\/\\\/skin-heal.com\\\/product\\\/saypha-filler-1-x-1ml\\\/#primaryimage\"},\"thumbnailUrl\":\"https:\\\/\\\/skin-heal.com\\\/wp-content\\\/uploads\\\/2022\\\/03\\\/Saypha-Filler.jpg\",\"datePublished\":\"2022-03-16T14:19:32+00:00\",\"dateModified\":\"2024-07-08T15:00:00+00:00\",\"description\":\"Saypha Filler is an HA filler that treats medium to severe wrinkles. Order Saypha Filler (ex Princess Filler) for fast lip contouring and augmentation.\",\"breadcrumb\":{\"@id\":\"https:\\\/\\\/skin-heal.com\\\/product\\\/saypha-filler-1-x-1ml\\\/#breadcrumb\"},\"inLanguage\":\"es\",\"potentialAction\":[{\"@type\":\"ReadAction\",\"target\":[\"https:\\\/\\\/skin-heal.com\\\/product\\\/saypha-filler-1-x-1ml\\\/\"]}]},{\"@type\":\"ImageObject\",\"inLanguage\":\"es\",\"@id\":\"https:\\\/\\\/skin-heal.com\\\/product\\\/saypha-filler-1-x-1ml\\\/#primaryimage\",\"url\":\"https:\\\/\\\/skin-heal.com\\\/wp-content\\\/uploads\\\/2022\\\/03\\\/Saypha-Filler.jpg\",\"contentUrl\":\"https:\\\/\\\/skin-heal.com\\\/wp-content\\\/uploads\\\/2022\\\/03\\\/Saypha-Filler.jpg\",\"width\":600,\"height\":600,\"caption\":\"Saypha Filler\"},{\"@type\":\"BreadcrumbList\",\"@id\":\"https:\\\/\\\/skin-heal.com\\\/product\\\/saypha-filler-1-x-1ml\\\/#breadcrumb\",\"itemListElement\":[{\"@type\":\"ListItem\",\"position\":1,\"name\":\"Home\",\"item\":\"https:\\\/\\\/skin-heal.com\\\/\"},{\"@type\":\"ListItem\",\"position\":2,\"name\":\"Store\",\"item\":\"https:\\\/\\\/skin-heal.com\\\/store\\\/\"},{\"@type\":\"ListItem\",\"position\":3,\"name\":\"Saypha Filler (1 x 1ml) ex. Princess Filler\"}]},{\"@type\":\"WebSite\",\"@id\":\"https:\\\/\\\/skin-heal.com\\\/#website\",\"url\":\"https:\\\/\\\/skin-heal.com\\\/\",\"name\":\"Skin Heal\",\"description\":\"Lowest Prices for Dermal Fillers\",\"potentialAction\":[{\"@type\":\"SearchAction\",\"target\":{\"@type\":\"EntryPoint\",\"urlTemplate\":\"https:\\\/\\\/skin-heal.com\\\/?s={search_term_string}\"},\"query-input\":{\"@type\":\"PropertyValueSpecification\",\"valueRequired\":true,\"valueName\":\"search_term_string\"}}],\"inLanguage\":\"es\"}]}<\/script>\n<!-- \/ Yoast SEO plugin. -->","yoast_head_json":{"title":"Saypha Filler (1 x 1ml) ex. Princess Filler - Piel sana","description":"Saypha Filler es un relleno de HA que trata las arrugas medias a severas. Pida Saypha Filler (ex Princess Filler) para un r\u00e1pido contorno y aumento de labios.","robots":{"index":"index","follow":"follow","max-snippet":"max-snippet:-1","max-image-preview":"max-image-preview:large","max-video-preview":"max-video-preview:-1"},"canonical":"https:\/\/skin-heal.com\/es\/producto\/saypha-filler-1-x-1ml\/","og_locale":"es_MX","og_type":"article","og_title":"Saypha Filler (1 x 1ml) ex. Princess Filler - Skin Heal","og_description":"Saypha Filler is an HA filler that treats medium to severe wrinkles. Order Saypha Filler (ex Princess Filler) for fast lip contouring and augmentation.","og_url":"https:\/\/skin-heal.com\/es\/producto\/saypha-filler-1-x-1ml\/","og_site_name":"Skin Heal","article_modified_time":"2024-07-08T15:00:00+00:00","og_image":[{"width":600,"height":600,"url":"https:\/\/cdn.skin-heal.com\/wp-content\/uploads\/2022\/03\/Saypha-Filler.jpg","type":"image\/jpeg"}],"twitter_card":"summary_large_image","twitter_misc":{"Tiempo de lectura":"1 minuto"},"schema":{"@context":"https:\/\/schema.org","@graph":[{"@type":"WebPage","@id":"https:\/\/skin-heal.com\/product\/saypha-filler-1-x-1ml\/","url":"https:\/\/skin-heal.com\/product\/saypha-filler-1-x-1ml\/","name":"Saypha Filler (1 x 1ml) ex. Princess Filler - Piel sana","isPartOf":{"@id":"https:\/\/skin-heal.com\/#website"},"primaryImageOfPage":{"@id":"https:\/\/skin-heal.com\/product\/saypha-filler-1-x-1ml\/#primaryimage"},"image":{"@id":"https:\/\/skin-heal.com\/product\/saypha-filler-1-x-1ml\/#primaryimage"},"thumbnailUrl":"https:\/\/cdn.skin-heal.com\/wp-content\/uploads\/2022\/03\/Saypha-Filler.jpg","datePublished":"2022-03-16T14:19:32+00:00","dateModified":"2024-07-08T15:00:00+00:00","description":"Saypha Filler es un relleno de HA que trata las arrugas medias a severas. Pida Saypha Filler (ex Princess Filler) para un r\u00e1pido contorno y aumento de labios.","breadcrumb":{"@id":"https:\/\/skin-heal.com\/product\/saypha-filler-1-x-1ml\/#breadcrumb"},"inLanguage":"es","potentialAction":[{"@type":"ReadAction","target":["https:\/\/skin-heal.com\/product\/saypha-filler-1-x-1ml\/"]}]},{"@type":"ImageObject","inLanguage":"es","@id":"https:\/\/skin-heal.com\/product\/saypha-filler-1-x-1ml\/#primaryimage","url":"https:\/\/cdn.skin-heal.com\/wp-content\/uploads\/2022\/03\/Saypha-Filler.jpg","contentUrl":"https:\/\/cdn.skin-heal.com\/wp-content\/uploads\/2022\/03\/Saypha-Filler.jpg","width":600,"height":600,"caption":"Saypha Filler"},{"@type":"BreadcrumbList","@id":"https:\/\/skin-heal.com\/product\/saypha-filler-1-x-1ml\/#breadcrumb","itemListElement":[{"@type":"ListItem","position":1,"name":"Home","item":"https:\/\/skin-heal.com\/"},{"@type":"ListItem","position":2,"name":"Store","item":"https:\/\/skin-heal.com\/store\/"},{"@type":"ListItem","position":3,"name":"Saypha Filler (1 x 1ml) ex. Princess Filler"}]},{"@type":"WebSite","@id":"https:\/\/skin-heal.com\/#website","url":"https:\/\/skin-heal.com\/","name":"Curaci\u00f3n de la piel","description":"Los precios m\u00e1s bajos para los rellenos d\u00e9rmicos","potentialAction":[{"@type":"SearchAction","target":{"@type":"EntryPoint","urlTemplate":"https:\/\/skin-heal.com\/?s={search_term_string}"},"query-input":{"@type":"PropertyValueSpecification","valueRequired":true,"valueName":"search_term_string"}}],"inLanguage":"es"}]}},"_links":{"self":[{"href":"https:\/\/skin-heal.com\/es\/wp-json\/wp\/v2\/product\/32462","targetHints":{"allow":["GET"]}}],"collection":[{"href":"https:\/\/skin-heal.com\/es\/wp-json\/wp\/v2\/product"}],"about":[{"href":"https:\/\/skin-heal.com\/es\/wp-json\/wp\/v2\/types\/product"}],"wp:featuredmedia":[{"embeddable":true,"href":"https:\/\/skin-heal.com\/es\/wp-json\/wp\/v2\/media\/32467"}],"wp:attachment":[{"href":"https:\/\/skin-heal.com\/es\/wp-json\/wp\/v2\/media?parent=32462"}],"wp:term":[{"taxonomy":"product_brand","embeddable":true,"href":"https:\/\/skin-heal.com\/es\/wp-json\/wp\/v2\/product_brand?post=32462"},{"taxonomy":"product_cat","embeddable":true,"href":"https:\/\/skin-heal.com\/es\/wp-json\/wp\/v2\/product_cat?post=32462"},{"taxonomy":"product_tag","embeddable":true,"href":"https:\/\/skin-heal.com\/es\/wp-json\/wp\/v2\/product_tag?post=32462"}],"curies":[{"name":"wp","href":"https:\/\/api.w.org\/{rel}","templated":true}]}}