{"id":32463,"date":"2022-03-16T14:19:42","date_gmt":"2022-03-16T14:19:42","guid":{"rendered":"https:\/\/skin-heal.com\/?post_type=product&#038;p=32463"},"modified":"2024-07-08T18:00:08","modified_gmt":"2024-07-08T15:00:08","slug":"saypha-volume-1-x-1ml","status":"publish","type":"product","link":"https:\/\/skin-heal.com\/es\/producto\/saypha-volume-1-x-1ml\/","title":{"rendered":"Volumen Saypha (1 x 1ml) ex. Volumen Princesa"},"content":{"rendered":"<h3>Volumen Saypha - Principales indicaciones<\/h3>\n<p>El relleno cut\u00e1neo a base de HA Saypha Volume contiene 23 mg\/mL de HA que tiene un nivel de reticulaci\u00f3n de 3 sobre 4. Eso hace que el producto sea una excelente opci\u00f3n para el relleno y la eliminaci\u00f3n de arrugas y pliegues severos en la cara que incluyen:<\/p>\n<ul>\n<li>L\u00edneas de marioneta<\/li>\n<li>L\u00edneas nasolabiales<\/li>\n<li>Depresiones cut\u00e1neas<\/li>\n<\/ul>\n<p>Adem\u00e1s, esta inyecci\u00f3n de relleno de Croma puede restaurar o <u>mejorar el contorno de la cara<\/u> en minutos. Cuando se inyecta en la barbilla o en los p\u00f3mulos, tambi\u00e9n puede a\u00f1adir volumen a la cara que puede mejorar y rejuvenecer considerablemente el aspecto del paciente.<\/p>\n<p>Adem\u00e1s de sus propiedades voluminizadoras y antiarrugas, Saypha Volume tambi\u00e9n tiene poderes hidratantes para la piel. Esto se debe, una vez m\u00e1s, a que est\u00e1 compuesto por \u00c1cido Hialur\u00f3nico. Esta sustancia no presenta riesgos y es conocida por su potente acci\u00f3n hidratante. Al hidratar la piel, el producto le da un aspecto m\u00e1s joven y fresco y mejora su textura.<\/p>\n<h3>\u00bfC\u00f3mo es un tratamiento t\u00edpico con Saypha Volume?<\/h3>\n<p>Saypha Volume debe ser inyectado por un cirujano pl\u00e1stico capacitado en la dermis profunda o en el subcutis. El tama\u00f1o de aguja recomendado es 27 G1\/2 (incluido en el envase) y la duraci\u00f3n del procedimiento depende de la gravedad del problema est\u00e9tico. Aun as\u00ed, por lo general, la sesi\u00f3n de tratamiento <em>se tarda s\u00f3lo unos minutos en completarlo<\/em>.<\/p>","protected":false},"excerpt":{"rendered":"<p>Saypha Volume (ex Princess Volume) de Croma Pharma es un <strong>Relleno voluminizador a base de HA<\/strong>. En otras palabras, este relleno d\u00e9rmico contiene \u00e1cido hialur\u00f3nico y puede a\u00f1adir volumen bajo la piel. Estas propiedades del producto lo hacen ideal para el tratamiento de la p\u00e9rdida de volumen relacionada con la edad en la cara, as\u00ed como para la eliminaci\u00f3n de arrugas m\u00e1s profundas como los pliegues nasolabiales. Adem\u00e1s, la inyecci\u00f3n tambi\u00e9n puede utilizarse para corregir las cicatrices de la piel.<\/p>","protected":false},"featured_media":32466,"template":"","meta":[],"product_brand":[],"product_cat":[71,79,141,144],"product_tag":[],"class_list":{"0":"post-32463","1":"product","2":"type-product","3":"status-publish","4":"has-post-thumbnail","6":"product_cat-croma-pharma","7":"product_cat-dermal-fillers","8":"product_cat-saypha","9":"product_cat-holiday-mega-sale","10":"clearfix","12":"first","13":"instock","14":"taxable","15":"shipping-taxable","16":"purchasable","17":"product-type-simple"},"yoast_head":"<!-- This site is optimized with the Yoast SEO plugin v27.3 - https:\/\/yoast.com\/product\/yoast-seo-wordpress\/ -->\n<title>Saypha Volume (1 x 1ml) ex. Princess Volume - Skin Heal<\/title>\n<meta name=\"description\" content=\"-1185\" \/>\n<meta name=\"robots\" content=\"index, follow, max-snippet:-1, max-image-preview:large, max-video-preview:-1\" \/>\n<link rel=\"canonical\" href=\"https:\/\/skin-heal.com\/es\/producto\/saypha-volume-1-x-1ml\/\" \/>\n<meta property=\"og:locale\" content=\"es_MX\" \/>\n<meta property=\"og:type\" content=\"article\" \/>\n<meta property=\"og:title\" content=\"Saypha Volume (1 x 1ml) ex. Princess Volume - Skin Heal\" \/>\n<meta property=\"og:description\" content=\"-1185\" \/>\n<meta property=\"og:url\" content=\"https:\/\/skin-heal.com\/es\/producto\/saypha-volume-1-x-1ml\/\" \/>\n<meta property=\"og:site_name\" content=\"Skin Heal\" \/>\n<meta property=\"article:modified_time\" content=\"2024-07-08T15:00:08+00:00\" \/>\n<meta property=\"og:image\" content=\"https:\/\/cdn.skin-heal.com\/wp-content\/uploads\/2022\/03\/Saypha-Volume.jpg\" \/>\n\t<meta property=\"og:image:width\" content=\"600\" \/>\n\t<meta property=\"og:image:height\" content=\"600\" \/>\n\t<meta property=\"og:image:type\" content=\"image\/jpeg\" \/>\n<meta name=\"twitter:card\" content=\"summary_large_image\" \/>\n<meta name=\"twitter:label1\" content=\"Tiempo de lectura\" \/>\n\t<meta name=\"twitter:data1\" content=\"1 minuto\" \/>\n<script type=\"application\/ld+json\" class=\"yoast-schema-graph\">{\"@context\":\"https:\\\/\\\/schema.org\",\"@graph\":[{\"@type\":\"WebPage\",\"@id\":\"https:\\\/\\\/skin-heal.com\\\/product\\\/saypha-volume-1-x-1ml\\\/\",\"url\":\"https:\\\/\\\/skin-heal.com\\\/product\\\/saypha-volume-1-x-1ml\\\/\",\"name\":\"Saypha Volume (1 x 1ml) ex. Princess Volume - Skin Heal\",\"isPartOf\":{\"@id\":\"https:\\\/\\\/skin-heal.com\\\/#website\"},\"primaryImageOfPage\":{\"@id\":\"https:\\\/\\\/skin-heal.com\\\/product\\\/saypha-volume-1-x-1ml\\\/#primaryimage\"},\"image\":{\"@id\":\"https:\\\/\\\/skin-heal.com\\\/product\\\/saypha-volume-1-x-1ml\\\/#primaryimage\"},\"thumbnailUrl\":\"https:\\\/\\\/skin-heal.com\\\/wp-content\\\/uploads\\\/2022\\\/03\\\/Saypha-Volume.jpg\",\"datePublished\":\"2022-03-16T14:19:42+00:00\",\"dateModified\":\"2024-07-08T15:00:08+00:00\",\"description\":\"-1185\",\"breadcrumb\":{\"@id\":\"https:\\\/\\\/skin-heal.com\\\/product\\\/saypha-volume-1-x-1ml\\\/#breadcrumb\"},\"inLanguage\":\"es\",\"potentialAction\":[{\"@type\":\"ReadAction\",\"target\":[\"https:\\\/\\\/skin-heal.com\\\/product\\\/saypha-volume-1-x-1ml\\\/\"]}]},{\"@type\":\"ImageObject\",\"inLanguage\":\"es\",\"@id\":\"https:\\\/\\\/skin-heal.com\\\/product\\\/saypha-volume-1-x-1ml\\\/#primaryimage\",\"url\":\"https:\\\/\\\/skin-heal.com\\\/wp-content\\\/uploads\\\/2022\\\/03\\\/Saypha-Volume.jpg\",\"contentUrl\":\"https:\\\/\\\/skin-heal.com\\\/wp-content\\\/uploads\\\/2022\\\/03\\\/Saypha-Volume.jpg\",\"width\":600,\"height\":600,\"caption\":\"Saypha Volume\"},{\"@type\":\"BreadcrumbList\",\"@id\":\"https:\\\/\\\/skin-heal.com\\\/product\\\/saypha-volume-1-x-1ml\\\/#breadcrumb\",\"itemListElement\":[{\"@type\":\"ListItem\",\"position\":1,\"name\":\"Home\",\"item\":\"https:\\\/\\\/skin-heal.com\\\/\"},{\"@type\":\"ListItem\",\"position\":2,\"name\":\"Store\",\"item\":\"https:\\\/\\\/skin-heal.com\\\/store\\\/\"},{\"@type\":\"ListItem\",\"position\":3,\"name\":\"Saypha Volume (1 x 1ml) ex. Princess Volume\"}]},{\"@type\":\"WebSite\",\"@id\":\"https:\\\/\\\/skin-heal.com\\\/#website\",\"url\":\"https:\\\/\\\/skin-heal.com\\\/\",\"name\":\"Skin Heal\",\"description\":\"Lowest Prices for Dermal Fillers\",\"potentialAction\":[{\"@type\":\"SearchAction\",\"target\":{\"@type\":\"EntryPoint\",\"urlTemplate\":\"https:\\\/\\\/skin-heal.com\\\/?s={search_term_string}\"},\"query-input\":{\"@type\":\"PropertyValueSpecification\",\"valueRequired\":true,\"valueName\":\"search_term_string\"}}],\"inLanguage\":\"es\"}]}<\/script>\n<!-- \/ Yoast SEO plugin. -->","yoast_head_json":{"title":"Volumen Saypha (1 x 1ml) ex. Princess Volume - Piel sana","description":"-1185","robots":{"index":"index","follow":"follow","max-snippet":"max-snippet:-1","max-image-preview":"max-image-preview:large","max-video-preview":"max-video-preview:-1"},"canonical":"https:\/\/skin-heal.com\/es\/producto\/saypha-volume-1-x-1ml\/","og_locale":"es_MX","og_type":"article","og_title":"Saypha Volume (1 x 1ml) ex. Princess Volume - Skin Heal","og_description":"-1185","og_url":"https:\/\/skin-heal.com\/es\/producto\/saypha-volume-1-x-1ml\/","og_site_name":"Skin Heal","article_modified_time":"2024-07-08T15:00:08+00:00","og_image":[{"width":600,"height":600,"url":"https:\/\/cdn.skin-heal.com\/wp-content\/uploads\/2022\/03\/Saypha-Volume.jpg","type":"image\/jpeg"}],"twitter_card":"summary_large_image","twitter_misc":{"Tiempo de lectura":"1 minuto"},"schema":{"@context":"https:\/\/schema.org","@graph":[{"@type":"WebPage","@id":"https:\/\/skin-heal.com\/product\/saypha-volume-1-x-1ml\/","url":"https:\/\/skin-heal.com\/product\/saypha-volume-1-x-1ml\/","name":"Volumen Saypha (1 x 1ml) ex. Princess Volume - Piel sana","isPartOf":{"@id":"https:\/\/skin-heal.com\/#website"},"primaryImageOfPage":{"@id":"https:\/\/skin-heal.com\/product\/saypha-volume-1-x-1ml\/#primaryimage"},"image":{"@id":"https:\/\/skin-heal.com\/product\/saypha-volume-1-x-1ml\/#primaryimage"},"thumbnailUrl":"https:\/\/cdn.skin-heal.com\/wp-content\/uploads\/2022\/03\/Saypha-Volume.jpg","datePublished":"2022-03-16T14:19:42+00:00","dateModified":"2024-07-08T15:00:08+00:00","description":"-1185","breadcrumb":{"@id":"https:\/\/skin-heal.com\/product\/saypha-volume-1-x-1ml\/#breadcrumb"},"inLanguage":"es","potentialAction":[{"@type":"ReadAction","target":["https:\/\/skin-heal.com\/product\/saypha-volume-1-x-1ml\/"]}]},{"@type":"ImageObject","inLanguage":"es","@id":"https:\/\/skin-heal.com\/product\/saypha-volume-1-x-1ml\/#primaryimage","url":"https:\/\/cdn.skin-heal.com\/wp-content\/uploads\/2022\/03\/Saypha-Volume.jpg","contentUrl":"https:\/\/cdn.skin-heal.com\/wp-content\/uploads\/2022\/03\/Saypha-Volume.jpg","width":600,"height":600,"caption":"Saypha Volume"},{"@type":"BreadcrumbList","@id":"https:\/\/skin-heal.com\/product\/saypha-volume-1-x-1ml\/#breadcrumb","itemListElement":[{"@type":"ListItem","position":1,"name":"Home","item":"https:\/\/skin-heal.com\/"},{"@type":"ListItem","position":2,"name":"Store","item":"https:\/\/skin-heal.com\/store\/"},{"@type":"ListItem","position":3,"name":"Saypha Volume (1 x 1ml) ex. Princess Volume"}]},{"@type":"WebSite","@id":"https:\/\/skin-heal.com\/#website","url":"https:\/\/skin-heal.com\/","name":"Curaci\u00f3n de la piel","description":"Los precios m\u00e1s bajos para los rellenos d\u00e9rmicos","potentialAction":[{"@type":"SearchAction","target":{"@type":"EntryPoint","urlTemplate":"https:\/\/skin-heal.com\/?s={search_term_string}"},"query-input":{"@type":"PropertyValueSpecification","valueRequired":true,"valueName":"search_term_string"}}],"inLanguage":"es"}]}},"_links":{"self":[{"href":"https:\/\/skin-heal.com\/es\/wp-json\/wp\/v2\/product\/32463","targetHints":{"allow":["GET"]}}],"collection":[{"href":"https:\/\/skin-heal.com\/es\/wp-json\/wp\/v2\/product"}],"about":[{"href":"https:\/\/skin-heal.com\/es\/wp-json\/wp\/v2\/types\/product"}],"wp:featuredmedia":[{"embeddable":true,"href":"https:\/\/skin-heal.com\/es\/wp-json\/wp\/v2\/media\/32466"}],"wp:attachment":[{"href":"https:\/\/skin-heal.com\/es\/wp-json\/wp\/v2\/media?parent=32463"}],"wp:term":[{"taxonomy":"product_brand","embeddable":true,"href":"https:\/\/skin-heal.com\/es\/wp-json\/wp\/v2\/product_brand?post=32463"},{"taxonomy":"product_cat","embeddable":true,"href":"https:\/\/skin-heal.com\/es\/wp-json\/wp\/v2\/product_cat?post=32463"},{"taxonomy":"product_tag","embeddable":true,"href":"https:\/\/skin-heal.com\/es\/wp-json\/wp\/v2\/product_tag?post=32463"}],"curies":[{"name":"wp","href":"https:\/\/api.w.org\/{rel}","templated":true}]}}