{"id":35081,"date":"2023-01-05T18:31:50","date_gmt":"2023-01-05T16:31:50","guid":{"rendered":"https:\/\/skin-heal.com\/?post_type=product&#038;p=35081"},"modified":"2025-09-03T11:57:29","modified_gmt":"2025-09-03T08:57:29","slug":"elasty-f-2-x-1ml-two-in-one","status":"publish","type":"product","link":"https:\/\/skin-heal.com\/es\/producto\/elasty-f-2-x-1ml-two-in-one\/","title":{"rendered":"Elasty F (2 x 1ml) - Dos en uno"},"content":{"rendered":"<p><em>Relleno Elasty F<\/em> se utiliza mejor:<\/p>\n<ul>\n<li>Minimizar la poca profundidad <u>l\u00edneas de marioneta<\/u>, ayudando a la restauraci\u00f3n de la zona nasolabial<\/li>\n<li>Tratar con <u>arrugas<\/u> entre las cejas, alrededor de los ojos y en la frente<\/li>\n<li>Crear un aspecto juvenil, sin cambiar el aspecto natural del paciente<\/li>\n<\/ul>\n<h3>Ventajas del relleno Elasty F<strong>\u00a0 <\/strong><\/h3>\n<p><em>Elasty F <\/em>es el relleno d\u00e9rmico perfecto para los pacientes que desean tratar las arrugas de tama\u00f1o peque\u00f1o a mediano de forma indolora y sencilla.  Este gel de AH garantiza un proceso de aplicaci\u00f3n suave y reduce significativamente las posibles molestias durante el procedimiento. El contenido principal del relleno es el \u00e1cido hialur\u00f3nico, que tiene muchos beneficios conocidos. Numerosos profesionales m\u00e9dicos utilizan HA cuando quieren hidratar su piel, hacer que se vea m\u00e1s regordeta, m\u00e1s joven y m\u00e1s resistente, eliminar manchas de decoloraci\u00f3n, \u00a1y mucho m\u00e1s!<\/p>\n<h3>Composici\u00f3n del gel de HA<\/h3>\n<p><em>Elasty F <\/em>contiene:<\/p>\n<ul>\n<li>\u00c1cido hialur\u00f3nico reticulado (24 mg\/mL)<\/li>\n<\/ul>\n<h3>Especificaciones del relleno<\/h3>\n<p>Al comprar <em>Relleno facial Elasty F<\/em> encontrar\u00e1 dos jeringas precargadas y dos agujas (27G 1\/2\" y 30G 1\/2\").<\/p>\n<p>Aconsejamos encarecidamente que este producto y todos los dem\u00e1s rellenos faciales de la l\u00ednea Elasty sean aplicados \u00fanicamente por profesionales m\u00e9dicos.<\/p>","protected":false},"excerpt":{"rendered":"<p><em>Relleno Elasty F<\/em> es un innovador gel de AH de aplicaci\u00f3n facial, que contiene un \u00e1cido hialur\u00f3nico reticulado purificado. Es la opci\u00f3n m\u00e1s suave de la l\u00ednea Elasty, lo que lo hace perfecto para pacientes que desean minimizar sus arrugas delicadas y l\u00edneas superficiales de la piel y beneficiarse de un aspecto saludable y juvenil.<\/p>","protected":false},"featured_media":35086,"template":"","meta":[],"product_brand":[],"product_cat":[79,149,144],"product_tag":[145],"class_list":{"0":"post-35081","1":"product","2":"type-product","3":"status-publish","4":"has-post-thumbnail","6":"product_cat-dermal-fillers","7":"product_cat-elasty","8":"product_cat-holiday-mega-sale","9":"product_tag-5off","10":"clearfix","12":"first","13":"instock","14":"sale","15":"taxable","16":"shipping-taxable","17":"purchasable","18":"product-type-simple"},"yoast_head":"<!-- This site is optimized with the Yoast SEO plugin v27.3 - https:\/\/yoast.com\/product\/yoast-seo-wordpress\/ -->\n<title>Elasty F (2 x 1ml) - Two-in-one - Skin Heal<\/title>\n<meta name=\"description\" content=\"Elasty F filler is a face filler containing a cross-linked hyaluronic acid. It is perfect for patients who want to minimize their marionette lines easily!\" \/>\n<meta name=\"robots\" content=\"index, follow, max-snippet:-1, max-image-preview:large, max-video-preview:-1\" \/>\n<link rel=\"canonical\" href=\"https:\/\/skin-heal.com\/es\/producto\/elasty-f-2-x-1ml-two-in-one\/\" \/>\n<meta property=\"og:locale\" content=\"es_MX\" \/>\n<meta property=\"og:type\" content=\"article\" \/>\n<meta property=\"og:title\" content=\"Elasty F (2 x 1ml) - Two-in-one - Skin Heal\" \/>\n<meta property=\"og:description\" content=\"Elasty F filler is a face filler containing a cross-linked hyaluronic acid. It is perfect for patients who want to minimize their marionette lines easily!\" \/>\n<meta property=\"og:url\" content=\"https:\/\/skin-heal.com\/es\/producto\/elasty-f-2-x-1ml-two-in-one\/\" \/>\n<meta property=\"og:site_name\" content=\"Skin Heal\" \/>\n<meta property=\"article:modified_time\" content=\"2025-09-03T08:57:29+00:00\" \/>\n<meta property=\"og:image\" content=\"https:\/\/cdn.skin-heal.com\/wp-content\/uploads\/2023\/01\/Elasty-F.jpg\" \/>\n\t<meta property=\"og:image:width\" content=\"600\" \/>\n\t<meta property=\"og:image:height\" content=\"600\" \/>\n\t<meta property=\"og:image:type\" content=\"image\/jpeg\" \/>\n<meta name=\"twitter:card\" content=\"summary_large_image\" \/>\n<meta name=\"twitter:label1\" content=\"Tiempo de lectura\" \/>\n\t<meta name=\"twitter:data1\" content=\"1 minuto\" \/>\n<script type=\"application\/ld+json\" class=\"yoast-schema-graph\">{\"@context\":\"https:\\\/\\\/schema.org\",\"@graph\":[{\"@type\":\"WebPage\",\"@id\":\"https:\\\/\\\/skin-heal.com\\\/product\\\/elasty-f-2-x-1ml-two-in-one\\\/\",\"url\":\"https:\\\/\\\/skin-heal.com\\\/product\\\/elasty-f-2-x-1ml-two-in-one\\\/\",\"name\":\"Elasty F (2 x 1ml) - Two-in-one - Skin Heal\",\"isPartOf\":{\"@id\":\"https:\\\/\\\/skin-heal.com\\\/#website\"},\"primaryImageOfPage\":{\"@id\":\"https:\\\/\\\/skin-heal.com\\\/product\\\/elasty-f-2-x-1ml-two-in-one\\\/#primaryimage\"},\"image\":{\"@id\":\"https:\\\/\\\/skin-heal.com\\\/product\\\/elasty-f-2-x-1ml-two-in-one\\\/#primaryimage\"},\"thumbnailUrl\":\"https:\\\/\\\/skin-heal.com\\\/wp-content\\\/uploads\\\/2023\\\/01\\\/Elasty-F.jpg\",\"datePublished\":\"2023-01-05T16:31:50+00:00\",\"dateModified\":\"2025-09-03T08:57:29+00:00\",\"description\":\"Elasty F filler is a face filler containing a cross-linked hyaluronic acid. It is perfect for patients who want to minimize their marionette lines easily!\",\"breadcrumb\":{\"@id\":\"https:\\\/\\\/skin-heal.com\\\/product\\\/elasty-f-2-x-1ml-two-in-one\\\/#breadcrumb\"},\"inLanguage\":\"es\",\"potentialAction\":[{\"@type\":\"ReadAction\",\"target\":[\"https:\\\/\\\/skin-heal.com\\\/product\\\/elasty-f-2-x-1ml-two-in-one\\\/\"]}]},{\"@type\":\"ImageObject\",\"inLanguage\":\"es\",\"@id\":\"https:\\\/\\\/skin-heal.com\\\/product\\\/elasty-f-2-x-1ml-two-in-one\\\/#primaryimage\",\"url\":\"https:\\\/\\\/skin-heal.com\\\/wp-content\\\/uploads\\\/2023\\\/01\\\/Elasty-F.jpg\",\"contentUrl\":\"https:\\\/\\\/skin-heal.com\\\/wp-content\\\/uploads\\\/2023\\\/01\\\/Elasty-F.jpg\",\"width\":600,\"height\":600,\"caption\":\"Elasty F\"},{\"@type\":\"BreadcrumbList\",\"@id\":\"https:\\\/\\\/skin-heal.com\\\/product\\\/elasty-f-2-x-1ml-two-in-one\\\/#breadcrumb\",\"itemListElement\":[{\"@type\":\"ListItem\",\"position\":1,\"name\":\"Home\",\"item\":\"https:\\\/\\\/skin-heal.com\\\/\"},{\"@type\":\"ListItem\",\"position\":2,\"name\":\"Store\",\"item\":\"https:\\\/\\\/skin-heal.com\\\/store\\\/\"},{\"@type\":\"ListItem\",\"position\":3,\"name\":\"Elasty F (2 x 1ml) &#8211; Two-in-one\"}]},{\"@type\":\"WebSite\",\"@id\":\"https:\\\/\\\/skin-heal.com\\\/#website\",\"url\":\"https:\\\/\\\/skin-heal.com\\\/\",\"name\":\"Skin Heal\",\"description\":\"Lowest Prices for Dermal Fillers\",\"potentialAction\":[{\"@type\":\"SearchAction\",\"target\":{\"@type\":\"EntryPoint\",\"urlTemplate\":\"https:\\\/\\\/skin-heal.com\\\/?s={search_term_string}\"},\"query-input\":{\"@type\":\"PropertyValueSpecification\",\"valueRequired\":true,\"valueName\":\"search_term_string\"}}],\"inLanguage\":\"es\"}]}<\/script>\n<!-- \/ Yoast SEO plugin. -->","yoast_head_json":{"title":"Elasty F (2 x 1ml) - Dos en uno - Skin Heal","description":"Elasty F filler es un relleno facial que contiene \u00e1cido hialur\u00f3nico reticulado. \u00a1Es perfecto para los pacientes que quieren minimizar sus l\u00edneas de marioneta f\u00e1cilmente!","robots":{"index":"index","follow":"follow","max-snippet":"max-snippet:-1","max-image-preview":"max-image-preview:large","max-video-preview":"max-video-preview:-1"},"canonical":"https:\/\/skin-heal.com\/es\/producto\/elasty-f-2-x-1ml-two-in-one\/","og_locale":"es_MX","og_type":"article","og_title":"Elasty F (2 x 1ml) - Two-in-one - Skin Heal","og_description":"Elasty F filler is a face filler containing a cross-linked hyaluronic acid. It is perfect for patients who want to minimize their marionette lines easily!","og_url":"https:\/\/skin-heal.com\/es\/producto\/elasty-f-2-x-1ml-two-in-one\/","og_site_name":"Skin Heal","article_modified_time":"2025-09-03T08:57:29+00:00","og_image":[{"width":600,"height":600,"url":"https:\/\/cdn.skin-heal.com\/wp-content\/uploads\/2023\/01\/Elasty-F.jpg","type":"image\/jpeg"}],"twitter_card":"summary_large_image","twitter_misc":{"Tiempo de lectura":"1 minuto"},"schema":{"@context":"https:\/\/schema.org","@graph":[{"@type":"WebPage","@id":"https:\/\/skin-heal.com\/product\/elasty-f-2-x-1ml-two-in-one\/","url":"https:\/\/skin-heal.com\/product\/elasty-f-2-x-1ml-two-in-one\/","name":"Elasty F (2 x 1ml) - Dos en uno - Skin Heal","isPartOf":{"@id":"https:\/\/skin-heal.com\/#website"},"primaryImageOfPage":{"@id":"https:\/\/skin-heal.com\/product\/elasty-f-2-x-1ml-two-in-one\/#primaryimage"},"image":{"@id":"https:\/\/skin-heal.com\/product\/elasty-f-2-x-1ml-two-in-one\/#primaryimage"},"thumbnailUrl":"https:\/\/cdn.skin-heal.com\/wp-content\/uploads\/2023\/01\/Elasty-F.jpg","datePublished":"2023-01-05T16:31:50+00:00","dateModified":"2025-09-03T08:57:29+00:00","description":"Elasty F filler es un relleno facial que contiene \u00e1cido hialur\u00f3nico reticulado. \u00a1Es perfecto para los pacientes que quieren minimizar sus l\u00edneas de marioneta f\u00e1cilmente!","breadcrumb":{"@id":"https:\/\/skin-heal.com\/product\/elasty-f-2-x-1ml-two-in-one\/#breadcrumb"},"inLanguage":"es","potentialAction":[{"@type":"ReadAction","target":["https:\/\/skin-heal.com\/product\/elasty-f-2-x-1ml-two-in-one\/"]}]},{"@type":"ImageObject","inLanguage":"es","@id":"https:\/\/skin-heal.com\/product\/elasty-f-2-x-1ml-two-in-one\/#primaryimage","url":"https:\/\/cdn.skin-heal.com\/wp-content\/uploads\/2023\/01\/Elasty-F.jpg","contentUrl":"https:\/\/cdn.skin-heal.com\/wp-content\/uploads\/2023\/01\/Elasty-F.jpg","width":600,"height":600,"caption":"Elasty F"},{"@type":"BreadcrumbList","@id":"https:\/\/skin-heal.com\/product\/elasty-f-2-x-1ml-two-in-one\/#breadcrumb","itemListElement":[{"@type":"ListItem","position":1,"name":"Home","item":"https:\/\/skin-heal.com\/"},{"@type":"ListItem","position":2,"name":"Store","item":"https:\/\/skin-heal.com\/store\/"},{"@type":"ListItem","position":3,"name":"Elasty F (2 x 1ml) &#8211; Two-in-one"}]},{"@type":"WebSite","@id":"https:\/\/skin-heal.com\/#website","url":"https:\/\/skin-heal.com\/","name":"Curaci\u00f3n de la piel","description":"Los precios m\u00e1s bajos para los rellenos d\u00e9rmicos","potentialAction":[{"@type":"SearchAction","target":{"@type":"EntryPoint","urlTemplate":"https:\/\/skin-heal.com\/?s={search_term_string}"},"query-input":{"@type":"PropertyValueSpecification","valueRequired":true,"valueName":"search_term_string"}}],"inLanguage":"es"}]}},"_links":{"self":[{"href":"https:\/\/skin-heal.com\/es\/wp-json\/wp\/v2\/product\/35081","targetHints":{"allow":["GET"]}}],"collection":[{"href":"https:\/\/skin-heal.com\/es\/wp-json\/wp\/v2\/product"}],"about":[{"href":"https:\/\/skin-heal.com\/es\/wp-json\/wp\/v2\/types\/product"}],"wp:featuredmedia":[{"embeddable":true,"href":"https:\/\/skin-heal.com\/es\/wp-json\/wp\/v2\/media\/35086"}],"wp:attachment":[{"href":"https:\/\/skin-heal.com\/es\/wp-json\/wp\/v2\/media?parent=35081"}],"wp:term":[{"taxonomy":"product_brand","embeddable":true,"href":"https:\/\/skin-heal.com\/es\/wp-json\/wp\/v2\/product_brand?post=35081"},{"taxonomy":"product_cat","embeddable":true,"href":"https:\/\/skin-heal.com\/es\/wp-json\/wp\/v2\/product_cat?post=35081"},{"taxonomy":"product_tag","embeddable":true,"href":"https:\/\/skin-heal.com\/es\/wp-json\/wp\/v2\/product_tag?post=35081"}],"curies":[{"name":"wp","href":"https:\/\/api.w.org\/{rel}","templated":true}]}}