{"id":35082,"date":"2023-01-05T18:32:13","date_gmt":"2023-01-05T16:32:13","guid":{"rendered":"https:\/\/skin-heal.com\/?post_type=product&#038;p=35082"},"modified":"2025-09-03T11:57:17","modified_gmt":"2025-09-03T08:57:17","slug":"elasty-d-plus-2-x-1ml-two-in-one","status":"publish","type":"product","link":"https:\/\/skin-heal.com\/es\/producto\/elasty-d-plus-2-x-1ml-two-in-one\/","title":{"rendered":"Elasty D Plus (2 x 1ml) - Dos en uno"},"content":{"rendered":"<p><em>Relleno Elasty D Plus<\/em> es una masilla de viscosidad media que puede utilizarse mejor para:<\/p>\n<ul>\n<li>Aumento de labios para unos labios carnosos y armoniosos<\/li>\n<li>Tratamiento de los pliegues nasolabiales (l\u00edneas de expresi\u00f3n) para un aspecto m\u00e1s joven<\/li>\n<li>Tratamiento de las arrugas faciales medias y profundas para una piel hidratada y lisa<\/li>\n<\/ul>\n<h3>Ventajas de esta soluci\u00f3n de HA<\/h3>\n<p>La l\u00ednea de productos Elasty utiliza \u00e1cido hialur\u00f3nico purificado de alta calidad, conocido por sus numerosos beneficios, entre ellos:<\/p>\n<ul>\n<li>Piel m\u00e1s suave e hidratada<\/li>\n<li>Tratamiento no invasivo sin dolor ni molestias para el paciente<\/li>\n<li>Reducci\u00f3n significativa de las l\u00edneas faciales, especialmente las l\u00edneas de marioneta<\/li>\n<li>Piel del rostro m\u00e1s firme y resistente<\/li>\n<li>Labios m\u00e1s pronunciados y con mayor volumen<\/li>\n<\/ul>\n<p>El relleno labial Elasty D Plus tiene en su composici\u00f3n lidoca\u00edna a\u00f1adida (3%), que <em>garantiza un procedimiento fluido<\/em> y minimiza cualquier posible molestia para el paciente durante la aplicaci\u00f3n.<\/p>\n<h3>Composici\u00f3n del producto HA<\/h3>\n<p><em>Relleno Elasty D Plus <\/em>contiene:<br \/>\n-\u00c1cido hialur\u00f3nico reticulado (24 mg\/mL)<br \/>\n-Lidoca\u00edna (3%)<\/p>\n<h3><strong>Especificaciones del gel hialur\u00f3nico<\/strong><\/h3>\n<p>Al comprar <em>Relleno facial Elasty D Plus,<\/em> Dentro de la caja encontrar\u00e1 dos jeringas precargadas y dos agujas (27G 1\/2\" y 30G 1\/2\").<\/p>\n<p>Aconsejamos encarecidamente a nuestros clientes que este producto y todos los dem\u00e1s rellenos d\u00e9rmicos de la l\u00ednea Elasty sean aplicados \u00fanicamente por profesionales m\u00e9dicos.<\/p>","protected":false},"excerpt":{"rendered":"<p><em>Elasty D Plus <\/em>forma parte de la l\u00ednea de rellenos Elasty, que se fabrica con \u00e1cido hialur\u00f3nico reticulado de alta calidad. Este <em>producto hialur\u00f3nico <\/em>puede utilizarse tanto para el realce de los labios como para el tratamiento de las arrugas profundas de la zona nasolabial.  El contorno de los labios, la eliminaci\u00f3n de las l\u00edneas de marioneta y la reducci\u00f3n de las arrugas medias y profundas son ahora m\u00e1s f\u00e1ciles con este relleno d\u00e9rmico de viscoelasticidad media.<\/p>","protected":false},"featured_media":35085,"template":"","meta":[],"product_brand":[],"product_cat":[79,149,144],"product_tag":[145],"class_list":{"0":"post-35082","1":"product","2":"type-product","3":"status-publish","4":"has-post-thumbnail","6":"product_cat-dermal-fillers","7":"product_cat-elasty","8":"product_cat-holiday-mega-sale","9":"product_tag-5off","10":"clearfix","12":"first","13":"instock","14":"sale","15":"taxable","16":"shipping-taxable","17":"purchasable","18":"product-type-simple"},"yoast_head":"<!-- This site is optimized with the Yoast SEO plugin v27.3 - https:\/\/yoast.com\/product\/yoast-seo-wordpress\/ -->\n<title>Elasty D Plus (2 x 1ml) - Two-in-one - Skin Heal<\/title>\n<meta name=\"description\" content=\"The Elasty D Plus filler is made using cross-linked hyaluronic acid. It can be used for both lip enhancement and deep wrinkle treatment in the nasolabial area.\" \/>\n<meta name=\"robots\" content=\"index, follow, max-snippet:-1, max-image-preview:large, max-video-preview:-1\" \/>\n<link rel=\"canonical\" href=\"https:\/\/skin-heal.com\/es\/producto\/elasty-d-plus-2-x-1ml-two-in-one\/\" \/>\n<meta property=\"og:locale\" content=\"es_MX\" \/>\n<meta property=\"og:type\" content=\"article\" \/>\n<meta property=\"og:title\" content=\"Elasty D Plus (2 x 1ml) - Two-in-one - Skin Heal\" \/>\n<meta property=\"og:description\" content=\"The Elasty D Plus filler is made using cross-linked hyaluronic acid. It can be used for both lip enhancement and deep wrinkle treatment in the nasolabial area.\" \/>\n<meta property=\"og:url\" content=\"https:\/\/skin-heal.com\/es\/producto\/elasty-d-plus-2-x-1ml-two-in-one\/\" \/>\n<meta property=\"og:site_name\" content=\"Skin Heal\" \/>\n<meta property=\"article:modified_time\" content=\"2025-09-03T08:57:17+00:00\" \/>\n<meta property=\"og:image\" content=\"https:\/\/cdn.skin-heal.com\/wp-content\/uploads\/2023\/01\/Elasty-D-Plus.jpg\" \/>\n\t<meta property=\"og:image:width\" content=\"600\" \/>\n\t<meta property=\"og:image:height\" content=\"600\" \/>\n\t<meta property=\"og:image:type\" content=\"image\/jpeg\" \/>\n<meta name=\"twitter:card\" content=\"summary_large_image\" \/>\n<meta name=\"twitter:label1\" content=\"Tiempo de lectura\" \/>\n\t<meta name=\"twitter:data1\" content=\"2 minutos\" \/>\n<script type=\"application\/ld+json\" class=\"yoast-schema-graph\">{\"@context\":\"https:\\\/\\\/schema.org\",\"@graph\":[{\"@type\":\"WebPage\",\"@id\":\"https:\\\/\\\/skin-heal.com\\\/product\\\/elasty-d-plus-2-x-1ml-two-in-one\\\/\",\"url\":\"https:\\\/\\\/skin-heal.com\\\/product\\\/elasty-d-plus-2-x-1ml-two-in-one\\\/\",\"name\":\"Elasty D Plus (2 x 1ml) - Two-in-one - Skin Heal\",\"isPartOf\":{\"@id\":\"https:\\\/\\\/skin-heal.com\\\/#website\"},\"primaryImageOfPage\":{\"@id\":\"https:\\\/\\\/skin-heal.com\\\/product\\\/elasty-d-plus-2-x-1ml-two-in-one\\\/#primaryimage\"},\"image\":{\"@id\":\"https:\\\/\\\/skin-heal.com\\\/product\\\/elasty-d-plus-2-x-1ml-two-in-one\\\/#primaryimage\"},\"thumbnailUrl\":\"https:\\\/\\\/skin-heal.com\\\/wp-content\\\/uploads\\\/2023\\\/01\\\/Elasty-D-Plus.jpg\",\"datePublished\":\"2023-01-05T16:32:13+00:00\",\"dateModified\":\"2025-09-03T08:57:17+00:00\",\"description\":\"The Elasty D Plus filler is made using cross-linked hyaluronic acid. It can be used for both lip enhancement and deep wrinkle treatment in the nasolabial area.\",\"breadcrumb\":{\"@id\":\"https:\\\/\\\/skin-heal.com\\\/product\\\/elasty-d-plus-2-x-1ml-two-in-one\\\/#breadcrumb\"},\"inLanguage\":\"es\",\"potentialAction\":[{\"@type\":\"ReadAction\",\"target\":[\"https:\\\/\\\/skin-heal.com\\\/product\\\/elasty-d-plus-2-x-1ml-two-in-one\\\/\"]}]},{\"@type\":\"ImageObject\",\"inLanguage\":\"es\",\"@id\":\"https:\\\/\\\/skin-heal.com\\\/product\\\/elasty-d-plus-2-x-1ml-two-in-one\\\/#primaryimage\",\"url\":\"https:\\\/\\\/skin-heal.com\\\/wp-content\\\/uploads\\\/2023\\\/01\\\/Elasty-D-Plus.jpg\",\"contentUrl\":\"https:\\\/\\\/skin-heal.com\\\/wp-content\\\/uploads\\\/2023\\\/01\\\/Elasty-D-Plus.jpg\",\"width\":600,\"height\":600,\"caption\":\"Elasty D Plus\"},{\"@type\":\"BreadcrumbList\",\"@id\":\"https:\\\/\\\/skin-heal.com\\\/product\\\/elasty-d-plus-2-x-1ml-two-in-one\\\/#breadcrumb\",\"itemListElement\":[{\"@type\":\"ListItem\",\"position\":1,\"name\":\"Home\",\"item\":\"https:\\\/\\\/skin-heal.com\\\/\"},{\"@type\":\"ListItem\",\"position\":2,\"name\":\"Store\",\"item\":\"https:\\\/\\\/skin-heal.com\\\/store\\\/\"},{\"@type\":\"ListItem\",\"position\":3,\"name\":\"Elasty D Plus (2 x 1ml) &#8211; Two-in-one\"}]},{\"@type\":\"WebSite\",\"@id\":\"https:\\\/\\\/skin-heal.com\\\/#website\",\"url\":\"https:\\\/\\\/skin-heal.com\\\/\",\"name\":\"Skin Heal\",\"description\":\"Lowest Prices for Dermal Fillers\",\"potentialAction\":[{\"@type\":\"SearchAction\",\"target\":{\"@type\":\"EntryPoint\",\"urlTemplate\":\"https:\\\/\\\/skin-heal.com\\\/?s={search_term_string}\"},\"query-input\":{\"@type\":\"PropertyValueSpecification\",\"valueRequired\":true,\"valueName\":\"search_term_string\"}}],\"inLanguage\":\"es\"}]}<\/script>\n<!-- \/ Yoast SEO plugin. -->","yoast_head_json":{"title":"Elasty D Plus (2 x 1ml) - Dos en uno - Skin Heal","description":"El relleno Elasty D Plus se fabrica con \u00e1cido hialur\u00f3nico reticulado. Puede utilizarse tanto para el realce de labios como para el tratamiento de arrugas profundas en la zona nasolabial.","robots":{"index":"index","follow":"follow","max-snippet":"max-snippet:-1","max-image-preview":"max-image-preview:large","max-video-preview":"max-video-preview:-1"},"canonical":"https:\/\/skin-heal.com\/es\/producto\/elasty-d-plus-2-x-1ml-two-in-one\/","og_locale":"es_MX","og_type":"article","og_title":"Elasty D Plus (2 x 1ml) - Two-in-one - Skin Heal","og_description":"The Elasty D Plus filler is made using cross-linked hyaluronic acid. It can be used for both lip enhancement and deep wrinkle treatment in the nasolabial area.","og_url":"https:\/\/skin-heal.com\/es\/producto\/elasty-d-plus-2-x-1ml-two-in-one\/","og_site_name":"Skin Heal","article_modified_time":"2025-09-03T08:57:17+00:00","og_image":[{"width":600,"height":600,"url":"https:\/\/cdn.skin-heal.com\/wp-content\/uploads\/2023\/01\/Elasty-D-Plus.jpg","type":"image\/jpeg"}],"twitter_card":"summary_large_image","twitter_misc":{"Tiempo de lectura":"2 minutos"},"schema":{"@context":"https:\/\/schema.org","@graph":[{"@type":"WebPage","@id":"https:\/\/skin-heal.com\/product\/elasty-d-plus-2-x-1ml-two-in-one\/","url":"https:\/\/skin-heal.com\/product\/elasty-d-plus-2-x-1ml-two-in-one\/","name":"Elasty D Plus (2 x 1ml) - Dos en uno - Skin Heal","isPartOf":{"@id":"https:\/\/skin-heal.com\/#website"},"primaryImageOfPage":{"@id":"https:\/\/skin-heal.com\/product\/elasty-d-plus-2-x-1ml-two-in-one\/#primaryimage"},"image":{"@id":"https:\/\/skin-heal.com\/product\/elasty-d-plus-2-x-1ml-two-in-one\/#primaryimage"},"thumbnailUrl":"https:\/\/cdn.skin-heal.com\/wp-content\/uploads\/2023\/01\/Elasty-D-Plus.jpg","datePublished":"2023-01-05T16:32:13+00:00","dateModified":"2025-09-03T08:57:17+00:00","description":"El relleno Elasty D Plus se fabrica con \u00e1cido hialur\u00f3nico reticulado. Puede utilizarse tanto para el realce de labios como para el tratamiento de arrugas profundas en la zona nasolabial.","breadcrumb":{"@id":"https:\/\/skin-heal.com\/product\/elasty-d-plus-2-x-1ml-two-in-one\/#breadcrumb"},"inLanguage":"es","potentialAction":[{"@type":"ReadAction","target":["https:\/\/skin-heal.com\/product\/elasty-d-plus-2-x-1ml-two-in-one\/"]}]},{"@type":"ImageObject","inLanguage":"es","@id":"https:\/\/skin-heal.com\/product\/elasty-d-plus-2-x-1ml-two-in-one\/#primaryimage","url":"https:\/\/cdn.skin-heal.com\/wp-content\/uploads\/2023\/01\/Elasty-D-Plus.jpg","contentUrl":"https:\/\/cdn.skin-heal.com\/wp-content\/uploads\/2023\/01\/Elasty-D-Plus.jpg","width":600,"height":600,"caption":"Elasty D Plus"},{"@type":"BreadcrumbList","@id":"https:\/\/skin-heal.com\/product\/elasty-d-plus-2-x-1ml-two-in-one\/#breadcrumb","itemListElement":[{"@type":"ListItem","position":1,"name":"Home","item":"https:\/\/skin-heal.com\/"},{"@type":"ListItem","position":2,"name":"Store","item":"https:\/\/skin-heal.com\/store\/"},{"@type":"ListItem","position":3,"name":"Elasty D Plus (2 x 1ml) &#8211; Two-in-one"}]},{"@type":"WebSite","@id":"https:\/\/skin-heal.com\/#website","url":"https:\/\/skin-heal.com\/","name":"Curaci\u00f3n de la piel","description":"Los precios m\u00e1s bajos para los rellenos d\u00e9rmicos","potentialAction":[{"@type":"SearchAction","target":{"@type":"EntryPoint","urlTemplate":"https:\/\/skin-heal.com\/?s={search_term_string}"},"query-input":{"@type":"PropertyValueSpecification","valueRequired":true,"valueName":"search_term_string"}}],"inLanguage":"es"}]}},"_links":{"self":[{"href":"https:\/\/skin-heal.com\/es\/wp-json\/wp\/v2\/product\/35082","targetHints":{"allow":["GET"]}}],"collection":[{"href":"https:\/\/skin-heal.com\/es\/wp-json\/wp\/v2\/product"}],"about":[{"href":"https:\/\/skin-heal.com\/es\/wp-json\/wp\/v2\/types\/product"}],"wp:featuredmedia":[{"embeddable":true,"href":"https:\/\/skin-heal.com\/es\/wp-json\/wp\/v2\/media\/35085"}],"wp:attachment":[{"href":"https:\/\/skin-heal.com\/es\/wp-json\/wp\/v2\/media?parent=35082"}],"wp:term":[{"taxonomy":"product_brand","embeddable":true,"href":"https:\/\/skin-heal.com\/es\/wp-json\/wp\/v2\/product_brand?post=35082"},{"taxonomy":"product_cat","embeddable":true,"href":"https:\/\/skin-heal.com\/es\/wp-json\/wp\/v2\/product_cat?post=35082"},{"taxonomy":"product_tag","embeddable":true,"href":"https:\/\/skin-heal.com\/es\/wp-json\/wp\/v2\/product_tag?post=35082"}],"curies":[{"name":"wp","href":"https:\/\/api.w.org\/{rel}","templated":true}]}}