{"id":35083,"date":"2023-01-05T18:32:23","date_gmt":"2023-01-05T16:32:23","guid":{"rendered":"https:\/\/skin-heal.com\/?post_type=product&#038;p=35083"},"modified":"2025-09-03T11:57:11","modified_gmt":"2025-09-03T08:57:11","slug":"elasty-g-plus-2-x-1ml-two-in-one","status":"publish","type":"product","link":"https:\/\/skin-heal.com\/es\/producto\/elasty-g-plus-2-x-1ml-two-in-one\/","title":{"rendered":"Elasty G Plus (2 x 1ml) - Dos en uno"},"content":{"rendered":"<p>Si est\u00e1 buscando un relleno d\u00e9rmico de nueva generaci\u00f3n, la l\u00ednea Elasty es perfecta para sus necesidades. <em>Relleno Elasty G Plus<\/em> es un gel inyectable que contiene \u00e1cido hialur\u00f3nico purificado y es una de las opciones de tratamiento de belleza no invasivo preferidas del mercado. Este relleno facial en particular da volumen y plenitud a su piel manteniendo su apariencia natural.  Se puede utilizar para:<\/p>\n<ul>\n<li><u>Contorno facial<\/u>: bonitas l\u00edneas en la zona de la barbilla y la mand\u00edbula<\/li>\n<li>Mejillas y p\u00f3mulos <u>mejora<\/u>: crea un aspecto regordete y saludable con facilidad<\/li>\n<li><span style=\"text-decoration: underline;\">Tratamiento de arrugas muy profundas <\/span>en la frente y las zonas nasolabiales<\/li>\n<\/ul>\n<h3>A base de \u00e1cido hialur\u00f3nico purificado<\/h3>\n<p>Toda la l\u00ednea de <em>Rellenos d\u00e9rmicos Elasty G Plus<\/em> est\u00e1 hecho con un HA de alta calidad, que:<\/p>\n<ul>\n<li>Rellenar la piel<\/li>\n<li>Reduce considerablemente las arrugas<\/li>\n<li>Hacer la piel m\u00e1s resistente, suave, tensa e hidratada<\/li>\n<li>Mejorar la forma del \u00f3valo facial, p\u00f3mulos, ment\u00f3n, etc.<\/li>\n<\/ul>\n<p>Este relleno de HA contiene lidoca\u00edna, lo que garantiza un proceso de aplicaci\u00f3n indoloro y una experiencia c\u00f3moda para el paciente.<\/p>\n<h3>Principales ingredientes del gel HA<\/h3>\n<p><em>Relleno Elasty G Plus <\/em>contiene:<\/p>\n<ul>\n<li>\u00c1cido hialur\u00f3nico reticulado (24 mg\/mL)<\/li>\n<li>Lidoca\u00edna (3%)<\/li>\n<\/ul>\n<p>Especificaciones de los rellenos d\u00e9rmicos <strong><br \/>\n<\/strong>Al comprar <em>Relleno facial Elasty G Plus<\/em> encontrar\u00e1 dos jeringas precargadas y dos agujas (27G 1\/2\" y 30G 1\/2\").<\/p>\n<p>Este producto y todos los dem\u00e1s rellenos faciales de esta l\u00ednea s\u00f3lo deben ser aplicados por profesionales m\u00e9dicos.<\/p>","protected":false},"excerpt":{"rendered":"<p><em>Relleno Elasty G Plus<\/em> es un relleno de \u00e1cido hialur\u00f3nico reticulado con lidoca\u00edna a\u00f1adida. Se trata de un gel hialur\u00f3nico denso, especialmente dise\u00f1ado para procedimientos de mejora del ment\u00f3n, la l\u00ednea de la mand\u00edbula y las mejillas. Con este relleno de HA, podr\u00e1 disfrutar de unas formas de contorno armoniosas y bellas del \u00f3valo facial y los rasgos.<\/p>","protected":false},"featured_media":35084,"template":"","meta":[],"product_brand":[],"product_cat":[79,149,144],"product_tag":[145],"class_list":{"0":"post-35083","1":"product","2":"type-product","3":"status-publish","4":"has-post-thumbnail","6":"product_cat-dermal-fillers","7":"product_cat-elasty","8":"product_cat-holiday-mega-sale","9":"product_tag-5off","10":"clearfix","12":"first","13":"instock","14":"sale","15":"taxable","16":"shipping-taxable","17":"purchasable","18":"product-type-simple"},"yoast_head":"<!-- This site is optimized with the Yoast SEO plugin v27.3 - https:\/\/yoast.com\/product\/yoast-seo-wordpress\/ -->\n<title>Elasty G Plus (2 x 1ml) - Two-in-one - Skin Heal<\/title>\n<meta name=\"description\" content=\"Elasty G Plus filler is a cross-linked hyaluronic acid dermal filler with added lidocaine, used for face contouring, jawline, chin and cheek enhancement.\" \/>\n<meta name=\"robots\" content=\"index, follow, max-snippet:-1, max-image-preview:large, max-video-preview:-1\" \/>\n<link rel=\"canonical\" href=\"https:\/\/skin-heal.com\/es\/producto\/elasty-g-plus-2-x-1ml-two-in-one\/\" \/>\n<meta property=\"og:locale\" content=\"es_MX\" \/>\n<meta property=\"og:type\" content=\"article\" \/>\n<meta property=\"og:title\" content=\"Elasty G Plus (2 x 1ml) - Two-in-one - Skin Heal\" \/>\n<meta property=\"og:description\" content=\"Elasty G Plus filler is a cross-linked hyaluronic acid dermal filler with added lidocaine, used for face contouring, jawline, chin and cheek enhancement.\" \/>\n<meta property=\"og:url\" content=\"https:\/\/skin-heal.com\/es\/producto\/elasty-g-plus-2-x-1ml-two-in-one\/\" \/>\n<meta property=\"og:site_name\" content=\"Skin Heal\" \/>\n<meta property=\"article:modified_time\" content=\"2025-09-03T08:57:11+00:00\" \/>\n<meta property=\"og:image\" content=\"https:\/\/cdn.skin-heal.com\/wp-content\/uploads\/2023\/01\/Elasty-G-Plus.jpg\" \/>\n\t<meta property=\"og:image:width\" content=\"600\" \/>\n\t<meta property=\"og:image:height\" content=\"600\" \/>\n\t<meta property=\"og:image:type\" content=\"image\/jpeg\" \/>\n<meta name=\"twitter:card\" content=\"summary_large_image\" \/>\n<meta name=\"twitter:label1\" content=\"Tiempo de lectura\" \/>\n\t<meta name=\"twitter:data1\" content=\"1 minuto\" \/>\n<script type=\"application\/ld+json\" class=\"yoast-schema-graph\">{\"@context\":\"https:\\\/\\\/schema.org\",\"@graph\":[{\"@type\":\"WebPage\",\"@id\":\"https:\\\/\\\/skin-heal.com\\\/product\\\/elasty-g-plus-2-x-1ml-two-in-one\\\/\",\"url\":\"https:\\\/\\\/skin-heal.com\\\/product\\\/elasty-g-plus-2-x-1ml-two-in-one\\\/\",\"name\":\"Elasty G Plus (2 x 1ml) - Two-in-one - Skin Heal\",\"isPartOf\":{\"@id\":\"https:\\\/\\\/skin-heal.com\\\/#website\"},\"primaryImageOfPage\":{\"@id\":\"https:\\\/\\\/skin-heal.com\\\/product\\\/elasty-g-plus-2-x-1ml-two-in-one\\\/#primaryimage\"},\"image\":{\"@id\":\"https:\\\/\\\/skin-heal.com\\\/product\\\/elasty-g-plus-2-x-1ml-two-in-one\\\/#primaryimage\"},\"thumbnailUrl\":\"https:\\\/\\\/skin-heal.com\\\/wp-content\\\/uploads\\\/2023\\\/01\\\/Elasty-G-Plus.jpg\",\"datePublished\":\"2023-01-05T16:32:23+00:00\",\"dateModified\":\"2025-09-03T08:57:11+00:00\",\"description\":\"Elasty G Plus filler is a cross-linked hyaluronic acid dermal filler with added lidocaine, used for face contouring, jawline, chin and cheek enhancement.\",\"breadcrumb\":{\"@id\":\"https:\\\/\\\/skin-heal.com\\\/product\\\/elasty-g-plus-2-x-1ml-two-in-one\\\/#breadcrumb\"},\"inLanguage\":\"es\",\"potentialAction\":[{\"@type\":\"ReadAction\",\"target\":[\"https:\\\/\\\/skin-heal.com\\\/product\\\/elasty-g-plus-2-x-1ml-two-in-one\\\/\"]}]},{\"@type\":\"ImageObject\",\"inLanguage\":\"es\",\"@id\":\"https:\\\/\\\/skin-heal.com\\\/product\\\/elasty-g-plus-2-x-1ml-two-in-one\\\/#primaryimage\",\"url\":\"https:\\\/\\\/skin-heal.com\\\/wp-content\\\/uploads\\\/2023\\\/01\\\/Elasty-G-Plus.jpg\",\"contentUrl\":\"https:\\\/\\\/skin-heal.com\\\/wp-content\\\/uploads\\\/2023\\\/01\\\/Elasty-G-Plus.jpg\",\"width\":600,\"height\":600,\"caption\":\"Elasty G Plus\"},{\"@type\":\"BreadcrumbList\",\"@id\":\"https:\\\/\\\/skin-heal.com\\\/product\\\/elasty-g-plus-2-x-1ml-two-in-one\\\/#breadcrumb\",\"itemListElement\":[{\"@type\":\"ListItem\",\"position\":1,\"name\":\"Home\",\"item\":\"https:\\\/\\\/skin-heal.com\\\/\"},{\"@type\":\"ListItem\",\"position\":2,\"name\":\"Store\",\"item\":\"https:\\\/\\\/skin-heal.com\\\/store\\\/\"},{\"@type\":\"ListItem\",\"position\":3,\"name\":\"Elasty G Plus (2 x 1ml) &#8211; Two-in-one\"}]},{\"@type\":\"WebSite\",\"@id\":\"https:\\\/\\\/skin-heal.com\\\/#website\",\"url\":\"https:\\\/\\\/skin-heal.com\\\/\",\"name\":\"Skin Heal\",\"description\":\"Lowest Prices for Dermal Fillers\",\"potentialAction\":[{\"@type\":\"SearchAction\",\"target\":{\"@type\":\"EntryPoint\",\"urlTemplate\":\"https:\\\/\\\/skin-heal.com\\\/?s={search_term_string}\"},\"query-input\":{\"@type\":\"PropertyValueSpecification\",\"valueRequired\":true,\"valueName\":\"search_term_string\"}}],\"inLanguage\":\"es\"}]}<\/script>\n<!-- \/ Yoast SEO plugin. -->","yoast_head_json":{"title":"Elasty G Plus (2 x 1ml) - Dos en uno - Skin Heal","description":"El relleno Elasty G Plus es un relleno d\u00e9rmico de \u00e1cido hialur\u00f3nico reticulado con lidoca\u00edna a\u00f1adida, utilizado para el contorno facial, el realce de la mand\u00edbula, el ment\u00f3n y las mejillas.","robots":{"index":"index","follow":"follow","max-snippet":"max-snippet:-1","max-image-preview":"max-image-preview:large","max-video-preview":"max-video-preview:-1"},"canonical":"https:\/\/skin-heal.com\/es\/producto\/elasty-g-plus-2-x-1ml-two-in-one\/","og_locale":"es_MX","og_type":"article","og_title":"Elasty G Plus (2 x 1ml) - Two-in-one - Skin Heal","og_description":"Elasty G Plus filler is a cross-linked hyaluronic acid dermal filler with added lidocaine, used for face contouring, jawline, chin and cheek enhancement.","og_url":"https:\/\/skin-heal.com\/es\/producto\/elasty-g-plus-2-x-1ml-two-in-one\/","og_site_name":"Skin Heal","article_modified_time":"2025-09-03T08:57:11+00:00","og_image":[{"width":600,"height":600,"url":"https:\/\/cdn.skin-heal.com\/wp-content\/uploads\/2023\/01\/Elasty-G-Plus.jpg","type":"image\/jpeg"}],"twitter_card":"summary_large_image","twitter_misc":{"Tiempo de lectura":"1 minuto"},"schema":{"@context":"https:\/\/schema.org","@graph":[{"@type":"WebPage","@id":"https:\/\/skin-heal.com\/product\/elasty-g-plus-2-x-1ml-two-in-one\/","url":"https:\/\/skin-heal.com\/product\/elasty-g-plus-2-x-1ml-two-in-one\/","name":"Elasty G Plus (2 x 1ml) - Dos en uno - Skin Heal","isPartOf":{"@id":"https:\/\/skin-heal.com\/#website"},"primaryImageOfPage":{"@id":"https:\/\/skin-heal.com\/product\/elasty-g-plus-2-x-1ml-two-in-one\/#primaryimage"},"image":{"@id":"https:\/\/skin-heal.com\/product\/elasty-g-plus-2-x-1ml-two-in-one\/#primaryimage"},"thumbnailUrl":"https:\/\/cdn.skin-heal.com\/wp-content\/uploads\/2023\/01\/Elasty-G-Plus.jpg","datePublished":"2023-01-05T16:32:23+00:00","dateModified":"2025-09-03T08:57:11+00:00","description":"El relleno Elasty G Plus es un relleno d\u00e9rmico de \u00e1cido hialur\u00f3nico reticulado con lidoca\u00edna a\u00f1adida, utilizado para el contorno facial, el realce de la mand\u00edbula, el ment\u00f3n y las mejillas.","breadcrumb":{"@id":"https:\/\/skin-heal.com\/product\/elasty-g-plus-2-x-1ml-two-in-one\/#breadcrumb"},"inLanguage":"es","potentialAction":[{"@type":"ReadAction","target":["https:\/\/skin-heal.com\/product\/elasty-g-plus-2-x-1ml-two-in-one\/"]}]},{"@type":"ImageObject","inLanguage":"es","@id":"https:\/\/skin-heal.com\/product\/elasty-g-plus-2-x-1ml-two-in-one\/#primaryimage","url":"https:\/\/cdn.skin-heal.com\/wp-content\/uploads\/2023\/01\/Elasty-G-Plus.jpg","contentUrl":"https:\/\/cdn.skin-heal.com\/wp-content\/uploads\/2023\/01\/Elasty-G-Plus.jpg","width":600,"height":600,"caption":"Elasty G Plus"},{"@type":"BreadcrumbList","@id":"https:\/\/skin-heal.com\/product\/elasty-g-plus-2-x-1ml-two-in-one\/#breadcrumb","itemListElement":[{"@type":"ListItem","position":1,"name":"Home","item":"https:\/\/skin-heal.com\/"},{"@type":"ListItem","position":2,"name":"Store","item":"https:\/\/skin-heal.com\/store\/"},{"@type":"ListItem","position":3,"name":"Elasty G Plus (2 x 1ml) &#8211; Two-in-one"}]},{"@type":"WebSite","@id":"https:\/\/skin-heal.com\/#website","url":"https:\/\/skin-heal.com\/","name":"Curaci\u00f3n de la piel","description":"Los precios m\u00e1s bajos para los rellenos d\u00e9rmicos","potentialAction":[{"@type":"SearchAction","target":{"@type":"EntryPoint","urlTemplate":"https:\/\/skin-heal.com\/?s={search_term_string}"},"query-input":{"@type":"PropertyValueSpecification","valueRequired":true,"valueName":"search_term_string"}}],"inLanguage":"es"}]}},"_links":{"self":[{"href":"https:\/\/skin-heal.com\/es\/wp-json\/wp\/v2\/product\/35083","targetHints":{"allow":["GET"]}}],"collection":[{"href":"https:\/\/skin-heal.com\/es\/wp-json\/wp\/v2\/product"}],"about":[{"href":"https:\/\/skin-heal.com\/es\/wp-json\/wp\/v2\/types\/product"}],"wp:featuredmedia":[{"embeddable":true,"href":"https:\/\/skin-heal.com\/es\/wp-json\/wp\/v2\/media\/35084"}],"wp:attachment":[{"href":"https:\/\/skin-heal.com\/es\/wp-json\/wp\/v2\/media?parent=35083"}],"wp:term":[{"taxonomy":"product_brand","embeddable":true,"href":"https:\/\/skin-heal.com\/es\/wp-json\/wp\/v2\/product_brand?post=35083"},{"taxonomy":"product_cat","embeddable":true,"href":"https:\/\/skin-heal.com\/es\/wp-json\/wp\/v2\/product_cat?post=35083"},{"taxonomy":"product_tag","embeddable":true,"href":"https:\/\/skin-heal.com\/es\/wp-json\/wp\/v2\/product_tag?post=35083"}],"curies":[{"name":"wp","href":"https:\/\/api.w.org\/{rel}","templated":true}]}}