{"id":35089,"date":"2023-01-05T19:30:15","date_gmt":"2023-01-05T17:30:15","guid":{"rendered":"https:\/\/skin-heal.com\/?post_type=product&#038;p=35089"},"modified":"2023-08-01T10:05:07","modified_gmt":"2023-08-01T07:05:07","slug":"revofil-fine-1-x-1ml","status":"publish","type":"product","link":"https:\/\/skin-heal.com\/es\/producto\/revofil-fine-1-x-1ml\/","title":{"rendered":"Revofil Fino (1 x 1ml)"},"content":{"rendered":"<p>Esta l\u00ednea de rellenos d\u00e9rmicos Revofil ha sido creada con la ayuda del \"Caregen Research Center\", especializado en el campo de la s\u00edntesis de p\u00e9ptidos biom\u00e9tricos. <em>Revofil Fino <\/em>est\u00e1 hecho con \u00e1cido hialur\u00f3nico de alta calidad, que est\u00e1 unido a p\u00e9ptidos y por lo tanto el relleno d\u00e9rmico mayor estabilidad y mejores cualidades.<br \/>\nEste relleno de HA se inyecta en la dermis superficial del paciente con una aguja muy fina. El procedimiento de tratamiento de la piel es una opci\u00f3n no invasiva que permite obtener grandes resultados.<\/p>\n<p><em>Revofil Fino <\/em>es un relleno d\u00e9rmico suave adecuado para procedimientos de belleza como:<\/p>\n<ul>\n<li>Tratamiento de <u>arrugas superficiales<\/u>Ya sea en la frente, el puente de la nariz, las l\u00edneas de expresi\u00f3n o el contorno de los ojos, este relleno de HA crea el aspecto juvenil deseado.<\/li>\n<li><u>Arrugas corporales<\/u> correcci\u00f3n: una gran opci\u00f3n para los pacientes que desean correcciones c\u00f3modas y sin dolor en la zona de las manos<\/li>\n<\/ul>\n<h3>Composici\u00f3n y especificaciones de Revofil Fine<\/h3>\n<ul>\n<li>23 mg de \u00e1cido hialur\u00f3nico en jeringa de 1 ml<\/li>\n<li>Jeringa precargada de 1 ml en el envase<\/li>\n<li>Agujas est\u00e9riles 30G 1\/2 incluidas en el envase<\/li>\n<\/ul>\n<p>Este producto cosm\u00e9tico ha sido sometido a una serie de estudios cl\u00ednicos y est\u00e1 aprobado por la CE. Un procedimiento con este relleno d\u00e9rmico o cualquier otro producto de la l\u00ednea Revofil debe ser realizado para el paciente s\u00f3lo por m\u00e9dicos especialistas cualificados.<\/p>","protected":false},"excerpt":{"rendered":"<p><em>Revofil Fino <\/em>es un innovador relleno d\u00e9rmico creado por una de las empresas l\u00edderes en investigaci\u00f3n en este campo: Caregen. Se trata de una soluci\u00f3n de belleza de tacto suave, que combina el poder hidratante del \u00e1cido hialur\u00f3nico con enlaces pept\u00eddicos especialmente dise\u00f1ados para una mayor estabilidad del gel de relleno HA Revofil Plus.<\/p>","protected":false},"featured_media":35093,"template":"","meta":[],"product_brand":[],"product_cat":[79,150,144],"product_tag":[146],"class_list":{"0":"post-35089","1":"product","2":"type-product","3":"status-publish","4":"has-post-thumbnail","6":"product_cat-dermal-fillers","7":"product_cat-revofil","8":"product_cat-holiday-mega-sale","9":"product_tag-10off","10":"clearfix","12":"first","13":"outofstock","14":"sale","15":"taxable","16":"shipping-taxable","17":"purchasable","18":"product-type-simple"},"yoast_head":"<!-- This site is optimized with the Yoast SEO plugin v27.3 - https:\/\/yoast.com\/product\/yoast-seo-wordpress\/ -->\n<title>Revofil Fine (1 x 1ml) - Skin Heal<\/title>\n<meta name=\"description\" content=\"Revofil Fine is a soft touch filler, which combines the hydrating power of hyaluronic acid with specially designed peptide bonds for improved wrinkle removal.\" \/>\n<meta name=\"robots\" content=\"index, follow, max-snippet:-1, max-image-preview:large, max-video-preview:-1\" \/>\n<link rel=\"canonical\" href=\"https:\/\/skin-heal.com\/es\/producto\/revofil-fine-1-x-1ml\/\" \/>\n<meta property=\"og:locale\" content=\"es_MX\" \/>\n<meta property=\"og:type\" content=\"article\" \/>\n<meta property=\"og:title\" content=\"Revofil Fine (1 x 1ml) - Skin Heal\" \/>\n<meta property=\"og:description\" content=\"Revofil Fine is a soft touch filler, which combines the hydrating power of hyaluronic acid with specially designed peptide bonds for improved wrinkle removal.\" \/>\n<meta property=\"og:url\" content=\"https:\/\/skin-heal.com\/es\/producto\/revofil-fine-1-x-1ml\/\" \/>\n<meta property=\"og:site_name\" content=\"Skin Heal\" \/>\n<meta property=\"article:modified_time\" content=\"2023-08-01T07:05:07+00:00\" \/>\n<meta property=\"og:image\" content=\"https:\/\/cdn.skin-heal.com\/wp-content\/uploads\/2023\/01\/Revofil-Fine.jpg\" \/>\n\t<meta property=\"og:image:width\" content=\"600\" \/>\n\t<meta property=\"og:image:height\" content=\"600\" \/>\n\t<meta property=\"og:image:type\" content=\"image\/jpeg\" \/>\n<meta name=\"twitter:card\" content=\"summary_large_image\" \/>\n<meta name=\"twitter:label1\" content=\"Tiempo de lectura\" \/>\n\t<meta name=\"twitter:data1\" content=\"1 minuto\" \/>\n<script type=\"application\/ld+json\" class=\"yoast-schema-graph\">{\"@context\":\"https:\\\/\\\/schema.org\",\"@graph\":[{\"@type\":\"WebPage\",\"@id\":\"https:\\\/\\\/skin-heal.com\\\/product\\\/revofil-fine-1-x-1ml\\\/\",\"url\":\"https:\\\/\\\/skin-heal.com\\\/product\\\/revofil-fine-1-x-1ml\\\/\",\"name\":\"Revofil Fine (1 x 1ml) - Skin Heal\",\"isPartOf\":{\"@id\":\"https:\\\/\\\/skin-heal.com\\\/#website\"},\"primaryImageOfPage\":{\"@id\":\"https:\\\/\\\/skin-heal.com\\\/product\\\/revofil-fine-1-x-1ml\\\/#primaryimage\"},\"image\":{\"@id\":\"https:\\\/\\\/skin-heal.com\\\/product\\\/revofil-fine-1-x-1ml\\\/#primaryimage\"},\"thumbnailUrl\":\"https:\\\/\\\/skin-heal.com\\\/wp-content\\\/uploads\\\/2023\\\/01\\\/Revofil-Fine.jpg\",\"datePublished\":\"2023-01-05T17:30:15+00:00\",\"dateModified\":\"2023-08-01T07:05:07+00:00\",\"description\":\"Revofil Fine is a soft touch filler, which combines the hydrating power of hyaluronic acid with specially designed peptide bonds for improved wrinkle removal.\",\"breadcrumb\":{\"@id\":\"https:\\\/\\\/skin-heal.com\\\/product\\\/revofil-fine-1-x-1ml\\\/#breadcrumb\"},\"inLanguage\":\"es\",\"potentialAction\":[{\"@type\":\"ReadAction\",\"target\":[\"https:\\\/\\\/skin-heal.com\\\/product\\\/revofil-fine-1-x-1ml\\\/\"]}]},{\"@type\":\"ImageObject\",\"inLanguage\":\"es\",\"@id\":\"https:\\\/\\\/skin-heal.com\\\/product\\\/revofil-fine-1-x-1ml\\\/#primaryimage\",\"url\":\"https:\\\/\\\/skin-heal.com\\\/wp-content\\\/uploads\\\/2023\\\/01\\\/Revofil-Fine.jpg\",\"contentUrl\":\"https:\\\/\\\/skin-heal.com\\\/wp-content\\\/uploads\\\/2023\\\/01\\\/Revofil-Fine.jpg\",\"width\":600,\"height\":600,\"caption\":\"Revofil Fine\"},{\"@type\":\"BreadcrumbList\",\"@id\":\"https:\\\/\\\/skin-heal.com\\\/product\\\/revofil-fine-1-x-1ml\\\/#breadcrumb\",\"itemListElement\":[{\"@type\":\"ListItem\",\"position\":1,\"name\":\"Home\",\"item\":\"https:\\\/\\\/skin-heal.com\\\/\"},{\"@type\":\"ListItem\",\"position\":2,\"name\":\"Store\",\"item\":\"https:\\\/\\\/skin-heal.com\\\/store\\\/\"},{\"@type\":\"ListItem\",\"position\":3,\"name\":\"Revofil Fine (1 x 1ml)\"}]},{\"@type\":\"WebSite\",\"@id\":\"https:\\\/\\\/skin-heal.com\\\/#website\",\"url\":\"https:\\\/\\\/skin-heal.com\\\/\",\"name\":\"Skin Heal\",\"description\":\"Lowest Prices for Dermal Fillers\",\"potentialAction\":[{\"@type\":\"SearchAction\",\"target\":{\"@type\":\"EntryPoint\",\"urlTemplate\":\"https:\\\/\\\/skin-heal.com\\\/?s={search_term_string}\"},\"query-input\":{\"@type\":\"PropertyValueSpecification\",\"valueRequired\":true,\"valueName\":\"search_term_string\"}}],\"inLanguage\":\"es\"}]}<\/script>\n<!-- \/ Yoast SEO plugin. -->","yoast_head_json":{"title":"Revofil Fino (1 x 1ml) - Skin Heal","description":"Revofil Fine es un relleno de tacto suave, que combina el poder hidratante del \u00e1cido hialur\u00f3nico con enlaces pept\u00eddicos especialmente dise\u00f1ados para una mejor eliminaci\u00f3n de las arrugas.","robots":{"index":"index","follow":"follow","max-snippet":"max-snippet:-1","max-image-preview":"max-image-preview:large","max-video-preview":"max-video-preview:-1"},"canonical":"https:\/\/skin-heal.com\/es\/producto\/revofil-fine-1-x-1ml\/","og_locale":"es_MX","og_type":"article","og_title":"Revofil Fine (1 x 1ml) - Skin Heal","og_description":"Revofil Fine is a soft touch filler, which combines the hydrating power of hyaluronic acid with specially designed peptide bonds for improved wrinkle removal.","og_url":"https:\/\/skin-heal.com\/es\/producto\/revofil-fine-1-x-1ml\/","og_site_name":"Skin Heal","article_modified_time":"2023-08-01T07:05:07+00:00","og_image":[{"width":600,"height":600,"url":"https:\/\/cdn.skin-heal.com\/wp-content\/uploads\/2023\/01\/Revofil-Fine.jpg","type":"image\/jpeg"}],"twitter_card":"summary_large_image","twitter_misc":{"Tiempo de lectura":"1 minuto"},"schema":{"@context":"https:\/\/schema.org","@graph":[{"@type":"WebPage","@id":"https:\/\/skin-heal.com\/product\/revofil-fine-1-x-1ml\/","url":"https:\/\/skin-heal.com\/product\/revofil-fine-1-x-1ml\/","name":"Revofil Fino (1 x 1ml) - Skin Heal","isPartOf":{"@id":"https:\/\/skin-heal.com\/#website"},"primaryImageOfPage":{"@id":"https:\/\/skin-heal.com\/product\/revofil-fine-1-x-1ml\/#primaryimage"},"image":{"@id":"https:\/\/skin-heal.com\/product\/revofil-fine-1-x-1ml\/#primaryimage"},"thumbnailUrl":"https:\/\/cdn.skin-heal.com\/wp-content\/uploads\/2023\/01\/Revofil-Fine.jpg","datePublished":"2023-01-05T17:30:15+00:00","dateModified":"2023-08-01T07:05:07+00:00","description":"Revofil Fine es un relleno de tacto suave, que combina el poder hidratante del \u00e1cido hialur\u00f3nico con enlaces pept\u00eddicos especialmente dise\u00f1ados para una mejor eliminaci\u00f3n de las arrugas.","breadcrumb":{"@id":"https:\/\/skin-heal.com\/product\/revofil-fine-1-x-1ml\/#breadcrumb"},"inLanguage":"es","potentialAction":[{"@type":"ReadAction","target":["https:\/\/skin-heal.com\/product\/revofil-fine-1-x-1ml\/"]}]},{"@type":"ImageObject","inLanguage":"es","@id":"https:\/\/skin-heal.com\/product\/revofil-fine-1-x-1ml\/#primaryimage","url":"https:\/\/cdn.skin-heal.com\/wp-content\/uploads\/2023\/01\/Revofil-Fine.jpg","contentUrl":"https:\/\/cdn.skin-heal.com\/wp-content\/uploads\/2023\/01\/Revofil-Fine.jpg","width":600,"height":600,"caption":"Revofil Fine"},{"@type":"BreadcrumbList","@id":"https:\/\/skin-heal.com\/product\/revofil-fine-1-x-1ml\/#breadcrumb","itemListElement":[{"@type":"ListItem","position":1,"name":"Home","item":"https:\/\/skin-heal.com\/"},{"@type":"ListItem","position":2,"name":"Store","item":"https:\/\/skin-heal.com\/store\/"},{"@type":"ListItem","position":3,"name":"Revofil Fine (1 x 1ml)"}]},{"@type":"WebSite","@id":"https:\/\/skin-heal.com\/#website","url":"https:\/\/skin-heal.com\/","name":"Curaci\u00f3n de la piel","description":"Los precios m\u00e1s bajos para los rellenos d\u00e9rmicos","potentialAction":[{"@type":"SearchAction","target":{"@type":"EntryPoint","urlTemplate":"https:\/\/skin-heal.com\/?s={search_term_string}"},"query-input":{"@type":"PropertyValueSpecification","valueRequired":true,"valueName":"search_term_string"}}],"inLanguage":"es"}]}},"_links":{"self":[{"href":"https:\/\/skin-heal.com\/es\/wp-json\/wp\/v2\/product\/35089","targetHints":{"allow":["GET"]}}],"collection":[{"href":"https:\/\/skin-heal.com\/es\/wp-json\/wp\/v2\/product"}],"about":[{"href":"https:\/\/skin-heal.com\/es\/wp-json\/wp\/v2\/types\/product"}],"wp:featuredmedia":[{"embeddable":true,"href":"https:\/\/skin-heal.com\/es\/wp-json\/wp\/v2\/media\/35093"}],"wp:attachment":[{"href":"https:\/\/skin-heal.com\/es\/wp-json\/wp\/v2\/media?parent=35089"}],"wp:term":[{"taxonomy":"product_brand","embeddable":true,"href":"https:\/\/skin-heal.com\/es\/wp-json\/wp\/v2\/product_brand?post=35089"},{"taxonomy":"product_cat","embeddable":true,"href":"https:\/\/skin-heal.com\/es\/wp-json\/wp\/v2\/product_cat?post=35089"},{"taxonomy":"product_tag","embeddable":true,"href":"https:\/\/skin-heal.com\/es\/wp-json\/wp\/v2\/product_tag?post=35089"}],"curies":[{"name":"wp","href":"https:\/\/api.w.org\/{rel}","templated":true}]}}