{"id":35090,"date":"2023-01-05T19:44:59","date_gmt":"2023-01-05T17:44:59","guid":{"rendered":"https:\/\/skin-heal.com\/?post_type=product&#038;p=35090"},"modified":"2026-02-17T15:40:18","modified_gmt":"2026-02-17T13:40:18","slug":"revofil-plus-1-x-1ml","status":"publish","type":"product","link":"https:\/\/skin-heal.com\/es\/producto\/revofil-plus-1-x-1ml\/","title":{"rendered":"Revofil Plus (1 x 1ml)"},"content":{"rendered":"<p>Caregen es conocido por ser el l\u00edder en soluciones basadas en p\u00e9ptidos y es mundialmente conocido por su l\u00ednea de productos Dermaheal. Sin embargo, tambi\u00e9n han desarrollado la revolucionaria marca de rellenos Revofil, de la que forma parte el Plus. Un gel hialur\u00f3nico de grosor medio, que contiene p\u00e9ptidos especialmente seleccionados, este relleno HA potencia la calidad superior en la eliminaci\u00f3n de arrugas profundas y pliegues cut\u00e1neos, con resultados muy duraderos.<\/p>\n<p>El relleno Revofil Plus se inyecta en la capa media y profunda de la dermis del paciente con la ayuda de una aguja fina y esterilizada, que se incluye en el envase. Si busca una opci\u00f3n no invasiva para conseguir un aspecto m\u00e1s joven, \u00a1Revofil es una elecci\u00f3n fiable e indolora!<\/p>\n<p><em>Revofil Plus <\/em>es un relleno d\u00e9rmico con <u>viscosidad media<\/u> que es adecuado para procedimientos como:<\/p>\n<ul>\n<li>Armonizar <u>volumen facial<\/u>si necesita realzar el aspecto de sus labios o desea unas mejillas m\u00e1s rellenas<\/li>\n<li>Minimizar <u>l\u00edneas medias a profundas<\/u>Las arrugas de la nariz, las l\u00edneas de marioneta y los surcos nasogenianos se ver\u00e1n muy afectados por este relleno de HA.<\/li>\n<\/ul>\n<h3><strong>Revofil Plus - contenido del envase<br \/>\n<\/strong><\/h3>\n<ul>\n<li>23 mg de \u00e1cido hialur\u00f3nico en jeringa de 1 ml<\/li>\n<li>Jeringa precargada de 1 ml por envase<\/li>\n<li>Agujas est\u00e9riles 27G 1\/2 incluidas<\/li>\n<\/ul>\n<p>El Revofil Plus lleva la marca CE y cuenta con la certificaci\u00f3n correspondiente. Al igual que con el resto de la l\u00ednea de relleno Revofil, este producto s\u00f3lo debe ser aplicado por el especialista m\u00e9dico o belleza debidamente capacitado.<\/p>","protected":false},"excerpt":{"rendered":"<p>Uno de los pocos rellenos d\u00e9rmicos del mercado que combina las propiedades hidratantes y voluminizadoras de la piel del gel de \u00e1cido hialur\u00f3nico, con las propiedades rejuvenecedoras de los p\u00e9ptidos, Revofil Plus es una soluci\u00f3n vers\u00e1til de Caregen, destinada a lograr una correcci\u00f3n duradera y de aspecto natural de las depresiones profundas de la piel en la zona facial (por ejemplo, los pliegues nasolabiales).<\/p>","protected":false},"featured_media":35092,"template":"","meta":[],"product_brand":[],"product_cat":[82,79,150,144],"product_tag":[146],"class_list":{"0":"post-35090","1":"product","2":"type-product","3":"status-publish","4":"has-post-thumbnail","6":"product_cat-caregen","7":"product_cat-dermal-fillers","8":"product_cat-revofil","9":"product_cat-holiday-mega-sale","10":"product_tag-10off","11":"clearfix","13":"first","14":"outofstock","15":"sale","16":"taxable","17":"shipping-taxable","18":"purchasable","19":"product-type-simple"},"yoast_head":"<!-- This site is optimized with the Yoast SEO plugin v27.4 - https:\/\/yoast.com\/product\/yoast-seo-wordpress\/ -->\n<title>Revofil Plus (1 x 1ml) - Skin Heal<\/title>\n<meta name=\"description\" content=\"Revofil Plus is a an innovative Hyaluronic - peptide filler combo for deep wrinkle treatment and augmentation of the lip volume and contour.\" \/>\n<meta name=\"robots\" content=\"index, follow, max-snippet:-1, max-image-preview:large, max-video-preview:-1\" \/>\n<link rel=\"canonical\" href=\"https:\/\/skin-heal.com\/es\/producto\/revofil-plus-1-x-1ml\/\" \/>\n<meta property=\"og:locale\" content=\"es_MX\" \/>\n<meta property=\"og:type\" content=\"article\" \/>\n<meta property=\"og:title\" content=\"Revofil Plus (1 x 1ml) - Skin Heal\" \/>\n<meta property=\"og:description\" content=\"Revofil Plus is a an innovative Hyaluronic - peptide filler combo for deep wrinkle treatment and augmentation of the lip volume and contour.\" \/>\n<meta property=\"og:url\" content=\"https:\/\/skin-heal.com\/es\/producto\/revofil-plus-1-x-1ml\/\" \/>\n<meta property=\"og:site_name\" content=\"Skin Heal\" \/>\n<meta property=\"article:modified_time\" content=\"2026-02-17T13:40:18+00:00\" \/>\n<meta property=\"og:image\" content=\"https:\/\/cdn.skin-heal.com\/wp-content\/uploads\/2023\/01\/Revofil-Plus.jpg\" \/>\n\t<meta property=\"og:image:width\" content=\"600\" \/>\n\t<meta property=\"og:image:height\" content=\"600\" \/>\n\t<meta property=\"og:image:type\" content=\"image\/jpeg\" \/>\n<meta name=\"twitter:card\" content=\"summary_large_image\" \/>\n<meta name=\"twitter:label1\" content=\"Tiempo de lectura\" \/>\n\t<meta name=\"twitter:data1\" content=\"2 minutos\" \/>\n<script type=\"application\/ld+json\" class=\"yoast-schema-graph\">{\"@context\":\"https:\\\/\\\/schema.org\",\"@graph\":[{\"@type\":\"WebPage\",\"@id\":\"https:\\\/\\\/skin-heal.com\\\/product\\\/revofil-plus-1-x-1ml\\\/\",\"url\":\"https:\\\/\\\/skin-heal.com\\\/product\\\/revofil-plus-1-x-1ml\\\/\",\"name\":\"Revofil Plus (1 x 1ml) - Skin Heal\",\"isPartOf\":{\"@id\":\"https:\\\/\\\/skin-heal.com\\\/#website\"},\"primaryImageOfPage\":{\"@id\":\"https:\\\/\\\/skin-heal.com\\\/product\\\/revofil-plus-1-x-1ml\\\/#primaryimage\"},\"image\":{\"@id\":\"https:\\\/\\\/skin-heal.com\\\/product\\\/revofil-plus-1-x-1ml\\\/#primaryimage\"},\"thumbnailUrl\":\"https:\\\/\\\/skin-heal.com\\\/wp-content\\\/uploads\\\/2023\\\/01\\\/Revofil-Plus.jpg\",\"datePublished\":\"2023-01-05T17:44:59+00:00\",\"dateModified\":\"2026-02-17T13:40:18+00:00\",\"description\":\"Revofil Plus is a an innovative Hyaluronic - peptide filler combo for deep wrinkle treatment and augmentation of the lip volume and contour.\",\"breadcrumb\":{\"@id\":\"https:\\\/\\\/skin-heal.com\\\/product\\\/revofil-plus-1-x-1ml\\\/#breadcrumb\"},\"inLanguage\":\"es\",\"potentialAction\":[{\"@type\":\"ReadAction\",\"target\":[\"https:\\\/\\\/skin-heal.com\\\/product\\\/revofil-plus-1-x-1ml\\\/\"]}]},{\"@type\":\"ImageObject\",\"inLanguage\":\"es\",\"@id\":\"https:\\\/\\\/skin-heal.com\\\/product\\\/revofil-plus-1-x-1ml\\\/#primaryimage\",\"url\":\"https:\\\/\\\/skin-heal.com\\\/wp-content\\\/uploads\\\/2023\\\/01\\\/Revofil-Plus.jpg\",\"contentUrl\":\"https:\\\/\\\/skin-heal.com\\\/wp-content\\\/uploads\\\/2023\\\/01\\\/Revofil-Plus.jpg\",\"width\":600,\"height\":600,\"caption\":\"Revofil Plus\"},{\"@type\":\"BreadcrumbList\",\"@id\":\"https:\\\/\\\/skin-heal.com\\\/product\\\/revofil-plus-1-x-1ml\\\/#breadcrumb\",\"itemListElement\":[{\"@type\":\"ListItem\",\"position\":1,\"name\":\"Home\",\"item\":\"https:\\\/\\\/skin-heal.com\\\/\"},{\"@type\":\"ListItem\",\"position\":2,\"name\":\"Store\",\"item\":\"https:\\\/\\\/skin-heal.com\\\/store\\\/\"},{\"@type\":\"ListItem\",\"position\":3,\"name\":\"Revofil Plus (1 x 1ml)\"}]},{\"@type\":\"WebSite\",\"@id\":\"https:\\\/\\\/skin-heal.com\\\/#website\",\"url\":\"https:\\\/\\\/skin-heal.com\\\/\",\"name\":\"Skin Heal\",\"description\":\"Lowest Prices for Dermal Fillers\",\"potentialAction\":[{\"@type\":\"SearchAction\",\"target\":{\"@type\":\"EntryPoint\",\"urlTemplate\":\"https:\\\/\\\/skin-heal.com\\\/?s={search_term_string}\"},\"query-input\":{\"@type\":\"PropertyValueSpecification\",\"valueRequired\":true,\"valueName\":\"search_term_string\"}}],\"inLanguage\":\"es\"}]}<\/script>\n<!-- \/ Yoast SEO plugin. -->","yoast_head_json":{"title":"Revofil Plus (1 x 1ml) - Skin Heal","description":"Revofil Plus es una innovadora combinaci\u00f3n de relleno hialur\u00f3nico y p\u00e9ptido para el tratamiento de las arrugas profundas y el aumento del volumen y el contorno de los labios.","robots":{"index":"index","follow":"follow","max-snippet":"max-snippet:-1","max-image-preview":"max-image-preview:large","max-video-preview":"max-video-preview:-1"},"canonical":"https:\/\/skin-heal.com\/es\/producto\/revofil-plus-1-x-1ml\/","og_locale":"es_MX","og_type":"article","og_title":"Revofil Plus (1 x 1ml) - Skin Heal","og_description":"Revofil Plus is a an innovative Hyaluronic - peptide filler combo for deep wrinkle treatment and augmentation of the lip volume and contour.","og_url":"https:\/\/skin-heal.com\/es\/producto\/revofil-plus-1-x-1ml\/","og_site_name":"Skin Heal","article_modified_time":"2026-02-17T13:40:18+00:00","og_image":[{"width":600,"height":600,"url":"https:\/\/cdn.skin-heal.com\/wp-content\/uploads\/2023\/01\/Revofil-Plus.jpg","type":"image\/jpeg"}],"twitter_card":"summary_large_image","twitter_misc":{"Tiempo de lectura":"2 minutos"},"schema":{"@context":"https:\/\/schema.org","@graph":[{"@type":"WebPage","@id":"https:\/\/skin-heal.com\/product\/revofil-plus-1-x-1ml\/","url":"https:\/\/skin-heal.com\/product\/revofil-plus-1-x-1ml\/","name":"Revofil Plus (1 x 1ml) - Skin Heal","isPartOf":{"@id":"https:\/\/skin-heal.com\/#website"},"primaryImageOfPage":{"@id":"https:\/\/skin-heal.com\/product\/revofil-plus-1-x-1ml\/#primaryimage"},"image":{"@id":"https:\/\/skin-heal.com\/product\/revofil-plus-1-x-1ml\/#primaryimage"},"thumbnailUrl":"https:\/\/cdn.skin-heal.com\/wp-content\/uploads\/2023\/01\/Revofil-Plus.jpg","datePublished":"2023-01-05T17:44:59+00:00","dateModified":"2026-02-17T13:40:18+00:00","description":"Revofil Plus es una innovadora combinaci\u00f3n de relleno hialur\u00f3nico y p\u00e9ptido para el tratamiento de las arrugas profundas y el aumento del volumen y el contorno de los labios.","breadcrumb":{"@id":"https:\/\/skin-heal.com\/product\/revofil-plus-1-x-1ml\/#breadcrumb"},"inLanguage":"es","potentialAction":[{"@type":"ReadAction","target":["https:\/\/skin-heal.com\/product\/revofil-plus-1-x-1ml\/"]}]},{"@type":"ImageObject","inLanguage":"es","@id":"https:\/\/skin-heal.com\/product\/revofil-plus-1-x-1ml\/#primaryimage","url":"https:\/\/cdn.skin-heal.com\/wp-content\/uploads\/2023\/01\/Revofil-Plus.jpg","contentUrl":"https:\/\/cdn.skin-heal.com\/wp-content\/uploads\/2023\/01\/Revofil-Plus.jpg","width":600,"height":600,"caption":"Revofil Plus"},{"@type":"BreadcrumbList","@id":"https:\/\/skin-heal.com\/product\/revofil-plus-1-x-1ml\/#breadcrumb","itemListElement":[{"@type":"ListItem","position":1,"name":"Home","item":"https:\/\/skin-heal.com\/"},{"@type":"ListItem","position":2,"name":"Store","item":"https:\/\/skin-heal.com\/store\/"},{"@type":"ListItem","position":3,"name":"Revofil Plus (1 x 1ml)"}]},{"@type":"WebSite","@id":"https:\/\/skin-heal.com\/#website","url":"https:\/\/skin-heal.com\/","name":"Curaci\u00f3n de la piel","description":"Los precios m\u00e1s bajos para los rellenos d\u00e9rmicos","potentialAction":[{"@type":"SearchAction","target":{"@type":"EntryPoint","urlTemplate":"https:\/\/skin-heal.com\/?s={search_term_string}"},"query-input":{"@type":"PropertyValueSpecification","valueRequired":true,"valueName":"search_term_string"}}],"inLanguage":"es"}]}},"_links":{"self":[{"href":"https:\/\/skin-heal.com\/es\/wp-json\/wp\/v2\/product\/35090","targetHints":{"allow":["GET"]}}],"collection":[{"href":"https:\/\/skin-heal.com\/es\/wp-json\/wp\/v2\/product"}],"about":[{"href":"https:\/\/skin-heal.com\/es\/wp-json\/wp\/v2\/types\/product"}],"wp:featuredmedia":[{"embeddable":true,"href":"https:\/\/skin-heal.com\/es\/wp-json\/wp\/v2\/media\/35092"}],"wp:attachment":[{"href":"https:\/\/skin-heal.com\/es\/wp-json\/wp\/v2\/media?parent=35090"}],"wp:term":[{"taxonomy":"product_brand","embeddable":true,"href":"https:\/\/skin-heal.com\/es\/wp-json\/wp\/v2\/product_brand?post=35090"},{"taxonomy":"product_cat","embeddable":true,"href":"https:\/\/skin-heal.com\/es\/wp-json\/wp\/v2\/product_cat?post=35090"},{"taxonomy":"product_tag","embeddable":true,"href":"https:\/\/skin-heal.com\/es\/wp-json\/wp\/v2\/product_tag?post=35090"}],"curies":[{"name":"wp","href":"https:\/\/api.w.org\/{rel}","templated":true}]}}