{"id":35172,"date":"2023-01-12T18:04:03","date_gmt":"2023-01-12T16:04:03","guid":{"rendered":"https:\/\/skin-heal.com\/?post_type=product&#038;p=35172"},"modified":"2024-08-29T15:21:51","modified_gmt":"2024-08-29T12:21:51","slug":"prostrolane-blanc-b-1-x-2ml","status":"publish","type":"product","link":"https:\/\/skin-heal.com\/es\/producto\/prostrolane-blanc-b-1-x-2ml\/","title":{"rendered":"Prostrolane Blanc-B (1 x 2ml)"},"content":{"rendered":"<h3>\u00bfQu\u00e9 es Prostrolane Blanc-B?<\/h3>\n<p>El relleno facial Prostrolane Blanc-B combina las conocidas cualidades del \u00e1cido hialur\u00f3nico con un innovador complejo de p\u00e9ptidos (que incluye Oligopeptide-92, Valprooyl Oligopeptide-33, Ocatapeptide-11, Feruloyl Oligopeptide-33). Se ha demostrado que esta combinaci\u00f3n es muy beneficiosa para <em>contorno de la piel de cara y cuello<\/em>.<\/p>\n<p>El relleno hialur\u00f3nico Blanc-B se utiliza para el tratamiento de:<\/p>\n<ul>\n<li>Arrugas de tama\u00f1o peque\u00f1o a mediano, como l\u00edneas de marioneta, patas de gallo, surcos lagrimales y arrugas de la frente.<\/li>\n<li>Tejido da\u00f1ado por el sol, manchas irregulares de bronceado, manchas en la zona de la cara o el cuello.<\/li>\n<li>Aumento de la pigmentaci\u00f3n de la piel<\/li>\n<li>Piel deshidratada<\/li>\n<\/ul>\n<p>Los rellenos de HA como \u00e9ste son vers\u00e1tiles y pueden ser <strong>\u00fatil para muchas correcciones cut\u00e1neas<\/strong>. Pueden tratar las imperfecciones del rostro, creando un aspecto juvenil y natural. Este producto se aplica con facilidad y causa m\u00ednimas molestias al paciente.<\/p>\n<h3>Protocolo de tratamiento con Prostrolane Blanc-B filler<\/h3>\n<p>El relleno d\u00e9rmico Prostrolane Blanc-B puede utilizarse dos veces para obtener los m\u00e1ximos resultados. El programa recomendado es un procedimiento cada dos semanas con un total de dos sesiones de tratamiento. Cada caja de este relleno de HA contiene <em>una jeringa de vidrio precargada de Prostrolane Blanc-B<\/em> y dos etiquetas de trazabilidad. Las etiquetas de trazabilidad deben a\u00f1adirse a la historia cl\u00ednica del paciente despu\u00e9s de cada sesi\u00f3n. La jeringa, junto con las agujas usadas, debe desecharse correctamente.<\/p>\n<h3>Composici\u00f3n de Prostrolane Blanc-B<\/h3>\n<p>Hialuronato s\u00f3dico (0,7%), PBS (soluci\u00f3n salina tamponada con fosfato), complejo pept\u00eddico.<\/p>","protected":false},"excerpt":{"rendered":"<p><strong>Relleno Prostrolane Blanc-B<\/strong> es un <em>inyecci\u00f3n a base de \u00e1cido hialur\u00f3nico<\/em>. Est\u00e1 dise\u00f1ado tanto para iluminar la piel como para reducir las arrugas peque\u00f1as y medianas. Este relleno HA es un producto revolucionario, ya que contiene un complejo de cuatro p\u00e9ptidos que proporcionan un notable efecto antienvejecimiento, en combinaci\u00f3n con el gel hialur\u00f3nico.<\/p>","protected":false},"featured_media":35175,"template":"","meta":[],"product_brand":[],"product_cat":[79,144],"product_tag":[146],"class_list":{"0":"post-35172","1":"product","2":"type-product","3":"status-publish","4":"has-post-thumbnail","6":"product_cat-dermal-fillers","7":"product_cat-holiday-mega-sale","8":"product_tag-10off","9":"clearfix","11":"first","12":"outofstock","13":"sale","14":"taxable","15":"shipping-taxable","16":"purchasable","17":"product-type-simple"},"yoast_head":"<!-- This site is optimized with the Yoast SEO plugin v27.3 - https:\/\/yoast.com\/product\/yoast-seo-wordpress\/ -->\n<title>Prostrolane Blanc-B (1 x 2ml) - Skin Heal<\/title>\n<meta name=\"description\" content=\"Prostrolane Blanc-B dermal filler is a hyaluronic acid-based injection that is designed to both brighten the skin and reduce small to medium-sized wrinkles.\" \/>\n<meta name=\"robots\" content=\"index, follow, max-snippet:-1, max-image-preview:large, max-video-preview:-1\" \/>\n<link rel=\"canonical\" href=\"https:\/\/skin-heal.com\/es\/producto\/prostrolane-blanc-b-1-x-2ml\/\" \/>\n<meta property=\"og:locale\" content=\"es_MX\" \/>\n<meta property=\"og:type\" content=\"article\" \/>\n<meta property=\"og:title\" content=\"Prostrolane Blanc-B (1 x 2ml) - Skin Heal\" \/>\n<meta property=\"og:description\" content=\"Prostrolane Blanc-B dermal filler is a hyaluronic acid-based injection that is designed to both brighten the skin and reduce small to medium-sized wrinkles.\" \/>\n<meta property=\"og:url\" content=\"https:\/\/skin-heal.com\/es\/producto\/prostrolane-blanc-b-1-x-2ml\/\" \/>\n<meta property=\"og:site_name\" content=\"Skin Heal\" \/>\n<meta property=\"article:modified_time\" content=\"2024-08-29T12:21:51+00:00\" \/>\n<meta property=\"og:image\" content=\"https:\/\/cdn.skin-heal.com\/wp-content\/uploads\/2023\/01\/Prostrolane-Blanc-B.jpg\" \/>\n\t<meta property=\"og:image:width\" content=\"600\" \/>\n\t<meta property=\"og:image:height\" content=\"600\" \/>\n\t<meta property=\"og:image:type\" content=\"image\/jpeg\" \/>\n<meta name=\"twitter:card\" content=\"summary_large_image\" \/>\n<meta name=\"twitter:label1\" content=\"Tiempo de lectura\" \/>\n\t<meta name=\"twitter:data1\" content=\"1 minuto\" \/>\n<script type=\"application\/ld+json\" class=\"yoast-schema-graph\">{\"@context\":\"https:\\\/\\\/schema.org\",\"@graph\":[{\"@type\":\"WebPage\",\"@id\":\"https:\\\/\\\/skin-heal.com\\\/product\\\/prostrolane-blanc-b-1-x-2ml\\\/\",\"url\":\"https:\\\/\\\/skin-heal.com\\\/product\\\/prostrolane-blanc-b-1-x-2ml\\\/\",\"name\":\"Prostrolane Blanc-B (1 x 2ml) - Skin Heal\",\"isPartOf\":{\"@id\":\"https:\\\/\\\/skin-heal.com\\\/#website\"},\"primaryImageOfPage\":{\"@id\":\"https:\\\/\\\/skin-heal.com\\\/product\\\/prostrolane-blanc-b-1-x-2ml\\\/#primaryimage\"},\"image\":{\"@id\":\"https:\\\/\\\/skin-heal.com\\\/product\\\/prostrolane-blanc-b-1-x-2ml\\\/#primaryimage\"},\"thumbnailUrl\":\"https:\\\/\\\/skin-heal.com\\\/wp-content\\\/uploads\\\/2023\\\/01\\\/Prostrolane-Blanc-B.jpg\",\"datePublished\":\"2023-01-12T16:04:03+00:00\",\"dateModified\":\"2024-08-29T12:21:51+00:00\",\"description\":\"Prostrolane Blanc-B dermal filler is a hyaluronic acid-based injection that is designed to both brighten the skin and reduce small to medium-sized wrinkles.\",\"breadcrumb\":{\"@id\":\"https:\\\/\\\/skin-heal.com\\\/product\\\/prostrolane-blanc-b-1-x-2ml\\\/#breadcrumb\"},\"inLanguage\":\"es\",\"potentialAction\":[{\"@type\":\"ReadAction\",\"target\":[\"https:\\\/\\\/skin-heal.com\\\/product\\\/prostrolane-blanc-b-1-x-2ml\\\/\"]}]},{\"@type\":\"ImageObject\",\"inLanguage\":\"es\",\"@id\":\"https:\\\/\\\/skin-heal.com\\\/product\\\/prostrolane-blanc-b-1-x-2ml\\\/#primaryimage\",\"url\":\"https:\\\/\\\/skin-heal.com\\\/wp-content\\\/uploads\\\/2023\\\/01\\\/Prostrolane-Blanc-B.jpg\",\"contentUrl\":\"https:\\\/\\\/skin-heal.com\\\/wp-content\\\/uploads\\\/2023\\\/01\\\/Prostrolane-Blanc-B.jpg\",\"width\":600,\"height\":600,\"caption\":\"Prostrolane Blanc-B\"},{\"@type\":\"BreadcrumbList\",\"@id\":\"https:\\\/\\\/skin-heal.com\\\/product\\\/prostrolane-blanc-b-1-x-2ml\\\/#breadcrumb\",\"itemListElement\":[{\"@type\":\"ListItem\",\"position\":1,\"name\":\"Home\",\"item\":\"https:\\\/\\\/skin-heal.com\\\/\"},{\"@type\":\"ListItem\",\"position\":2,\"name\":\"Store\",\"item\":\"https:\\\/\\\/skin-heal.com\\\/store\\\/\"},{\"@type\":\"ListItem\",\"position\":3,\"name\":\"Prostrolane Blanc-B (1 x 2ml)\"}]},{\"@type\":\"WebSite\",\"@id\":\"https:\\\/\\\/skin-heal.com\\\/#website\",\"url\":\"https:\\\/\\\/skin-heal.com\\\/\",\"name\":\"Skin Heal\",\"description\":\"Lowest Prices for Dermal Fillers\",\"potentialAction\":[{\"@type\":\"SearchAction\",\"target\":{\"@type\":\"EntryPoint\",\"urlTemplate\":\"https:\\\/\\\/skin-heal.com\\\/?s={search_term_string}\"},\"query-input\":{\"@type\":\"PropertyValueSpecification\",\"valueRequired\":true,\"valueName\":\"search_term_string\"}}],\"inLanguage\":\"es\"}]}<\/script>\n<!-- \/ Yoast SEO plugin. -->","yoast_head_json":{"title":"Prostrolane Blanc-B (1 x 2ml) - Skin Heal","description":"Prostrolane Blanc-B es un relleno d\u00e9rmico inyectable a base de \u00e1cido hialur\u00f3nico dise\u00f1ado para iluminar la piel y reducir las arrugas de tama\u00f1o peque\u00f1o a mediano.","robots":{"index":"index","follow":"follow","max-snippet":"max-snippet:-1","max-image-preview":"max-image-preview:large","max-video-preview":"max-video-preview:-1"},"canonical":"https:\/\/skin-heal.com\/es\/producto\/prostrolane-blanc-b-1-x-2ml\/","og_locale":"es_MX","og_type":"article","og_title":"Prostrolane Blanc-B (1 x 2ml) - Skin Heal","og_description":"Prostrolane Blanc-B dermal filler is a hyaluronic acid-based injection that is designed to both brighten the skin and reduce small to medium-sized wrinkles.","og_url":"https:\/\/skin-heal.com\/es\/producto\/prostrolane-blanc-b-1-x-2ml\/","og_site_name":"Skin Heal","article_modified_time":"2024-08-29T12:21:51+00:00","og_image":[{"width":600,"height":600,"url":"https:\/\/cdn.skin-heal.com\/wp-content\/uploads\/2023\/01\/Prostrolane-Blanc-B.jpg","type":"image\/jpeg"}],"twitter_card":"summary_large_image","twitter_misc":{"Tiempo de lectura":"1 minuto"},"schema":{"@context":"https:\/\/schema.org","@graph":[{"@type":"WebPage","@id":"https:\/\/skin-heal.com\/product\/prostrolane-blanc-b-1-x-2ml\/","url":"https:\/\/skin-heal.com\/product\/prostrolane-blanc-b-1-x-2ml\/","name":"Prostrolane Blanc-B (1 x 2ml) - Skin Heal","isPartOf":{"@id":"https:\/\/skin-heal.com\/#website"},"primaryImageOfPage":{"@id":"https:\/\/skin-heal.com\/product\/prostrolane-blanc-b-1-x-2ml\/#primaryimage"},"image":{"@id":"https:\/\/skin-heal.com\/product\/prostrolane-blanc-b-1-x-2ml\/#primaryimage"},"thumbnailUrl":"https:\/\/cdn.skin-heal.com\/wp-content\/uploads\/2023\/01\/Prostrolane-Blanc-B.jpg","datePublished":"2023-01-12T16:04:03+00:00","dateModified":"2024-08-29T12:21:51+00:00","description":"Prostrolane Blanc-B es un relleno d\u00e9rmico inyectable a base de \u00e1cido hialur\u00f3nico dise\u00f1ado para iluminar la piel y reducir las arrugas de tama\u00f1o peque\u00f1o a mediano.","breadcrumb":{"@id":"https:\/\/skin-heal.com\/product\/prostrolane-blanc-b-1-x-2ml\/#breadcrumb"},"inLanguage":"es","potentialAction":[{"@type":"ReadAction","target":["https:\/\/skin-heal.com\/product\/prostrolane-blanc-b-1-x-2ml\/"]}]},{"@type":"ImageObject","inLanguage":"es","@id":"https:\/\/skin-heal.com\/product\/prostrolane-blanc-b-1-x-2ml\/#primaryimage","url":"https:\/\/cdn.skin-heal.com\/wp-content\/uploads\/2023\/01\/Prostrolane-Blanc-B.jpg","contentUrl":"https:\/\/cdn.skin-heal.com\/wp-content\/uploads\/2023\/01\/Prostrolane-Blanc-B.jpg","width":600,"height":600,"caption":"Prostrolane Blanc-B"},{"@type":"BreadcrumbList","@id":"https:\/\/skin-heal.com\/product\/prostrolane-blanc-b-1-x-2ml\/#breadcrumb","itemListElement":[{"@type":"ListItem","position":1,"name":"Home","item":"https:\/\/skin-heal.com\/"},{"@type":"ListItem","position":2,"name":"Store","item":"https:\/\/skin-heal.com\/store\/"},{"@type":"ListItem","position":3,"name":"Prostrolane Blanc-B (1 x 2ml)"}]},{"@type":"WebSite","@id":"https:\/\/skin-heal.com\/#website","url":"https:\/\/skin-heal.com\/","name":"Curaci\u00f3n de la piel","description":"Los precios m\u00e1s bajos para los rellenos d\u00e9rmicos","potentialAction":[{"@type":"SearchAction","target":{"@type":"EntryPoint","urlTemplate":"https:\/\/skin-heal.com\/?s={search_term_string}"},"query-input":{"@type":"PropertyValueSpecification","valueRequired":true,"valueName":"search_term_string"}}],"inLanguage":"es"}]}},"_links":{"self":[{"href":"https:\/\/skin-heal.com\/es\/wp-json\/wp\/v2\/product\/35172","targetHints":{"allow":["GET"]}}],"collection":[{"href":"https:\/\/skin-heal.com\/es\/wp-json\/wp\/v2\/product"}],"about":[{"href":"https:\/\/skin-heal.com\/es\/wp-json\/wp\/v2\/types\/product"}],"wp:featuredmedia":[{"embeddable":true,"href":"https:\/\/skin-heal.com\/es\/wp-json\/wp\/v2\/media\/35175"}],"wp:attachment":[{"href":"https:\/\/skin-heal.com\/es\/wp-json\/wp\/v2\/media?parent=35172"}],"wp:term":[{"taxonomy":"product_brand","embeddable":true,"href":"https:\/\/skin-heal.com\/es\/wp-json\/wp\/v2\/product_brand?post=35172"},{"taxonomy":"product_cat","embeddable":true,"href":"https:\/\/skin-heal.com\/es\/wp-json\/wp\/v2\/product_cat?post=35172"},{"taxonomy":"product_tag","embeddable":true,"href":"https:\/\/skin-heal.com\/es\/wp-json\/wp\/v2\/product_tag?post=35172"}],"curies":[{"name":"wp","href":"https:\/\/api.w.org\/{rel}","templated":true}]}}