{"id":35327,"date":"2023-01-30T18:08:42","date_gmt":"2023-01-30T16:08:42","guid":{"rendered":"https:\/\/skin-heal.com\/?post_type=product&#038;p=35327"},"modified":"2023-12-11T11:15:46","modified_gmt":"2023-12-11T09:15:46","slug":"juvenus-strong-1-x-2ml","status":"publish","type":"product","link":"https:\/\/skin-heal.com\/es\/producto\/juvenus-strong-1-x-2ml\/","title":{"rendered":"Juvenus Fuerte (1 x 2ml)"},"content":{"rendered":"<p>Juvenus Strong es un relleno d\u00e9rmico destinado principalmente a rellenar arrugas de profundidad media como los surcos nasogenianos, pero tambi\u00e9n puede utilizarse para el contorno de zonas corporales como el abdomen o los muslos. Se trata de un gel inyectable a base de polinucle\u00f3tidos polimerizados, con una concentraci\u00f3n de 25mg\/ml de PDRN (poli desoxirribonucle\u00f3tido). El funcionamiento del gel, una vez inyectado, consiste en que la cadena de polinucle\u00f3tidos atrae a las mol\u00e9culas de agua. Esto ayuda a mejorar los niveles de hidrataci\u00f3n de la piel durante un periodo prolongado, restaurando la elasticidad y la suavidad. La estructura hidrof\u00edlica y poli\u00e1nica del gel del relleno ayuda a la hidrataci\u00f3n del tejido cut\u00e1neo y mejora la firmeza de la piel, rellenando los espacios intrad\u00e9rmicos.<\/p>\n<p>La PDRN tambi\u00e9n ha demostrado su efecto en la mejora de la s\u00edntesis de col\u00e1geno y elastina, adem\u00e1s de ofrecer una potente protecci\u00f3n contra los radicales libres y antioxidantes.<\/p>\n<p>Las siguientes son las \u00e1reas que pueden ser tratadas con Juvenus Strong:<\/p>\n<ul>\n<li>Pliegues nasolabiales<\/li>\n<li>Cara<\/li>\n<li>Cuello<\/li>\n<li>Pecho<\/li>\n<li>Dorso de las manos<\/li>\n<li>Abdomen<\/li>\n<li>Muslos<\/li>\n<li>Nalgas<\/li>\n<li>Cicatrices profundas<\/li>\n<\/ul>\n<p>El procedimiento de inyecci\u00f3n de Juvenus Strong requiere el uso de una jeringa est\u00e9ril y una aguja fina (incluidas en el set). Despu\u00e9s de la aplicaci\u00f3n, la zona tratada debe someterse a un suave masaje, con el fin de distribuir el producto uniformemente y lograr resultados \u00f3ptimos. El tratamiento debe repetirse a intervalos regulares de 3 a 4 sesiones, con un intervalo de 4 semanas.<\/p>","protected":false},"excerpt":{"rendered":"<p>Juvenus Strong es un tipo diferente de relleno, utilizado para tratar arrugas y depresiones cut\u00e1neas de medias a profundas. Su principal ingrediente es 25mg\/ml de PDRN, un poli desoxirribonucle\u00f3tido. Este compuesto tiene la propiedad de atraer mol\u00e9culas de agua, potenciando la hidrataci\u00f3n. Adem\u00e1s, el PDRN ayuda a combatir los radicales libres y potencia la regeneraci\u00f3n de los fibroblastos. Juvenus Strong es un gel de relleno reabsorbible, con propiedades antioxidantes, que ayuda contra el envejecimiento prematuro de la piel y mejora su elasticidad.<\/p>","protected":false},"featured_media":35328,"template":"","meta":[],"product_brand":[],"product_cat":[71,79,152,80],"product_tag":[],"class_list":{"0":"post-35327","1":"product","2":"type-product","3":"status-publish","4":"has-post-thumbnail","6":"product_cat-croma-pharma","7":"product_cat-dermal-fillers","8":"product_cat-juvenus","9":"product_cat-mesotherapy","10":"clearfix","12":"first","13":"outofstock","14":"taxable","15":"shipping-taxable","16":"purchasable","17":"product-type-simple"},"yoast_head":"<!-- This site is optimized with the Yoast SEO plugin v27.3 - https:\/\/yoast.com\/product\/yoast-seo-wordpress\/ -->\n<title>Juvenus Strong (1 x 2ml) - Skin Heal<\/title>\n<meta name=\"description\" content=\"Juvenus Strong is a PDRN based dermal filler (25mg\/ml), is meant for removing medium-depth wrinkles and body contouring, alike. It hydrates skin, stops antioxidants and restores skin elasticity.\" \/>\n<meta name=\"robots\" content=\"index, follow, max-snippet:-1, max-image-preview:large, max-video-preview:-1\" \/>\n<link rel=\"canonical\" href=\"https:\/\/skin-heal.com\/es\/producto\/juvenus-strong-1-x-2ml\/\" \/>\n<meta property=\"og:locale\" content=\"es_MX\" \/>\n<meta property=\"og:type\" content=\"article\" \/>\n<meta property=\"og:title\" content=\"Juvenus Strong (1 x 2ml) - Skin Heal\" \/>\n<meta property=\"og:description\" content=\"Juvenus Strong is a PDRN based dermal filler (25mg\/ml), is meant for removing medium-depth wrinkles and body contouring, alike. It hydrates skin, stops antioxidants and restores skin elasticity.\" \/>\n<meta property=\"og:url\" content=\"https:\/\/skin-heal.com\/es\/producto\/juvenus-strong-1-x-2ml\/\" \/>\n<meta property=\"og:site_name\" content=\"Skin Heal\" \/>\n<meta property=\"article:modified_time\" content=\"2023-12-11T09:15:46+00:00\" \/>\n<meta property=\"og:image\" content=\"https:\/\/cdn.skin-heal.com\/wp-content\/uploads\/2023\/01\/Juvenus-Strong.jpg\" \/>\n\t<meta property=\"og:image:width\" content=\"600\" \/>\n\t<meta property=\"og:image:height\" content=\"600\" \/>\n\t<meta property=\"og:image:type\" content=\"image\/jpeg\" \/>\n<meta name=\"twitter:card\" content=\"summary_large_image\" \/>\n<meta name=\"twitter:label1\" content=\"Tiempo de lectura\" \/>\n\t<meta name=\"twitter:data1\" content=\"1 minuto\" \/>\n<script type=\"application\/ld+json\" class=\"yoast-schema-graph\">{\"@context\":\"https:\\\/\\\/schema.org\",\"@graph\":[{\"@type\":\"WebPage\",\"@id\":\"https:\\\/\\\/skin-heal.com\\\/product\\\/juvenus-strong-1-x-2ml\\\/\",\"url\":\"https:\\\/\\\/skin-heal.com\\\/product\\\/juvenus-strong-1-x-2ml\\\/\",\"name\":\"Juvenus Strong (1 x 2ml) - Skin Heal\",\"isPartOf\":{\"@id\":\"https:\\\/\\\/skin-heal.com\\\/#website\"},\"primaryImageOfPage\":{\"@id\":\"https:\\\/\\\/skin-heal.com\\\/product\\\/juvenus-strong-1-x-2ml\\\/#primaryimage\"},\"image\":{\"@id\":\"https:\\\/\\\/skin-heal.com\\\/product\\\/juvenus-strong-1-x-2ml\\\/#primaryimage\"},\"thumbnailUrl\":\"https:\\\/\\\/skin-heal.com\\\/wp-content\\\/uploads\\\/2023\\\/01\\\/Juvenus-Strong.jpg\",\"datePublished\":\"2023-01-30T16:08:42+00:00\",\"dateModified\":\"2023-12-11T09:15:46+00:00\",\"description\":\"Juvenus Strong is a PDRN based dermal filler (25mg\\\/ml), is meant for removing medium-depth wrinkles and body contouring, alike. It hydrates skin, stops antioxidants and restores skin elasticity.\",\"breadcrumb\":{\"@id\":\"https:\\\/\\\/skin-heal.com\\\/product\\\/juvenus-strong-1-x-2ml\\\/#breadcrumb\"},\"inLanguage\":\"es\",\"potentialAction\":[{\"@type\":\"ReadAction\",\"target\":[\"https:\\\/\\\/skin-heal.com\\\/product\\\/juvenus-strong-1-x-2ml\\\/\"]}]},{\"@type\":\"ImageObject\",\"inLanguage\":\"es\",\"@id\":\"https:\\\/\\\/skin-heal.com\\\/product\\\/juvenus-strong-1-x-2ml\\\/#primaryimage\",\"url\":\"https:\\\/\\\/skin-heal.com\\\/wp-content\\\/uploads\\\/2023\\\/01\\\/Juvenus-Strong.jpg\",\"contentUrl\":\"https:\\\/\\\/skin-heal.com\\\/wp-content\\\/uploads\\\/2023\\\/01\\\/Juvenus-Strong.jpg\",\"width\":600,\"height\":600,\"caption\":\"Juvenus Strong\"},{\"@type\":\"BreadcrumbList\",\"@id\":\"https:\\\/\\\/skin-heal.com\\\/product\\\/juvenus-strong-1-x-2ml\\\/#breadcrumb\",\"itemListElement\":[{\"@type\":\"ListItem\",\"position\":1,\"name\":\"Home\",\"item\":\"https:\\\/\\\/skin-heal.com\\\/\"},{\"@type\":\"ListItem\",\"position\":2,\"name\":\"Store\",\"item\":\"https:\\\/\\\/skin-heal.com\\\/store\\\/\"},{\"@type\":\"ListItem\",\"position\":3,\"name\":\"Juvenus Strong (1 x 2ml)\"}]},{\"@type\":\"WebSite\",\"@id\":\"https:\\\/\\\/skin-heal.com\\\/#website\",\"url\":\"https:\\\/\\\/skin-heal.com\\\/\",\"name\":\"Skin Heal\",\"description\":\"Lowest Prices for Dermal Fillers\",\"potentialAction\":[{\"@type\":\"SearchAction\",\"target\":{\"@type\":\"EntryPoint\",\"urlTemplate\":\"https:\\\/\\\/skin-heal.com\\\/?s={search_term_string}\"},\"query-input\":{\"@type\":\"PropertyValueSpecification\",\"valueRequired\":true,\"valueName\":\"search_term_string\"}}],\"inLanguage\":\"es\"}]}<\/script>\n<!-- \/ Yoast SEO plugin. -->","yoast_head_json":{"title":"Juvenus Strong (1 x 2ml) - Skin Heal","description":"Juvenus Strong es un relleno d\u00e9rmico a base de PDRN (25mg\/ml), est\u00e1 destinado a la eliminaci\u00f3n de arrugas de profundidad media y el contorno corporal, por igual. Hidrata la piel, para antioxidantes y restaura la elasticidad de la piel.","robots":{"index":"index","follow":"follow","max-snippet":"max-snippet:-1","max-image-preview":"max-image-preview:large","max-video-preview":"max-video-preview:-1"},"canonical":"https:\/\/skin-heal.com\/es\/producto\/juvenus-strong-1-x-2ml\/","og_locale":"es_MX","og_type":"article","og_title":"Juvenus Strong (1 x 2ml) - Skin Heal","og_description":"Juvenus Strong is a PDRN based dermal filler (25mg\/ml), is meant for removing medium-depth wrinkles and body contouring, alike. It hydrates skin, stops antioxidants and restores skin elasticity.","og_url":"https:\/\/skin-heal.com\/es\/producto\/juvenus-strong-1-x-2ml\/","og_site_name":"Skin Heal","article_modified_time":"2023-12-11T09:15:46+00:00","og_image":[{"width":600,"height":600,"url":"https:\/\/cdn.skin-heal.com\/wp-content\/uploads\/2023\/01\/Juvenus-Strong.jpg","type":"image\/jpeg"}],"twitter_card":"summary_large_image","twitter_misc":{"Tiempo de lectura":"1 minuto"},"schema":{"@context":"https:\/\/schema.org","@graph":[{"@type":"WebPage","@id":"https:\/\/skin-heal.com\/product\/juvenus-strong-1-x-2ml\/","url":"https:\/\/skin-heal.com\/product\/juvenus-strong-1-x-2ml\/","name":"Juvenus Strong (1 x 2ml) - Skin Heal","isPartOf":{"@id":"https:\/\/skin-heal.com\/#website"},"primaryImageOfPage":{"@id":"https:\/\/skin-heal.com\/product\/juvenus-strong-1-x-2ml\/#primaryimage"},"image":{"@id":"https:\/\/skin-heal.com\/product\/juvenus-strong-1-x-2ml\/#primaryimage"},"thumbnailUrl":"https:\/\/cdn.skin-heal.com\/wp-content\/uploads\/2023\/01\/Juvenus-Strong.jpg","datePublished":"2023-01-30T16:08:42+00:00","dateModified":"2023-12-11T09:15:46+00:00","description":"Juvenus Strong es un relleno d\u00e9rmico a base de PDRN (25mg\/ml), est\u00e1 destinado a la eliminaci\u00f3n de arrugas de profundidad media y el contorno corporal, por igual. Hidrata la piel, para antioxidantes y restaura la elasticidad de la piel.","breadcrumb":{"@id":"https:\/\/skin-heal.com\/product\/juvenus-strong-1-x-2ml\/#breadcrumb"},"inLanguage":"es","potentialAction":[{"@type":"ReadAction","target":["https:\/\/skin-heal.com\/product\/juvenus-strong-1-x-2ml\/"]}]},{"@type":"ImageObject","inLanguage":"es","@id":"https:\/\/skin-heal.com\/product\/juvenus-strong-1-x-2ml\/#primaryimage","url":"https:\/\/cdn.skin-heal.com\/wp-content\/uploads\/2023\/01\/Juvenus-Strong.jpg","contentUrl":"https:\/\/cdn.skin-heal.com\/wp-content\/uploads\/2023\/01\/Juvenus-Strong.jpg","width":600,"height":600,"caption":"Juvenus Strong"},{"@type":"BreadcrumbList","@id":"https:\/\/skin-heal.com\/product\/juvenus-strong-1-x-2ml\/#breadcrumb","itemListElement":[{"@type":"ListItem","position":1,"name":"Home","item":"https:\/\/skin-heal.com\/"},{"@type":"ListItem","position":2,"name":"Store","item":"https:\/\/skin-heal.com\/store\/"},{"@type":"ListItem","position":3,"name":"Juvenus Strong (1 x 2ml)"}]},{"@type":"WebSite","@id":"https:\/\/skin-heal.com\/#website","url":"https:\/\/skin-heal.com\/","name":"Curaci\u00f3n de la piel","description":"Los precios m\u00e1s bajos para los rellenos d\u00e9rmicos","potentialAction":[{"@type":"SearchAction","target":{"@type":"EntryPoint","urlTemplate":"https:\/\/skin-heal.com\/?s={search_term_string}"},"query-input":{"@type":"PropertyValueSpecification","valueRequired":true,"valueName":"search_term_string"}}],"inLanguage":"es"}]}},"_links":{"self":[{"href":"https:\/\/skin-heal.com\/es\/wp-json\/wp\/v2\/product\/35327","targetHints":{"allow":["GET"]}}],"collection":[{"href":"https:\/\/skin-heal.com\/es\/wp-json\/wp\/v2\/product"}],"about":[{"href":"https:\/\/skin-heal.com\/es\/wp-json\/wp\/v2\/types\/product"}],"wp:featuredmedia":[{"embeddable":true,"href":"https:\/\/skin-heal.com\/es\/wp-json\/wp\/v2\/media\/35328"}],"wp:attachment":[{"href":"https:\/\/skin-heal.com\/es\/wp-json\/wp\/v2\/media?parent=35327"}],"wp:term":[{"taxonomy":"product_brand","embeddable":true,"href":"https:\/\/skin-heal.com\/es\/wp-json\/wp\/v2\/product_brand?post=35327"},{"taxonomy":"product_cat","embeddable":true,"href":"https:\/\/skin-heal.com\/es\/wp-json\/wp\/v2\/product_cat?post=35327"},{"taxonomy":"product_tag","embeddable":true,"href":"https:\/\/skin-heal.com\/es\/wp-json\/wp\/v2\/product_tag?post=35327"}],"curies":[{"name":"wp","href":"https:\/\/api.w.org\/{rel}","templated":true}]}}