{"id":35467,"date":"2023-02-17T15:24:10","date_gmt":"2023-02-17T13:24:10","guid":{"rendered":"https:\/\/skin-heal.com\/?post_type=product&#038;p=35467"},"modified":"2025-12-29T16:25:50","modified_gmt":"2025-12-29T14:25:50","slug":"rrs-ha-long-lasting-1-x-3ml","status":"publish","type":"product","link":"https:\/\/skin-heal.com\/es\/producto\/rrs-ha-long-lasting-1-x-3ml\/","title":{"rendered":"RRS HA Larga Duraci\u00f3n (1 x 3ml)"},"content":{"rendered":"<p>RRS HA Long Lasting es una soluci\u00f3n para la piel \/ relleno d\u00e9rmico basado ante todo en el \u00e1cido hialur\u00f3nico de origen no animal y se sabe que es seguro para disolver por el cuerpo humano, sin efectos adversos. Se inyecta directamente en la dermis profunda con el fin de restaurar el volumen perdido de la piel y, con el tiempo, mejorar la condici\u00f3n general de la piel, ya que se disuelve y libera los valiosos nutrientes y HA contenidos en el gel. Con el paso del tiempo, la piel se vuelve m\u00e1s tersa, las arrugas superficiales empiezan a desaparecer y se recupera un aspecto m\u00e1s joven.<\/p>\n<p>Tres sesiones de tratamiento con el producto RRS HA Long Lasting filler \/ meso son suficientes para mantener los resultados obtenidos y mantener su piel fresca, tersa y suave.<\/p>\n<p>A diferencia de los rellenos est\u00e1ndar, Long Lasting RRS no se centra simplemente en rellenar las arrugas. En su lugar, mejorar\u00e1 eficazmente el estado general de la piel a largo plazo, estimular\u00e1 la producci\u00f3n de elastina e incluso mejorar\u00e1 el tono de la piel, especialmente en lo que respecta a la decoloraci\u00f3n. La cantidad de gel de AH tambi\u00e9n es inusual: 3 ml por caja. Esto se explica porque el producto suele aplicarse en varias zonas en un \u00fanico procedimiento.<\/p>\n<h3>\u00bfRRS HA Long Lasting ayuda a tu piel?<\/h3>\n<ul>\n<li>Mejora a largo plazo de la hidrataci\u00f3n y la retenci\u00f3n de humedad de la piel<\/li>\n<li>Mejora de la elasticidad y suavidad de la piel<\/li>\n<li>Revitalizaci\u00f3n general de la piel durante un periodo prolongado<\/li>\n<li>Potente efecto antioxidante<\/li>\n<li>Eliminaci\u00f3n de arrugas e inversi\u00f3n de los signos de envejecimiento prematuro<\/li>\n<\/ul>","protected":false},"excerpt":{"rendered":"<p>Como su nombre indica, RRS HA Long Lasting es un producto de tratamiento y rejuvenecimiento duradero de la piel, a base de \u00e1cido hialur\u00f3nico purificado no reticulado, en forma de gel de relleno d\u00e9rmico. Se aplica sobre la piel para restaurar su tersura y mejorar su estado general de m\u00faltiples maneras. Combinando el \u00e1cido hialur\u00f3nico con otros valiosos nutrientes y compuestos como los antioxidantes (que detienen el envejecimiento prematuro) y los amino\u00e1cidos (con su alto valor nutritivo), el RRS HA Long Lasting puede devolver eficazmente a la piel un aspecto m\u00e1s joven, con todos los beneficios que ello conlleva.<\/p>","protected":false},"featured_media":35476,"template":"","meta":[],"product_brand":[],"product_cat":[79,80],"product_tag":[],"class_list":{"0":"post-35467","1":"product","2":"type-product","3":"status-publish","4":"has-post-thumbnail","6":"product_cat-dermal-fillers","7":"product_cat-mesotherapy","8":"clearfix","10":"first","11":"instock","12":"taxable","13":"shipping-taxable","14":"purchasable","15":"product-type-simple"},"yoast_head":"<!-- This site is optimized with the Yoast SEO plugin v27.3 - https:\/\/yoast.com\/product\/yoast-seo-wordpress\/ -->\n<title>RRS HA Long Lasting (1 x 3ml) - Skin Heal<\/title>\n<meta name=\"description\" content=\"The RRS HA Long Lasting filler utilizes hyaluronic acid, amino acids, and antioxidants for optimal hydration, tension, and wrinkle reduction.\" \/>\n<meta name=\"robots\" content=\"index, follow, max-snippet:-1, max-image-preview:large, max-video-preview:-1\" \/>\n<link rel=\"canonical\" href=\"https:\/\/skin-heal.com\/es\/producto\/rrs-ha-long-lasting-1-x-3ml\/\" \/>\n<meta property=\"og:locale\" content=\"es_MX\" \/>\n<meta property=\"og:type\" content=\"article\" \/>\n<meta property=\"og:title\" content=\"RRS HA Long Lasting (1 x 3ml) - Skin Heal\" \/>\n<meta property=\"og:description\" content=\"The RRS HA Long Lasting filler utilizes hyaluronic acid, amino acids, and antioxidants for optimal hydration, tension, and wrinkle reduction.\" \/>\n<meta property=\"og:url\" content=\"https:\/\/skin-heal.com\/es\/producto\/rrs-ha-long-lasting-1-x-3ml\/\" \/>\n<meta property=\"og:site_name\" content=\"Skin Heal\" \/>\n<meta property=\"article:modified_time\" content=\"2025-12-29T14:25:50+00:00\" \/>\n<meta property=\"og:image\" content=\"https:\/\/cdn.skin-heal.com\/wp-content\/uploads\/2023\/02\/RRS-Long-Lasting.jpg\" \/>\n\t<meta property=\"og:image:width\" content=\"600\" \/>\n\t<meta property=\"og:image:height\" content=\"600\" \/>\n\t<meta property=\"og:image:type\" content=\"image\/jpeg\" \/>\n<meta name=\"twitter:card\" content=\"summary_large_image\" \/>\n<meta name=\"twitter:label1\" content=\"Tiempo de lectura\" \/>\n\t<meta name=\"twitter:data1\" content=\"2 minutos\" \/>\n<script type=\"application\/ld+json\" class=\"yoast-schema-graph\">{\"@context\":\"https:\\\/\\\/schema.org\",\"@graph\":[{\"@type\":\"WebPage\",\"@id\":\"https:\\\/\\\/skin-heal.com\\\/product\\\/rrs-ha-long-lasting-1-x-3ml\\\/\",\"url\":\"https:\\\/\\\/skin-heal.com\\\/product\\\/rrs-ha-long-lasting-1-x-3ml\\\/\",\"name\":\"RRS HA Long Lasting (1 x 3ml) - Skin Heal\",\"isPartOf\":{\"@id\":\"https:\\\/\\\/skin-heal.com\\\/#website\"},\"primaryImageOfPage\":{\"@id\":\"https:\\\/\\\/skin-heal.com\\\/product\\\/rrs-ha-long-lasting-1-x-3ml\\\/#primaryimage\"},\"image\":{\"@id\":\"https:\\\/\\\/skin-heal.com\\\/product\\\/rrs-ha-long-lasting-1-x-3ml\\\/#primaryimage\"},\"thumbnailUrl\":\"https:\\\/\\\/skin-heal.com\\\/wp-content\\\/uploads\\\/2023\\\/02\\\/RRS-Long-Lasting.jpg\",\"datePublished\":\"2023-02-17T13:24:10+00:00\",\"dateModified\":\"2025-12-29T14:25:50+00:00\",\"description\":\"The RRS HA Long Lasting filler utilizes hyaluronic acid, amino acids, and antioxidants for optimal hydration, tension, and wrinkle reduction.\",\"breadcrumb\":{\"@id\":\"https:\\\/\\\/skin-heal.com\\\/product\\\/rrs-ha-long-lasting-1-x-3ml\\\/#breadcrumb\"},\"inLanguage\":\"es\",\"potentialAction\":[{\"@type\":\"ReadAction\",\"target\":[\"https:\\\/\\\/skin-heal.com\\\/product\\\/rrs-ha-long-lasting-1-x-3ml\\\/\"]}]},{\"@type\":\"ImageObject\",\"inLanguage\":\"es\",\"@id\":\"https:\\\/\\\/skin-heal.com\\\/product\\\/rrs-ha-long-lasting-1-x-3ml\\\/#primaryimage\",\"url\":\"https:\\\/\\\/skin-heal.com\\\/wp-content\\\/uploads\\\/2023\\\/02\\\/RRS-Long-Lasting.jpg\",\"contentUrl\":\"https:\\\/\\\/skin-heal.com\\\/wp-content\\\/uploads\\\/2023\\\/02\\\/RRS-Long-Lasting.jpg\",\"width\":600,\"height\":600,\"caption\":\"RRS Long Lasting\"},{\"@type\":\"BreadcrumbList\",\"@id\":\"https:\\\/\\\/skin-heal.com\\\/product\\\/rrs-ha-long-lasting-1-x-3ml\\\/#breadcrumb\",\"itemListElement\":[{\"@type\":\"ListItem\",\"position\":1,\"name\":\"Home\",\"item\":\"https:\\\/\\\/skin-heal.com\\\/\"},{\"@type\":\"ListItem\",\"position\":2,\"name\":\"Store\",\"item\":\"https:\\\/\\\/skin-heal.com\\\/store\\\/\"},{\"@type\":\"ListItem\",\"position\":3,\"name\":\"RRS HA Long Lasting (1 x 3ml)\"}]},{\"@type\":\"WebSite\",\"@id\":\"https:\\\/\\\/skin-heal.com\\\/#website\",\"url\":\"https:\\\/\\\/skin-heal.com\\\/\",\"name\":\"Skin Heal\",\"description\":\"Lowest Prices for Dermal Fillers\",\"potentialAction\":[{\"@type\":\"SearchAction\",\"target\":{\"@type\":\"EntryPoint\",\"urlTemplate\":\"https:\\\/\\\/skin-heal.com\\\/?s={search_term_string}\"},\"query-input\":{\"@type\":\"PropertyValueSpecification\",\"valueRequired\":true,\"valueName\":\"search_term_string\"}}],\"inLanguage\":\"es\"}]}<\/script>\n<!-- \/ Yoast SEO plugin. -->","yoast_head_json":{"title":"RRS HA Larga Duraci\u00f3n (1 x 3ml) - Skin Heal","description":"El relleno de larga duraci\u00f3n RRS HA utiliza \u00e1cido hialur\u00f3nico, amino\u00e1cidos y antioxidantes para una hidrataci\u00f3n, tensi\u00f3n y reducci\u00f3n de arrugas \u00f3ptimas.","robots":{"index":"index","follow":"follow","max-snippet":"max-snippet:-1","max-image-preview":"max-image-preview:large","max-video-preview":"max-video-preview:-1"},"canonical":"https:\/\/skin-heal.com\/es\/producto\/rrs-ha-long-lasting-1-x-3ml\/","og_locale":"es_MX","og_type":"article","og_title":"RRS HA Long Lasting (1 x 3ml) - Skin Heal","og_description":"The RRS HA Long Lasting filler utilizes hyaluronic acid, amino acids, and antioxidants for optimal hydration, tension, and wrinkle reduction.","og_url":"https:\/\/skin-heal.com\/es\/producto\/rrs-ha-long-lasting-1-x-3ml\/","og_site_name":"Skin Heal","article_modified_time":"2025-12-29T14:25:50+00:00","og_image":[{"width":600,"height":600,"url":"https:\/\/cdn.skin-heal.com\/wp-content\/uploads\/2023\/02\/RRS-Long-Lasting.jpg","type":"image\/jpeg"}],"twitter_card":"summary_large_image","twitter_misc":{"Tiempo de lectura":"2 minutos"},"schema":{"@context":"https:\/\/schema.org","@graph":[{"@type":"WebPage","@id":"https:\/\/skin-heal.com\/product\/rrs-ha-long-lasting-1-x-3ml\/","url":"https:\/\/skin-heal.com\/product\/rrs-ha-long-lasting-1-x-3ml\/","name":"RRS HA Larga Duraci\u00f3n (1 x 3ml) - Skin Heal","isPartOf":{"@id":"https:\/\/skin-heal.com\/#website"},"primaryImageOfPage":{"@id":"https:\/\/skin-heal.com\/product\/rrs-ha-long-lasting-1-x-3ml\/#primaryimage"},"image":{"@id":"https:\/\/skin-heal.com\/product\/rrs-ha-long-lasting-1-x-3ml\/#primaryimage"},"thumbnailUrl":"https:\/\/cdn.skin-heal.com\/wp-content\/uploads\/2023\/02\/RRS-Long-Lasting.jpg","datePublished":"2023-02-17T13:24:10+00:00","dateModified":"2025-12-29T14:25:50+00:00","description":"El relleno de larga duraci\u00f3n RRS HA utiliza \u00e1cido hialur\u00f3nico, amino\u00e1cidos y antioxidantes para una hidrataci\u00f3n, tensi\u00f3n y reducci\u00f3n de arrugas \u00f3ptimas.","breadcrumb":{"@id":"https:\/\/skin-heal.com\/product\/rrs-ha-long-lasting-1-x-3ml\/#breadcrumb"},"inLanguage":"es","potentialAction":[{"@type":"ReadAction","target":["https:\/\/skin-heal.com\/product\/rrs-ha-long-lasting-1-x-3ml\/"]}]},{"@type":"ImageObject","inLanguage":"es","@id":"https:\/\/skin-heal.com\/product\/rrs-ha-long-lasting-1-x-3ml\/#primaryimage","url":"https:\/\/cdn.skin-heal.com\/wp-content\/uploads\/2023\/02\/RRS-Long-Lasting.jpg","contentUrl":"https:\/\/cdn.skin-heal.com\/wp-content\/uploads\/2023\/02\/RRS-Long-Lasting.jpg","width":600,"height":600,"caption":"RRS Long Lasting"},{"@type":"BreadcrumbList","@id":"https:\/\/skin-heal.com\/product\/rrs-ha-long-lasting-1-x-3ml\/#breadcrumb","itemListElement":[{"@type":"ListItem","position":1,"name":"Home","item":"https:\/\/skin-heal.com\/"},{"@type":"ListItem","position":2,"name":"Store","item":"https:\/\/skin-heal.com\/store\/"},{"@type":"ListItem","position":3,"name":"RRS HA Long Lasting (1 x 3ml)"}]},{"@type":"WebSite","@id":"https:\/\/skin-heal.com\/#website","url":"https:\/\/skin-heal.com\/","name":"Curaci\u00f3n de la piel","description":"Los precios m\u00e1s bajos para los rellenos d\u00e9rmicos","potentialAction":[{"@type":"SearchAction","target":{"@type":"EntryPoint","urlTemplate":"https:\/\/skin-heal.com\/?s={search_term_string}"},"query-input":{"@type":"PropertyValueSpecification","valueRequired":true,"valueName":"search_term_string"}}],"inLanguage":"es"}]}},"_links":{"self":[{"href":"https:\/\/skin-heal.com\/es\/wp-json\/wp\/v2\/product\/35467","targetHints":{"allow":["GET"]}}],"collection":[{"href":"https:\/\/skin-heal.com\/es\/wp-json\/wp\/v2\/product"}],"about":[{"href":"https:\/\/skin-heal.com\/es\/wp-json\/wp\/v2\/types\/product"}],"wp:featuredmedia":[{"embeddable":true,"href":"https:\/\/skin-heal.com\/es\/wp-json\/wp\/v2\/media\/35476"}],"wp:attachment":[{"href":"https:\/\/skin-heal.com\/es\/wp-json\/wp\/v2\/media?parent=35467"}],"wp:term":[{"taxonomy":"product_brand","embeddable":true,"href":"https:\/\/skin-heal.com\/es\/wp-json\/wp\/v2\/product_brand?post=35467"},{"taxonomy":"product_cat","embeddable":true,"href":"https:\/\/skin-heal.com\/es\/wp-json\/wp\/v2\/product_cat?post=35467"},{"taxonomy":"product_tag","embeddable":true,"href":"https:\/\/skin-heal.com\/es\/wp-json\/wp\/v2\/product_tag?post=35467"}],"curies":[{"name":"wp","href":"https:\/\/api.w.org\/{rel}","templated":true}]}}