{"id":35468,"date":"2023-02-17T15:31:08","date_gmt":"2023-02-17T13:31:08","guid":{"rendered":"https:\/\/skin-heal.com\/?post_type=product&#038;p=35468"},"modified":"2026-02-17T15:45:23","modified_gmt":"2026-02-17T13:45:23","slug":"rrs-hyalift-75-proactive-6-x-5ml","status":"publish","type":"product","link":"https:\/\/skin-heal.com\/es\/producto\/rrs-hyalift-75-proactive-6-x-5ml\/","title":{"rendered":"RRS HYALIFT\u00ae 75 PROACTIVE (6 x 5ml)"},"content":{"rendered":"<p>El mercado cosm\u00e9tico est\u00e1 saturado de soluciones de rejuvenecimiento cut\u00e1neo basadas en el \u00e1cido hialur\u00f3nico, bajo una forma u otra. Sin embargo, pocas son realmente eficaces para revitalizar adecuadamente la piel tirante y envejecida, y a\u00fan menos son tan eficaces como el Hyalift 75 ProActive de la serie RRS. El secreto es el peso molecular variable de las part\u00edculas de AH de esta soluci\u00f3n espec\u00edfica para la piel. Se basa en \u00e1cido hialur\u00f3nico no reticulado, con el objetivo de conseguir un notable efecto lifting de la piel en las zonas fl\u00e1cidas, as\u00ed como una eliminaci\u00f3n eficaz de las delicadas l\u00edneas y arrugas de la piel.<\/p>\n<p>A\u00fan as\u00ed, el AH no es la \u00fanica herramienta que Hyalift 75 ProActive utiliza para lograr una terapia antiedad eficaz. Al igual que el resto de los productos RRS, la mezcla incluye ingredientes de apoyo cuidadosamente seleccionados, m\u00e1s concretamente 16 amino\u00e1cidos, 5 polifenoles y 6 antioxidantes. La adici\u00f3n de nutrientes y antioxidantes hace que el tratamiento de la piel con \u00e1cido hialur\u00f3nico sea mucho m\u00e1s eficaz, ya que los resultados son m\u00e1s profundos y el efecto de rejuvenecimiento de la piel ser\u00e1 m\u00e1s duradero y duradero. He aqu\u00ed un desglose de la lista de ingredientes:<\/p>\n<ul>\n<li>AH (\u00e1cido hialur\u00f3nico) no reticulado 75mg\/5ml<\/li>\n<li>16 amino\u00e1cidos<\/li>\n<li>5 polifenoles<\/li>\n<li>6 antioxidantes<\/li>\n<\/ul>\n<p>Cada caja contiene seis viales de 5 ml de RRS Hyalift 75 ProActive, que contienen producto suficiente para realizar una terapia antiedad eficaz y un rejuvenecimiento cut\u00e1neo en profundidad en zonas como el rostro, el cuello, el escote y las manos.<\/p>\n<p>Hyalift 75 ProActive, al igual que el resto de la serie de productos para la piel de RRS, es de primera calidad europea garantizada, procedente del fabricante espa\u00f1ol l\u00edder Skin Tech Pharma Group, que ha estado a la vanguardia de la innovaci\u00f3n en productos para la piel durante m\u00e1s de un cuarto de siglo.<\/p>","protected":false},"excerpt":{"rendered":"<p>RRS Hyalift 75 ProActive es uno de los productos de mesoterapia m\u00e1s eficaces del mercado para el rejuvenecimiento de la piel a base de \u00e1cido hialur\u00f3nico. Aplicable en la piel de diversas partes del cuerpo, puede revitalizar r\u00e1pida y eficazmente la piel y restaurar su elasticidad en zonas como la cara, el cuello, el escote y las manos, normalizando y\/o mejorando la hidrataci\u00f3n de la piel.<\/p>","protected":false},"featured_media":35483,"template":"","meta":[],"product_brand":[],"product_cat":[80],"product_tag":[],"class_list":{"0":"post-35468","1":"product","2":"type-product","3":"status-publish","4":"has-post-thumbnail","6":"product_cat-mesotherapy","7":"clearfix","9":"first","10":"outofstock","11":"taxable","12":"shipping-taxable","13":"purchasable","14":"product-type-simple"},"yoast_head":"<!-- This site is optimized with the Yoast SEO plugin v27.4 - https:\/\/yoast.com\/product\/yoast-seo-wordpress\/ -->\n<title>RRS HYALIFT\u00ae 75 PROACTIVE (6 x 5ml) - Skin Heal<\/title>\n<meta name=\"description\" content=\"Smooth and rejuvenated skin is guaranteed when performing anti-age treatment using the RRS Hyalift 75 ProActive \u2013 a mesothrapy combining Hyaluronic acid, peptides and antioxidants.\" \/>\n<meta name=\"robots\" content=\"index, follow, max-snippet:-1, max-image-preview:large, max-video-preview:-1\" \/>\n<link rel=\"canonical\" href=\"https:\/\/skin-heal.com\/es\/producto\/rrs-hyalift-75-proactive-6-x-5ml\/\" \/>\n<meta property=\"og:locale\" content=\"es_MX\" \/>\n<meta property=\"og:type\" content=\"article\" \/>\n<meta property=\"og:title\" content=\"RRS HYALIFT\u00ae 75 PROACTIVE (6 x 5ml) - Skin Heal\" \/>\n<meta property=\"og:description\" content=\"Smooth and rejuvenated skin is guaranteed when performing anti-age treatment using the RRS Hyalift 75 ProActive \u2013 a mesothrapy combining Hyaluronic acid, peptides and antioxidants.\" \/>\n<meta property=\"og:url\" content=\"https:\/\/skin-heal.com\/es\/producto\/rrs-hyalift-75-proactive-6-x-5ml\/\" \/>\n<meta property=\"og:site_name\" content=\"Skin Heal\" \/>\n<meta property=\"article:modified_time\" content=\"2026-02-17T13:45:23+00:00\" \/>\n<meta property=\"og:image\" content=\"https:\/\/cdn.skin-heal.com\/wp-content\/uploads\/2023\/02\/RRS-HYALIFT-75-PROACTIVE.jpg\" \/>\n\t<meta property=\"og:image:width\" content=\"600\" \/>\n\t<meta property=\"og:image:height\" content=\"600\" \/>\n\t<meta property=\"og:image:type\" content=\"image\/jpeg\" \/>\n<meta name=\"twitter:card\" content=\"summary_large_image\" \/>\n<meta name=\"twitter:label1\" content=\"Tiempo de lectura\" \/>\n\t<meta name=\"twitter:data1\" content=\"2 minutos\" \/>\n<script type=\"application\/ld+json\" class=\"yoast-schema-graph\">{\"@context\":\"https:\\\/\\\/schema.org\",\"@graph\":[{\"@type\":\"WebPage\",\"@id\":\"https:\\\/\\\/skin-heal.com\\\/product\\\/rrs-hyalift-75-proactive-6-x-5ml\\\/\",\"url\":\"https:\\\/\\\/skin-heal.com\\\/product\\\/rrs-hyalift-75-proactive-6-x-5ml\\\/\",\"name\":\"RRS HYALIFT\u00ae 75 PROACTIVE (6 x 5ml) - Skin Heal\",\"isPartOf\":{\"@id\":\"https:\\\/\\\/skin-heal.com\\\/#website\"},\"primaryImageOfPage\":{\"@id\":\"https:\\\/\\\/skin-heal.com\\\/product\\\/rrs-hyalift-75-proactive-6-x-5ml\\\/#primaryimage\"},\"image\":{\"@id\":\"https:\\\/\\\/skin-heal.com\\\/product\\\/rrs-hyalift-75-proactive-6-x-5ml\\\/#primaryimage\"},\"thumbnailUrl\":\"https:\\\/\\\/skin-heal.com\\\/wp-content\\\/uploads\\\/2023\\\/02\\\/RRS-HYALIFT-75-PROACTIVE.jpg\",\"datePublished\":\"2023-02-17T13:31:08+00:00\",\"dateModified\":\"2026-02-17T13:45:23+00:00\",\"description\":\"Smooth and rejuvenated skin is guaranteed when performing anti-age treatment using the RRS Hyalift 75 ProActive \u2013 a mesothrapy combining Hyaluronic acid, peptides and antioxidants.\",\"breadcrumb\":{\"@id\":\"https:\\\/\\\/skin-heal.com\\\/product\\\/rrs-hyalift-75-proactive-6-x-5ml\\\/#breadcrumb\"},\"inLanguage\":\"es\",\"potentialAction\":[{\"@type\":\"ReadAction\",\"target\":[\"https:\\\/\\\/skin-heal.com\\\/product\\\/rrs-hyalift-75-proactive-6-x-5ml\\\/\"]}]},{\"@type\":\"ImageObject\",\"inLanguage\":\"es\",\"@id\":\"https:\\\/\\\/skin-heal.com\\\/product\\\/rrs-hyalift-75-proactive-6-x-5ml\\\/#primaryimage\",\"url\":\"https:\\\/\\\/skin-heal.com\\\/wp-content\\\/uploads\\\/2023\\\/02\\\/RRS-HYALIFT-75-PROACTIVE.jpg\",\"contentUrl\":\"https:\\\/\\\/skin-heal.com\\\/wp-content\\\/uploads\\\/2023\\\/02\\\/RRS-HYALIFT-75-PROACTIVE.jpg\",\"width\":600,\"height\":600,\"caption\":\"RRS HYALIFT 75 PROACTIVE\"},{\"@type\":\"BreadcrumbList\",\"@id\":\"https:\\\/\\\/skin-heal.com\\\/product\\\/rrs-hyalift-75-proactive-6-x-5ml\\\/#breadcrumb\",\"itemListElement\":[{\"@type\":\"ListItem\",\"position\":1,\"name\":\"Home\",\"item\":\"https:\\\/\\\/skin-heal.com\\\/\"},{\"@type\":\"ListItem\",\"position\":2,\"name\":\"Store\",\"item\":\"https:\\\/\\\/skin-heal.com\\\/store\\\/\"},{\"@type\":\"ListItem\",\"position\":3,\"name\":\"RRS HYALIFT\u00ae 75 PROACTIVE (6 x 5ml)\"}]},{\"@type\":\"WebSite\",\"@id\":\"https:\\\/\\\/skin-heal.com\\\/#website\",\"url\":\"https:\\\/\\\/skin-heal.com\\\/\",\"name\":\"Skin Heal\",\"description\":\"Lowest Prices for Dermal Fillers\",\"potentialAction\":[{\"@type\":\"SearchAction\",\"target\":{\"@type\":\"EntryPoint\",\"urlTemplate\":\"https:\\\/\\\/skin-heal.com\\\/?s={search_term_string}\"},\"query-input\":{\"@type\":\"PropertyValueSpecification\",\"valueRequired\":true,\"valueName\":\"search_term_string\"}}],\"inLanguage\":\"es\"}]}<\/script>\n<!-- \/ Yoast SEO plugin. -->","yoast_head_json":{"title":"RRS HYALIFT\u00ae 75 PROACTIVE (6 x 5ml) - Skin Heal","description":"Una piel tersa y rejuvenecida est\u00e1 garantizada cuando se realiza un tratamiento antiedad con RRS Hyalift 75 ProActive, una mesoterapia que combina \u00e1cido hialur\u00f3nico, p\u00e9ptidos y antioxidantes.","robots":{"index":"index","follow":"follow","max-snippet":"max-snippet:-1","max-image-preview":"max-image-preview:large","max-video-preview":"max-video-preview:-1"},"canonical":"https:\/\/skin-heal.com\/es\/producto\/rrs-hyalift-75-proactive-6-x-5ml\/","og_locale":"es_MX","og_type":"article","og_title":"RRS HYALIFT\u00ae 75 PROACTIVE (6 x 5ml) - Skin Heal","og_description":"Smooth and rejuvenated skin is guaranteed when performing anti-age treatment using the RRS Hyalift 75 ProActive \u2013 a mesothrapy combining Hyaluronic acid, peptides and antioxidants.","og_url":"https:\/\/skin-heal.com\/es\/producto\/rrs-hyalift-75-proactive-6-x-5ml\/","og_site_name":"Skin Heal","article_modified_time":"2026-02-17T13:45:23+00:00","og_image":[{"width":600,"height":600,"url":"https:\/\/cdn.skin-heal.com\/wp-content\/uploads\/2023\/02\/RRS-HYALIFT-75-PROACTIVE.jpg","type":"image\/jpeg"}],"twitter_card":"summary_large_image","twitter_misc":{"Tiempo de lectura":"2 minutos"},"schema":{"@context":"https:\/\/schema.org","@graph":[{"@type":"WebPage","@id":"https:\/\/skin-heal.com\/product\/rrs-hyalift-75-proactive-6-x-5ml\/","url":"https:\/\/skin-heal.com\/product\/rrs-hyalift-75-proactive-6-x-5ml\/","name":"RRS HYALIFT\u00ae 75 PROACTIVE (6 x 5ml) - Skin Heal","isPartOf":{"@id":"https:\/\/skin-heal.com\/#website"},"primaryImageOfPage":{"@id":"https:\/\/skin-heal.com\/product\/rrs-hyalift-75-proactive-6-x-5ml\/#primaryimage"},"image":{"@id":"https:\/\/skin-heal.com\/product\/rrs-hyalift-75-proactive-6-x-5ml\/#primaryimage"},"thumbnailUrl":"https:\/\/cdn.skin-heal.com\/wp-content\/uploads\/2023\/02\/RRS-HYALIFT-75-PROACTIVE.jpg","datePublished":"2023-02-17T13:31:08+00:00","dateModified":"2026-02-17T13:45:23+00:00","description":"Una piel tersa y rejuvenecida est\u00e1 garantizada cuando se realiza un tratamiento antiedad con RRS Hyalift 75 ProActive, una mesoterapia que combina \u00e1cido hialur\u00f3nico, p\u00e9ptidos y antioxidantes.","breadcrumb":{"@id":"https:\/\/skin-heal.com\/product\/rrs-hyalift-75-proactive-6-x-5ml\/#breadcrumb"},"inLanguage":"es","potentialAction":[{"@type":"ReadAction","target":["https:\/\/skin-heal.com\/product\/rrs-hyalift-75-proactive-6-x-5ml\/"]}]},{"@type":"ImageObject","inLanguage":"es","@id":"https:\/\/skin-heal.com\/product\/rrs-hyalift-75-proactive-6-x-5ml\/#primaryimage","url":"https:\/\/cdn.skin-heal.com\/wp-content\/uploads\/2023\/02\/RRS-HYALIFT-75-PROACTIVE.jpg","contentUrl":"https:\/\/cdn.skin-heal.com\/wp-content\/uploads\/2023\/02\/RRS-HYALIFT-75-PROACTIVE.jpg","width":600,"height":600,"caption":"RRS HYALIFT 75 PROACTIVE"},{"@type":"BreadcrumbList","@id":"https:\/\/skin-heal.com\/product\/rrs-hyalift-75-proactive-6-x-5ml\/#breadcrumb","itemListElement":[{"@type":"ListItem","position":1,"name":"Home","item":"https:\/\/skin-heal.com\/"},{"@type":"ListItem","position":2,"name":"Store","item":"https:\/\/skin-heal.com\/store\/"},{"@type":"ListItem","position":3,"name":"RRS HYALIFT\u00ae 75 PROACTIVE (6 x 5ml)"}]},{"@type":"WebSite","@id":"https:\/\/skin-heal.com\/#website","url":"https:\/\/skin-heal.com\/","name":"Curaci\u00f3n de la piel","description":"Los precios m\u00e1s bajos para los rellenos d\u00e9rmicos","potentialAction":[{"@type":"SearchAction","target":{"@type":"EntryPoint","urlTemplate":"https:\/\/skin-heal.com\/?s={search_term_string}"},"query-input":{"@type":"PropertyValueSpecification","valueRequired":true,"valueName":"search_term_string"}}],"inLanguage":"es"}]}},"_links":{"self":[{"href":"https:\/\/skin-heal.com\/es\/wp-json\/wp\/v2\/product\/35468","targetHints":{"allow":["GET"]}}],"collection":[{"href":"https:\/\/skin-heal.com\/es\/wp-json\/wp\/v2\/product"}],"about":[{"href":"https:\/\/skin-heal.com\/es\/wp-json\/wp\/v2\/types\/product"}],"wp:featuredmedia":[{"embeddable":true,"href":"https:\/\/skin-heal.com\/es\/wp-json\/wp\/v2\/media\/35483"}],"wp:attachment":[{"href":"https:\/\/skin-heal.com\/es\/wp-json\/wp\/v2\/media?parent=35468"}],"wp:term":[{"taxonomy":"product_brand","embeddable":true,"href":"https:\/\/skin-heal.com\/es\/wp-json\/wp\/v2\/product_brand?post=35468"},{"taxonomy":"product_cat","embeddable":true,"href":"https:\/\/skin-heal.com\/es\/wp-json\/wp\/v2\/product_cat?post=35468"},{"taxonomy":"product_tag","embeddable":true,"href":"https:\/\/skin-heal.com\/es\/wp-json\/wp\/v2\/product_tag?post=35468"}],"curies":[{"name":"wp","href":"https:\/\/api.w.org\/{rel}","templated":true}]}}