{"id":35469,"date":"2023-02-17T15:31:06","date_gmt":"2023-02-17T13:31:06","guid":{"rendered":"https:\/\/skin-heal.com\/?post_type=product&#038;p=35469"},"modified":"2024-11-18T14:56:43","modified_gmt":"2024-11-18T12:56:43","slug":"rrs-hyalift-75-6-x-5ml","status":"publish","type":"product","link":"https:\/\/skin-heal.com\/es\/producto\/rrs-hyalift-75-6-x-5ml\/","title":{"rendered":"RRS HYALIFT\u00ae 75 (6 x 5ml)"},"content":{"rendered":"<p>Una de las principales ventajas de RRS Hyalift 75, frente a otros productos para el rejuvenecimiento de la piel y la terapia antiedad del mercado, es lo r\u00e1pido que se notan los resultados. Dise\u00f1ado para pacientes de mediana edad, por encima de los 35 a\u00f1os, este tratamiento inyectable de AH producir\u00e1 resultados notables de estiramiento de la piel y alisamiento de las arrugas, en s\u00f3lo un par de procedimientos. Como forma vers\u00e1til de terapia de la piel, Hyalift 75 puede proporcionar todos los beneficios de la mejora de la condici\u00f3n d\u00e9rmica en una variedad de \u00e1reas de la cara y el cuerpo, incluyendo el cuello, el escote y el dorso de las manos.<\/p>\n<p>Especialmente desarrollado por Skin Tech Pharma Group, RRS Hyalift 75 ofrece la alta calidad que se espera de los productos europeos para el cuidado y la revitalizaci\u00f3n de la piel. Tras un tratamiento completo, los resultados mejoran el estado general de la piel durante meses.<\/p>\n<p>La forma est\u00e1ndar de aplicar RRS Hyalift 75 en la piel es mediante micropunci\u00f3n, con intervalos de 1 cm.<\/p>","protected":false},"excerpt":{"rendered":"<p>Utilizado principalmente para el rejuvenecimiento y la revitalizaci\u00f3n de la piel, el RRS Hyalift 75 es un producto extremadamente eficaz para la terapia antiedad, basado en el \u00e1cido hialur\u00f3nico. Utiliza \u00e1cido hialur\u00f3nico (AH) altamente concentrado y no reticulado para estimular los procesos naturales de cicatrizaci\u00f3n y regeneraci\u00f3n de la piel, lo que se traduce en una piel m\u00e1s suave y el\u00e1stica, con arrugas menos pronunciadas y un aspecto m\u00e1s joven.<\/p>","protected":false},"featured_media":35484,"template":"","meta":[],"product_brand":[],"product_cat":[80],"product_tag":[],"class_list":{"0":"post-35469","1":"product","2":"type-product","3":"status-publish","4":"has-post-thumbnail","6":"product_cat-mesotherapy","7":"clearfix","9":"first","10":"outofstock","11":"taxable","12":"shipping-taxable","13":"purchasable","14":"product-type-simple"},"yoast_head":"<!-- This site is optimized with the Yoast SEO plugin v27.4 - https:\/\/yoast.com\/product\/yoast-seo-wordpress\/ -->\n<title>RRS HYALIFT\u00ae 75 (6 x 5ml) - Skin Heal<\/title>\n<meta name=\"description\" content=\"Achieve firmer, smoother and more youthful-looking skin with the RRS Hyalift 75. Treat fine wrinkles and lift sagging skin, with the power of non-crosslinked hyaluronic acid.\" \/>\n<meta name=\"robots\" content=\"index, follow, max-snippet:-1, max-image-preview:large, max-video-preview:-1\" \/>\n<link rel=\"canonical\" href=\"https:\/\/skin-heal.com\/es\/producto\/rrs-hyalift-75-6-x-5ml\/\" \/>\n<meta property=\"og:locale\" content=\"es_MX\" \/>\n<meta property=\"og:type\" content=\"article\" \/>\n<meta property=\"og:title\" content=\"RRS HYALIFT\u00ae 75 (6 x 5ml) - Skin Heal\" \/>\n<meta property=\"og:description\" content=\"Achieve firmer, smoother and more youthful-looking skin with the RRS Hyalift 75. Treat fine wrinkles and lift sagging skin, with the power of non-crosslinked hyaluronic acid.\" \/>\n<meta property=\"og:url\" content=\"https:\/\/skin-heal.com\/es\/producto\/rrs-hyalift-75-6-x-5ml\/\" \/>\n<meta property=\"og:site_name\" content=\"Skin Heal\" \/>\n<meta property=\"article:modified_time\" content=\"2024-11-18T12:56:43+00:00\" \/>\n<meta property=\"og:image\" content=\"https:\/\/cdn.skin-heal.com\/wp-content\/uploads\/2023\/02\/RRS-HYALIFT-75.jpg\" \/>\n\t<meta property=\"og:image:width\" content=\"600\" \/>\n\t<meta property=\"og:image:height\" content=\"600\" \/>\n\t<meta property=\"og:image:type\" content=\"image\/jpeg\" \/>\n<meta name=\"twitter:card\" content=\"summary_large_image\" \/>\n<meta name=\"twitter:label1\" content=\"Tiempo de lectura\" \/>\n\t<meta name=\"twitter:data1\" content=\"1 minuto\" \/>\n<script type=\"application\/ld+json\" class=\"yoast-schema-graph\">{\"@context\":\"https:\\\/\\\/schema.org\",\"@graph\":[{\"@type\":\"WebPage\",\"@id\":\"https:\\\/\\\/skin-heal.com\\\/product\\\/rrs-hyalift-75-6-x-5ml\\\/\",\"url\":\"https:\\\/\\\/skin-heal.com\\\/product\\\/rrs-hyalift-75-6-x-5ml\\\/\",\"name\":\"RRS HYALIFT\u00ae 75 (6 x 5ml) - Skin Heal\",\"isPartOf\":{\"@id\":\"https:\\\/\\\/skin-heal.com\\\/#website\"},\"primaryImageOfPage\":{\"@id\":\"https:\\\/\\\/skin-heal.com\\\/product\\\/rrs-hyalift-75-6-x-5ml\\\/#primaryimage\"},\"image\":{\"@id\":\"https:\\\/\\\/skin-heal.com\\\/product\\\/rrs-hyalift-75-6-x-5ml\\\/#primaryimage\"},\"thumbnailUrl\":\"https:\\\/\\\/skin-heal.com\\\/wp-content\\\/uploads\\\/2023\\\/02\\\/RRS-HYALIFT-75.jpg\",\"datePublished\":\"2023-02-17T13:31:06+00:00\",\"dateModified\":\"2024-11-18T12:56:43+00:00\",\"description\":\"Achieve firmer, smoother and more youthful-looking skin with the RRS Hyalift 75. Treat fine wrinkles and lift sagging skin, with the power of non-crosslinked hyaluronic acid.\",\"breadcrumb\":{\"@id\":\"https:\\\/\\\/skin-heal.com\\\/product\\\/rrs-hyalift-75-6-x-5ml\\\/#breadcrumb\"},\"inLanguage\":\"es\",\"potentialAction\":[{\"@type\":\"ReadAction\",\"target\":[\"https:\\\/\\\/skin-heal.com\\\/product\\\/rrs-hyalift-75-6-x-5ml\\\/\"]}]},{\"@type\":\"ImageObject\",\"inLanguage\":\"es\",\"@id\":\"https:\\\/\\\/skin-heal.com\\\/product\\\/rrs-hyalift-75-6-x-5ml\\\/#primaryimage\",\"url\":\"https:\\\/\\\/skin-heal.com\\\/wp-content\\\/uploads\\\/2023\\\/02\\\/RRS-HYALIFT-75.jpg\",\"contentUrl\":\"https:\\\/\\\/skin-heal.com\\\/wp-content\\\/uploads\\\/2023\\\/02\\\/RRS-HYALIFT-75.jpg\",\"width\":600,\"height\":600,\"caption\":\"RRS HYALIFT 75\"},{\"@type\":\"BreadcrumbList\",\"@id\":\"https:\\\/\\\/skin-heal.com\\\/product\\\/rrs-hyalift-75-6-x-5ml\\\/#breadcrumb\",\"itemListElement\":[{\"@type\":\"ListItem\",\"position\":1,\"name\":\"Home\",\"item\":\"https:\\\/\\\/skin-heal.com\\\/\"},{\"@type\":\"ListItem\",\"position\":2,\"name\":\"Store\",\"item\":\"https:\\\/\\\/skin-heal.com\\\/store\\\/\"},{\"@type\":\"ListItem\",\"position\":3,\"name\":\"RRS HYALIFT\u00ae 75 (6 x 5ml)\"}]},{\"@type\":\"WebSite\",\"@id\":\"https:\\\/\\\/skin-heal.com\\\/#website\",\"url\":\"https:\\\/\\\/skin-heal.com\\\/\",\"name\":\"Skin Heal\",\"description\":\"Lowest Prices for Dermal Fillers\",\"potentialAction\":[{\"@type\":\"SearchAction\",\"target\":{\"@type\":\"EntryPoint\",\"urlTemplate\":\"https:\\\/\\\/skin-heal.com\\\/?s={search_term_string}\"},\"query-input\":{\"@type\":\"PropertyValueSpecification\",\"valueRequired\":true,\"valueName\":\"search_term_string\"}}],\"inLanguage\":\"es\"}]}<\/script>\n<!-- \/ Yoast SEO plugin. -->","yoast_head_json":{"title":"RRS HYALIFT\u00ae 75 (6 x 5ml) - Skin Heal","description":"Consiga una piel m\u00e1s firme, tersa y joven con RRS Hyalift 75. Trate las arrugas finas y levante la piel fl\u00e1cida, con el poder del \u00e1cido hialur\u00f3nico no reticulado.","robots":{"index":"index","follow":"follow","max-snippet":"max-snippet:-1","max-image-preview":"max-image-preview:large","max-video-preview":"max-video-preview:-1"},"canonical":"https:\/\/skin-heal.com\/es\/producto\/rrs-hyalift-75-6-x-5ml\/","og_locale":"es_MX","og_type":"article","og_title":"RRS HYALIFT\u00ae 75 (6 x 5ml) - Skin Heal","og_description":"Achieve firmer, smoother and more youthful-looking skin with the RRS Hyalift 75. Treat fine wrinkles and lift sagging skin, with the power of non-crosslinked hyaluronic acid.","og_url":"https:\/\/skin-heal.com\/es\/producto\/rrs-hyalift-75-6-x-5ml\/","og_site_name":"Skin Heal","article_modified_time":"2024-11-18T12:56:43+00:00","og_image":[{"width":600,"height":600,"url":"https:\/\/cdn.skin-heal.com\/wp-content\/uploads\/2023\/02\/RRS-HYALIFT-75.jpg","type":"image\/jpeg"}],"twitter_card":"summary_large_image","twitter_misc":{"Tiempo de lectura":"1 minuto"},"schema":{"@context":"https:\/\/schema.org","@graph":[{"@type":"WebPage","@id":"https:\/\/skin-heal.com\/product\/rrs-hyalift-75-6-x-5ml\/","url":"https:\/\/skin-heal.com\/product\/rrs-hyalift-75-6-x-5ml\/","name":"RRS HYALIFT\u00ae 75 (6 x 5ml) - Skin Heal","isPartOf":{"@id":"https:\/\/skin-heal.com\/#website"},"primaryImageOfPage":{"@id":"https:\/\/skin-heal.com\/product\/rrs-hyalift-75-6-x-5ml\/#primaryimage"},"image":{"@id":"https:\/\/skin-heal.com\/product\/rrs-hyalift-75-6-x-5ml\/#primaryimage"},"thumbnailUrl":"https:\/\/cdn.skin-heal.com\/wp-content\/uploads\/2023\/02\/RRS-HYALIFT-75.jpg","datePublished":"2023-02-17T13:31:06+00:00","dateModified":"2024-11-18T12:56:43+00:00","description":"Consiga una piel m\u00e1s firme, tersa y joven con RRS Hyalift 75. Trate las arrugas finas y levante la piel fl\u00e1cida, con el poder del \u00e1cido hialur\u00f3nico no reticulado.","breadcrumb":{"@id":"https:\/\/skin-heal.com\/product\/rrs-hyalift-75-6-x-5ml\/#breadcrumb"},"inLanguage":"es","potentialAction":[{"@type":"ReadAction","target":["https:\/\/skin-heal.com\/product\/rrs-hyalift-75-6-x-5ml\/"]}]},{"@type":"ImageObject","inLanguage":"es","@id":"https:\/\/skin-heal.com\/product\/rrs-hyalift-75-6-x-5ml\/#primaryimage","url":"https:\/\/cdn.skin-heal.com\/wp-content\/uploads\/2023\/02\/RRS-HYALIFT-75.jpg","contentUrl":"https:\/\/cdn.skin-heal.com\/wp-content\/uploads\/2023\/02\/RRS-HYALIFT-75.jpg","width":600,"height":600,"caption":"RRS HYALIFT 75"},{"@type":"BreadcrumbList","@id":"https:\/\/skin-heal.com\/product\/rrs-hyalift-75-6-x-5ml\/#breadcrumb","itemListElement":[{"@type":"ListItem","position":1,"name":"Home","item":"https:\/\/skin-heal.com\/"},{"@type":"ListItem","position":2,"name":"Store","item":"https:\/\/skin-heal.com\/store\/"},{"@type":"ListItem","position":3,"name":"RRS HYALIFT\u00ae 75 (6 x 5ml)"}]},{"@type":"WebSite","@id":"https:\/\/skin-heal.com\/#website","url":"https:\/\/skin-heal.com\/","name":"Curaci\u00f3n de la piel","description":"Los precios m\u00e1s bajos para los rellenos d\u00e9rmicos","potentialAction":[{"@type":"SearchAction","target":{"@type":"EntryPoint","urlTemplate":"https:\/\/skin-heal.com\/?s={search_term_string}"},"query-input":{"@type":"PropertyValueSpecification","valueRequired":true,"valueName":"search_term_string"}}],"inLanguage":"es"}]}},"_links":{"self":[{"href":"https:\/\/skin-heal.com\/es\/wp-json\/wp\/v2\/product\/35469","targetHints":{"allow":["GET"]}}],"collection":[{"href":"https:\/\/skin-heal.com\/es\/wp-json\/wp\/v2\/product"}],"about":[{"href":"https:\/\/skin-heal.com\/es\/wp-json\/wp\/v2\/types\/product"}],"wp:featuredmedia":[{"embeddable":true,"href":"https:\/\/skin-heal.com\/es\/wp-json\/wp\/v2\/media\/35484"}],"wp:attachment":[{"href":"https:\/\/skin-heal.com\/es\/wp-json\/wp\/v2\/media?parent=35469"}],"wp:term":[{"taxonomy":"product_brand","embeddable":true,"href":"https:\/\/skin-heal.com\/es\/wp-json\/wp\/v2\/product_brand?post=35469"},{"taxonomy":"product_cat","embeddable":true,"href":"https:\/\/skin-heal.com\/es\/wp-json\/wp\/v2\/product_cat?post=35469"},{"taxonomy":"product_tag","embeddable":true,"href":"https:\/\/skin-heal.com\/es\/wp-json\/wp\/v2\/product_tag?post=35469"}],"curies":[{"name":"wp","href":"https:\/\/api.w.org\/{rel}","templated":true}]}}