{"id":35470,"date":"2023-02-17T15:30:55","date_gmt":"2023-02-17T13:30:55","guid":{"rendered":"https:\/\/skin-heal.com\/?post_type=product&#038;p=35470"},"modified":"2026-02-17T15:45:23","modified_gmt":"2026-02-17T13:45:23","slug":"rrs-ha-injectable-6x5ml","status":"publish","type":"product","link":"https:\/\/skin-heal.com\/es\/producto\/rrs-ha-injectable-6x5ml\/","title":{"rendered":"RRS HA INYECTABLE (6x5ml)"},"content":{"rendered":"<p>El RRS HA Inyectable se utiliza para restaurar la elasticidad y tersura de la piel, tratando las molestias y signos de la piel fotoenvejecida o da\u00f1ada, las arrugas superficiales y las estr\u00edas. Puede inyectarse en una gran variedad de zonas del cuerpo, utiliz\u00e1ndose principalmente en la piel de la cara, el cuello, el escote, las manos, los brazos, los muslos y el abdomen. El efecto de rejuvenecimiento de la piel puede amplificarse si el HA Inyectable se combina con otras formas adecuadas de terapia cut\u00e1nea.<\/p>\n<p>El producto combina un tamp\u00f3n (medio de disoluci\u00f3n) de silicio org\u00e1nico, flavonoides, vitaminas, antioxidantes, amino\u00e1cidos, polifenoles, oligoelementos y coenzimas. Todos ellos especialmente seleccionados por su demostrado efecto beneficioso sobre la piel. Sin embargo, desempe\u00f1an un papel auxiliar del componente principal de este mesoinyectable: el \u00e1cido hialur\u00f3nico. Cada vial de RRS HA Inyectable contiene 30 mg de \u00e1cido hialur\u00f3nico purificado, de origen no org\u00e1nico y no reticulado (con un total de seis viales por caja).<\/p>\n<p>Cada caja incluye adhesivos con la fecha y un folleto con instrucciones detalladas. Aunque el RRS Inyectable es una forma no agresiva de tratamiento de rejuvenecimiento cut\u00e1neo, est\u00e1 permitido combinarlo con una crema anest\u00e9sica para una mayor comodidad, de acuerdo con los protocolos de seguridad.<\/p>","protected":false},"excerpt":{"rendered":"<p>RRS\u00ae HA INYECTABLE es un producto de tratamiento cut\u00e1neo vers\u00e1til para mesoterapia, con una amplia gama de beneficios y un efecto positivo en diferentes afecciones de la piel. Es un c\u00f3ctel meso avanzado de 72 ingredientes activos diferentes mezclados con \u00e1cido hialur\u00f3nico purificado. Utilizado principalmente para tratar formas m\u00e1s moderadas de depresiones cut\u00e1neas como las estr\u00edas y algunas formas de pliegues nasolabiales, tambi\u00e9n es muy eficaz para otras formas de afecciones cut\u00e1neas.<\/p>","protected":false},"featured_media":35479,"template":"","meta":[],"product_brand":[],"product_cat":[80],"product_tag":[],"class_list":{"0":"post-35470","1":"product","2":"type-product","3":"status-publish","4":"has-post-thumbnail","6":"product_cat-mesotherapy","7":"clearfix","9":"first","10":"outofstock","11":"taxable","12":"shipping-taxable","13":"purchasable","14":"product-type-simple"},"yoast_head":"<!-- This site is optimized with the Yoast SEO plugin v27.4 - https:\/\/yoast.com\/product\/yoast-seo-wordpress\/ -->\n<title>RRS HA INJECTABLE (6x5ml) - Skin Heal<\/title>\n<meta name=\"description\" content=\"RRS\u00ae HA INJECTABLE has 72 active ingredients and purified hyaluronic acid and is used for skin rejuvenation in face, neck, d\u00e9collet\u00e9, hands, arms, thighs, and abdomen areas.\" \/>\n<meta name=\"robots\" content=\"index, follow, max-snippet:-1, max-image-preview:large, max-video-preview:-1\" \/>\n<link rel=\"canonical\" href=\"https:\/\/skin-heal.com\/es\/producto\/rrs-ha-injectable-6x5ml\/\" \/>\n<meta property=\"og:locale\" content=\"es_MX\" \/>\n<meta property=\"og:type\" content=\"article\" \/>\n<meta property=\"og:title\" content=\"RRS HA INJECTABLE (6x5ml) - Skin Heal\" \/>\n<meta property=\"og:description\" content=\"RRS\u00ae HA INJECTABLE has 72 active ingredients and purified hyaluronic acid and is used for skin rejuvenation in face, neck, d\u00e9collet\u00e9, hands, arms, thighs, and abdomen areas.\" \/>\n<meta property=\"og:url\" content=\"https:\/\/skin-heal.com\/es\/producto\/rrs-ha-injectable-6x5ml\/\" \/>\n<meta property=\"og:site_name\" content=\"Skin Heal\" \/>\n<meta property=\"article:modified_time\" content=\"2026-02-17T13:45:23+00:00\" \/>\n<meta property=\"og:image\" content=\"https:\/\/cdn.skin-heal.com\/wp-content\/uploads\/2023\/02\/RRS-HA-INJECTABLE.jpg\" \/>\n\t<meta property=\"og:image:width\" content=\"600\" \/>\n\t<meta property=\"og:image:height\" content=\"600\" \/>\n\t<meta property=\"og:image:type\" content=\"image\/jpeg\" \/>\n<meta name=\"twitter:card\" content=\"summary_large_image\" \/>\n<meta name=\"twitter:label1\" content=\"Tiempo de lectura\" \/>\n\t<meta name=\"twitter:data1\" content=\"1 minuto\" \/>\n<script type=\"application\/ld+json\" class=\"yoast-schema-graph\">{\"@context\":\"https:\\\/\\\/schema.org\",\"@graph\":[{\"@type\":\"WebPage\",\"@id\":\"https:\\\/\\\/skin-heal.com\\\/product\\\/rrs-ha-injectable-6x5ml\\\/\",\"url\":\"https:\\\/\\\/skin-heal.com\\\/product\\\/rrs-ha-injectable-6x5ml\\\/\",\"name\":\"RRS HA INJECTABLE (6x5ml) - Skin Heal\",\"isPartOf\":{\"@id\":\"https:\\\/\\\/skin-heal.com\\\/#website\"},\"primaryImageOfPage\":{\"@id\":\"https:\\\/\\\/skin-heal.com\\\/product\\\/rrs-ha-injectable-6x5ml\\\/#primaryimage\"},\"image\":{\"@id\":\"https:\\\/\\\/skin-heal.com\\\/product\\\/rrs-ha-injectable-6x5ml\\\/#primaryimage\"},\"thumbnailUrl\":\"https:\\\/\\\/skin-heal.com\\\/wp-content\\\/uploads\\\/2023\\\/02\\\/RRS-HA-INJECTABLE.jpg\",\"datePublished\":\"2023-02-17T13:30:55+00:00\",\"dateModified\":\"2026-02-17T13:45:23+00:00\",\"description\":\"RRS\u00ae HA INJECTABLE has 72 active ingredients and purified hyaluronic acid and is used for skin rejuvenation in face, neck, d\u00e9collet\u00e9, hands, arms, thighs, and abdomen areas.\",\"breadcrumb\":{\"@id\":\"https:\\\/\\\/skin-heal.com\\\/product\\\/rrs-ha-injectable-6x5ml\\\/#breadcrumb\"},\"inLanguage\":\"es\",\"potentialAction\":[{\"@type\":\"ReadAction\",\"target\":[\"https:\\\/\\\/skin-heal.com\\\/product\\\/rrs-ha-injectable-6x5ml\\\/\"]}]},{\"@type\":\"ImageObject\",\"inLanguage\":\"es\",\"@id\":\"https:\\\/\\\/skin-heal.com\\\/product\\\/rrs-ha-injectable-6x5ml\\\/#primaryimage\",\"url\":\"https:\\\/\\\/skin-heal.com\\\/wp-content\\\/uploads\\\/2023\\\/02\\\/RRS-HA-INJECTABLE.jpg\",\"contentUrl\":\"https:\\\/\\\/skin-heal.com\\\/wp-content\\\/uploads\\\/2023\\\/02\\\/RRS-HA-INJECTABLE.jpg\",\"width\":600,\"height\":600,\"caption\":\"RRS HA INJECTABLE\"},{\"@type\":\"BreadcrumbList\",\"@id\":\"https:\\\/\\\/skin-heal.com\\\/product\\\/rrs-ha-injectable-6x5ml\\\/#breadcrumb\",\"itemListElement\":[{\"@type\":\"ListItem\",\"position\":1,\"name\":\"Home\",\"item\":\"https:\\\/\\\/skin-heal.com\\\/\"},{\"@type\":\"ListItem\",\"position\":2,\"name\":\"Store\",\"item\":\"https:\\\/\\\/skin-heal.com\\\/store\\\/\"},{\"@type\":\"ListItem\",\"position\":3,\"name\":\"RRS HA INJECTABLE (6x5ml)\"}]},{\"@type\":\"WebSite\",\"@id\":\"https:\\\/\\\/skin-heal.com\\\/#website\",\"url\":\"https:\\\/\\\/skin-heal.com\\\/\",\"name\":\"Skin Heal\",\"description\":\"Lowest Prices for Dermal Fillers\",\"potentialAction\":[{\"@type\":\"SearchAction\",\"target\":{\"@type\":\"EntryPoint\",\"urlTemplate\":\"https:\\\/\\\/skin-heal.com\\\/?s={search_term_string}\"},\"query-input\":{\"@type\":\"PropertyValueSpecification\",\"valueRequired\":true,\"valueName\":\"search_term_string\"}}],\"inLanguage\":\"es\"}]}<\/script>\n<!-- \/ Yoast SEO plugin. -->","yoast_head_json":{"title":"RRS HA INYECTABLE (6x5ml) - Skin Heal","description":"RRS\u00ae HA INYECTABLE contiene 72 principios activos y \u00e1cido hialur\u00f3nico purificado y se utiliza para el rejuvenecimiento de la piel en las zonas de la cara, el cuello, el escote, las manos, los brazos, los muslos y el abdomen.","robots":{"index":"index","follow":"follow","max-snippet":"max-snippet:-1","max-image-preview":"max-image-preview:large","max-video-preview":"max-video-preview:-1"},"canonical":"https:\/\/skin-heal.com\/es\/producto\/rrs-ha-injectable-6x5ml\/","og_locale":"es_MX","og_type":"article","og_title":"RRS HA INJECTABLE (6x5ml) - Skin Heal","og_description":"RRS\u00ae HA INJECTABLE has 72 active ingredients and purified hyaluronic acid and is used for skin rejuvenation in face, neck, d\u00e9collet\u00e9, hands, arms, thighs, and abdomen areas.","og_url":"https:\/\/skin-heal.com\/es\/producto\/rrs-ha-injectable-6x5ml\/","og_site_name":"Skin Heal","article_modified_time":"2026-02-17T13:45:23+00:00","og_image":[{"width":600,"height":600,"url":"https:\/\/cdn.skin-heal.com\/wp-content\/uploads\/2023\/02\/RRS-HA-INJECTABLE.jpg","type":"image\/jpeg"}],"twitter_card":"summary_large_image","twitter_misc":{"Tiempo de lectura":"1 minuto"},"schema":{"@context":"https:\/\/schema.org","@graph":[{"@type":"WebPage","@id":"https:\/\/skin-heal.com\/product\/rrs-ha-injectable-6x5ml\/","url":"https:\/\/skin-heal.com\/product\/rrs-ha-injectable-6x5ml\/","name":"RRS HA INYECTABLE (6x5ml) - Skin Heal","isPartOf":{"@id":"https:\/\/skin-heal.com\/#website"},"primaryImageOfPage":{"@id":"https:\/\/skin-heal.com\/product\/rrs-ha-injectable-6x5ml\/#primaryimage"},"image":{"@id":"https:\/\/skin-heal.com\/product\/rrs-ha-injectable-6x5ml\/#primaryimage"},"thumbnailUrl":"https:\/\/cdn.skin-heal.com\/wp-content\/uploads\/2023\/02\/RRS-HA-INJECTABLE.jpg","datePublished":"2023-02-17T13:30:55+00:00","dateModified":"2026-02-17T13:45:23+00:00","description":"RRS\u00ae HA INYECTABLE contiene 72 principios activos y \u00e1cido hialur\u00f3nico purificado y se utiliza para el rejuvenecimiento de la piel en las zonas de la cara, el cuello, el escote, las manos, los brazos, los muslos y el abdomen.","breadcrumb":{"@id":"https:\/\/skin-heal.com\/product\/rrs-ha-injectable-6x5ml\/#breadcrumb"},"inLanguage":"es","potentialAction":[{"@type":"ReadAction","target":["https:\/\/skin-heal.com\/product\/rrs-ha-injectable-6x5ml\/"]}]},{"@type":"ImageObject","inLanguage":"es","@id":"https:\/\/skin-heal.com\/product\/rrs-ha-injectable-6x5ml\/#primaryimage","url":"https:\/\/cdn.skin-heal.com\/wp-content\/uploads\/2023\/02\/RRS-HA-INJECTABLE.jpg","contentUrl":"https:\/\/cdn.skin-heal.com\/wp-content\/uploads\/2023\/02\/RRS-HA-INJECTABLE.jpg","width":600,"height":600,"caption":"RRS HA INJECTABLE"},{"@type":"BreadcrumbList","@id":"https:\/\/skin-heal.com\/product\/rrs-ha-injectable-6x5ml\/#breadcrumb","itemListElement":[{"@type":"ListItem","position":1,"name":"Home","item":"https:\/\/skin-heal.com\/"},{"@type":"ListItem","position":2,"name":"Store","item":"https:\/\/skin-heal.com\/store\/"},{"@type":"ListItem","position":3,"name":"RRS HA INJECTABLE (6x5ml)"}]},{"@type":"WebSite","@id":"https:\/\/skin-heal.com\/#website","url":"https:\/\/skin-heal.com\/","name":"Curaci\u00f3n de la piel","description":"Los precios m\u00e1s bajos para los rellenos d\u00e9rmicos","potentialAction":[{"@type":"SearchAction","target":{"@type":"EntryPoint","urlTemplate":"https:\/\/skin-heal.com\/?s={search_term_string}"},"query-input":{"@type":"PropertyValueSpecification","valueRequired":true,"valueName":"search_term_string"}}],"inLanguage":"es"}]}},"_links":{"self":[{"href":"https:\/\/skin-heal.com\/es\/wp-json\/wp\/v2\/product\/35470","targetHints":{"allow":["GET"]}}],"collection":[{"href":"https:\/\/skin-heal.com\/es\/wp-json\/wp\/v2\/product"}],"about":[{"href":"https:\/\/skin-heal.com\/es\/wp-json\/wp\/v2\/types\/product"}],"wp:featuredmedia":[{"embeddable":true,"href":"https:\/\/skin-heal.com\/es\/wp-json\/wp\/v2\/media\/35479"}],"wp:attachment":[{"href":"https:\/\/skin-heal.com\/es\/wp-json\/wp\/v2\/media?parent=35470"}],"wp:term":[{"taxonomy":"product_brand","embeddable":true,"href":"https:\/\/skin-heal.com\/es\/wp-json\/wp\/v2\/product_brand?post=35470"},{"taxonomy":"product_cat","embeddable":true,"href":"https:\/\/skin-heal.com\/es\/wp-json\/wp\/v2\/product_cat?post=35470"},{"taxonomy":"product_tag","embeddable":true,"href":"https:\/\/skin-heal.com\/es\/wp-json\/wp\/v2\/product_tag?post=35470"}],"curies":[{"name":"wp","href":"https:\/\/api.w.org\/{rel}","templated":true}]}}