{"id":35471,"date":"2023-02-17T15:30:59","date_gmt":"2023-02-17T13:30:59","guid":{"rendered":"https:\/\/skin-heal.com\/?post_type=product&#038;p=35471"},"modified":"2024-04-18T16:56:08","modified_gmt":"2024-04-18T13:56:08","slug":"rrs-ha-whitening-6-x-3ml","status":"publish","type":"product","link":"https:\/\/skin-heal.com\/es\/producto\/rrs-ha-whitening-6-x-3ml\/","title":{"rendered":"RRS HA WHITENING (6 x 3ml)"},"content":{"rendered":"<p>Como la mayor\u00eda de los productos de la l\u00ednea RRS, el HA Whitening utiliza una f\u00f3rmula sencilla para lograr resultados \u00f3ptimos - el \u00e1cido hialur\u00f3nico no reticulado se disuelve en un tamp\u00f3n, que es una mezcla de varios nutrientes y otros ingredientes rejuvenecedores, seleccionados para lograr una determinada tarea, en este caso - la mejora del tono de la piel. La lista de estos incluye:<\/p>\n<ul>\n<li>Vitamina A<\/li>\n<li>Vitamina C<\/li>\n<li>Vitamina E<\/li>\n<li>Extracto de ra\u00edz de Glycyrrhiza glabra<\/li>\n<li>Extracto de hoja de morera blanca<\/li>\n<li>Arbutina<\/li>\n<li>Palmitato de retinol<\/li>\n<li>\u00c1cido aminoetilfosf\u00ednico<\/li>\n<\/ul>\n<p>El objetivo de hacer mesoterapia con RRS HA Whitening no es s\u00f3lo aclarar las manchas oscuras de la piel de la cara o de la mano, sino restablecer el equilibrio de nutrientes en la piel durante un largo periodo de tiempo. Los problemas de pigmentaci\u00f3n de la piel pueden estar directamente relacionados con cuestiones como el envejecimiento prematuro, la piel cansada, la mala hidrataci\u00f3n de la piel, etc. Con el fin de solucionar el per\u00edodo problem\u00e1tico, el Blanqueamiento HA no s\u00f3lo aborda el problema directo (hiperpigmentaci\u00f3n, decoloraci\u00f3n, problemas de tono de la piel), sino que tambi\u00e9n trata la causa subyacente. Una piel m\u00e1s sana, suave y el\u00e1stica es mucho menos propensa a la formaci\u00f3n de manchas oscuras, por ejemplo.<\/p>\n<p>Y a diferencia de otras soluciones para aclarar la piel del mercado, este producto RRS meso no se limita al tratamiento facial, sino que puede inyectarse libremente en las manos, el cuello o incluso en la piel de la zona abdominal.<\/p>","protected":false},"excerpt":{"rendered":"<p>Las manchas y el oscurecimiento de la piel son uno de los problemas m\u00e1s populares, especialmente entre las personas que pasan de cierta edad. RRS HA Whitening representa una de las formas m\u00e1s eficaces de mesoterapia cut\u00e1nea para tratar los problemas de hiperpigmentaci\u00f3n cut\u00e1nea, pero tambi\u00e9n la decoloraci\u00f3n y el desequilibrio del tono de la piel. Inyectada en varias zonas de la cara, el cuello y el escote, la soluci\u00f3n meso no s\u00f3lo se ocupar\u00e1 del oscurecimiento de la piel o la p\u00e9rdida de manchas de color, sino que tambi\u00e9n tendr\u00e1 un efecto rejuvenecedor profundo y duradero. Altamente eficaz y seguro de usar, RRS HA Whitening tambi\u00e9n puede inyectarse en las manos y el cuerpo para tratar los problemas de pigmentaci\u00f3n.<\/p>","protected":false},"featured_media":35482,"template":"","meta":[],"product_brand":[],"product_cat":[80],"product_tag":[],"class_list":{"0":"post-35471","1":"product","2":"type-product","3":"status-publish","4":"has-post-thumbnail","6":"product_cat-mesotherapy","7":"clearfix","9":"first","10":"outofstock","11":"taxable","12":"shipping-taxable","13":"purchasable","14":"product-type-simple"},"yoast_head":"<!-- This site is optimized with the Yoast SEO plugin v27.3 - https:\/\/yoast.com\/product\/yoast-seo-wordpress\/ -->\n<title>RRS HA WHITENING (6 x 3ml) - Skin Heal<\/title>\n<meta name=\"description\" content=\"RRS\u00ae HA WHITENING is a specialized mesotherapy cocktail for the treatment of skin hyper-pigmentation, age spots, and discoloration for facial and body injection.\" \/>\n<meta name=\"robots\" content=\"index, follow, max-snippet:-1, max-image-preview:large, max-video-preview:-1\" \/>\n<link rel=\"canonical\" href=\"https:\/\/skin-heal.com\/es\/producto\/rrs-ha-whitening-6-x-3ml\/\" \/>\n<meta property=\"og:locale\" content=\"es_MX\" \/>\n<meta property=\"og:type\" content=\"article\" \/>\n<meta property=\"og:title\" content=\"RRS HA WHITENING (6 x 3ml) - Skin Heal\" \/>\n<meta property=\"og:description\" content=\"RRS\u00ae HA WHITENING is a specialized mesotherapy cocktail for the treatment of skin hyper-pigmentation, age spots, and discoloration for facial and body injection.\" \/>\n<meta property=\"og:url\" content=\"https:\/\/skin-heal.com\/es\/producto\/rrs-ha-whitening-6-x-3ml\/\" \/>\n<meta property=\"og:site_name\" content=\"Skin Heal\" \/>\n<meta property=\"article:modified_time\" content=\"2024-04-18T13:56:08+00:00\" \/>\n<meta property=\"og:image\" content=\"https:\/\/cdn.skin-heal.com\/wp-content\/uploads\/2023\/02\/RRS-HA-WHITENING.jpg\" \/>\n\t<meta property=\"og:image:width\" content=\"600\" \/>\n\t<meta property=\"og:image:height\" content=\"600\" \/>\n\t<meta property=\"og:image:type\" content=\"image\/jpeg\" \/>\n<meta name=\"twitter:card\" content=\"summary_large_image\" \/>\n<meta name=\"twitter:label1\" content=\"Tiempo de lectura\" \/>\n\t<meta name=\"twitter:data1\" content=\"1 minuto\" \/>\n<script type=\"application\/ld+json\" class=\"yoast-schema-graph\">{\"@context\":\"https:\\\/\\\/schema.org\",\"@graph\":[{\"@type\":\"WebPage\",\"@id\":\"https:\\\/\\\/skin-heal.com\\\/product\\\/rrs-ha-whitening-6-x-3ml\\\/\",\"url\":\"https:\\\/\\\/skin-heal.com\\\/product\\\/rrs-ha-whitening-6-x-3ml\\\/\",\"name\":\"RRS HA WHITENING (6 x 3ml) - Skin Heal\",\"isPartOf\":{\"@id\":\"https:\\\/\\\/skin-heal.com\\\/#website\"},\"primaryImageOfPage\":{\"@id\":\"https:\\\/\\\/skin-heal.com\\\/product\\\/rrs-ha-whitening-6-x-3ml\\\/#primaryimage\"},\"image\":{\"@id\":\"https:\\\/\\\/skin-heal.com\\\/product\\\/rrs-ha-whitening-6-x-3ml\\\/#primaryimage\"},\"thumbnailUrl\":\"https:\\\/\\\/skin-heal.com\\\/wp-content\\\/uploads\\\/2023\\\/02\\\/RRS-HA-WHITENING.jpg\",\"datePublished\":\"2023-02-17T13:30:59+00:00\",\"dateModified\":\"2024-04-18T13:56:08+00:00\",\"description\":\"RRS\u00ae HA WHITENING is a specialized mesotherapy cocktail for the treatment of skin hyper-pigmentation, age spots, and discoloration for facial and body injection.\",\"breadcrumb\":{\"@id\":\"https:\\\/\\\/skin-heal.com\\\/product\\\/rrs-ha-whitening-6-x-3ml\\\/#breadcrumb\"},\"inLanguage\":\"es\",\"potentialAction\":[{\"@type\":\"ReadAction\",\"target\":[\"https:\\\/\\\/skin-heal.com\\\/product\\\/rrs-ha-whitening-6-x-3ml\\\/\"]}]},{\"@type\":\"ImageObject\",\"inLanguage\":\"es\",\"@id\":\"https:\\\/\\\/skin-heal.com\\\/product\\\/rrs-ha-whitening-6-x-3ml\\\/#primaryimage\",\"url\":\"https:\\\/\\\/skin-heal.com\\\/wp-content\\\/uploads\\\/2023\\\/02\\\/RRS-HA-WHITENING.jpg\",\"contentUrl\":\"https:\\\/\\\/skin-heal.com\\\/wp-content\\\/uploads\\\/2023\\\/02\\\/RRS-HA-WHITENING.jpg\",\"width\":600,\"height\":600,\"caption\":\"RRS HA WHITENING\"},{\"@type\":\"BreadcrumbList\",\"@id\":\"https:\\\/\\\/skin-heal.com\\\/product\\\/rrs-ha-whitening-6-x-3ml\\\/#breadcrumb\",\"itemListElement\":[{\"@type\":\"ListItem\",\"position\":1,\"name\":\"Home\",\"item\":\"https:\\\/\\\/skin-heal.com\\\/\"},{\"@type\":\"ListItem\",\"position\":2,\"name\":\"Store\",\"item\":\"https:\\\/\\\/skin-heal.com\\\/store\\\/\"},{\"@type\":\"ListItem\",\"position\":3,\"name\":\"RRS HA WHITENING (6 x 3ml)\"}]},{\"@type\":\"WebSite\",\"@id\":\"https:\\\/\\\/skin-heal.com\\\/#website\",\"url\":\"https:\\\/\\\/skin-heal.com\\\/\",\"name\":\"Skin Heal\",\"description\":\"Lowest Prices for Dermal Fillers\",\"potentialAction\":[{\"@type\":\"SearchAction\",\"target\":{\"@type\":\"EntryPoint\",\"urlTemplate\":\"https:\\\/\\\/skin-heal.com\\\/?s={search_term_string}\"},\"query-input\":{\"@type\":\"PropertyValueSpecification\",\"valueRequired\":true,\"valueName\":\"search_term_string\"}}],\"inLanguage\":\"es\"}]}<\/script>\n<!-- \/ Yoast SEO plugin. -->","yoast_head_json":{"title":"RRS HA WHITENING (6 x 3ml) - Skin Heal","description":"RRS\u00ae HA WHITENING es un c\u00f3ctel de mesoterapia especializado para el tratamiento de la hiperpigmentaci\u00f3n cut\u00e1nea, las manchas de la edad y la decoloraci\u00f3n por inyecci\u00f3n facial y corporal.","robots":{"index":"index","follow":"follow","max-snippet":"max-snippet:-1","max-image-preview":"max-image-preview:large","max-video-preview":"max-video-preview:-1"},"canonical":"https:\/\/skin-heal.com\/es\/producto\/rrs-ha-whitening-6-x-3ml\/","og_locale":"es_MX","og_type":"article","og_title":"RRS HA WHITENING (6 x 3ml) - Skin Heal","og_description":"RRS\u00ae HA WHITENING is a specialized mesotherapy cocktail for the treatment of skin hyper-pigmentation, age spots, and discoloration for facial and body injection.","og_url":"https:\/\/skin-heal.com\/es\/producto\/rrs-ha-whitening-6-x-3ml\/","og_site_name":"Skin Heal","article_modified_time":"2024-04-18T13:56:08+00:00","og_image":[{"width":600,"height":600,"url":"https:\/\/cdn.skin-heal.com\/wp-content\/uploads\/2023\/02\/RRS-HA-WHITENING.jpg","type":"image\/jpeg"}],"twitter_card":"summary_large_image","twitter_misc":{"Tiempo de lectura":"1 minuto"},"schema":{"@context":"https:\/\/schema.org","@graph":[{"@type":"WebPage","@id":"https:\/\/skin-heal.com\/product\/rrs-ha-whitening-6-x-3ml\/","url":"https:\/\/skin-heal.com\/product\/rrs-ha-whitening-6-x-3ml\/","name":"RRS HA WHITENING (6 x 3ml) - Skin Heal","isPartOf":{"@id":"https:\/\/skin-heal.com\/#website"},"primaryImageOfPage":{"@id":"https:\/\/skin-heal.com\/product\/rrs-ha-whitening-6-x-3ml\/#primaryimage"},"image":{"@id":"https:\/\/skin-heal.com\/product\/rrs-ha-whitening-6-x-3ml\/#primaryimage"},"thumbnailUrl":"https:\/\/cdn.skin-heal.com\/wp-content\/uploads\/2023\/02\/RRS-HA-WHITENING.jpg","datePublished":"2023-02-17T13:30:59+00:00","dateModified":"2024-04-18T13:56:08+00:00","description":"RRS\u00ae HA WHITENING es un c\u00f3ctel de mesoterapia especializado para el tratamiento de la hiperpigmentaci\u00f3n cut\u00e1nea, las manchas de la edad y la decoloraci\u00f3n por inyecci\u00f3n facial y corporal.","breadcrumb":{"@id":"https:\/\/skin-heal.com\/product\/rrs-ha-whitening-6-x-3ml\/#breadcrumb"},"inLanguage":"es","potentialAction":[{"@type":"ReadAction","target":["https:\/\/skin-heal.com\/product\/rrs-ha-whitening-6-x-3ml\/"]}]},{"@type":"ImageObject","inLanguage":"es","@id":"https:\/\/skin-heal.com\/product\/rrs-ha-whitening-6-x-3ml\/#primaryimage","url":"https:\/\/cdn.skin-heal.com\/wp-content\/uploads\/2023\/02\/RRS-HA-WHITENING.jpg","contentUrl":"https:\/\/cdn.skin-heal.com\/wp-content\/uploads\/2023\/02\/RRS-HA-WHITENING.jpg","width":600,"height":600,"caption":"RRS HA WHITENING"},{"@type":"BreadcrumbList","@id":"https:\/\/skin-heal.com\/product\/rrs-ha-whitening-6-x-3ml\/#breadcrumb","itemListElement":[{"@type":"ListItem","position":1,"name":"Home","item":"https:\/\/skin-heal.com\/"},{"@type":"ListItem","position":2,"name":"Store","item":"https:\/\/skin-heal.com\/store\/"},{"@type":"ListItem","position":3,"name":"RRS HA WHITENING (6 x 3ml)"}]},{"@type":"WebSite","@id":"https:\/\/skin-heal.com\/#website","url":"https:\/\/skin-heal.com\/","name":"Curaci\u00f3n de la piel","description":"Los precios m\u00e1s bajos para los rellenos d\u00e9rmicos","potentialAction":[{"@type":"SearchAction","target":{"@type":"EntryPoint","urlTemplate":"https:\/\/skin-heal.com\/?s={search_term_string}"},"query-input":{"@type":"PropertyValueSpecification","valueRequired":true,"valueName":"search_term_string"}}],"inLanguage":"es"}]}},"_links":{"self":[{"href":"https:\/\/skin-heal.com\/es\/wp-json\/wp\/v2\/product\/35471","targetHints":{"allow":["GET"]}}],"collection":[{"href":"https:\/\/skin-heal.com\/es\/wp-json\/wp\/v2\/product"}],"about":[{"href":"https:\/\/skin-heal.com\/es\/wp-json\/wp\/v2\/types\/product"}],"wp:featuredmedia":[{"embeddable":true,"href":"https:\/\/skin-heal.com\/es\/wp-json\/wp\/v2\/media\/35482"}],"wp:attachment":[{"href":"https:\/\/skin-heal.com\/es\/wp-json\/wp\/v2\/media?parent=35471"}],"wp:term":[{"taxonomy":"product_brand","embeddable":true,"href":"https:\/\/skin-heal.com\/es\/wp-json\/wp\/v2\/product_brand?post=35471"},{"taxonomy":"product_cat","embeddable":true,"href":"https:\/\/skin-heal.com\/es\/wp-json\/wp\/v2\/product_cat?post=35471"},{"taxonomy":"product_tag","embeddable":true,"href":"https:\/\/skin-heal.com\/es\/wp-json\/wp\/v2\/product_tag?post=35471"}],"curies":[{"name":"wp","href":"https:\/\/api.w.org\/{rel}","templated":true}]}}