{"id":35472,"date":"2023-02-17T15:30:57","date_gmt":"2023-02-17T13:30:57","guid":{"rendered":"https:\/\/skin-heal.com\/?post_type=product&#038;p=35472"},"modified":"2023-03-31T17:49:25","modified_gmt":"2023-03-31T14:49:25","slug":"rrs-ha-tensor-lift-6-x-5ml","status":"publish","type":"product","link":"https:\/\/skin-heal.com\/es\/producto\/rrs-ha-tensor-lift-6-x-5ml\/","title":{"rendered":"RRS HA TENSOR LIFT (6 x 5ml)"},"content":{"rendered":"<p>RRS HA Tensor Lift cubre un amplio espectro de problemas de la piel y es una herramienta flexible para el tratamiento de mesoterapia cuando se trata de problemas como:<\/p>\n<ul>\n<li>Hipotrofia d\u00e9rmica<\/li>\n<li>Atrofia d\u00e9rmica<\/li>\n<li>Disminuci\u00f3n del grosor de la dermis<\/li>\n<li>Piel fl\u00e1cida o descolgada<\/li>\n<li>Elastosis cut\u00e1nea<\/li>\n<li>Ciertas formas de cambio en el tono de la piel<\/li>\n<\/ul>\n<p>Los efectos se acumulan con el tiempo, por lo que es aconsejable que el tratamiento Tensor Lift se repita al menos dos veces en un mismo ciclo de tratamiento (seg\u00fan determine el profesional o el dermat\u00f3logo). En lugar de una soluci\u00f3n instant\u00e1nea a los problemas de la piel, la forma de mesoterapia acumular\u00e1 gradualmente la cantidad de \u00e1cido hialur\u00f3nico y nutrientes en la piel para conseguir un efecto mucho m\u00e1s prolongado.<\/p>\n<h3>RRS HA Tensor Lift - lista de ingredientes<\/h3>\n<p>El producto es una soluci\u00f3n inyectable cuidadosamente equilibrada y adaptada, con cada ingrediente elegido espec\u00edficamente para potenciar el efecto antienvejecimiento de la piel.<\/p>\n<ul>\n<li>AH de origen no animal<\/li>\n<li>Complejos coenzim\u00e1ticos<\/li>\n<li>Selecci\u00f3n de amino\u00e1cidos y nutrientes<\/li>\n<li>Vitaminas para la piel<\/li>\n<li>Silicio org\u00e1nico<\/li>\n<li>Dimetiletanolamina (DMAE)<\/li>\n<li>Polifenoles<\/li>\n<li>Silicio org\u00e1nico<\/li>\n<\/ul>\n<p>El \u00e1cido hialur\u00f3nico se disuelve en un tamp\u00f3n protector formado por la mezcla del resto de ingredientes.<\/p>","protected":false},"excerpt":{"rendered":"<p>Como su nombre indica, RRS HA Tensor Lift es una soluci\u00f3n de mesoterapia especializada, destinada a conseguir un efecto lifting en la piel envejecida y cansada. Lo consigue introduciendo en la piel una selecci\u00f3n especial de \u00e1cido hialur\u00f3nico y nutrientes. Al equilibrar cuidadosamente el n\u00famero de vitaminas, amino\u00e1cidos y flavonoides, Tensor Lift devuelve la juventud a la piel envejecida. Al mismo tiempo, los antioxidantes se encargan del efecto negativo de los radicales libres, conocidos por ser un factor importante en los procesos de envejecimiento prematuro. El principal uso de RRS HA Tensor Lift es reafirmar la piel floja y fl\u00e1cida y estimular la producci\u00f3n de elastina cuando \u00e9sta es baja.<\/p>","protected":false},"featured_media":35481,"template":"","meta":[],"product_brand":[],"product_cat":[80],"product_tag":[],"class_list":{"0":"post-35472","1":"product","2":"type-product","3":"status-publish","4":"has-post-thumbnail","6":"product_cat-mesotherapy","7":"clearfix","9":"first","10":"outofstock","11":"taxable","12":"shipping-taxable","13":"purchasable","14":"product-type-simple"},"yoast_head":"<!-- This site is optimized with the Yoast SEO plugin v27.4 - https:\/\/yoast.com\/product\/yoast-seo-wordpress\/ -->\n<title>RRS HA TENSOR LIFT (6 x 5ml) - Skin Heal<\/title>\n<meta name=\"description\" content=\"RRS HA TENSOR LIFT can be used for mesotherapy, with direct skin lifting effect and long term anti-age improvements and skin rejuvenation.\" \/>\n<meta name=\"robots\" content=\"index, follow, max-snippet:-1, max-image-preview:large, max-video-preview:-1\" \/>\n<link rel=\"canonical\" href=\"https:\/\/skin-heal.com\/es\/producto\/rrs-ha-tensor-lift-6-x-5ml\/\" \/>\n<meta property=\"og:locale\" content=\"es_MX\" \/>\n<meta property=\"og:type\" content=\"article\" \/>\n<meta property=\"og:title\" content=\"RRS HA TENSOR LIFT (6 x 5ml) - Skin Heal\" \/>\n<meta property=\"og:description\" content=\"RRS HA TENSOR LIFT can be used for mesotherapy, with direct skin lifting effect and long term anti-age improvements and skin rejuvenation.\" \/>\n<meta property=\"og:url\" content=\"https:\/\/skin-heal.com\/es\/producto\/rrs-ha-tensor-lift-6-x-5ml\/\" \/>\n<meta property=\"og:site_name\" content=\"Skin Heal\" \/>\n<meta property=\"article:modified_time\" content=\"2023-03-31T14:49:25+00:00\" \/>\n<meta property=\"og:image\" content=\"https:\/\/cdn.skin-heal.com\/wp-content\/uploads\/2023\/02\/RRS-HA-TENSOR-LIFT.jpg\" \/>\n\t<meta property=\"og:image:width\" content=\"600\" \/>\n\t<meta property=\"og:image:height\" content=\"600\" \/>\n\t<meta property=\"og:image:type\" content=\"image\/jpeg\" \/>\n<meta name=\"twitter:card\" content=\"summary_large_image\" \/>\n<meta name=\"twitter:label1\" content=\"Tiempo de lectura\" \/>\n\t<meta name=\"twitter:data1\" content=\"1 minuto\" \/>\n<script type=\"application\/ld+json\" class=\"yoast-schema-graph\">{\"@context\":\"https:\\\/\\\/schema.org\",\"@graph\":[{\"@type\":\"WebPage\",\"@id\":\"https:\\\/\\\/skin-heal.com\\\/product\\\/rrs-ha-tensor-lift-6-x-5ml\\\/\",\"url\":\"https:\\\/\\\/skin-heal.com\\\/product\\\/rrs-ha-tensor-lift-6-x-5ml\\\/\",\"name\":\"RRS HA TENSOR LIFT (6 x 5ml) - Skin Heal\",\"isPartOf\":{\"@id\":\"https:\\\/\\\/skin-heal.com\\\/#website\"},\"primaryImageOfPage\":{\"@id\":\"https:\\\/\\\/skin-heal.com\\\/product\\\/rrs-ha-tensor-lift-6-x-5ml\\\/#primaryimage\"},\"image\":{\"@id\":\"https:\\\/\\\/skin-heal.com\\\/product\\\/rrs-ha-tensor-lift-6-x-5ml\\\/#primaryimage\"},\"thumbnailUrl\":\"https:\\\/\\\/skin-heal.com\\\/wp-content\\\/uploads\\\/2023\\\/02\\\/RRS-HA-TENSOR-LIFT.jpg\",\"datePublished\":\"2023-02-17T13:30:57+00:00\",\"dateModified\":\"2023-03-31T14:49:25+00:00\",\"description\":\"RRS HA TENSOR LIFT can be used for mesotherapy, with direct skin lifting effect and long term anti-age improvements and skin rejuvenation.\",\"breadcrumb\":{\"@id\":\"https:\\\/\\\/skin-heal.com\\\/product\\\/rrs-ha-tensor-lift-6-x-5ml\\\/#breadcrumb\"},\"inLanguage\":\"es\",\"potentialAction\":[{\"@type\":\"ReadAction\",\"target\":[\"https:\\\/\\\/skin-heal.com\\\/product\\\/rrs-ha-tensor-lift-6-x-5ml\\\/\"]}]},{\"@type\":\"ImageObject\",\"inLanguage\":\"es\",\"@id\":\"https:\\\/\\\/skin-heal.com\\\/product\\\/rrs-ha-tensor-lift-6-x-5ml\\\/#primaryimage\",\"url\":\"https:\\\/\\\/skin-heal.com\\\/wp-content\\\/uploads\\\/2023\\\/02\\\/RRS-HA-TENSOR-LIFT.jpg\",\"contentUrl\":\"https:\\\/\\\/skin-heal.com\\\/wp-content\\\/uploads\\\/2023\\\/02\\\/RRS-HA-TENSOR-LIFT.jpg\",\"width\":600,\"height\":600,\"caption\":\"RRS HA TENSOR LIFT\"},{\"@type\":\"BreadcrumbList\",\"@id\":\"https:\\\/\\\/skin-heal.com\\\/product\\\/rrs-ha-tensor-lift-6-x-5ml\\\/#breadcrumb\",\"itemListElement\":[{\"@type\":\"ListItem\",\"position\":1,\"name\":\"Home\",\"item\":\"https:\\\/\\\/skin-heal.com\\\/\"},{\"@type\":\"ListItem\",\"position\":2,\"name\":\"Store\",\"item\":\"https:\\\/\\\/skin-heal.com\\\/store\\\/\"},{\"@type\":\"ListItem\",\"position\":3,\"name\":\"RRS HA TENSOR LIFT (6 x 5ml)\"}]},{\"@type\":\"WebSite\",\"@id\":\"https:\\\/\\\/skin-heal.com\\\/#website\",\"url\":\"https:\\\/\\\/skin-heal.com\\\/\",\"name\":\"Skin Heal\",\"description\":\"Lowest Prices for Dermal Fillers\",\"potentialAction\":[{\"@type\":\"SearchAction\",\"target\":{\"@type\":\"EntryPoint\",\"urlTemplate\":\"https:\\\/\\\/skin-heal.com\\\/?s={search_term_string}\"},\"query-input\":{\"@type\":\"PropertyValueSpecification\",\"valueRequired\":true,\"valueName\":\"search_term_string\"}}],\"inLanguage\":\"es\"}]}<\/script>\n<!-- \/ Yoast SEO plugin. -->","yoast_head_json":{"title":"RRS HA TENSOR LIFT (6 x 5ml) - Skin Heal","description":"RRS HA TENSOR LIFT puede utilizarse para mesoterapia, con efecto lifting directo de la piel y mejoras antiedad y rejuvenecimiento cut\u00e1neo a largo plazo.","robots":{"index":"index","follow":"follow","max-snippet":"max-snippet:-1","max-image-preview":"max-image-preview:large","max-video-preview":"max-video-preview:-1"},"canonical":"https:\/\/skin-heal.com\/es\/producto\/rrs-ha-tensor-lift-6-x-5ml\/","og_locale":"es_MX","og_type":"article","og_title":"RRS HA TENSOR LIFT (6 x 5ml) - Skin Heal","og_description":"RRS HA TENSOR LIFT can be used for mesotherapy, with direct skin lifting effect and long term anti-age improvements and skin rejuvenation.","og_url":"https:\/\/skin-heal.com\/es\/producto\/rrs-ha-tensor-lift-6-x-5ml\/","og_site_name":"Skin Heal","article_modified_time":"2023-03-31T14:49:25+00:00","og_image":[{"width":600,"height":600,"url":"https:\/\/cdn.skin-heal.com\/wp-content\/uploads\/2023\/02\/RRS-HA-TENSOR-LIFT.jpg","type":"image\/jpeg"}],"twitter_card":"summary_large_image","twitter_misc":{"Tiempo de lectura":"1 minuto"},"schema":{"@context":"https:\/\/schema.org","@graph":[{"@type":"WebPage","@id":"https:\/\/skin-heal.com\/product\/rrs-ha-tensor-lift-6-x-5ml\/","url":"https:\/\/skin-heal.com\/product\/rrs-ha-tensor-lift-6-x-5ml\/","name":"RRS HA TENSOR LIFT (6 x 5ml) - Skin Heal","isPartOf":{"@id":"https:\/\/skin-heal.com\/#website"},"primaryImageOfPage":{"@id":"https:\/\/skin-heal.com\/product\/rrs-ha-tensor-lift-6-x-5ml\/#primaryimage"},"image":{"@id":"https:\/\/skin-heal.com\/product\/rrs-ha-tensor-lift-6-x-5ml\/#primaryimage"},"thumbnailUrl":"https:\/\/cdn.skin-heal.com\/wp-content\/uploads\/2023\/02\/RRS-HA-TENSOR-LIFT.jpg","datePublished":"2023-02-17T13:30:57+00:00","dateModified":"2023-03-31T14:49:25+00:00","description":"RRS HA TENSOR LIFT puede utilizarse para mesoterapia, con efecto lifting directo de la piel y mejoras antiedad y rejuvenecimiento cut\u00e1neo a largo plazo.","breadcrumb":{"@id":"https:\/\/skin-heal.com\/product\/rrs-ha-tensor-lift-6-x-5ml\/#breadcrumb"},"inLanguage":"es","potentialAction":[{"@type":"ReadAction","target":["https:\/\/skin-heal.com\/product\/rrs-ha-tensor-lift-6-x-5ml\/"]}]},{"@type":"ImageObject","inLanguage":"es","@id":"https:\/\/skin-heal.com\/product\/rrs-ha-tensor-lift-6-x-5ml\/#primaryimage","url":"https:\/\/cdn.skin-heal.com\/wp-content\/uploads\/2023\/02\/RRS-HA-TENSOR-LIFT.jpg","contentUrl":"https:\/\/cdn.skin-heal.com\/wp-content\/uploads\/2023\/02\/RRS-HA-TENSOR-LIFT.jpg","width":600,"height":600,"caption":"RRS HA TENSOR LIFT"},{"@type":"BreadcrumbList","@id":"https:\/\/skin-heal.com\/product\/rrs-ha-tensor-lift-6-x-5ml\/#breadcrumb","itemListElement":[{"@type":"ListItem","position":1,"name":"Home","item":"https:\/\/skin-heal.com\/"},{"@type":"ListItem","position":2,"name":"Store","item":"https:\/\/skin-heal.com\/store\/"},{"@type":"ListItem","position":3,"name":"RRS HA TENSOR LIFT (6 x 5ml)"}]},{"@type":"WebSite","@id":"https:\/\/skin-heal.com\/#website","url":"https:\/\/skin-heal.com\/","name":"Curaci\u00f3n de la piel","description":"Los precios m\u00e1s bajos para los rellenos d\u00e9rmicos","potentialAction":[{"@type":"SearchAction","target":{"@type":"EntryPoint","urlTemplate":"https:\/\/skin-heal.com\/?s={search_term_string}"},"query-input":{"@type":"PropertyValueSpecification","valueRequired":true,"valueName":"search_term_string"}}],"inLanguage":"es"}]}},"_links":{"self":[{"href":"https:\/\/skin-heal.com\/es\/wp-json\/wp\/v2\/product\/35472","targetHints":{"allow":["GET"]}}],"collection":[{"href":"https:\/\/skin-heal.com\/es\/wp-json\/wp\/v2\/product"}],"about":[{"href":"https:\/\/skin-heal.com\/es\/wp-json\/wp\/v2\/types\/product"}],"wp:featuredmedia":[{"embeddable":true,"href":"https:\/\/skin-heal.com\/es\/wp-json\/wp\/v2\/media\/35481"}],"wp:attachment":[{"href":"https:\/\/skin-heal.com\/es\/wp-json\/wp\/v2\/media?parent=35472"}],"wp:term":[{"taxonomy":"product_brand","embeddable":true,"href":"https:\/\/skin-heal.com\/es\/wp-json\/wp\/v2\/product_brand?post=35472"},{"taxonomy":"product_cat","embeddable":true,"href":"https:\/\/skin-heal.com\/es\/wp-json\/wp\/v2\/product_cat?post=35472"},{"taxonomy":"product_tag","embeddable":true,"href":"https:\/\/skin-heal.com\/es\/wp-json\/wp\/v2\/product_tag?post=35472"}],"curies":[{"name":"wp","href":"https:\/\/api.w.org\/{rel}","templated":true}]}}