{"id":35473,"date":"2023-02-17T15:28:13","date_gmt":"2023-02-17T13:28:13","guid":{"rendered":"https:\/\/skin-heal.com\/?post_type=product&#038;p=35473"},"modified":"2023-07-24T18:33:19","modified_gmt":"2023-07-24T15:33:19","slug":"rrs-ha-cellutrix-6-x-10ml","status":"publish","type":"product","link":"https:\/\/skin-heal.com\/es\/producto\/rrs-ha-cellutrix-6-x-10ml\/","title":{"rendered":"RRS HA CELLUTRIX (6 x 10ml)"},"content":{"rendered":"<p>En cuanto a la forma de tratamiento, el RRS HA Cellutrix es una forma muy poco invasiva de terapia para eliminar la celulitis. Se trata de un producto vers\u00e1til para disolver la grasa de la celulitis, que puede inyectarse de forma segura en m\u00faltiples partes del cuerpo, incluyendo zonas como las piernas, la zona abdominal, los gl\u00fateos y los brazos.<\/p>\n<p>Un solo vial de mesoterapia RSS Cellutrix contiene 5 mg de hialuronato s\u00f3dico (la sal del \u00e1cido hialur\u00f3nico) y 175 mg de tamp\u00f3n protector. Una caja del producto contiene seis viales de 10 ml cada uno. Los productos est\u00e1n destinados a ser aplicados\/inyectados por un profesional cualificado y autorizado en un entorno limpio, de acuerdo con el protocolo de seguridad del fabricante.<\/p>\n<h3>\u00bfQu\u00e9 hace especial al RRS Cellutrix?<\/h3>\n<p>Obviamente, existen muchos productos de mesoterapia para el tratamiento de la celulitis en el mercado. Pero todo en RRS\u00ae HA CELLUTRIX es sin\u00f3nimo de calidad europea superior. A continuaci\u00f3n encontrar\u00e1 una r\u00e1pida descripci\u00f3n de los puntos clave del producto:<\/p>\n<ul>\n<li>Es muy eficaz para disolver los tejidos grasos, y est\u00e1 especialmente adaptado para eliminar los dep\u00f3sitos de celulitis;<\/li>\n<li>Se trata de una forma menos invasiva y dolorosa de eliminar la celulitis que los procedimientos tradicionales;<\/li>\n<li>Cuenta con una potente mezcla de HA Hialuronato S\u00f3dico y un c\u00f3ctel (en forma de tamp\u00f3n protector) de antioxidantes, flavonoides, vitaminas, cafe\u00edna y L-carnitina;<\/li>\n<li>Seguro para inyectar en varias partes del cuerpo: brazos, muslos, vientre e incluso gl\u00fateos;<\/li>\n<li>Una sola caja contiene seis viales de 10 ml, por lo que es ideal para tratamientos m\u00faltiples de varios pacientes;<\/li>\n<\/ul>","protected":false},"excerpt":{"rendered":"<p>Una soluci\u00f3n de mesoterapia de primera calidad procedente de Espa\u00f1a, el RRS HA Cellutrix es un producto avanzado para la eliminaci\u00f3n de la celulitis, que disuelve y elimina r\u00e1pidamente esta forma de dep\u00f3sitos de grasa bajo la piel. El Cellutrix combina \u00e1cido hialur\u00f3nico purificado con un tamp\u00f3n antioxidante protector, pero tambi\u00e9n flavonoides, vitaminas, cafe\u00edna y L-carnitina. Esto lo convierte en una soluci\u00f3n para el tratamiento de la celulitis para profesionales de la cosm\u00e9tica, la belleza y la medicina.<\/p>","protected":false},"featured_media":35477,"template":"","meta":[],"product_brand":[],"product_cat":[80],"product_tag":[],"class_list":{"0":"post-35473","1":"product","2":"type-product","3":"status-publish","4":"has-post-thumbnail","6":"product_cat-mesotherapy","7":"clearfix","9":"first","10":"outofstock","11":"taxable","12":"shipping-taxable","13":"purchasable","14":"product-type-simple"},"yoast_head":"<!-- This site is optimized with the Yoast SEO plugin v27.4 - https:\/\/yoast.com\/product\/yoast-seo-wordpress\/ -->\n<title>RRS HA CELLUTRIX (6 x 10ml) - Skin Heal<\/title>\n<meta name=\"description\" content=\"RRS\u00ae HA CELLUTRIX is an innovative mesotherapy solution for cellulite removal that provides a non-invasive, minimally discomforting solution for patients.\" \/>\n<meta name=\"robots\" content=\"index, follow, max-snippet:-1, max-image-preview:large, max-video-preview:-1\" \/>\n<link rel=\"canonical\" href=\"https:\/\/skin-heal.com\/es\/producto\/rrs-ha-cellutrix-6-x-10ml\/\" \/>\n<meta property=\"og:locale\" content=\"es_MX\" \/>\n<meta property=\"og:type\" content=\"article\" \/>\n<meta property=\"og:title\" content=\"RRS HA CELLUTRIX (6 x 10ml) - Skin Heal\" \/>\n<meta property=\"og:description\" content=\"RRS\u00ae HA CELLUTRIX is an innovative mesotherapy solution for cellulite removal that provides a non-invasive, minimally discomforting solution for patients.\" \/>\n<meta property=\"og:url\" content=\"https:\/\/skin-heal.com\/es\/producto\/rrs-ha-cellutrix-6-x-10ml\/\" \/>\n<meta property=\"og:site_name\" content=\"Skin Heal\" \/>\n<meta property=\"article:modified_time\" content=\"2023-07-24T15:33:19+00:00\" \/>\n<meta property=\"og:image\" content=\"https:\/\/cdn.skin-heal.com\/wp-content\/uploads\/2023\/02\/RRS-HA-CELLUTRIX.jpg\" \/>\n\t<meta property=\"og:image:width\" content=\"600\" \/>\n\t<meta property=\"og:image:height\" content=\"600\" \/>\n\t<meta property=\"og:image:type\" content=\"image\/jpeg\" \/>\n<meta name=\"twitter:card\" content=\"summary_large_image\" \/>\n<meta name=\"twitter:label1\" content=\"Tiempo de lectura\" \/>\n\t<meta name=\"twitter:data1\" content=\"2 minutos\" \/>\n<script type=\"application\/ld+json\" class=\"yoast-schema-graph\">{\"@context\":\"https:\\\/\\\/schema.org\",\"@graph\":[{\"@type\":\"WebPage\",\"@id\":\"https:\\\/\\\/skin-heal.com\\\/product\\\/rrs-ha-cellutrix-6-x-10ml\\\/\",\"url\":\"https:\\\/\\\/skin-heal.com\\\/product\\\/rrs-ha-cellutrix-6-x-10ml\\\/\",\"name\":\"RRS HA CELLUTRIX (6 x 10ml) - Skin Heal\",\"isPartOf\":{\"@id\":\"https:\\\/\\\/skin-heal.com\\\/#website\"},\"primaryImageOfPage\":{\"@id\":\"https:\\\/\\\/skin-heal.com\\\/product\\\/rrs-ha-cellutrix-6-x-10ml\\\/#primaryimage\"},\"image\":{\"@id\":\"https:\\\/\\\/skin-heal.com\\\/product\\\/rrs-ha-cellutrix-6-x-10ml\\\/#primaryimage\"},\"thumbnailUrl\":\"https:\\\/\\\/skin-heal.com\\\/wp-content\\\/uploads\\\/2023\\\/02\\\/RRS-HA-CELLUTRIX.jpg\",\"datePublished\":\"2023-02-17T13:28:13+00:00\",\"dateModified\":\"2023-07-24T15:33:19+00:00\",\"description\":\"RRS\u00ae HA CELLUTRIX is an innovative mesotherapy solution for cellulite removal that provides a non-invasive, minimally discomforting solution for patients.\",\"breadcrumb\":{\"@id\":\"https:\\\/\\\/skin-heal.com\\\/product\\\/rrs-ha-cellutrix-6-x-10ml\\\/#breadcrumb\"},\"inLanguage\":\"es\",\"potentialAction\":[{\"@type\":\"ReadAction\",\"target\":[\"https:\\\/\\\/skin-heal.com\\\/product\\\/rrs-ha-cellutrix-6-x-10ml\\\/\"]}]},{\"@type\":\"ImageObject\",\"inLanguage\":\"es\",\"@id\":\"https:\\\/\\\/skin-heal.com\\\/product\\\/rrs-ha-cellutrix-6-x-10ml\\\/#primaryimage\",\"url\":\"https:\\\/\\\/skin-heal.com\\\/wp-content\\\/uploads\\\/2023\\\/02\\\/RRS-HA-CELLUTRIX.jpg\",\"contentUrl\":\"https:\\\/\\\/skin-heal.com\\\/wp-content\\\/uploads\\\/2023\\\/02\\\/RRS-HA-CELLUTRIX.jpg\",\"width\":600,\"height\":600,\"caption\":\"RRS HA CELLUTRIX\"},{\"@type\":\"BreadcrumbList\",\"@id\":\"https:\\\/\\\/skin-heal.com\\\/product\\\/rrs-ha-cellutrix-6-x-10ml\\\/#breadcrumb\",\"itemListElement\":[{\"@type\":\"ListItem\",\"position\":1,\"name\":\"Home\",\"item\":\"https:\\\/\\\/skin-heal.com\\\/\"},{\"@type\":\"ListItem\",\"position\":2,\"name\":\"Store\",\"item\":\"https:\\\/\\\/skin-heal.com\\\/store\\\/\"},{\"@type\":\"ListItem\",\"position\":3,\"name\":\"RRS HA CELLUTRIX (6 x 10ml)\"}]},{\"@type\":\"WebSite\",\"@id\":\"https:\\\/\\\/skin-heal.com\\\/#website\",\"url\":\"https:\\\/\\\/skin-heal.com\\\/\",\"name\":\"Skin Heal\",\"description\":\"Lowest Prices for Dermal Fillers\",\"potentialAction\":[{\"@type\":\"SearchAction\",\"target\":{\"@type\":\"EntryPoint\",\"urlTemplate\":\"https:\\\/\\\/skin-heal.com\\\/?s={search_term_string}\"},\"query-input\":{\"@type\":\"PropertyValueSpecification\",\"valueRequired\":true,\"valueName\":\"search_term_string\"}}],\"inLanguage\":\"es\"}]}<\/script>\n<!-- \/ Yoast SEO plugin. -->","yoast_head_json":{"title":"RRS HA CELLUTRIX (6 x 10ml) - Skin Heal","description":"RRS\u00ae HA CELLUTRIX es una innovadora soluci\u00f3n de mesoterapia para la eliminaci\u00f3n de la celulitis que proporciona una soluci\u00f3n no invasiva y m\u00ednimamente molesta para los pacientes.","robots":{"index":"index","follow":"follow","max-snippet":"max-snippet:-1","max-image-preview":"max-image-preview:large","max-video-preview":"max-video-preview:-1"},"canonical":"https:\/\/skin-heal.com\/es\/producto\/rrs-ha-cellutrix-6-x-10ml\/","og_locale":"es_MX","og_type":"article","og_title":"RRS HA CELLUTRIX (6 x 10ml) - Skin Heal","og_description":"RRS\u00ae HA CELLUTRIX is an innovative mesotherapy solution for cellulite removal that provides a non-invasive, minimally discomforting solution for patients.","og_url":"https:\/\/skin-heal.com\/es\/producto\/rrs-ha-cellutrix-6-x-10ml\/","og_site_name":"Skin Heal","article_modified_time":"2023-07-24T15:33:19+00:00","og_image":[{"width":600,"height":600,"url":"https:\/\/cdn.skin-heal.com\/wp-content\/uploads\/2023\/02\/RRS-HA-CELLUTRIX.jpg","type":"image\/jpeg"}],"twitter_card":"summary_large_image","twitter_misc":{"Tiempo de lectura":"2 minutos"},"schema":{"@context":"https:\/\/schema.org","@graph":[{"@type":"WebPage","@id":"https:\/\/skin-heal.com\/product\/rrs-ha-cellutrix-6-x-10ml\/","url":"https:\/\/skin-heal.com\/product\/rrs-ha-cellutrix-6-x-10ml\/","name":"RRS HA CELLUTRIX (6 x 10ml) - Skin Heal","isPartOf":{"@id":"https:\/\/skin-heal.com\/#website"},"primaryImageOfPage":{"@id":"https:\/\/skin-heal.com\/product\/rrs-ha-cellutrix-6-x-10ml\/#primaryimage"},"image":{"@id":"https:\/\/skin-heal.com\/product\/rrs-ha-cellutrix-6-x-10ml\/#primaryimage"},"thumbnailUrl":"https:\/\/cdn.skin-heal.com\/wp-content\/uploads\/2023\/02\/RRS-HA-CELLUTRIX.jpg","datePublished":"2023-02-17T13:28:13+00:00","dateModified":"2023-07-24T15:33:19+00:00","description":"RRS\u00ae HA CELLUTRIX es una innovadora soluci\u00f3n de mesoterapia para la eliminaci\u00f3n de la celulitis que proporciona una soluci\u00f3n no invasiva y m\u00ednimamente molesta para los pacientes.","breadcrumb":{"@id":"https:\/\/skin-heal.com\/product\/rrs-ha-cellutrix-6-x-10ml\/#breadcrumb"},"inLanguage":"es","potentialAction":[{"@type":"ReadAction","target":["https:\/\/skin-heal.com\/product\/rrs-ha-cellutrix-6-x-10ml\/"]}]},{"@type":"ImageObject","inLanguage":"es","@id":"https:\/\/skin-heal.com\/product\/rrs-ha-cellutrix-6-x-10ml\/#primaryimage","url":"https:\/\/cdn.skin-heal.com\/wp-content\/uploads\/2023\/02\/RRS-HA-CELLUTRIX.jpg","contentUrl":"https:\/\/cdn.skin-heal.com\/wp-content\/uploads\/2023\/02\/RRS-HA-CELLUTRIX.jpg","width":600,"height":600,"caption":"RRS HA CELLUTRIX"},{"@type":"BreadcrumbList","@id":"https:\/\/skin-heal.com\/product\/rrs-ha-cellutrix-6-x-10ml\/#breadcrumb","itemListElement":[{"@type":"ListItem","position":1,"name":"Home","item":"https:\/\/skin-heal.com\/"},{"@type":"ListItem","position":2,"name":"Store","item":"https:\/\/skin-heal.com\/store\/"},{"@type":"ListItem","position":3,"name":"RRS HA CELLUTRIX (6 x 10ml)"}]},{"@type":"WebSite","@id":"https:\/\/skin-heal.com\/#website","url":"https:\/\/skin-heal.com\/","name":"Curaci\u00f3n de la piel","description":"Los precios m\u00e1s bajos para los rellenos d\u00e9rmicos","potentialAction":[{"@type":"SearchAction","target":{"@type":"EntryPoint","urlTemplate":"https:\/\/skin-heal.com\/?s={search_term_string}"},"query-input":{"@type":"PropertyValueSpecification","valueRequired":true,"valueName":"search_term_string"}}],"inLanguage":"es"}]}},"_links":{"self":[{"href":"https:\/\/skin-heal.com\/es\/wp-json\/wp\/v2\/product\/35473","targetHints":{"allow":["GET"]}}],"collection":[{"href":"https:\/\/skin-heal.com\/es\/wp-json\/wp\/v2\/product"}],"about":[{"href":"https:\/\/skin-heal.com\/es\/wp-json\/wp\/v2\/types\/product"}],"wp:featuredmedia":[{"embeddable":true,"href":"https:\/\/skin-heal.com\/es\/wp-json\/wp\/v2\/media\/35477"}],"wp:attachment":[{"href":"https:\/\/skin-heal.com\/es\/wp-json\/wp\/v2\/media?parent=35473"}],"wp:term":[{"taxonomy":"product_brand","embeddable":true,"href":"https:\/\/skin-heal.com\/es\/wp-json\/wp\/v2\/product_brand?post=35473"},{"taxonomy":"product_cat","embeddable":true,"href":"https:\/\/skin-heal.com\/es\/wp-json\/wp\/v2\/product_cat?post=35473"},{"taxonomy":"product_tag","embeddable":true,"href":"https:\/\/skin-heal.com\/es\/wp-json\/wp\/v2\/product_tag?post=35473"}],"curies":[{"name":"wp","href":"https:\/\/api.w.org\/{rel}","templated":true}]}}