{"id":35474,"date":"2023-02-17T15:30:52","date_gmt":"2023-02-17T13:30:52","guid":{"rendered":"https:\/\/skin-heal.com\/?post_type=product&#038;p=35474"},"modified":"2025-05-05T19:14:08","modified_gmt":"2025-05-05T16:14:08","slug":"rrs-ha-eyes-12-x-15ml","status":"publish","type":"product","link":"https:\/\/skin-heal.com\/es\/producto\/rrs-ha-eyes-12-x-15ml\/","title":{"rendered":"RRS HA OJOS (12 x 1,5ml)"},"content":{"rendered":"<p>El principal uso de RSS HA Eye es la eliminaci\u00f3n no quir\u00fargica de las arrugas alrededor de los ojos y la restauraci\u00f3n del tono natural de la piel en la zona, especialmente en lo que respecta al tratamiento de las bolsas de los ojos y las ojeras. El m\u00e9todo de aplicaci\u00f3n est\u00e1ndar para este tipo de mesoterapia es la micro punci\u00f3n, dada la delicada zona en la que se aplica. Aunque la cantidad necesaria de soluci\u00f3n de meso variar\u00e1 de un paciente a otro, la dosis est\u00e1ndar es de 0,75 ml para cada lado. Los mejores resultados y las mejoras m\u00e1s notables de la condici\u00f3n de la piel ser\u00e1n visibles despu\u00e9s de procedimientos repetidos, normalmente con un intervalo de dos semanas. Los pacientes pueden esperar que las ojeras y las bolsas de los ojos desaparezcan gradualmente a lo largo de cuatro tratamientos.<\/p>\n<p>El uso de HA Eyes de la l\u00ednea RRS puede combinarse de forma segura con el uso de crema t\u00f3pica, para una mayor comodidad, as\u00ed como para reducir cualquier hinchaz\u00f3n o hematoma posterior a la mesoterapia. Una vez finalizada la sesi\u00f3n de inyecciones, se recomienda mantener la piel alejada en la medida de lo posible de la luz solar directa o de otras fuentes de luz UV intensa durante un m\u00ednimo de 24 horas.<\/p>\n<h3>\u00bfQu\u00e9 viene en la caja?<\/h3>\n<p>La caja est\u00e1ndar de RRS\u00ae HA EYES contiene 12 peque\u00f1os viales de mesoterapia para el tratamiento de la piel, cada uno con 1,5ml de soluci\u00f3n en su interior. La concentraci\u00f3n de hialur\u00f3nico es de 7,5 mg por ml, en un tamp\u00f3n protector de silicio, antioxidantes, flavonoides, saponinas, polifenoles y p\u00e9ptidos a 40,95 mg por mililitro.<\/p>\n<p>Entonces, \u00bfpor qu\u00e9 elegir RRS Eyes? Es un producto galardonado, votado \"Mejor producto inyectable para el contorno de ojos\" en 2014 por la Sociedad Polaca de Dermatolog\u00eda Est\u00e9tica.<\/p>","protected":false},"excerpt":{"rendered":"<p>La piel del contorno de los ojos es muy delicada y los tratamientos en esa parte del rostro deben realizarse con especial cuidado. S\u00f3lo una soluci\u00f3n segura y altamente eficaz para la piel, como RRS HA Eyes, debe administrarse para tratar una serie de problemas como las bolsas de los ojos, las ojeras y otros signos de cansancio que aparecen en la piel, as\u00ed como arrugas delicadas como las patas de gallo. RRS Ojos es una potente soluci\u00f3n de rejuvenecimiento d\u00e9rmico, basada en una mezcla de \u00e1cido hialur\u00f3nico no reticulado y antioxidantes, flavonoides y p\u00e9ptidos especialmente seleccionados, especialmente concebida para tratar los problemas cut\u00e1neos mencionados de forma altamente eficaz y con resultados \u00f3ptimos.<\/p>","protected":false},"featured_media":35478,"template":"","meta":[],"product_brand":[],"product_cat":[80],"product_tag":[],"class_list":{"0":"post-35474","1":"product","2":"type-product","3":"status-publish","4":"has-post-thumbnail","6":"product_cat-mesotherapy","7":"clearfix","9":"first","10":"outofstock","11":"taxable","12":"shipping-taxable","13":"purchasable","14":"product-type-simple"},"yoast_head":"<!-- This site is optimized with the Yoast SEO plugin v27.4 - https:\/\/yoast.com\/product\/yoast-seo-wordpress\/ -->\n<title>RRS HA EYES (12 x 1,5ml) - Skin Heal<\/title>\n<meta name=\"description\" content=\"RRS\u00ae HA EYES is a potent skin rejuvenating solution, used around the eyes to dela away with eye bags, dark circles, tiredness, and superficial lines.\" \/>\n<meta name=\"robots\" content=\"index, follow, max-snippet:-1, max-image-preview:large, max-video-preview:-1\" \/>\n<link rel=\"canonical\" href=\"https:\/\/skin-heal.com\/es\/producto\/rrs-ha-eyes-12-x-15ml\/\" \/>\n<meta property=\"og:locale\" content=\"es_MX\" \/>\n<meta property=\"og:type\" content=\"article\" \/>\n<meta property=\"og:title\" content=\"RRS HA EYES (12 x 1,5ml) - Skin Heal\" \/>\n<meta property=\"og:description\" content=\"RRS\u00ae HA EYES is a potent skin rejuvenating solution, used around the eyes to dela away with eye bags, dark circles, tiredness, and superficial lines.\" \/>\n<meta property=\"og:url\" content=\"https:\/\/skin-heal.com\/es\/producto\/rrs-ha-eyes-12-x-15ml\/\" \/>\n<meta property=\"og:site_name\" content=\"Skin Heal\" \/>\n<meta property=\"article:modified_time\" content=\"2025-05-05T16:14:08+00:00\" \/>\n<meta property=\"og:image\" content=\"https:\/\/cdn.skin-heal.com\/wp-content\/uploads\/2023\/02\/RRS-HA-EYES.jpg\" \/>\n\t<meta property=\"og:image:width\" content=\"600\" \/>\n\t<meta property=\"og:image:height\" content=\"600\" \/>\n\t<meta property=\"og:image:type\" content=\"image\/jpeg\" \/>\n<meta name=\"twitter:card\" content=\"summary_large_image\" \/>\n<meta name=\"twitter:label1\" content=\"Tiempo de lectura\" \/>\n\t<meta name=\"twitter:data1\" content=\"2 minutos\" \/>\n<script type=\"application\/ld+json\" class=\"yoast-schema-graph\">{\"@context\":\"https:\\\/\\\/schema.org\",\"@graph\":[{\"@type\":\"WebPage\",\"@id\":\"https:\\\/\\\/skin-heal.com\\\/product\\\/rrs-ha-eyes-12-x-15ml\\\/\",\"url\":\"https:\\\/\\\/skin-heal.com\\\/product\\\/rrs-ha-eyes-12-x-15ml\\\/\",\"name\":\"RRS HA EYES (12 x 1,5ml) - Skin Heal\",\"isPartOf\":{\"@id\":\"https:\\\/\\\/skin-heal.com\\\/#website\"},\"primaryImageOfPage\":{\"@id\":\"https:\\\/\\\/skin-heal.com\\\/product\\\/rrs-ha-eyes-12-x-15ml\\\/#primaryimage\"},\"image\":{\"@id\":\"https:\\\/\\\/skin-heal.com\\\/product\\\/rrs-ha-eyes-12-x-15ml\\\/#primaryimage\"},\"thumbnailUrl\":\"https:\\\/\\\/skin-heal.com\\\/wp-content\\\/uploads\\\/2023\\\/02\\\/RRS-HA-EYES.jpg\",\"datePublished\":\"2023-02-17T13:30:52+00:00\",\"dateModified\":\"2025-05-05T16:14:08+00:00\",\"description\":\"RRS\u00ae HA EYES is a potent skin rejuvenating solution, used around the eyes to dela away with eye bags, dark circles, tiredness, and superficial lines.\",\"breadcrumb\":{\"@id\":\"https:\\\/\\\/skin-heal.com\\\/product\\\/rrs-ha-eyes-12-x-15ml\\\/#breadcrumb\"},\"inLanguage\":\"es\",\"potentialAction\":[{\"@type\":\"ReadAction\",\"target\":[\"https:\\\/\\\/skin-heal.com\\\/product\\\/rrs-ha-eyes-12-x-15ml\\\/\"]}]},{\"@type\":\"ImageObject\",\"inLanguage\":\"es\",\"@id\":\"https:\\\/\\\/skin-heal.com\\\/product\\\/rrs-ha-eyes-12-x-15ml\\\/#primaryimage\",\"url\":\"https:\\\/\\\/skin-heal.com\\\/wp-content\\\/uploads\\\/2023\\\/02\\\/RRS-HA-EYES.jpg\",\"contentUrl\":\"https:\\\/\\\/skin-heal.com\\\/wp-content\\\/uploads\\\/2023\\\/02\\\/RRS-HA-EYES.jpg\",\"width\":600,\"height\":600,\"caption\":\"RRS HA EYES\"},{\"@type\":\"BreadcrumbList\",\"@id\":\"https:\\\/\\\/skin-heal.com\\\/product\\\/rrs-ha-eyes-12-x-15ml\\\/#breadcrumb\",\"itemListElement\":[{\"@type\":\"ListItem\",\"position\":1,\"name\":\"Home\",\"item\":\"https:\\\/\\\/skin-heal.com\\\/\"},{\"@type\":\"ListItem\",\"position\":2,\"name\":\"Store\",\"item\":\"https:\\\/\\\/skin-heal.com\\\/store\\\/\"},{\"@type\":\"ListItem\",\"position\":3,\"name\":\"RRS HA EYES (12 x 1,5ml)\"}]},{\"@type\":\"WebSite\",\"@id\":\"https:\\\/\\\/skin-heal.com\\\/#website\",\"url\":\"https:\\\/\\\/skin-heal.com\\\/\",\"name\":\"Skin Heal\",\"description\":\"Lowest Prices for Dermal Fillers\",\"potentialAction\":[{\"@type\":\"SearchAction\",\"target\":{\"@type\":\"EntryPoint\",\"urlTemplate\":\"https:\\\/\\\/skin-heal.com\\\/?s={search_term_string}\"},\"query-input\":{\"@type\":\"PropertyValueSpecification\",\"valueRequired\":true,\"valueName\":\"search_term_string\"}}],\"inLanguage\":\"es\"}]}<\/script>\n<!-- \/ Yoast SEO plugin. -->","yoast_head_json":{"title":"RRS HA EYES (12 x 1,5ml) - Skin Heal","description":"RRS\u00ae HA EYES es una potente soluci\u00f3n rejuvenecedora de la piel que se utiliza en el contorno de los ojos para eliminar las bolsas, las ojeras, el cansancio y las l\u00edneas superficiales.","robots":{"index":"index","follow":"follow","max-snippet":"max-snippet:-1","max-image-preview":"max-image-preview:large","max-video-preview":"max-video-preview:-1"},"canonical":"https:\/\/skin-heal.com\/es\/producto\/rrs-ha-eyes-12-x-15ml\/","og_locale":"es_MX","og_type":"article","og_title":"RRS HA EYES (12 x 1,5ml) - Skin Heal","og_description":"RRS\u00ae HA EYES is a potent skin rejuvenating solution, used around the eyes to dela away with eye bags, dark circles, tiredness, and superficial lines.","og_url":"https:\/\/skin-heal.com\/es\/producto\/rrs-ha-eyes-12-x-15ml\/","og_site_name":"Skin Heal","article_modified_time":"2025-05-05T16:14:08+00:00","og_image":[{"width":600,"height":600,"url":"https:\/\/cdn.skin-heal.com\/wp-content\/uploads\/2023\/02\/RRS-HA-EYES.jpg","type":"image\/jpeg"}],"twitter_card":"summary_large_image","twitter_misc":{"Tiempo de lectura":"2 minutos"},"schema":{"@context":"https:\/\/schema.org","@graph":[{"@type":"WebPage","@id":"https:\/\/skin-heal.com\/product\/rrs-ha-eyes-12-x-15ml\/","url":"https:\/\/skin-heal.com\/product\/rrs-ha-eyes-12-x-15ml\/","name":"RRS HA EYES (12 x 1,5ml) - Skin Heal","isPartOf":{"@id":"https:\/\/skin-heal.com\/#website"},"primaryImageOfPage":{"@id":"https:\/\/skin-heal.com\/product\/rrs-ha-eyes-12-x-15ml\/#primaryimage"},"image":{"@id":"https:\/\/skin-heal.com\/product\/rrs-ha-eyes-12-x-15ml\/#primaryimage"},"thumbnailUrl":"https:\/\/cdn.skin-heal.com\/wp-content\/uploads\/2023\/02\/RRS-HA-EYES.jpg","datePublished":"2023-02-17T13:30:52+00:00","dateModified":"2025-05-05T16:14:08+00:00","description":"RRS\u00ae HA EYES es una potente soluci\u00f3n rejuvenecedora de la piel que se utiliza en el contorno de los ojos para eliminar las bolsas, las ojeras, el cansancio y las l\u00edneas superficiales.","breadcrumb":{"@id":"https:\/\/skin-heal.com\/product\/rrs-ha-eyes-12-x-15ml\/#breadcrumb"},"inLanguage":"es","potentialAction":[{"@type":"ReadAction","target":["https:\/\/skin-heal.com\/product\/rrs-ha-eyes-12-x-15ml\/"]}]},{"@type":"ImageObject","inLanguage":"es","@id":"https:\/\/skin-heal.com\/product\/rrs-ha-eyes-12-x-15ml\/#primaryimage","url":"https:\/\/cdn.skin-heal.com\/wp-content\/uploads\/2023\/02\/RRS-HA-EYES.jpg","contentUrl":"https:\/\/cdn.skin-heal.com\/wp-content\/uploads\/2023\/02\/RRS-HA-EYES.jpg","width":600,"height":600,"caption":"RRS HA EYES"},{"@type":"BreadcrumbList","@id":"https:\/\/skin-heal.com\/product\/rrs-ha-eyes-12-x-15ml\/#breadcrumb","itemListElement":[{"@type":"ListItem","position":1,"name":"Home","item":"https:\/\/skin-heal.com\/"},{"@type":"ListItem","position":2,"name":"Store","item":"https:\/\/skin-heal.com\/store\/"},{"@type":"ListItem","position":3,"name":"RRS HA EYES (12 x 1,5ml)"}]},{"@type":"WebSite","@id":"https:\/\/skin-heal.com\/#website","url":"https:\/\/skin-heal.com\/","name":"Curaci\u00f3n de la piel","description":"Los precios m\u00e1s bajos para los rellenos d\u00e9rmicos","potentialAction":[{"@type":"SearchAction","target":{"@type":"EntryPoint","urlTemplate":"https:\/\/skin-heal.com\/?s={search_term_string}"},"query-input":{"@type":"PropertyValueSpecification","valueRequired":true,"valueName":"search_term_string"}}],"inLanguage":"es"}]}},"_links":{"self":[{"href":"https:\/\/skin-heal.com\/es\/wp-json\/wp\/v2\/product\/35474","targetHints":{"allow":["GET"]}}],"collection":[{"href":"https:\/\/skin-heal.com\/es\/wp-json\/wp\/v2\/product"}],"about":[{"href":"https:\/\/skin-heal.com\/es\/wp-json\/wp\/v2\/types\/product"}],"wp:featuredmedia":[{"embeddable":true,"href":"https:\/\/skin-heal.com\/es\/wp-json\/wp\/v2\/media\/35478"}],"wp:attachment":[{"href":"https:\/\/skin-heal.com\/es\/wp-json\/wp\/v2\/media?parent=35474"}],"wp:term":[{"taxonomy":"product_brand","embeddable":true,"href":"https:\/\/skin-heal.com\/es\/wp-json\/wp\/v2\/product_brand?post=35474"},{"taxonomy":"product_cat","embeddable":true,"href":"https:\/\/skin-heal.com\/es\/wp-json\/wp\/v2\/product_cat?post=35474"},{"taxonomy":"product_tag","embeddable":true,"href":"https:\/\/skin-heal.com\/es\/wp-json\/wp\/v2\/product_tag?post=35474"}],"curies":[{"name":"wp","href":"https:\/\/api.w.org\/{rel}","templated":true}]}}