{"id":35475,"date":"2023-02-17T15:30:48","date_gmt":"2023-02-17T13:30:48","guid":{"rendered":"https:\/\/skin-heal.com\/?post_type=product&#038;p=35475"},"modified":"2026-02-17T15:45:23","modified_gmt":"2026-02-17T13:45:23","slug":"rrs-ha-skin-relax-6-x-3ml","status":"publish","type":"product","link":"https:\/\/skin-heal.com\/es\/producto\/rrs-ha-skin-relax-6-x-3ml\/","title":{"rendered":"RRS HA SKIN RELAX (6 x 3ml)"},"content":{"rendered":"<p>RRS HA Skin Relax es un potente potenciador del rejuvenecimiento e hidrataci\u00f3n profundos de la piel que, en el transcurso de s\u00f3lo tres tratamientos, puede revertir muchas de las consecuencias negativas del envejecimiento cut\u00e1neo, que suele presentarse con p\u00e9rdida de volumen, p\u00e9rdida de elasticidad, empeoramiento de la textura de la piel y aspereza.<\/p>\n<p>Para abordar los problemas mencionados, HA Skin Relax de la l\u00ednea RRS utiliza la f\u00f3rmula patentada Bonta 568, que se apoya en el efecto tanto del hialuronato s\u00f3dico como de un complejo de p\u00e9ptidos conocidos por potenciar la salud de la piel y rejuvenecer su estado. Mientras que el HA, como el resto de la meso serie, es el punto focal de los ingredientes, el Skin Relax RRS tambi\u00e9n contiene cinco pentap\u00e9ptidos diferentes, seis hexap\u00e9ptidos y ocho octap\u00e9ptidos. Se sabe que el \u00e1cido hialur\u00f3nico y los p\u00e9ptidos amplifican su efecto acumulativo de rejuvenecimiento cut\u00e1neo, por lo que esta combinaci\u00f3n ha ido apareciendo cada vez m\u00e1s en los \u00faltimos a\u00f1os.<\/p>\n<p>A diferencia de los rellenos, que se espera que ofrezcan resultados inmediatos, el RRS HA Skin Relax es un producto de efecto a largo plazo y puede tener un efecto positivo muy duradero para la piel de la cara y el cuello, aport\u00e1ndole nutrientes y ayudando a restaurar los niveles naturales de hidrataci\u00f3n.<\/p>","protected":false},"excerpt":{"rendered":"<p>RRS HA Skin Relax es una soluci\u00f3n meso, que es m\u00e1s eficaz cuando se inyecta en la piel cansada y envejecida con elasticidad reducida. Destinado al tratamiento y rejuvenecimiento de la piel en las zonas de la cara, cuello y escote, es una forma de mesoterapia inyectable a base de \u00e1cido hialur\u00f3nico, enfocada a revertir los procesos de envejecimiento de la piel, especialmente el envejecimiento prematuro, causado por factores ambientales, tabaquismo, mala alimentaci\u00f3n o estilo de vida etc, devolviendo la tersura y suavidad a la piel \u00e1spera y ayudando con la eliminaci\u00f3n de arrugas m\u00e1s delicadas o superficiales.<\/p>","protected":false},"featured_media":35480,"template":"","meta":[],"product_brand":[],"product_cat":[80],"product_tag":[],"class_list":{"0":"post-35475","1":"product","2":"type-product","3":"status-publish","4":"has-post-thumbnail","6":"product_cat-mesotherapy","7":"clearfix","9":"first","10":"outofstock","11":"taxable","12":"shipping-taxable","13":"purchasable","14":"product-type-simple"},"yoast_head":"<!-- This site is optimized with the Yoast SEO plugin v27.4 - https:\/\/yoast.com\/product\/yoast-seo-wordpress\/ -->\n<title>RRS HA SKIN RELAX (6 x 3ml) - Skin Heal<\/title>\n<meta name=\"description\" content=\"RRS HA Skin Relax is a mesotherapy solution for deep dermal relaxation procedures. Suitable for patients who need skin softening it is used in the face, neck, and d\u00e9collet\u00e9 areas.\" \/>\n<meta name=\"robots\" content=\"index, follow, max-snippet:-1, max-image-preview:large, max-video-preview:-1\" \/>\n<link rel=\"canonical\" href=\"https:\/\/skin-heal.com\/es\/producto\/rrs-ha-skin-relax-6-x-3ml\/\" \/>\n<meta property=\"og:locale\" content=\"es_MX\" \/>\n<meta property=\"og:type\" content=\"article\" \/>\n<meta property=\"og:title\" content=\"RRS HA SKIN RELAX (6 x 3ml) - Skin Heal\" \/>\n<meta property=\"og:description\" content=\"RRS HA Skin Relax is a mesotherapy solution for deep dermal relaxation procedures. Suitable for patients who need skin softening it is used in the face, neck, and d\u00e9collet\u00e9 areas.\" \/>\n<meta property=\"og:url\" content=\"https:\/\/skin-heal.com\/es\/producto\/rrs-ha-skin-relax-6-x-3ml\/\" \/>\n<meta property=\"og:site_name\" content=\"Skin Heal\" \/>\n<meta property=\"article:modified_time\" content=\"2026-02-17T13:45:23+00:00\" \/>\n<meta property=\"og:image\" content=\"https:\/\/cdn.skin-heal.com\/wp-content\/uploads\/2023\/02\/RRS-HA-SKIN-RELAX.jpg\" \/>\n\t<meta property=\"og:image:width\" content=\"600\" \/>\n\t<meta property=\"og:image:height\" content=\"600\" \/>\n\t<meta property=\"og:image:type\" content=\"image\/jpeg\" \/>\n<meta name=\"twitter:card\" content=\"summary_large_image\" \/>\n<meta name=\"twitter:label1\" content=\"Tiempo de lectura\" \/>\n\t<meta name=\"twitter:data1\" content=\"1 minuto\" \/>\n<script type=\"application\/ld+json\" class=\"yoast-schema-graph\">{\"@context\":\"https:\\\/\\\/schema.org\",\"@graph\":[{\"@type\":\"WebPage\",\"@id\":\"https:\\\/\\\/skin-heal.com\\\/product\\\/rrs-ha-skin-relax-6-x-3ml\\\/\",\"url\":\"https:\\\/\\\/skin-heal.com\\\/product\\\/rrs-ha-skin-relax-6-x-3ml\\\/\",\"name\":\"RRS HA SKIN RELAX (6 x 3ml) - Skin Heal\",\"isPartOf\":{\"@id\":\"https:\\\/\\\/skin-heal.com\\\/#website\"},\"primaryImageOfPage\":{\"@id\":\"https:\\\/\\\/skin-heal.com\\\/product\\\/rrs-ha-skin-relax-6-x-3ml\\\/#primaryimage\"},\"image\":{\"@id\":\"https:\\\/\\\/skin-heal.com\\\/product\\\/rrs-ha-skin-relax-6-x-3ml\\\/#primaryimage\"},\"thumbnailUrl\":\"https:\\\/\\\/skin-heal.com\\\/wp-content\\\/uploads\\\/2023\\\/02\\\/RRS-HA-SKIN-RELAX.jpg\",\"datePublished\":\"2023-02-17T13:30:48+00:00\",\"dateModified\":\"2026-02-17T13:45:23+00:00\",\"description\":\"RRS HA Skin Relax is a mesotherapy solution for deep dermal relaxation procedures. Suitable for patients who need skin softening it is used in the face, neck, and d\u00e9collet\u00e9 areas.\",\"breadcrumb\":{\"@id\":\"https:\\\/\\\/skin-heal.com\\\/product\\\/rrs-ha-skin-relax-6-x-3ml\\\/#breadcrumb\"},\"inLanguage\":\"es\",\"potentialAction\":[{\"@type\":\"ReadAction\",\"target\":[\"https:\\\/\\\/skin-heal.com\\\/product\\\/rrs-ha-skin-relax-6-x-3ml\\\/\"]}]},{\"@type\":\"ImageObject\",\"inLanguage\":\"es\",\"@id\":\"https:\\\/\\\/skin-heal.com\\\/product\\\/rrs-ha-skin-relax-6-x-3ml\\\/#primaryimage\",\"url\":\"https:\\\/\\\/skin-heal.com\\\/wp-content\\\/uploads\\\/2023\\\/02\\\/RRS-HA-SKIN-RELAX.jpg\",\"contentUrl\":\"https:\\\/\\\/skin-heal.com\\\/wp-content\\\/uploads\\\/2023\\\/02\\\/RRS-HA-SKIN-RELAX.jpg\",\"width\":600,\"height\":600,\"caption\":\"RRS HA SKIN RELAX\"},{\"@type\":\"BreadcrumbList\",\"@id\":\"https:\\\/\\\/skin-heal.com\\\/product\\\/rrs-ha-skin-relax-6-x-3ml\\\/#breadcrumb\",\"itemListElement\":[{\"@type\":\"ListItem\",\"position\":1,\"name\":\"Home\",\"item\":\"https:\\\/\\\/skin-heal.com\\\/\"},{\"@type\":\"ListItem\",\"position\":2,\"name\":\"Store\",\"item\":\"https:\\\/\\\/skin-heal.com\\\/store\\\/\"},{\"@type\":\"ListItem\",\"position\":3,\"name\":\"RRS HA SKIN RELAX (6 x 3ml)\"}]},{\"@type\":\"WebSite\",\"@id\":\"https:\\\/\\\/skin-heal.com\\\/#website\",\"url\":\"https:\\\/\\\/skin-heal.com\\\/\",\"name\":\"Skin Heal\",\"description\":\"Lowest Prices for Dermal Fillers\",\"potentialAction\":[{\"@type\":\"SearchAction\",\"target\":{\"@type\":\"EntryPoint\",\"urlTemplate\":\"https:\\\/\\\/skin-heal.com\\\/?s={search_term_string}\"},\"query-input\":{\"@type\":\"PropertyValueSpecification\",\"valueRequired\":true,\"valueName\":\"search_term_string\"}}],\"inLanguage\":\"es\"}]}<\/script>\n<!-- \/ Yoast SEO plugin. -->","yoast_head_json":{"title":"RRS HA SKIN RELAX (6 x 3ml) - Skin Heal","description":"RRS HA Skin Relax es una soluci\u00f3n de mesoterapia para procedimientos de relajaci\u00f3n d\u00e9rmica profunda. Adecuada para pacientes que necesitan suavizar la piel, se utiliza en las zonas de la cara, el cuello y el escote.","robots":{"index":"index","follow":"follow","max-snippet":"max-snippet:-1","max-image-preview":"max-image-preview:large","max-video-preview":"max-video-preview:-1"},"canonical":"https:\/\/skin-heal.com\/es\/producto\/rrs-ha-skin-relax-6-x-3ml\/","og_locale":"es_MX","og_type":"article","og_title":"RRS HA SKIN RELAX (6 x 3ml) - Skin Heal","og_description":"RRS HA Skin Relax is a mesotherapy solution for deep dermal relaxation procedures. Suitable for patients who need skin softening it is used in the face, neck, and d\u00e9collet\u00e9 areas.","og_url":"https:\/\/skin-heal.com\/es\/producto\/rrs-ha-skin-relax-6-x-3ml\/","og_site_name":"Skin Heal","article_modified_time":"2026-02-17T13:45:23+00:00","og_image":[{"width":600,"height":600,"url":"https:\/\/cdn.skin-heal.com\/wp-content\/uploads\/2023\/02\/RRS-HA-SKIN-RELAX.jpg","type":"image\/jpeg"}],"twitter_card":"summary_large_image","twitter_misc":{"Tiempo de lectura":"1 minuto"},"schema":{"@context":"https:\/\/schema.org","@graph":[{"@type":"WebPage","@id":"https:\/\/skin-heal.com\/product\/rrs-ha-skin-relax-6-x-3ml\/","url":"https:\/\/skin-heal.com\/product\/rrs-ha-skin-relax-6-x-3ml\/","name":"RRS HA SKIN RELAX (6 x 3ml) - Skin Heal","isPartOf":{"@id":"https:\/\/skin-heal.com\/#website"},"primaryImageOfPage":{"@id":"https:\/\/skin-heal.com\/product\/rrs-ha-skin-relax-6-x-3ml\/#primaryimage"},"image":{"@id":"https:\/\/skin-heal.com\/product\/rrs-ha-skin-relax-6-x-3ml\/#primaryimage"},"thumbnailUrl":"https:\/\/cdn.skin-heal.com\/wp-content\/uploads\/2023\/02\/RRS-HA-SKIN-RELAX.jpg","datePublished":"2023-02-17T13:30:48+00:00","dateModified":"2026-02-17T13:45:23+00:00","description":"RRS HA Skin Relax es una soluci\u00f3n de mesoterapia para procedimientos de relajaci\u00f3n d\u00e9rmica profunda. Adecuada para pacientes que necesitan suavizar la piel, se utiliza en las zonas de la cara, el cuello y el escote.","breadcrumb":{"@id":"https:\/\/skin-heal.com\/product\/rrs-ha-skin-relax-6-x-3ml\/#breadcrumb"},"inLanguage":"es","potentialAction":[{"@type":"ReadAction","target":["https:\/\/skin-heal.com\/product\/rrs-ha-skin-relax-6-x-3ml\/"]}]},{"@type":"ImageObject","inLanguage":"es","@id":"https:\/\/skin-heal.com\/product\/rrs-ha-skin-relax-6-x-3ml\/#primaryimage","url":"https:\/\/cdn.skin-heal.com\/wp-content\/uploads\/2023\/02\/RRS-HA-SKIN-RELAX.jpg","contentUrl":"https:\/\/cdn.skin-heal.com\/wp-content\/uploads\/2023\/02\/RRS-HA-SKIN-RELAX.jpg","width":600,"height":600,"caption":"RRS HA SKIN RELAX"},{"@type":"BreadcrumbList","@id":"https:\/\/skin-heal.com\/product\/rrs-ha-skin-relax-6-x-3ml\/#breadcrumb","itemListElement":[{"@type":"ListItem","position":1,"name":"Home","item":"https:\/\/skin-heal.com\/"},{"@type":"ListItem","position":2,"name":"Store","item":"https:\/\/skin-heal.com\/store\/"},{"@type":"ListItem","position":3,"name":"RRS HA SKIN RELAX (6 x 3ml)"}]},{"@type":"WebSite","@id":"https:\/\/skin-heal.com\/#website","url":"https:\/\/skin-heal.com\/","name":"Curaci\u00f3n de la piel","description":"Los precios m\u00e1s bajos para los rellenos d\u00e9rmicos","potentialAction":[{"@type":"SearchAction","target":{"@type":"EntryPoint","urlTemplate":"https:\/\/skin-heal.com\/?s={search_term_string}"},"query-input":{"@type":"PropertyValueSpecification","valueRequired":true,"valueName":"search_term_string"}}],"inLanguage":"es"}]}},"_links":{"self":[{"href":"https:\/\/skin-heal.com\/es\/wp-json\/wp\/v2\/product\/35475","targetHints":{"allow":["GET"]}}],"collection":[{"href":"https:\/\/skin-heal.com\/es\/wp-json\/wp\/v2\/product"}],"about":[{"href":"https:\/\/skin-heal.com\/es\/wp-json\/wp\/v2\/types\/product"}],"wp:featuredmedia":[{"embeddable":true,"href":"https:\/\/skin-heal.com\/es\/wp-json\/wp\/v2\/media\/35480"}],"wp:attachment":[{"href":"https:\/\/skin-heal.com\/es\/wp-json\/wp\/v2\/media?parent=35475"}],"wp:term":[{"taxonomy":"product_brand","embeddable":true,"href":"https:\/\/skin-heal.com\/es\/wp-json\/wp\/v2\/product_brand?post=35475"},{"taxonomy":"product_cat","embeddable":true,"href":"https:\/\/skin-heal.com\/es\/wp-json\/wp\/v2\/product_cat?post=35475"},{"taxonomy":"product_tag","embeddable":true,"href":"https:\/\/skin-heal.com\/es\/wp-json\/wp\/v2\/product_tag?post=35475"}],"curies":[{"name":"wp","href":"https:\/\/api.w.org\/{rel}","templated":true}]}}