{"id":36196,"date":"2023-09-29T10:32:05","date_gmt":"2023-09-29T07:32:05","guid":{"rendered":"https:\/\/skin-heal.com\/?post_type=product&#038;p=36196"},"modified":"2023-09-29T10:59:50","modified_gmt":"2023-09-29T07:59:50","slug":"teosyal-rha-kiss-2-x-0-7ml","status":"publish","type":"product","link":"https:\/\/skin-heal.com\/es\/producto\/teosyal-rha-kiss-2-x-0-7ml\/","title":{"rendered":"Teosyal RHA Kiss (2 x 0,7ml)"},"content":{"rendered":"<p>Forma parte de una de las marcas de rellenos de mayor calidad del mercado. Teosyal RHA Kiss es el relleno labial m\u00e1s destacado de la serie RHA, normalmente asociado a la l\u00ednea de productos RHA 1-4. Su objetivo es ofrecer a los dermat\u00f3logos y especialistas en belleza una herramienta espec\u00edfica para realizar procedimientos de mejora de los labios.<\/p>\n<h3>Versatilidad y precisi\u00f3n<\/h3>\n<p>La serie general RHA cubre todo el espectro de rellenos, desde las soluciones suaves hasta las de contorno. Y aunque RHA 2 y 3 son productos labiales suficientemente buenos por s\u00ed solos, Kiss es un relleno labial hecho a medida, basado en las especificaciones de RHA 2, pero dise\u00f1ado espec\u00edficamente para mejorar la forma y el volumen de los labios. Naturalmente, forma parte de la colecci\u00f3n LipUnique de Teosyal.<\/p>\n<h3>Paquete a medida<\/h3>\n<p>A diferencia de otros rellenos de RHA, Kiss se presenta en un envase doble de 0,7 ml de gel por vial. Esto permite procedimientos de correcci\u00f3n y mejora de labios m\u00e1s precisos, sin ning\u00fan exceso de gel HA sobrante que se desperdicie. Se puede utilizar una caja completa para un aumento espectacular del volumen de los labios o un solo relleno para un contorno m\u00e1s atenuado o procedimientos de retoque.<\/p>\n<h3>Beneficios ampliados<\/h3>\n<ul>\n<li>Revitalizaci\u00f3n del tejido cut\u00e1neo labial<\/li>\n<li>Labios m\u00e1s gruesos y carnosos<\/li>\n<li>Contorno y perfilado precisos de la l\u00ednea de los labios<\/li>\n<li>Optimizado para la viscoelasticidad labial del gel hialur\u00f3nico<\/li>\n<li>Resultados duraderos de realce de labios, que parecen completamente naturales a la vista<\/li>\n<\/ul>\n<h3><strong>Kit todo incluido<\/strong><\/h3>\n<p>Al igual que el resto de los productos Teosyal, el relleno labial RHA Kiss est\u00e1 listo para ser utilizado nada m\u00e1s sacarlo de la caja, ya que el set incluye todo lo necesario para que un profesional en ejercicio (como un dermat\u00f3logo o un esteticista titulado) realice un procedimiento de aumento y\/o contorno de labios completo y eficaz. Las jeringas utilizan un dise\u00f1o patentado que mejora el nivel de control al aplicar el relleno en los labios.<\/p>","protected":false},"excerpt":{"rendered":"<p>Teosyal RHA Kiss es el relleno labial espec\u00edfico de su subserie de productos, especialmente dise\u00f1ado para el aumento y la mejora de los labios, incluyendo la voluminizaci\u00f3n, el contorno y la restauraci\u00f3n del volumen. Es un relleno a base de \u00e1cido hialur\u00f3nico de grosor medio, con una concentraci\u00f3n de 23mg\/ml de HA, que puede utilizarse para mejorar y corregir el labio y los rasgos faciales adyacentes durante un periodo de hasta 9 meses.<\/p>","protected":false},"featured_media":36197,"template":"","meta":[],"product_brand":[],"product_cat":[79,50,72],"product_tag":[],"class_list":{"0":"post-36196","1":"product","2":"type-product","3":"status-publish","4":"has-post-thumbnail","6":"product_cat-dermal-fillers","7":"product_cat-teosyal","8":"product_cat-teoxane","9":"clearfix","11":"first","12":"instock","13":"taxable","14":"shipping-taxable","15":"purchasable","16":"product-type-simple"},"yoast_head":"<!-- This site is optimized with the Yoast SEO plugin v27.4 - https:\/\/yoast.com\/product\/yoast-seo-wordpress\/ -->\n<title>Teosyal RHA Kiss (2 x 0.7ml) - Skin Heal<\/title>\n<meta name=\"description\" content=\"Teosyal RHA Kiss is a premium quality lip filler from Teoxane, used to add volume and improve the contour of a person&#039;s lip using Hyaluronic acid gel.\" \/>\n<meta name=\"robots\" content=\"index, follow, max-snippet:-1, max-image-preview:large, max-video-preview:-1\" \/>\n<link rel=\"canonical\" href=\"https:\/\/skin-heal.com\/es\/producto\/teosyal-rha-kiss-2-x-0-7ml\/\" \/>\n<meta property=\"og:locale\" content=\"es_MX\" \/>\n<meta property=\"og:type\" content=\"article\" \/>\n<meta property=\"og:title\" content=\"Teosyal RHA Kiss (2 x 0.7ml) - Skin Heal\" \/>\n<meta property=\"og:description\" content=\"Teosyal RHA Kiss is a premium quality lip filler from Teoxane, used to add volume and improve the contour of a person&#039;s lip using Hyaluronic acid gel.\" \/>\n<meta property=\"og:url\" content=\"https:\/\/skin-heal.com\/es\/producto\/teosyal-rha-kiss-2-x-0-7ml\/\" \/>\n<meta property=\"og:site_name\" content=\"Skin Heal\" \/>\n<meta property=\"article:modified_time\" content=\"2023-09-29T07:59:50+00:00\" \/>\n<meta property=\"og:image\" content=\"https:\/\/cdn.skin-heal.com\/wp-content\/uploads\/2023\/09\/Teosyal-RHA-Kiss.jpg\" \/>\n\t<meta property=\"og:image:width\" content=\"600\" \/>\n\t<meta property=\"og:image:height\" content=\"600\" \/>\n\t<meta property=\"og:image:type\" content=\"image\/jpeg\" \/>\n<meta name=\"twitter:card\" content=\"summary_large_image\" \/>\n<meta name=\"twitter:label1\" content=\"Tiempo de lectura\" \/>\n\t<meta name=\"twitter:data1\" content=\"2 minutos\" \/>\n<script type=\"application\/ld+json\" class=\"yoast-schema-graph\">{\"@context\":\"https:\\\/\\\/schema.org\",\"@graph\":[{\"@type\":\"WebPage\",\"@id\":\"https:\\\/\\\/skin-heal.com\\\/product\\\/teosyal-rha-kiss-2-x-0-7ml\\\/\",\"url\":\"https:\\\/\\\/skin-heal.com\\\/product\\\/teosyal-rha-kiss-2-x-0-7ml\\\/\",\"name\":\"Teosyal RHA Kiss (2 x 0.7ml) - Skin Heal\",\"isPartOf\":{\"@id\":\"https:\\\/\\\/skin-heal.com\\\/#website\"},\"primaryImageOfPage\":{\"@id\":\"https:\\\/\\\/skin-heal.com\\\/product\\\/teosyal-rha-kiss-2-x-0-7ml\\\/#primaryimage\"},\"image\":{\"@id\":\"https:\\\/\\\/skin-heal.com\\\/product\\\/teosyal-rha-kiss-2-x-0-7ml\\\/#primaryimage\"},\"thumbnailUrl\":\"https:\\\/\\\/skin-heal.com\\\/wp-content\\\/uploads\\\/2023\\\/09\\\/Teosyal-RHA-Kiss.jpg\",\"datePublished\":\"2023-09-29T07:32:05+00:00\",\"dateModified\":\"2023-09-29T07:59:50+00:00\",\"description\":\"Teosyal RHA Kiss is a premium quality lip filler from Teoxane, used to add volume and improve the contour of a person's lip using Hyaluronic acid gel.\",\"breadcrumb\":{\"@id\":\"https:\\\/\\\/skin-heal.com\\\/product\\\/teosyal-rha-kiss-2-x-0-7ml\\\/#breadcrumb\"},\"inLanguage\":\"es\",\"potentialAction\":[{\"@type\":\"ReadAction\",\"target\":[\"https:\\\/\\\/skin-heal.com\\\/product\\\/teosyal-rha-kiss-2-x-0-7ml\\\/\"]}]},{\"@type\":\"ImageObject\",\"inLanguage\":\"es\",\"@id\":\"https:\\\/\\\/skin-heal.com\\\/product\\\/teosyal-rha-kiss-2-x-0-7ml\\\/#primaryimage\",\"url\":\"https:\\\/\\\/skin-heal.com\\\/wp-content\\\/uploads\\\/2023\\\/09\\\/Teosyal-RHA-Kiss.jpg\",\"contentUrl\":\"https:\\\/\\\/skin-heal.com\\\/wp-content\\\/uploads\\\/2023\\\/09\\\/Teosyal-RHA-Kiss.jpg\",\"width\":600,\"height\":600,\"caption\":\"Teosyal RHA Kiss\"},{\"@type\":\"BreadcrumbList\",\"@id\":\"https:\\\/\\\/skin-heal.com\\\/product\\\/teosyal-rha-kiss-2-x-0-7ml\\\/#breadcrumb\",\"itemListElement\":[{\"@type\":\"ListItem\",\"position\":1,\"name\":\"Home\",\"item\":\"https:\\\/\\\/skin-heal.com\\\/\"},{\"@type\":\"ListItem\",\"position\":2,\"name\":\"Store\",\"item\":\"https:\\\/\\\/skin-heal.com\\\/store\\\/\"},{\"@type\":\"ListItem\",\"position\":3,\"name\":\"Teosyal RHA Kiss (2 x 0.7ml)\"}]},{\"@type\":\"WebSite\",\"@id\":\"https:\\\/\\\/skin-heal.com\\\/#website\",\"url\":\"https:\\\/\\\/skin-heal.com\\\/\",\"name\":\"Skin Heal\",\"description\":\"Lowest Prices for Dermal Fillers\",\"potentialAction\":[{\"@type\":\"SearchAction\",\"target\":{\"@type\":\"EntryPoint\",\"urlTemplate\":\"https:\\\/\\\/skin-heal.com\\\/?s={search_term_string}\"},\"query-input\":{\"@type\":\"PropertyValueSpecification\",\"valueRequired\":true,\"valueName\":\"search_term_string\"}}],\"inLanguage\":\"es\"}]}<\/script>\n<!-- \/ Yoast SEO plugin. -->","yoast_head_json":{"title":"Teosyal RHA Kiss (2 x 0.7ml) - Skin Heal","description":"Teosyal RHA Kiss es un relleno labial de primera calidad de Teoxane, utilizado para a\u00f1adir volumen y mejorar el contorno del labio de una persona utilizando gel de \u00e1cido hialur\u00f3nico.","robots":{"index":"index","follow":"follow","max-snippet":"max-snippet:-1","max-image-preview":"max-image-preview:large","max-video-preview":"max-video-preview:-1"},"canonical":"https:\/\/skin-heal.com\/es\/producto\/teosyal-rha-kiss-2-x-0-7ml\/","og_locale":"es_MX","og_type":"article","og_title":"Teosyal RHA Kiss (2 x 0.7ml) - Skin Heal","og_description":"Teosyal RHA Kiss is a premium quality lip filler from Teoxane, used to add volume and improve the contour of a person's lip using Hyaluronic acid gel.","og_url":"https:\/\/skin-heal.com\/es\/producto\/teosyal-rha-kiss-2-x-0-7ml\/","og_site_name":"Skin Heal","article_modified_time":"2023-09-29T07:59:50+00:00","og_image":[{"width":600,"height":600,"url":"https:\/\/cdn.skin-heal.com\/wp-content\/uploads\/2023\/09\/Teosyal-RHA-Kiss.jpg","type":"image\/jpeg"}],"twitter_card":"summary_large_image","twitter_misc":{"Tiempo de lectura":"2 minutos"},"schema":{"@context":"https:\/\/schema.org","@graph":[{"@type":"WebPage","@id":"https:\/\/skin-heal.com\/product\/teosyal-rha-kiss-2-x-0-7ml\/","url":"https:\/\/skin-heal.com\/product\/teosyal-rha-kiss-2-x-0-7ml\/","name":"Teosyal RHA Kiss (2 x 0.7ml) - Skin Heal","isPartOf":{"@id":"https:\/\/skin-heal.com\/#website"},"primaryImageOfPage":{"@id":"https:\/\/skin-heal.com\/product\/teosyal-rha-kiss-2-x-0-7ml\/#primaryimage"},"image":{"@id":"https:\/\/skin-heal.com\/product\/teosyal-rha-kiss-2-x-0-7ml\/#primaryimage"},"thumbnailUrl":"https:\/\/cdn.skin-heal.com\/wp-content\/uploads\/2023\/09\/Teosyal-RHA-Kiss.jpg","datePublished":"2023-09-29T07:32:05+00:00","dateModified":"2023-09-29T07:59:50+00:00","description":"Teosyal RHA Kiss es un relleno labial de primera calidad de Teoxane, utilizado para a\u00f1adir volumen y mejorar el contorno del labio de una persona utilizando gel de \u00e1cido hialur\u00f3nico.","breadcrumb":{"@id":"https:\/\/skin-heal.com\/product\/teosyal-rha-kiss-2-x-0-7ml\/#breadcrumb"},"inLanguage":"es","potentialAction":[{"@type":"ReadAction","target":["https:\/\/skin-heal.com\/product\/teosyal-rha-kiss-2-x-0-7ml\/"]}]},{"@type":"ImageObject","inLanguage":"es","@id":"https:\/\/skin-heal.com\/product\/teosyal-rha-kiss-2-x-0-7ml\/#primaryimage","url":"https:\/\/cdn.skin-heal.com\/wp-content\/uploads\/2023\/09\/Teosyal-RHA-Kiss.jpg","contentUrl":"https:\/\/cdn.skin-heal.com\/wp-content\/uploads\/2023\/09\/Teosyal-RHA-Kiss.jpg","width":600,"height":600,"caption":"Teosyal RHA Kiss"},{"@type":"BreadcrumbList","@id":"https:\/\/skin-heal.com\/product\/teosyal-rha-kiss-2-x-0-7ml\/#breadcrumb","itemListElement":[{"@type":"ListItem","position":1,"name":"Home","item":"https:\/\/skin-heal.com\/"},{"@type":"ListItem","position":2,"name":"Store","item":"https:\/\/skin-heal.com\/store\/"},{"@type":"ListItem","position":3,"name":"Teosyal RHA Kiss (2 x 0.7ml)"}]},{"@type":"WebSite","@id":"https:\/\/skin-heal.com\/#website","url":"https:\/\/skin-heal.com\/","name":"Curaci\u00f3n de la piel","description":"Los precios m\u00e1s bajos para los rellenos d\u00e9rmicos","potentialAction":[{"@type":"SearchAction","target":{"@type":"EntryPoint","urlTemplate":"https:\/\/skin-heal.com\/?s={search_term_string}"},"query-input":{"@type":"PropertyValueSpecification","valueRequired":true,"valueName":"search_term_string"}}],"inLanguage":"es"}]}},"_links":{"self":[{"href":"https:\/\/skin-heal.com\/es\/wp-json\/wp\/v2\/product\/36196","targetHints":{"allow":["GET"]}}],"collection":[{"href":"https:\/\/skin-heal.com\/es\/wp-json\/wp\/v2\/product"}],"about":[{"href":"https:\/\/skin-heal.com\/es\/wp-json\/wp\/v2\/types\/product"}],"wp:featuredmedia":[{"embeddable":true,"href":"https:\/\/skin-heal.com\/es\/wp-json\/wp\/v2\/media\/36197"}],"wp:attachment":[{"href":"https:\/\/skin-heal.com\/es\/wp-json\/wp\/v2\/media?parent=36196"}],"wp:term":[{"taxonomy":"product_brand","embeddable":true,"href":"https:\/\/skin-heal.com\/es\/wp-json\/wp\/v2\/product_brand?post=36196"},{"taxonomy":"product_cat","embeddable":true,"href":"https:\/\/skin-heal.com\/es\/wp-json\/wp\/v2\/product_cat?post=36196"},{"taxonomy":"product_tag","embeddable":true,"href":"https:\/\/skin-heal.com\/es\/wp-json\/wp\/v2\/product_tag?post=36196"}],"curies":[{"name":"wp","href":"https:\/\/api.w.org\/{rel}","templated":true}]}}