{"id":36213,"date":"2023-10-13T11:38:36","date_gmt":"2023-10-13T08:38:36","guid":{"rendered":"https:\/\/skin-heal.com\/?post_type=product&#038;p=36213"},"modified":"2023-11-07T14:12:14","modified_gmt":"2023-11-07T12:12:14","slug":"a-jax-keen-cozy-1-x-1-1ml","status":"publish","type":"product","link":"https:\/\/skin-heal.com\/es\/producto\/a-jax-keen-cozy-1-x-1-1ml\/","title":{"rendered":"A-Jax Keen Cozy (1 x 1.1ml)"},"content":{"rendered":"<p>La l\u00ednea A-Jax Keen de gel a base de HA para la correcci\u00f3n de arrugas, ofrece la calidad superior de los rellenos coreanos a un precio a\u00fan m\u00e1s bajo, pero sin sacrificar la calidad. Fabricado en instalaciones equipadas con la ultima y mejor maquinaria, A-Jax Cozy es una solucion de relleno meticulosamente producida, siguiendo los mas altos protocolos de seguridad. El gel de \u00e1cido hialur\u00f3nico se somete a un proceso de esterilizaci\u00f3n prolongado, denominado purificaci\u00f3n Dyalisys, que garantiza que no haya part\u00edculas residuales de BDDA en el producto final.<\/p>\n<p>En terminos de calidad del producto, A-Jax Keen Cozy ofrece una excelente estabilidad del gel y estudios y pruebas han demostrado que hay un minimo (menos de 3%) cambio en la viscoelasticidad del gel, una vez aplicado en la piel, incluso despues de un largo periodo de tiempo.<\/p>\n<p>El uso de los rellenos para tratar l\u00edneas cut\u00e1neas superficiales y arrugas poco profundas es sencillo y puede aplicarse con una fuerza de extrusi\u00f3n uniforme. Esto permite la difusi\u00f3n homog\u00e9nea del gel en la zona de aplicaci\u00f3n y ayuda a evitar cualquier formaci\u00f3n de protuberancias en la piel.<\/p>\n<p>A-Jax Keen Cozy es tan eficaz como sus hom\u00f3logos m\u00e1s famosos en el tratamiento de problemas tales como:<\/p>\n<ul>\n<li>Arrugas superficiales<\/li>\n<li>Delicadas l\u00edneas de la piel<\/li>\n<li>P\u00e9rdida de volumen debajo de los ojos<\/li>\n<li>Patas de gallo<\/li>\n<li>Formaci\u00f3n inicial de l\u00edneas de marioneta<\/li>\n<li>L\u00edneas glabelares poco profundas<\/li>\n<\/ul>\n<p>Adem\u00e1s, este suave relleno de HA, mejorar\u00e1 notablemente la hidrataci\u00f3n y, por extensi\u00f3n, la elasticidad y tersura de la piel en la zona de aplicaci\u00f3n, con un efecto duradero, ya que es disuelto lentamente (y de forma segura) por el organismo.<\/p>","protected":false},"excerpt":{"rendered":"<p>A-Jax Keen Cozy es el relleno de arrugas superficiales m\u00e1s avanzado y de mayor calidad disponible en el segmento econ\u00f3mico del mercado. Totalmente equivalente a Rejeunesse Fine y comparable a Dermalax Plus y Revolax Fine, es un relleno a base de \u00e1cido hialur\u00f3nico de alto grado (de Shiseido) que permite corregir eficazmente las depresiones superficiales de la piel de forma segura y duradera, con una estabilidad de gel suprema.<\/p>","protected":false},"featured_media":36256,"template":"","meta":[],"product_brand":[],"product_cat":[154,79],"product_tag":[],"class_list":{"0":"post-36213","1":"product","2":"type-product","3":"status-publish","4":"has-post-thumbnail","6":"product_cat-a-jax-keen","7":"product_cat-dermal-fillers","8":"clearfix","10":"first","11":"instock","12":"taxable","13":"shipping-taxable","14":"purchasable","15":"product-type-simple"},"yoast_head":"<!-- This site is optimized with the Yoast SEO plugin v27.3 - https:\/\/yoast.com\/product\/yoast-seo-wordpress\/ -->\n<title>Buy A-Jax Keen Cozy (1 x 1.1ml) - Low Price at Skin Heal<\/title>\n<meta name=\"description\" content=\"Treat superficial wrinkles and skin lines with the high-quality A-Jax Keen Cozy dermal filler from Korea.\" \/>\n<meta name=\"robots\" content=\"index, follow, max-snippet:-1, max-image-preview:large, max-video-preview:-1\" \/>\n<link rel=\"canonical\" href=\"https:\/\/skin-heal.com\/es\/producto\/a-jax-keen-cozy-1-x-1-1ml\/\" \/>\n<meta property=\"og:locale\" content=\"es_MX\" \/>\n<meta property=\"og:type\" content=\"article\" \/>\n<meta property=\"og:title\" content=\"Buy A-Jax Keen Cozy (1 x 1.1ml) - Low Price at Skin Heal\" \/>\n<meta property=\"og:description\" content=\"Treat superficial wrinkles and skin lines with the high-quality A-Jax Keen Cozy dermal filler from Korea.\" \/>\n<meta property=\"og:url\" content=\"https:\/\/skin-heal.com\/es\/producto\/a-jax-keen-cozy-1-x-1-1ml\/\" \/>\n<meta property=\"og:site_name\" content=\"Skin Heal\" \/>\n<meta property=\"article:modified_time\" content=\"2023-11-07T12:12:14+00:00\" \/>\n<meta property=\"og:image\" content=\"https:\/\/cdn.skin-heal.com\/wp-content\/uploads\/2023\/10\/A-Jax-Keen-Cozy.jpg\" \/>\n\t<meta property=\"og:image:width\" content=\"600\" \/>\n\t<meta property=\"og:image:height\" content=\"600\" \/>\n\t<meta property=\"og:image:type\" content=\"image\/jpeg\" \/>\n<meta name=\"twitter:card\" content=\"summary_large_image\" \/>\n<meta name=\"twitter:label1\" content=\"Tiempo de lectura\" \/>\n\t<meta name=\"twitter:data1\" content=\"2 minutos\" \/>\n<script type=\"application\/ld+json\" class=\"yoast-schema-graph\">{\"@context\":\"https:\\\/\\\/schema.org\",\"@graph\":[{\"@type\":\"WebPage\",\"@id\":\"https:\\\/\\\/skin-heal.com\\\/product\\\/a-jax-keen-cozy-1-x-1-1ml\\\/\",\"url\":\"https:\\\/\\\/skin-heal.com\\\/product\\\/a-jax-keen-cozy-1-x-1-1ml\\\/\",\"name\":\"Buy A-Jax Keen Cozy (1 x 1.1ml) - Low Price at Skin Heal\",\"isPartOf\":{\"@id\":\"https:\\\/\\\/skin-heal.com\\\/#website\"},\"primaryImageOfPage\":{\"@id\":\"https:\\\/\\\/skin-heal.com\\\/product\\\/a-jax-keen-cozy-1-x-1-1ml\\\/#primaryimage\"},\"image\":{\"@id\":\"https:\\\/\\\/skin-heal.com\\\/product\\\/a-jax-keen-cozy-1-x-1-1ml\\\/#primaryimage\"},\"thumbnailUrl\":\"https:\\\/\\\/skin-heal.com\\\/wp-content\\\/uploads\\\/2023\\\/10\\\/A-Jax-Keen-Cozy.jpg\",\"datePublished\":\"2023-10-13T08:38:36+00:00\",\"dateModified\":\"2023-11-07T12:12:14+00:00\",\"description\":\"Treat superficial wrinkles and skin lines with the high-quality A-Jax Keen Cozy dermal filler from Korea.\",\"breadcrumb\":{\"@id\":\"https:\\\/\\\/skin-heal.com\\\/product\\\/a-jax-keen-cozy-1-x-1-1ml\\\/#breadcrumb\"},\"inLanguage\":\"es\",\"potentialAction\":[{\"@type\":\"ReadAction\",\"target\":[\"https:\\\/\\\/skin-heal.com\\\/product\\\/a-jax-keen-cozy-1-x-1-1ml\\\/\"]}]},{\"@type\":\"ImageObject\",\"inLanguage\":\"es\",\"@id\":\"https:\\\/\\\/skin-heal.com\\\/product\\\/a-jax-keen-cozy-1-x-1-1ml\\\/#primaryimage\",\"url\":\"https:\\\/\\\/skin-heal.com\\\/wp-content\\\/uploads\\\/2023\\\/10\\\/A-Jax-Keen-Cozy.jpg\",\"contentUrl\":\"https:\\\/\\\/skin-heal.com\\\/wp-content\\\/uploads\\\/2023\\\/10\\\/A-Jax-Keen-Cozy.jpg\",\"width\":600,\"height\":600,\"caption\":\"A-Jax Keen Cozy\"},{\"@type\":\"BreadcrumbList\",\"@id\":\"https:\\\/\\\/skin-heal.com\\\/product\\\/a-jax-keen-cozy-1-x-1-1ml\\\/#breadcrumb\",\"itemListElement\":[{\"@type\":\"ListItem\",\"position\":1,\"name\":\"Home\",\"item\":\"https:\\\/\\\/skin-heal.com\\\/\"},{\"@type\":\"ListItem\",\"position\":2,\"name\":\"Store\",\"item\":\"https:\\\/\\\/skin-heal.com\\\/store\\\/\"},{\"@type\":\"ListItem\",\"position\":3,\"name\":\"A-Jax Keen Cozy (1 x 1.1ml)\"}]},{\"@type\":\"WebSite\",\"@id\":\"https:\\\/\\\/skin-heal.com\\\/#website\",\"url\":\"https:\\\/\\\/skin-heal.com\\\/\",\"name\":\"Skin Heal\",\"description\":\"Lowest Prices for Dermal Fillers\",\"potentialAction\":[{\"@type\":\"SearchAction\",\"target\":{\"@type\":\"EntryPoint\",\"urlTemplate\":\"https:\\\/\\\/skin-heal.com\\\/?s={search_term_string}\"},\"query-input\":{\"@type\":\"PropertyValueSpecification\",\"valueRequired\":true,\"valueName\":\"search_term_string\"}}],\"inLanguage\":\"es\"}]}<\/script>\n<!-- \/ Yoast SEO plugin. -->","yoast_head_json":{"title":"Comprar A-Jax Keen Cozy (1 x 1,1ml) - Precio bajo en Skin Heal","description":"Trate las arrugas superficiales y las l\u00edneas de la piel con el relleno d\u00e9rmico de alta calidad A-Jax Keen Cozy de Corea.","robots":{"index":"index","follow":"follow","max-snippet":"max-snippet:-1","max-image-preview":"max-image-preview:large","max-video-preview":"max-video-preview:-1"},"canonical":"https:\/\/skin-heal.com\/es\/producto\/a-jax-keen-cozy-1-x-1-1ml\/","og_locale":"es_MX","og_type":"article","og_title":"Buy A-Jax Keen Cozy (1 x 1.1ml) - Low Price at Skin Heal","og_description":"Treat superficial wrinkles and skin lines with the high-quality A-Jax Keen Cozy dermal filler from Korea.","og_url":"https:\/\/skin-heal.com\/es\/producto\/a-jax-keen-cozy-1-x-1-1ml\/","og_site_name":"Skin Heal","article_modified_time":"2023-11-07T12:12:14+00:00","og_image":[{"width":600,"height":600,"url":"https:\/\/cdn.skin-heal.com\/wp-content\/uploads\/2023\/10\/A-Jax-Keen-Cozy.jpg","type":"image\/jpeg"}],"twitter_card":"summary_large_image","twitter_misc":{"Tiempo de lectura":"2 minutos"},"schema":{"@context":"https:\/\/schema.org","@graph":[{"@type":"WebPage","@id":"https:\/\/skin-heal.com\/product\/a-jax-keen-cozy-1-x-1-1ml\/","url":"https:\/\/skin-heal.com\/product\/a-jax-keen-cozy-1-x-1-1ml\/","name":"Comprar A-Jax Keen Cozy (1 x 1,1ml) - Precio bajo en Skin Heal","isPartOf":{"@id":"https:\/\/skin-heal.com\/#website"},"primaryImageOfPage":{"@id":"https:\/\/skin-heal.com\/product\/a-jax-keen-cozy-1-x-1-1ml\/#primaryimage"},"image":{"@id":"https:\/\/skin-heal.com\/product\/a-jax-keen-cozy-1-x-1-1ml\/#primaryimage"},"thumbnailUrl":"https:\/\/cdn.skin-heal.com\/wp-content\/uploads\/2023\/10\/A-Jax-Keen-Cozy.jpg","datePublished":"2023-10-13T08:38:36+00:00","dateModified":"2023-11-07T12:12:14+00:00","description":"Trate las arrugas superficiales y las l\u00edneas de la piel con el relleno d\u00e9rmico de alta calidad A-Jax Keen Cozy de Corea.","breadcrumb":{"@id":"https:\/\/skin-heal.com\/product\/a-jax-keen-cozy-1-x-1-1ml\/#breadcrumb"},"inLanguage":"es","potentialAction":[{"@type":"ReadAction","target":["https:\/\/skin-heal.com\/product\/a-jax-keen-cozy-1-x-1-1ml\/"]}]},{"@type":"ImageObject","inLanguage":"es","@id":"https:\/\/skin-heal.com\/product\/a-jax-keen-cozy-1-x-1-1ml\/#primaryimage","url":"https:\/\/cdn.skin-heal.com\/wp-content\/uploads\/2023\/10\/A-Jax-Keen-Cozy.jpg","contentUrl":"https:\/\/cdn.skin-heal.com\/wp-content\/uploads\/2023\/10\/A-Jax-Keen-Cozy.jpg","width":600,"height":600,"caption":"A-Jax Keen Cozy"},{"@type":"BreadcrumbList","@id":"https:\/\/skin-heal.com\/product\/a-jax-keen-cozy-1-x-1-1ml\/#breadcrumb","itemListElement":[{"@type":"ListItem","position":1,"name":"Home","item":"https:\/\/skin-heal.com\/"},{"@type":"ListItem","position":2,"name":"Store","item":"https:\/\/skin-heal.com\/store\/"},{"@type":"ListItem","position":3,"name":"A-Jax Keen Cozy (1 x 1.1ml)"}]},{"@type":"WebSite","@id":"https:\/\/skin-heal.com\/#website","url":"https:\/\/skin-heal.com\/","name":"Curaci\u00f3n de la piel","description":"Los precios m\u00e1s bajos para los rellenos d\u00e9rmicos","potentialAction":[{"@type":"SearchAction","target":{"@type":"EntryPoint","urlTemplate":"https:\/\/skin-heal.com\/?s={search_term_string}"},"query-input":{"@type":"PropertyValueSpecification","valueRequired":true,"valueName":"search_term_string"}}],"inLanguage":"es"}]}},"_links":{"self":[{"href":"https:\/\/skin-heal.com\/es\/wp-json\/wp\/v2\/product\/36213","targetHints":{"allow":["GET"]}}],"collection":[{"href":"https:\/\/skin-heal.com\/es\/wp-json\/wp\/v2\/product"}],"about":[{"href":"https:\/\/skin-heal.com\/es\/wp-json\/wp\/v2\/types\/product"}],"wp:featuredmedia":[{"embeddable":true,"href":"https:\/\/skin-heal.com\/es\/wp-json\/wp\/v2\/media\/36256"}],"wp:attachment":[{"href":"https:\/\/skin-heal.com\/es\/wp-json\/wp\/v2\/media?parent=36213"}],"wp:term":[{"taxonomy":"product_brand","embeddable":true,"href":"https:\/\/skin-heal.com\/es\/wp-json\/wp\/v2\/product_brand?post=36213"},{"taxonomy":"product_cat","embeddable":true,"href":"https:\/\/skin-heal.com\/es\/wp-json\/wp\/v2\/product_cat?post=36213"},{"taxonomy":"product_tag","embeddable":true,"href":"https:\/\/skin-heal.com\/es\/wp-json\/wp\/v2\/product_tag?post=36213"}],"curies":[{"name":"wp","href":"https:\/\/api.w.org\/{rel}","templated":true}]}}