{"id":36214,"date":"2023-10-13T11:38:14","date_gmt":"2023-10-13T08:38:14","guid":{"rendered":"https:\/\/skin-heal.com\/?post_type=product&#038;p=36214"},"modified":"2023-10-26T12:50:50","modified_gmt":"2023-10-26T09:50:50","slug":"a-jax-keen-vivid-1-x-1-1ml","status":"publish","type":"product","link":"https:\/\/skin-heal.com\/es\/producto\/a-jax-keen-vivid-1-x-1-1ml\/","title":{"rendered":"A-Jax Keen Vivid (1 x 1,1ml)"},"content":{"rendered":"<p>En el coraz\u00f3n de A-Jax Keen Vivid se encuentra el \u00e1cido hialur\u00f3nico de alta calidad de Shiseido, de uso oft\u00e1lmico. Una vez fabricado su gel, en las vanguardistas instalaciones de la f\u00e1brica coreana, se somete a un exhaustivo proceso de purificaci\u00f3n, denominado di\u00e1lisis, durante un periodo total de dos semanas. De este modo, se eliminan por completo los restos del elemento reticulante BDDA que pudieran quedar en el gel.<\/p>\n<p>El resultado final es uno de los mejores rellenos labiales procedentes de Corea del Sur. Desarrollado mediante la tecnolog\u00eda Hexagonal Block Crosslinking, que garantiza una estabilidad suprema y una viscoelasticidad \u00f3ptima del gel de HA (que se degrada en menos de 3% incluso despu\u00e9s de un periodo prolongado tras la aplicaci\u00f3n), A-Jax Keen Vivid ofrece uno de los m\u00e9todos m\u00e1s impresionantes para tratar los pliegues profundos de la piel y las arrugas, pero tambi\u00e9n proporciona una voluminizaci\u00f3n notable y un realce del contorno, cuando se utiliza como relleno labial.<\/p>\n<h2>Puntos clave del producto<\/h2>\n<ul>\n<li>Efecto duradero: el proceso HBCT de fabricaci\u00f3n del gel hace que el relleno labial sea m\u00e1s resistente, sin hacerlo demasiado espeso.<\/li>\n<li>Alto nivel de seguridad: todo el equipo de la f\u00e1brica coreana es nuevo y de la m\u00e1xima calidad, mientras que la propia masilla es completamente pura y se basa en la mejor HA posible.<\/li>\n<li>Uso sencillo: la aguja y la c\u00e1nula de acero inoxidable JBP de alta calidad permiten una aplicaci\u00f3n precisa, mientras que la consistencia del gel permite utilizarlo con una fuerza de extrusi\u00f3n uniforme.<\/li>\n<\/ul>\n<p>Una soluci\u00f3n casi indolora y m\u00ednimamente invasiva para el aumento de labios, el relleno A-Jax Keen Vivid es un m\u00e9todo casi instant\u00e1neo para restaurar la p\u00e9rdida notable de volumen de la piel en varias partes de la cara, as\u00ed como para aumentar la plenitud de los labios hasta un a\u00f1o. Este producto se ajusta a los par\u00e1metros de Rejeunesse Deep y es muy parecido a Revolax Deep y Dermalax Deep Plus.<\/p>","protected":false},"excerpt":{"rendered":"<p>En la hermosa caja de A-Jax Keen Vivid esta contenido uno de los mas efectivos, pero sorprendentemente asequible, rellenos coreanos de arrugas profundas y labios en el mercado. Un producto f\u00e1cil de usar, con una fuerza de extrusi\u00f3n consistente de aplicaci\u00f3n, que utiliza tecnolog\u00edas avanzadas como HAMC y HBCT, proporciona un per\u00edodo prolongado de correcci\u00f3n de aspecto muy natural de las depresiones moderadas a profundas de la piel, as\u00ed como un hermoso y completo realce de los labios.<\/p>","protected":false},"featured_media":36255,"template":"","meta":[],"product_brand":[],"product_cat":[154,79],"product_tag":[],"class_list":{"0":"post-36214","1":"product","2":"type-product","3":"status-publish","4":"has-post-thumbnail","6":"product_cat-a-jax-keen","7":"product_cat-dermal-fillers","8":"clearfix","10":"first","11":"instock","12":"taxable","13":"shipping-taxable","14":"purchasable","15":"product-type-simple"},"yoast_head":"<!-- This site is optimized with the Yoast SEO plugin v27.3 - https:\/\/yoast.com\/product\/yoast-seo-wordpress\/ -->\n<title>Buy A-Jax Keen Vivid (1 x 1.1ml) - Low Prices at Skin Heal<\/title>\n<meta name=\"description\" content=\"An effective, but budget-oriented lip filler and deep skin fold treatment solution, A-Jax Keen Vivid matches the quality of the famous Korean brands, for a fraction of the price.\" \/>\n<meta name=\"robots\" content=\"index, follow, max-snippet:-1, max-image-preview:large, max-video-preview:-1\" \/>\n<link rel=\"canonical\" href=\"https:\/\/skin-heal.com\/es\/producto\/a-jax-keen-vivid-1-x-1-1ml\/\" \/>\n<meta property=\"og:locale\" content=\"es_MX\" \/>\n<meta property=\"og:type\" content=\"article\" \/>\n<meta property=\"og:title\" content=\"Buy A-Jax Keen Vivid (1 x 1.1ml) - Low Prices at Skin Heal\" \/>\n<meta property=\"og:description\" content=\"An effective, but budget-oriented lip filler and deep skin fold treatment solution, A-Jax Keen Vivid matches the quality of the famous Korean brands, for a fraction of the price.\" \/>\n<meta property=\"og:url\" content=\"https:\/\/skin-heal.com\/es\/producto\/a-jax-keen-vivid-1-x-1-1ml\/\" \/>\n<meta property=\"og:site_name\" content=\"Skin Heal\" \/>\n<meta property=\"article:modified_time\" content=\"2023-10-26T09:50:50+00:00\" \/>\n<meta property=\"og:image\" content=\"https:\/\/cdn.skin-heal.com\/wp-content\/uploads\/2023\/10\/A-Jax-Keen-Vivid.jpg\" \/>\n\t<meta property=\"og:image:width\" content=\"600\" \/>\n\t<meta property=\"og:image:height\" content=\"600\" \/>\n\t<meta property=\"og:image:type\" content=\"image\/jpeg\" \/>\n<meta name=\"twitter:card\" content=\"summary_large_image\" \/>\n<meta name=\"twitter:label1\" content=\"Tiempo de lectura\" \/>\n\t<meta name=\"twitter:data1\" content=\"2 minutos\" \/>\n<script type=\"application\/ld+json\" class=\"yoast-schema-graph\">{\"@context\":\"https:\\\/\\\/schema.org\",\"@graph\":[{\"@type\":\"WebPage\",\"@id\":\"https:\\\/\\\/skin-heal.com\\\/product\\\/a-jax-keen-vivid-1-x-1-1ml\\\/\",\"url\":\"https:\\\/\\\/skin-heal.com\\\/product\\\/a-jax-keen-vivid-1-x-1-1ml\\\/\",\"name\":\"Buy A-Jax Keen Vivid (1 x 1.1ml) - Low Prices at Skin Heal\",\"isPartOf\":{\"@id\":\"https:\\\/\\\/skin-heal.com\\\/#website\"},\"primaryImageOfPage\":{\"@id\":\"https:\\\/\\\/skin-heal.com\\\/product\\\/a-jax-keen-vivid-1-x-1-1ml\\\/#primaryimage\"},\"image\":{\"@id\":\"https:\\\/\\\/skin-heal.com\\\/product\\\/a-jax-keen-vivid-1-x-1-1ml\\\/#primaryimage\"},\"thumbnailUrl\":\"https:\\\/\\\/skin-heal.com\\\/wp-content\\\/uploads\\\/2023\\\/10\\\/A-Jax-Keen-Vivid.jpg\",\"datePublished\":\"2023-10-13T08:38:14+00:00\",\"dateModified\":\"2023-10-26T09:50:50+00:00\",\"description\":\"An effective, but budget-oriented lip filler and deep skin fold treatment solution, A-Jax Keen Vivid matches the quality of the famous Korean brands, for a fraction of the price.\",\"breadcrumb\":{\"@id\":\"https:\\\/\\\/skin-heal.com\\\/product\\\/a-jax-keen-vivid-1-x-1-1ml\\\/#breadcrumb\"},\"inLanguage\":\"es\",\"potentialAction\":[{\"@type\":\"ReadAction\",\"target\":[\"https:\\\/\\\/skin-heal.com\\\/product\\\/a-jax-keen-vivid-1-x-1-1ml\\\/\"]}]},{\"@type\":\"ImageObject\",\"inLanguage\":\"es\",\"@id\":\"https:\\\/\\\/skin-heal.com\\\/product\\\/a-jax-keen-vivid-1-x-1-1ml\\\/#primaryimage\",\"url\":\"https:\\\/\\\/skin-heal.com\\\/wp-content\\\/uploads\\\/2023\\\/10\\\/A-Jax-Keen-Vivid.jpg\",\"contentUrl\":\"https:\\\/\\\/skin-heal.com\\\/wp-content\\\/uploads\\\/2023\\\/10\\\/A-Jax-Keen-Vivid.jpg\",\"width\":600,\"height\":600,\"caption\":\"A-Jax Keen Vivid\"},{\"@type\":\"BreadcrumbList\",\"@id\":\"https:\\\/\\\/skin-heal.com\\\/product\\\/a-jax-keen-vivid-1-x-1-1ml\\\/#breadcrumb\",\"itemListElement\":[{\"@type\":\"ListItem\",\"position\":1,\"name\":\"Home\",\"item\":\"https:\\\/\\\/skin-heal.com\\\/\"},{\"@type\":\"ListItem\",\"position\":2,\"name\":\"Store\",\"item\":\"https:\\\/\\\/skin-heal.com\\\/store\\\/\"},{\"@type\":\"ListItem\",\"position\":3,\"name\":\"A-Jax Keen Vivid (1 x 1.1ml)\"}]},{\"@type\":\"WebSite\",\"@id\":\"https:\\\/\\\/skin-heal.com\\\/#website\",\"url\":\"https:\\\/\\\/skin-heal.com\\\/\",\"name\":\"Skin Heal\",\"description\":\"Lowest Prices for Dermal Fillers\",\"potentialAction\":[{\"@type\":\"SearchAction\",\"target\":{\"@type\":\"EntryPoint\",\"urlTemplate\":\"https:\\\/\\\/skin-heal.com\\\/?s={search_term_string}\"},\"query-input\":{\"@type\":\"PropertyValueSpecification\",\"valueRequired\":true,\"valueName\":\"search_term_string\"}}],\"inLanguage\":\"es\"}]}<\/script>\n<!-- \/ Yoast SEO plugin. -->","yoast_head_json":{"title":"Comprar A-Jax Keen Vivid (1 x 1.1ml) - Precios Bajos en Skin Heal","description":"A-Jax Keen Vivid es una soluci\u00f3n eficaz y econ\u00f3mica para el relleno de labios y el tratamiento de pliegues cut\u00e1neos profundos que iguala la calidad de las famosas marcas coreanas por una fracci\u00f3n de su precio.","robots":{"index":"index","follow":"follow","max-snippet":"max-snippet:-1","max-image-preview":"max-image-preview:large","max-video-preview":"max-video-preview:-1"},"canonical":"https:\/\/skin-heal.com\/es\/producto\/a-jax-keen-vivid-1-x-1-1ml\/","og_locale":"es_MX","og_type":"article","og_title":"Buy A-Jax Keen Vivid (1 x 1.1ml) - Low Prices at Skin Heal","og_description":"An effective, but budget-oriented lip filler and deep skin fold treatment solution, A-Jax Keen Vivid matches the quality of the famous Korean brands, for a fraction of the price.","og_url":"https:\/\/skin-heal.com\/es\/producto\/a-jax-keen-vivid-1-x-1-1ml\/","og_site_name":"Skin Heal","article_modified_time":"2023-10-26T09:50:50+00:00","og_image":[{"width":600,"height":600,"url":"https:\/\/cdn.skin-heal.com\/wp-content\/uploads\/2023\/10\/A-Jax-Keen-Vivid.jpg","type":"image\/jpeg"}],"twitter_card":"summary_large_image","twitter_misc":{"Tiempo de lectura":"2 minutos"},"schema":{"@context":"https:\/\/schema.org","@graph":[{"@type":"WebPage","@id":"https:\/\/skin-heal.com\/product\/a-jax-keen-vivid-1-x-1-1ml\/","url":"https:\/\/skin-heal.com\/product\/a-jax-keen-vivid-1-x-1-1ml\/","name":"Comprar A-Jax Keen Vivid (1 x 1.1ml) - Precios Bajos en Skin Heal","isPartOf":{"@id":"https:\/\/skin-heal.com\/#website"},"primaryImageOfPage":{"@id":"https:\/\/skin-heal.com\/product\/a-jax-keen-vivid-1-x-1-1ml\/#primaryimage"},"image":{"@id":"https:\/\/skin-heal.com\/product\/a-jax-keen-vivid-1-x-1-1ml\/#primaryimage"},"thumbnailUrl":"https:\/\/cdn.skin-heal.com\/wp-content\/uploads\/2023\/10\/A-Jax-Keen-Vivid.jpg","datePublished":"2023-10-13T08:38:14+00:00","dateModified":"2023-10-26T09:50:50+00:00","description":"A-Jax Keen Vivid es una soluci\u00f3n eficaz y econ\u00f3mica para el relleno de labios y el tratamiento de pliegues cut\u00e1neos profundos que iguala la calidad de las famosas marcas coreanas por una fracci\u00f3n de su precio.","breadcrumb":{"@id":"https:\/\/skin-heal.com\/product\/a-jax-keen-vivid-1-x-1-1ml\/#breadcrumb"},"inLanguage":"es","potentialAction":[{"@type":"ReadAction","target":["https:\/\/skin-heal.com\/product\/a-jax-keen-vivid-1-x-1-1ml\/"]}]},{"@type":"ImageObject","inLanguage":"es","@id":"https:\/\/skin-heal.com\/product\/a-jax-keen-vivid-1-x-1-1ml\/#primaryimage","url":"https:\/\/cdn.skin-heal.com\/wp-content\/uploads\/2023\/10\/A-Jax-Keen-Vivid.jpg","contentUrl":"https:\/\/cdn.skin-heal.com\/wp-content\/uploads\/2023\/10\/A-Jax-Keen-Vivid.jpg","width":600,"height":600,"caption":"A-Jax Keen Vivid"},{"@type":"BreadcrumbList","@id":"https:\/\/skin-heal.com\/product\/a-jax-keen-vivid-1-x-1-1ml\/#breadcrumb","itemListElement":[{"@type":"ListItem","position":1,"name":"Home","item":"https:\/\/skin-heal.com\/"},{"@type":"ListItem","position":2,"name":"Store","item":"https:\/\/skin-heal.com\/store\/"},{"@type":"ListItem","position":3,"name":"A-Jax Keen Vivid (1 x 1.1ml)"}]},{"@type":"WebSite","@id":"https:\/\/skin-heal.com\/#website","url":"https:\/\/skin-heal.com\/","name":"Curaci\u00f3n de la piel","description":"Los precios m\u00e1s bajos para los rellenos d\u00e9rmicos","potentialAction":[{"@type":"SearchAction","target":{"@type":"EntryPoint","urlTemplate":"https:\/\/skin-heal.com\/?s={search_term_string}"},"query-input":{"@type":"PropertyValueSpecification","valueRequired":true,"valueName":"search_term_string"}}],"inLanguage":"es"}]}},"_links":{"self":[{"href":"https:\/\/skin-heal.com\/es\/wp-json\/wp\/v2\/product\/36214","targetHints":{"allow":["GET"]}}],"collection":[{"href":"https:\/\/skin-heal.com\/es\/wp-json\/wp\/v2\/product"}],"about":[{"href":"https:\/\/skin-heal.com\/es\/wp-json\/wp\/v2\/types\/product"}],"wp:featuredmedia":[{"embeddable":true,"href":"https:\/\/skin-heal.com\/es\/wp-json\/wp\/v2\/media\/36255"}],"wp:attachment":[{"href":"https:\/\/skin-heal.com\/es\/wp-json\/wp\/v2\/media?parent=36214"}],"wp:term":[{"taxonomy":"product_brand","embeddable":true,"href":"https:\/\/skin-heal.com\/es\/wp-json\/wp\/v2\/product_brand?post=36214"},{"taxonomy":"product_cat","embeddable":true,"href":"https:\/\/skin-heal.com\/es\/wp-json\/wp\/v2\/product_cat?post=36214"},{"taxonomy":"product_tag","embeddable":true,"href":"https:\/\/skin-heal.com\/es\/wp-json\/wp\/v2\/product_tag?post=36214"}],"curies":[{"name":"wp","href":"https:\/\/api.w.org\/{rel}","templated":true}]}}