{"id":36215,"date":"2023-10-13T11:39:21","date_gmt":"2023-10-13T08:39:21","guid":{"rendered":"https:\/\/skin-heal.com\/?post_type=product&#038;p=36215"},"modified":"2023-11-07T14:08:25","modified_gmt":"2023-11-07T12:08:25","slug":"a-jax-keen-sublime-1-x-1-1ml","status":"publish","type":"product","link":"https:\/\/skin-heal.com\/es\/producto\/a-jax-keen-sublime-1-x-1-1ml\/","title":{"rendered":"A-Jax Keen Sublime (1 x 1.1ml)"},"content":{"rendered":"<p>Con el fin de ser tan eficaz como es, A-Jax Keen Sublime es rigurosamente probado durante el desarrollo y se aprovecha de tales procesos de alta gama, como HBCT (Hexagonal Block Crosslinking Technology), MGIT (Micro Grinding Irregular Technology) y HAMC (Hyaluronic Acid Moisture Correction).<\/p>\n<ul>\n<li><strong>HBCT<\/strong> - este m\u00e9todo hace que la estructura del gel de AH sea m\u00e1s compacta, de forma hexagonal, mejorando as\u00ed su estabilidad y eficacia generales, al tiempo que ralentiza el proceso natural de disoluci\u00f3n en el organismo.<\/li>\n<li><strong>HAMC<\/strong> - act\u00faa en conjunci\u00f3n con la tecnolog\u00eda anterior, aprovechando las propiedades de retenci\u00f3n de agua del \u00e1cido hialur\u00f3nico y ayuda a que el gel de contorno, que es el producto final, sea m\u00e1s resistente a las enzimas del organismo, prolongando as\u00ed el efecto voluminizador.<\/li>\n<li><strong>MGIT<\/strong> - La tecnolog\u00eda Micro Grinding Irregular permite aplicar el gel con una fuerza de extrusi\u00f3n uniforme, lo que permite una aplicaci\u00f3n uniforme y sim\u00e9trica. Este control mejorado ayuda a que el resultado final parezca a\u00fan m\u00e1s natural.<\/li>\n<\/ul>\n<p>Con respecto al \u00faltimo punto, cada caja de A-Jax Keen Sublime contiene una aguja JBP y una c\u00e1nula JBP - probablemente la mejor marca del mercado. En general, el proceso de aplicaci\u00f3n de este relleno esculpir es tan simplificado como sea posible y es una de las soluciones m\u00e1s eficaces para contornear el \u00f3valo facial (especialmente la l\u00ednea de la mand\u00edbula), a\u00f1adir acento en los p\u00f3mulos, esculpir la barbilla y la nariz y, por \u00faltimo pero no menos importante, ayudar con la p\u00e9rdida severa de volumen de las mejillas, as\u00ed como rellenar las formas m\u00e1s profundas de los pliegues nasolabiales y l\u00edneas de marioneta.<\/p>","protected":false},"excerpt":{"rendered":"<p>A-Jax Keen Subline resuelve el dilema de mejorar el contorno del \u00f3valo facial o resolver los problemas de la piel relacionados con la p\u00e9rdida severa de volumen, sin dejar de tener un precio bajo. De hecho, el relleno denso Sublime es un complemento perfecto para Rejeunesse Shape, pero tambi\u00e9n puede sustituir eficazmente a Revolax SubQ o Derma, cuando se necesita un gel grueso estable a base de HA para correcciones est\u00e9ticas en zonas de la cara como la barbilla, la l\u00ednea de la mand\u00edbula y los p\u00f3mulos.<\/p>","protected":false},"featured_media":36257,"template":"","meta":[],"product_brand":[],"product_cat":[154,79],"product_tag":[],"class_list":{"0":"post-36215","1":"product","2":"type-product","3":"status-publish","4":"has-post-thumbnail","6":"product_cat-a-jax-keen","7":"product_cat-dermal-fillers","8":"clearfix","10":"first","11":"instock","12":"taxable","13":"shipping-taxable","14":"purchasable","15":"product-type-simple"},"yoast_head":"<!-- This site is optimized with the Yoast SEO plugin v27.3 - https:\/\/yoast.com\/product\/yoast-seo-wordpress\/ -->\n<title>Buy A-Jax Keen Sublime (1 x 1.1ml) - Low Price at Skin Heal<\/title>\n<meta name=\"description\" content=\"A-Jax Keen Subline is the premium quality, but budget priced Korean filler for facial enhancement in areas like the chin, nose, cheekbones and cheeks.\" \/>\n<meta name=\"robots\" content=\"index, follow, max-snippet:-1, max-image-preview:large, max-video-preview:-1\" \/>\n<link rel=\"canonical\" href=\"https:\/\/skin-heal.com\/es\/producto\/a-jax-keen-sublime-1-x-1-1ml\/\" \/>\n<meta property=\"og:locale\" content=\"es_MX\" \/>\n<meta property=\"og:type\" content=\"article\" \/>\n<meta property=\"og:title\" content=\"Buy A-Jax Keen Sublime (1 x 1.1ml) - Low Price at Skin Heal\" \/>\n<meta property=\"og:description\" content=\"A-Jax Keen Subline is the premium quality, but budget priced Korean filler for facial enhancement in areas like the chin, nose, cheekbones and cheeks.\" \/>\n<meta property=\"og:url\" content=\"https:\/\/skin-heal.com\/es\/producto\/a-jax-keen-sublime-1-x-1-1ml\/\" \/>\n<meta property=\"og:site_name\" content=\"Skin Heal\" \/>\n<meta property=\"article:modified_time\" content=\"2023-11-07T12:08:25+00:00\" \/>\n<meta property=\"og:image\" content=\"https:\/\/cdn.skin-heal.com\/wp-content\/uploads\/2023\/10\/A-Jax-Keen-Sublime.jpg\" \/>\n\t<meta property=\"og:image:width\" content=\"600\" \/>\n\t<meta property=\"og:image:height\" content=\"600\" \/>\n\t<meta property=\"og:image:type\" content=\"image\/jpeg\" \/>\n<meta name=\"twitter:card\" content=\"summary_large_image\" \/>\n<meta name=\"twitter:label1\" content=\"Tiempo de lectura\" \/>\n\t<meta name=\"twitter:data1\" content=\"2 minutos\" \/>\n<script type=\"application\/ld+json\" class=\"yoast-schema-graph\">{\"@context\":\"https:\\\/\\\/schema.org\",\"@graph\":[{\"@type\":\"WebPage\",\"@id\":\"https:\\\/\\\/skin-heal.com\\\/product\\\/a-jax-keen-sublime-1-x-1-1ml\\\/\",\"url\":\"https:\\\/\\\/skin-heal.com\\\/product\\\/a-jax-keen-sublime-1-x-1-1ml\\\/\",\"name\":\"Buy A-Jax Keen Sublime (1 x 1.1ml) - Low Price at Skin Heal\",\"isPartOf\":{\"@id\":\"https:\\\/\\\/skin-heal.com\\\/#website\"},\"primaryImageOfPage\":{\"@id\":\"https:\\\/\\\/skin-heal.com\\\/product\\\/a-jax-keen-sublime-1-x-1-1ml\\\/#primaryimage\"},\"image\":{\"@id\":\"https:\\\/\\\/skin-heal.com\\\/product\\\/a-jax-keen-sublime-1-x-1-1ml\\\/#primaryimage\"},\"thumbnailUrl\":\"https:\\\/\\\/skin-heal.com\\\/wp-content\\\/uploads\\\/2023\\\/10\\\/A-Jax-Keen-Sublime.jpg\",\"datePublished\":\"2023-10-13T08:39:21+00:00\",\"dateModified\":\"2023-11-07T12:08:25+00:00\",\"description\":\"A-Jax Keen Subline is the premium quality, but budget priced Korean filler for facial enhancement in areas like the chin, nose, cheekbones and cheeks.\",\"breadcrumb\":{\"@id\":\"https:\\\/\\\/skin-heal.com\\\/product\\\/a-jax-keen-sublime-1-x-1-1ml\\\/#breadcrumb\"},\"inLanguage\":\"es\",\"potentialAction\":[{\"@type\":\"ReadAction\",\"target\":[\"https:\\\/\\\/skin-heal.com\\\/product\\\/a-jax-keen-sublime-1-x-1-1ml\\\/\"]}]},{\"@type\":\"ImageObject\",\"inLanguage\":\"es\",\"@id\":\"https:\\\/\\\/skin-heal.com\\\/product\\\/a-jax-keen-sublime-1-x-1-1ml\\\/#primaryimage\",\"url\":\"https:\\\/\\\/skin-heal.com\\\/wp-content\\\/uploads\\\/2023\\\/10\\\/A-Jax-Keen-Sublime.jpg\",\"contentUrl\":\"https:\\\/\\\/skin-heal.com\\\/wp-content\\\/uploads\\\/2023\\\/10\\\/A-Jax-Keen-Sublime.jpg\",\"width\":600,\"height\":600,\"caption\":\"A-Jax Keen Sublime\"},{\"@type\":\"BreadcrumbList\",\"@id\":\"https:\\\/\\\/skin-heal.com\\\/product\\\/a-jax-keen-sublime-1-x-1-1ml\\\/#breadcrumb\",\"itemListElement\":[{\"@type\":\"ListItem\",\"position\":1,\"name\":\"Home\",\"item\":\"https:\\\/\\\/skin-heal.com\\\/\"},{\"@type\":\"ListItem\",\"position\":2,\"name\":\"Store\",\"item\":\"https:\\\/\\\/skin-heal.com\\\/store\\\/\"},{\"@type\":\"ListItem\",\"position\":3,\"name\":\"A-Jax Keen Sublime (1 x 1.1ml)\"}]},{\"@type\":\"WebSite\",\"@id\":\"https:\\\/\\\/skin-heal.com\\\/#website\",\"url\":\"https:\\\/\\\/skin-heal.com\\\/\",\"name\":\"Skin Heal\",\"description\":\"Lowest Prices for Dermal Fillers\",\"potentialAction\":[{\"@type\":\"SearchAction\",\"target\":{\"@type\":\"EntryPoint\",\"urlTemplate\":\"https:\\\/\\\/skin-heal.com\\\/?s={search_term_string}\"},\"query-input\":{\"@type\":\"PropertyValueSpecification\",\"valueRequired\":true,\"valueName\":\"search_term_string\"}}],\"inLanguage\":\"es\"}]}<\/script>\n<!-- \/ Yoast SEO plugin. -->","yoast_head_json":{"title":"Comprar A-Jax Keen Sublime (1 x 1.1ml) - Precio bajo en Skin Heal","description":"A-Jax Keen Subline es el relleno coreano de calidad superior, pero a un precio asequible, para el realce facial en zonas como la barbilla, la nariz, los p\u00f3mulos y las mejillas.","robots":{"index":"index","follow":"follow","max-snippet":"max-snippet:-1","max-image-preview":"max-image-preview:large","max-video-preview":"max-video-preview:-1"},"canonical":"https:\/\/skin-heal.com\/es\/producto\/a-jax-keen-sublime-1-x-1-1ml\/","og_locale":"es_MX","og_type":"article","og_title":"Buy A-Jax Keen Sublime (1 x 1.1ml) - Low Price at Skin Heal","og_description":"A-Jax Keen Subline is the premium quality, but budget priced Korean filler for facial enhancement in areas like the chin, nose, cheekbones and cheeks.","og_url":"https:\/\/skin-heal.com\/es\/producto\/a-jax-keen-sublime-1-x-1-1ml\/","og_site_name":"Skin Heal","article_modified_time":"2023-11-07T12:08:25+00:00","og_image":[{"width":600,"height":600,"url":"https:\/\/cdn.skin-heal.com\/wp-content\/uploads\/2023\/10\/A-Jax-Keen-Sublime.jpg","type":"image\/jpeg"}],"twitter_card":"summary_large_image","twitter_misc":{"Tiempo de lectura":"2 minutos"},"schema":{"@context":"https:\/\/schema.org","@graph":[{"@type":"WebPage","@id":"https:\/\/skin-heal.com\/product\/a-jax-keen-sublime-1-x-1-1ml\/","url":"https:\/\/skin-heal.com\/product\/a-jax-keen-sublime-1-x-1-1ml\/","name":"Comprar A-Jax Keen Sublime (1 x 1.1ml) - Precio bajo en Skin Heal","isPartOf":{"@id":"https:\/\/skin-heal.com\/#website"},"primaryImageOfPage":{"@id":"https:\/\/skin-heal.com\/product\/a-jax-keen-sublime-1-x-1-1ml\/#primaryimage"},"image":{"@id":"https:\/\/skin-heal.com\/product\/a-jax-keen-sublime-1-x-1-1ml\/#primaryimage"},"thumbnailUrl":"https:\/\/cdn.skin-heal.com\/wp-content\/uploads\/2023\/10\/A-Jax-Keen-Sublime.jpg","datePublished":"2023-10-13T08:39:21+00:00","dateModified":"2023-11-07T12:08:25+00:00","description":"A-Jax Keen Subline es el relleno coreano de calidad superior, pero a un precio asequible, para el realce facial en zonas como la barbilla, la nariz, los p\u00f3mulos y las mejillas.","breadcrumb":{"@id":"https:\/\/skin-heal.com\/product\/a-jax-keen-sublime-1-x-1-1ml\/#breadcrumb"},"inLanguage":"es","potentialAction":[{"@type":"ReadAction","target":["https:\/\/skin-heal.com\/product\/a-jax-keen-sublime-1-x-1-1ml\/"]}]},{"@type":"ImageObject","inLanguage":"es","@id":"https:\/\/skin-heal.com\/product\/a-jax-keen-sublime-1-x-1-1ml\/#primaryimage","url":"https:\/\/cdn.skin-heal.com\/wp-content\/uploads\/2023\/10\/A-Jax-Keen-Sublime.jpg","contentUrl":"https:\/\/cdn.skin-heal.com\/wp-content\/uploads\/2023\/10\/A-Jax-Keen-Sublime.jpg","width":600,"height":600,"caption":"A-Jax Keen Sublime"},{"@type":"BreadcrumbList","@id":"https:\/\/skin-heal.com\/product\/a-jax-keen-sublime-1-x-1-1ml\/#breadcrumb","itemListElement":[{"@type":"ListItem","position":1,"name":"Home","item":"https:\/\/skin-heal.com\/"},{"@type":"ListItem","position":2,"name":"Store","item":"https:\/\/skin-heal.com\/store\/"},{"@type":"ListItem","position":3,"name":"A-Jax Keen Sublime (1 x 1.1ml)"}]},{"@type":"WebSite","@id":"https:\/\/skin-heal.com\/#website","url":"https:\/\/skin-heal.com\/","name":"Curaci\u00f3n de la piel","description":"Los precios m\u00e1s bajos para los rellenos d\u00e9rmicos","potentialAction":[{"@type":"SearchAction","target":{"@type":"EntryPoint","urlTemplate":"https:\/\/skin-heal.com\/?s={search_term_string}"},"query-input":{"@type":"PropertyValueSpecification","valueRequired":true,"valueName":"search_term_string"}}],"inLanguage":"es"}]}},"_links":{"self":[{"href":"https:\/\/skin-heal.com\/es\/wp-json\/wp\/v2\/product\/36215","targetHints":{"allow":["GET"]}}],"collection":[{"href":"https:\/\/skin-heal.com\/es\/wp-json\/wp\/v2\/product"}],"about":[{"href":"https:\/\/skin-heal.com\/es\/wp-json\/wp\/v2\/types\/product"}],"wp:featuredmedia":[{"embeddable":true,"href":"https:\/\/skin-heal.com\/es\/wp-json\/wp\/v2\/media\/36257"}],"wp:attachment":[{"href":"https:\/\/skin-heal.com\/es\/wp-json\/wp\/v2\/media?parent=36215"}],"wp:term":[{"taxonomy":"product_brand","embeddable":true,"href":"https:\/\/skin-heal.com\/es\/wp-json\/wp\/v2\/product_brand?post=36215"},{"taxonomy":"product_cat","embeddable":true,"href":"https:\/\/skin-heal.com\/es\/wp-json\/wp\/v2\/product_cat?post=36215"},{"taxonomy":"product_tag","embeddable":true,"href":"https:\/\/skin-heal.com\/es\/wp-json\/wp\/v2\/product_tag?post=36215"}],"curies":[{"name":"wp","href":"https:\/\/api.w.org\/{rel}","templated":true}]}}