{"id":36320,"date":"2023-12-12T17:46:45","date_gmt":"2023-12-12T15:46:45","guid":{"rendered":"https:\/\/skin-heal.com\/?post_type=product&#038;p=36320"},"modified":"2026-03-12T21:07:51","modified_gmt":"2026-03-12T19:07:51","slug":"gemvous-pn-polynucleotide-skin-booster-3-x-2-5ml","status":"publish","type":"product","link":"https:\/\/skin-heal.com\/es\/producto\/gemvous-pn-polynucleotide-skin-booster-3-x-2-5ml\/","title":{"rendered":"GemVous PN (Polinucle\u00f3tido) Skin Booster - 3 x 2,5ml"},"content":{"rendered":"<p>Los productos de polinucle\u00f3tidos como GemVous se est\u00e1n convirtiendo en el tipo de potenciadores de la piel m\u00e1s popular del mercado. Esta soluci\u00f3n antiedad es PN, en lugar de PDRN, lo que significa que la concentraci\u00f3n de polinucle\u00f3tidos es mayor, aunque la mezcla incluye \u00e1cido hialur\u00f3nico y vitamina B. Se basa en la Tecnolog\u00eda de ADN Optimizado (DOT) y es un potente potenciador de las c\u00e9lulas de la piel, ya que promueve el crecimiento celular mediante la producci\u00f3n de fibroblastos, que son importantes para la autorregeneraci\u00f3n natural de la dermis.<\/p>\n<p>Este efecto se ve amplificado por el \u00e1cido hialur\u00f3nico. GemVous aumentar\u00e1 inmediatamente los niveles de hidrataci\u00f3n de la piel, pero tambi\u00e9n ayudar\u00e1 a retener la humedad a largo plazo. Uno de los problemas que m\u00e1s afectan a la piel cansada y envejecida es la sequedad, que provoca da\u00f1os en la piel, arrugas y flacidez. Esto se debe en gran parte a la menor cantidad de AH. Con GemVous skinbooster, se introduce una gran cantidad de mol\u00e9culas de \u00e1cido hialur\u00f3nico directamente en la dermis, para potenciar su circulaci\u00f3n de hidrataci\u00f3n.<\/p>\n<p>Y por \u00faltimo, la Niacinamida, que es un tipo de complejo de Vitamina B, ayudar\u00e1 a mantener los efectos del Polinucle\u00f3tido y del \u00c1cido Hialur\u00f3nico, impulsando la producci\u00f3n de elastina y col\u00e1geno en la dermis y mejorando la resistencia de la barrera celular de la piel. No s\u00f3lo influir\u00e1 positivamente en la textura y elasticidad de la piel, sino que tambi\u00e9n restaurar\u00e1 notablemente el tono de la piel y tendr\u00e1 un visible efecto iluminador.<\/p>\n<h3>Contenido de la caja y uso general<\/h3>\n<p>En cuanto al valor del producto, el potenciador cut\u00e1neo GemVous PN ofrece un valor mucho mejor que otros productos de polinucle\u00f3tidos (PN o PDRN). No s\u00f3lo el efecto skinbooster es m\u00e1s potente, sino que cada envase viene con tres jeringas de 2,5 cc cada una. El uso puede ser directo o t\u00f3pico:<\/p>\n<ul>\n<li>Inyecci\u00f3n en la dermis superior<\/li>\n<li>Aplicaci\u00f3n del procedimiento de microagujas<\/li>\n<li>Masaje cut\u00e1neo y\/o aplicaci\u00f3n mediante rodillo dermograso<\/li>\n<\/ul>","protected":false},"excerpt":{"rendered":"<p>GemVous PN skinbooster es una nueva y potente soluci\u00f3n para mejorar r\u00e1pidamente el estado de la piel deteriorada y envejecida. Combinando las poderosas propiedades de los polinucle\u00f3tidos con el \u00e1cido hialur\u00f3nico y el complejo de vitamina B, nianicamida, es un producto saludable para la restauraci\u00f3n de la suavidad de la piel, la elasticidad y el tono natural de la piel, con efecto beneficioso a largo plazo para la dermis superior e inferior.<\/p>","protected":false},"featured_media":36321,"template":"","meta":[],"product_brand":[],"product_cat":[79,155,80],"product_tag":[],"class_list":{"0":"post-36320","1":"product","2":"type-product","3":"status-publish","4":"has-post-thumbnail","6":"product_cat-dermal-fillers","7":"product_cat-gemvous","8":"product_cat-mesotherapy","9":"clearfix","11":"first","12":"outofstock","13":"taxable","14":"shipping-taxable","15":"purchasable","16":"product-type-simple"},"yoast_head":"<!-- This site is optimized with the Yoast SEO plugin v27.4 - https:\/\/yoast.com\/product\/yoast-seo-wordpress\/ -->\n<title>GemVous PN (Polynucleotide) Skin Booster - 3 x 2.5ml - Skin Heal<\/title>\n<meta name=\"description\" content=\"GemVous PN is more powerful skinbooster than regular Polynucleotide PDRN product, by mixing PN with Hyaluronic acid and Niacinamide.\" \/>\n<meta name=\"robots\" content=\"index, follow, max-snippet:-1, max-image-preview:large, max-video-preview:-1\" \/>\n<link rel=\"canonical\" href=\"https:\/\/skin-heal.com\/es\/producto\/gemvous-pn-polynucleotide-skin-booster-3-x-2-5ml\/\" \/>\n<meta property=\"og:locale\" content=\"es_MX\" \/>\n<meta property=\"og:type\" content=\"article\" \/>\n<meta property=\"og:title\" content=\"GemVous PN (Polynucleotide) Skin Booster - 3 x 2.5ml - Skin Heal\" \/>\n<meta property=\"og:description\" content=\"GemVous PN is more powerful skinbooster than regular Polynucleotide PDRN product, by mixing PN with Hyaluronic acid and Niacinamide.\" \/>\n<meta property=\"og:url\" content=\"https:\/\/skin-heal.com\/es\/producto\/gemvous-pn-polynucleotide-skin-booster-3-x-2-5ml\/\" \/>\n<meta property=\"og:site_name\" content=\"Skin Heal\" \/>\n<meta property=\"article:modified_time\" content=\"2026-03-12T19:07:51+00:00\" \/>\n<meta property=\"og:image\" content=\"https:\/\/cdn.skin-heal.com\/wp-content\/uploads\/2023\/12\/GemVous.jpg\" \/>\n\t<meta property=\"og:image:width\" content=\"600\" \/>\n\t<meta property=\"og:image:height\" content=\"600\" \/>\n\t<meta property=\"og:image:type\" content=\"image\/jpeg\" \/>\n<meta name=\"twitter:card\" content=\"summary_large_image\" \/>\n<meta name=\"twitter:label1\" content=\"Tiempo de lectura\" \/>\n\t<meta name=\"twitter:data1\" content=\"2 minutos\" \/>\n<script type=\"application\/ld+json\" class=\"yoast-schema-graph\">{\"@context\":\"https:\\\/\\\/schema.org\",\"@graph\":[{\"@type\":\"WebPage\",\"@id\":\"https:\\\/\\\/skin-heal.com\\\/product\\\/gemvous-pn-polynucleotide-skin-booster-3-x-2-5ml\\\/\",\"url\":\"https:\\\/\\\/skin-heal.com\\\/product\\\/gemvous-pn-polynucleotide-skin-booster-3-x-2-5ml\\\/\",\"name\":\"GemVous PN (Polynucleotide) Skin Booster - 3 x 2.5ml - Skin Heal\",\"isPartOf\":{\"@id\":\"https:\\\/\\\/skin-heal.com\\\/#website\"},\"primaryImageOfPage\":{\"@id\":\"https:\\\/\\\/skin-heal.com\\\/product\\\/gemvous-pn-polynucleotide-skin-booster-3-x-2-5ml\\\/#primaryimage\"},\"image\":{\"@id\":\"https:\\\/\\\/skin-heal.com\\\/product\\\/gemvous-pn-polynucleotide-skin-booster-3-x-2-5ml\\\/#primaryimage\"},\"thumbnailUrl\":\"https:\\\/\\\/skin-heal.com\\\/wp-content\\\/uploads\\\/2023\\\/12\\\/GemVous.jpg\",\"datePublished\":\"2023-12-12T15:46:45+00:00\",\"dateModified\":\"2026-03-12T19:07:51+00:00\",\"description\":\"GemVous PN is more powerful skinbooster than regular Polynucleotide PDRN product, by mixing PN with Hyaluronic acid and Niacinamide.\",\"breadcrumb\":{\"@id\":\"https:\\\/\\\/skin-heal.com\\\/product\\\/gemvous-pn-polynucleotide-skin-booster-3-x-2-5ml\\\/#breadcrumb\"},\"inLanguage\":\"es\",\"potentialAction\":[{\"@type\":\"ReadAction\",\"target\":[\"https:\\\/\\\/skin-heal.com\\\/product\\\/gemvous-pn-polynucleotide-skin-booster-3-x-2-5ml\\\/\"]}]},{\"@type\":\"ImageObject\",\"inLanguage\":\"es\",\"@id\":\"https:\\\/\\\/skin-heal.com\\\/product\\\/gemvous-pn-polynucleotide-skin-booster-3-x-2-5ml\\\/#primaryimage\",\"url\":\"https:\\\/\\\/skin-heal.com\\\/wp-content\\\/uploads\\\/2023\\\/12\\\/GemVous.jpg\",\"contentUrl\":\"https:\\\/\\\/skin-heal.com\\\/wp-content\\\/uploads\\\/2023\\\/12\\\/GemVous.jpg\",\"width\":600,\"height\":600,\"caption\":\"GemVous PN Polynucleotide Skin Booster\"},{\"@type\":\"BreadcrumbList\",\"@id\":\"https:\\\/\\\/skin-heal.com\\\/product\\\/gemvous-pn-polynucleotide-skin-booster-3-x-2-5ml\\\/#breadcrumb\",\"itemListElement\":[{\"@type\":\"ListItem\",\"position\":1,\"name\":\"Home\",\"item\":\"https:\\\/\\\/skin-heal.com\\\/\"},{\"@type\":\"ListItem\",\"position\":2,\"name\":\"Store\",\"item\":\"https:\\\/\\\/skin-heal.com\\\/store\\\/\"},{\"@type\":\"ListItem\",\"position\":3,\"name\":\"GemVous PN (Polynucleotide) Skin Booster &#8211; 3 x 2.5ml\"}]},{\"@type\":\"WebSite\",\"@id\":\"https:\\\/\\\/skin-heal.com\\\/#website\",\"url\":\"https:\\\/\\\/skin-heal.com\\\/\",\"name\":\"Skin Heal\",\"description\":\"Lowest Prices for Dermal Fillers\",\"potentialAction\":[{\"@type\":\"SearchAction\",\"target\":{\"@type\":\"EntryPoint\",\"urlTemplate\":\"https:\\\/\\\/skin-heal.com\\\/?s={search_term_string}\"},\"query-input\":{\"@type\":\"PropertyValueSpecification\",\"valueRequired\":true,\"valueName\":\"search_term_string\"}}],\"inLanguage\":\"es\"}]}<\/script>\n<!-- \/ Yoast SEO plugin. -->","yoast_head_json":{"title":"GemVous PN (Polynucleotide) Skin Booster - 3 x 2.5ml - Skin Heal","description":"GemVous PN es un potenciador de la piel m\u00e1s potente que el producto normal de Polinucle\u00f3tidos PDRN, al mezclar PN con \u00e1cido hialur\u00f3nico y niacinamida.","robots":{"index":"index","follow":"follow","max-snippet":"max-snippet:-1","max-image-preview":"max-image-preview:large","max-video-preview":"max-video-preview:-1"},"canonical":"https:\/\/skin-heal.com\/es\/producto\/gemvous-pn-polynucleotide-skin-booster-3-x-2-5ml\/","og_locale":"es_MX","og_type":"article","og_title":"GemVous PN (Polynucleotide) Skin Booster - 3 x 2.5ml - Skin Heal","og_description":"GemVous PN is more powerful skinbooster than regular Polynucleotide PDRN product, by mixing PN with Hyaluronic acid and Niacinamide.","og_url":"https:\/\/skin-heal.com\/es\/producto\/gemvous-pn-polynucleotide-skin-booster-3-x-2-5ml\/","og_site_name":"Skin Heal","article_modified_time":"2026-03-12T19:07:51+00:00","og_image":[{"width":600,"height":600,"url":"https:\/\/cdn.skin-heal.com\/wp-content\/uploads\/2023\/12\/GemVous.jpg","type":"image\/jpeg"}],"twitter_card":"summary_large_image","twitter_misc":{"Tiempo de lectura":"2 minutos"},"schema":{"@context":"https:\/\/schema.org","@graph":[{"@type":"WebPage","@id":"https:\/\/skin-heal.com\/product\/gemvous-pn-polynucleotide-skin-booster-3-x-2-5ml\/","url":"https:\/\/skin-heal.com\/product\/gemvous-pn-polynucleotide-skin-booster-3-x-2-5ml\/","name":"GemVous PN (Polynucleotide) Skin Booster - 3 x 2.5ml - Skin Heal","isPartOf":{"@id":"https:\/\/skin-heal.com\/#website"},"primaryImageOfPage":{"@id":"https:\/\/skin-heal.com\/product\/gemvous-pn-polynucleotide-skin-booster-3-x-2-5ml\/#primaryimage"},"image":{"@id":"https:\/\/skin-heal.com\/product\/gemvous-pn-polynucleotide-skin-booster-3-x-2-5ml\/#primaryimage"},"thumbnailUrl":"https:\/\/cdn.skin-heal.com\/wp-content\/uploads\/2023\/12\/GemVous.jpg","datePublished":"2023-12-12T15:46:45+00:00","dateModified":"2026-03-12T19:07:51+00:00","description":"GemVous PN es un potenciador de la piel m\u00e1s potente que el producto normal de Polinucle\u00f3tidos PDRN, al mezclar PN con \u00e1cido hialur\u00f3nico y niacinamida.","breadcrumb":{"@id":"https:\/\/skin-heal.com\/product\/gemvous-pn-polynucleotide-skin-booster-3-x-2-5ml\/#breadcrumb"},"inLanguage":"es","potentialAction":[{"@type":"ReadAction","target":["https:\/\/skin-heal.com\/product\/gemvous-pn-polynucleotide-skin-booster-3-x-2-5ml\/"]}]},{"@type":"ImageObject","inLanguage":"es","@id":"https:\/\/skin-heal.com\/product\/gemvous-pn-polynucleotide-skin-booster-3-x-2-5ml\/#primaryimage","url":"https:\/\/cdn.skin-heal.com\/wp-content\/uploads\/2023\/12\/GemVous.jpg","contentUrl":"https:\/\/cdn.skin-heal.com\/wp-content\/uploads\/2023\/12\/GemVous.jpg","width":600,"height":600,"caption":"GemVous PN Polynucleotide Skin Booster"},{"@type":"BreadcrumbList","@id":"https:\/\/skin-heal.com\/product\/gemvous-pn-polynucleotide-skin-booster-3-x-2-5ml\/#breadcrumb","itemListElement":[{"@type":"ListItem","position":1,"name":"Home","item":"https:\/\/skin-heal.com\/"},{"@type":"ListItem","position":2,"name":"Store","item":"https:\/\/skin-heal.com\/store\/"},{"@type":"ListItem","position":3,"name":"GemVous PN (Polynucleotide) Skin Booster &#8211; 3 x 2.5ml"}]},{"@type":"WebSite","@id":"https:\/\/skin-heal.com\/#website","url":"https:\/\/skin-heal.com\/","name":"Curaci\u00f3n de la piel","description":"Los precios m\u00e1s bajos para los rellenos d\u00e9rmicos","potentialAction":[{"@type":"SearchAction","target":{"@type":"EntryPoint","urlTemplate":"https:\/\/skin-heal.com\/?s={search_term_string}"},"query-input":{"@type":"PropertyValueSpecification","valueRequired":true,"valueName":"search_term_string"}}],"inLanguage":"es"}]}},"_links":{"self":[{"href":"https:\/\/skin-heal.com\/es\/wp-json\/wp\/v2\/product\/36320","targetHints":{"allow":["GET"]}}],"collection":[{"href":"https:\/\/skin-heal.com\/es\/wp-json\/wp\/v2\/product"}],"about":[{"href":"https:\/\/skin-heal.com\/es\/wp-json\/wp\/v2\/types\/product"}],"wp:featuredmedia":[{"embeddable":true,"href":"https:\/\/skin-heal.com\/es\/wp-json\/wp\/v2\/media\/36321"}],"wp:attachment":[{"href":"https:\/\/skin-heal.com\/es\/wp-json\/wp\/v2\/media?parent=36320"}],"wp:term":[{"taxonomy":"product_brand","embeddable":true,"href":"https:\/\/skin-heal.com\/es\/wp-json\/wp\/v2\/product_brand?post=36320"},{"taxonomy":"product_cat","embeddable":true,"href":"https:\/\/skin-heal.com\/es\/wp-json\/wp\/v2\/product_cat?post=36320"},{"taxonomy":"product_tag","embeddable":true,"href":"https:\/\/skin-heal.com\/es\/wp-json\/wp\/v2\/product_tag?post=36320"}],"curies":[{"name":"wp","href":"https:\/\/api.w.org\/{rel}","templated":true}]}}