{"id":36408,"date":"2024-02-21T16:11:12","date_gmt":"2024-02-21T14:11:12","guid":{"rendered":"https:\/\/skin-heal.com\/?post_type=product&#038;p=36408"},"modified":"2024-02-21T16:11:12","modified_gmt":"2024-02-21T14:11:12","slug":"a-jax-dazur-pla-pdlla-filler-1-vial-200mg","status":"publish","type":"product","link":"https:\/\/skin-heal.com\/es\/producto\/a-jax-dazur-pla-pdlla-filler-1-vial-200mg\/","title":{"rendered":"A-Jax D'azur PLA (PDLLA) Relleno - 1 vial \/ 200mg"},"content":{"rendered":"<p>Con A-Jax D'Azure (Ajax Dazure) se puede conseguir un rejuvenecimiento duradero del aspecto facial. Dependiendo del m\u00e9todo de tratamiento, se pueden tratar casi todas las partes de la cara para restaurar el volumen y rellenar las arrugas y los pliegues cut\u00e1neos. La base del relleno es un pol\u00edmero biodegradable seguro, llamado Poly DL-Lactide (relacionado con Poly D, \u00e1cido L-l\u00e1ctico) o PLA \/ PDLLA para abreviar, que est\u00e1 suspendido en gel CMC.<\/p>\n<p>Mientras que el gel CMC rellenar\u00e1 instant\u00e1neamente las depresiones profundas a severas de la piel, las microesferas de PLA ayudar\u00e1n con el alisamiento a largo plazo. A medida que el gel se absorbe en la dermis con el tiempo, se forman nuevas c\u00e9lulas alrededor de las part\u00edculas de PLA, sintetizando grandes cantidades de col\u00e1geno en la piel. Esto permite que la piel se rejuvenezca completamente y consiga un efecto de relleno, incluso despu\u00e9s de que el gel de relleno (CMC) se haya disuelto.<\/p>\n<h3>Caracter\u00edsticas principales:<\/h3>\n<ul>\n<li><strong>Larga duraci\u00f3n:<\/strong> transformaci\u00f3n completa del aspecto facial durante un periodo de hasta dos a\u00f1os. A-jax D'azure restaura notablemente el volumen perdido de la piel, alisando las arrugas y pliegues pronunciados.<\/li>\n<li><strong>Estimulaci\u00f3n natural del col\u00e1geno:<\/strong> Las propiedades especiales del PLA permiten que se forme una nueva estructura de c\u00e9lulas cut\u00e1neas en la zona con volumen cut\u00e1neo reducido. Estas nuevas c\u00e9lulas producir\u00e1n de forma natural mucho col\u00e1geno y rellenar\u00e1n la depresi\u00f3n cut\u00e1nea.<\/li>\n<li><strong>Producto ecol\u00f3gico: <\/strong>El innovador proceso de fabricaci\u00f3n de A-Jax D'azure PLA incluye el uso de materiales ecol\u00f3gicos y recursos renovables, como el almid\u00f3n de ma\u00edz y de patata.<\/li>\n<li><strong>Completamente seguro:<\/strong> Poly DL-Lactide ha sido ampliamente probado y utilizado por la industria de la belleza durante d\u00e9cadas. Con el tiempo se disuelve de forma segura en \u00e1cido l\u00e1ctico seguro.<\/li>\n<\/ul>\n<h3>Ideal para:<\/h3>\n<ul>\n<li>Correcci\u00f3n de depresiones cut\u00e1neas profundas relacionadas con la edad o el envejecimiento prematuro, como pliegues y arrugas cut\u00e1neas profundos o intensos, as\u00ed como arrugas marcadas.<\/li>\n<li>Profesionales licenciados que buscan un relleno potenciador del col\u00e1geno seguro y eficaz a largo plazo, fabricado con materiales ecol\u00f3gicos de alta calidad.<\/li>\n<li>Personas que prefieren un m\u00e9todo natural de voluminizaci\u00f3n de la piel, como la formaci\u00f3n de col\u00e1geno, como alternativa m\u00e1s fiable y duradera a los rellenos hialur\u00f3nicos tradicionales.<\/li>\n<\/ul>","protected":false},"excerpt":{"rendered":"<p>Consiga una voluminizaci\u00f3n duradera y de aspecto totalmente natural en varias partes del rostro utilizando el potente relleno PLA (Poly DL-Lactide) A-Jax D'azure. Se trata de una soluci\u00f3n de tratamiento de arrugas y pliegues cut\u00e1neos a largo plazo, que proporciona volumen y alisamiento instant\u00e1neos, al tiempo que mejora r\u00e1pidamente la acumulaci\u00f3n de col\u00e1geno y la regeneraci\u00f3n celular en la dermis, durante un periodo de hasta 24 meses.<\/p>","protected":false},"featured_media":36409,"template":"","meta":[],"product_brand":[],"product_cat":[154,79],"product_tag":[],"class_list":{"0":"post-36408","1":"product","2":"type-product","3":"status-publish","4":"has-post-thumbnail","6":"product_cat-a-jax-keen","7":"product_cat-dermal-fillers","8":"clearfix","10":"first","11":"instock","12":"taxable","13":"shipping-taxable","14":"purchasable","15":"product-type-simple"},"yoast_head":"<!-- This site is optimized with the Yoast SEO plugin v27.4 - https:\/\/yoast.com\/product\/yoast-seo-wordpress\/ -->\n<title>A-Jax D&#039;azure Filler - Lasting Beauty &amp; Natural Collagen Stimulation<\/title>\n<meta name=\"description\" content=\"Discover A-Jax D&#039;azure, the eco-friendly PLA filler designed for dramatic volume restoration and wrinkle reduction. Safe, sustainable, and effective, it&#039;s your secret to enduring beauty.\" \/>\n<meta name=\"robots\" content=\"index, follow, max-snippet:-1, max-image-preview:large, max-video-preview:-1\" \/>\n<link rel=\"canonical\" href=\"https:\/\/skin-heal.com\/es\/producto\/a-jax-dazur-pla-pdlla-filler-1-vial-200mg\/\" \/>\n<meta property=\"og:locale\" content=\"es_MX\" \/>\n<meta property=\"og:type\" content=\"article\" \/>\n<meta property=\"og:title\" content=\"A-Jax D&#039;azure Filler - Lasting Beauty &amp; Natural Collagen Stimulation\" \/>\n<meta property=\"og:description\" content=\"Discover A-Jax D&#039;azure, the eco-friendly PLA filler designed for dramatic volume restoration and wrinkle reduction. Safe, sustainable, and effective, it&#039;s your secret to enduring beauty.\" \/>\n<meta property=\"og:url\" content=\"https:\/\/skin-heal.com\/es\/producto\/a-jax-dazur-pla-pdlla-filler-1-vial-200mg\/\" \/>\n<meta property=\"og:site_name\" content=\"Skin Heal\" \/>\n<meta property=\"og:image\" content=\"https:\/\/cdn.skin-heal.com\/wp-content\/uploads\/2024\/02\/A-Jax-Dazur.jpg\" \/>\n\t<meta property=\"og:image:width\" content=\"600\" \/>\n\t<meta property=\"og:image:height\" content=\"600\" \/>\n\t<meta property=\"og:image:type\" content=\"image\/jpeg\" \/>\n<meta name=\"twitter:card\" content=\"summary_large_image\" \/>\n<meta name=\"twitter:label1\" content=\"Tiempo de lectura\" \/>\n\t<meta name=\"twitter:data1\" content=\"2 minutos\" \/>\n<script type=\"application\/ld+json\" class=\"yoast-schema-graph\">{\"@context\":\"https:\\\/\\\/schema.org\",\"@graph\":[{\"@type\":\"WebPage\",\"@id\":\"https:\\\/\\\/skin-heal.com\\\/product\\\/a-jax-dazur-pla-pdlla-filler-1-vial-200mg\\\/\",\"url\":\"https:\\\/\\\/skin-heal.com\\\/product\\\/a-jax-dazur-pla-pdlla-filler-1-vial-200mg\\\/\",\"name\":\"A-Jax D'azure Filler - Lasting Beauty & Natural Collagen Stimulation\",\"isPartOf\":{\"@id\":\"https:\\\/\\\/skin-heal.com\\\/#website\"},\"primaryImageOfPage\":{\"@id\":\"https:\\\/\\\/skin-heal.com\\\/product\\\/a-jax-dazur-pla-pdlla-filler-1-vial-200mg\\\/#primaryimage\"},\"image\":{\"@id\":\"https:\\\/\\\/skin-heal.com\\\/product\\\/a-jax-dazur-pla-pdlla-filler-1-vial-200mg\\\/#primaryimage\"},\"thumbnailUrl\":\"https:\\\/\\\/skin-heal.com\\\/wp-content\\\/uploads\\\/2024\\\/02\\\/A-Jax-Dazur.jpg\",\"datePublished\":\"2024-02-21T14:11:12+00:00\",\"description\":\"Discover A-Jax D'azure, the eco-friendly PLA filler designed for dramatic volume restoration and wrinkle reduction. Safe, sustainable, and effective, it's your secret to enduring beauty.\",\"breadcrumb\":{\"@id\":\"https:\\\/\\\/skin-heal.com\\\/product\\\/a-jax-dazur-pla-pdlla-filler-1-vial-200mg\\\/#breadcrumb\"},\"inLanguage\":\"es\",\"potentialAction\":[{\"@type\":\"ReadAction\",\"target\":[\"https:\\\/\\\/skin-heal.com\\\/product\\\/a-jax-dazur-pla-pdlla-filler-1-vial-200mg\\\/\"]}]},{\"@type\":\"ImageObject\",\"inLanguage\":\"es\",\"@id\":\"https:\\\/\\\/skin-heal.com\\\/product\\\/a-jax-dazur-pla-pdlla-filler-1-vial-200mg\\\/#primaryimage\",\"url\":\"https:\\\/\\\/skin-heal.com\\\/wp-content\\\/uploads\\\/2024\\\/02\\\/A-Jax-Dazur.jpg\",\"contentUrl\":\"https:\\\/\\\/skin-heal.com\\\/wp-content\\\/uploads\\\/2024\\\/02\\\/A-Jax-Dazur.jpg\",\"width\":600,\"height\":600,\"caption\":\"A-Jax Dazur\"},{\"@type\":\"BreadcrumbList\",\"@id\":\"https:\\\/\\\/skin-heal.com\\\/product\\\/a-jax-dazur-pla-pdlla-filler-1-vial-200mg\\\/#breadcrumb\",\"itemListElement\":[{\"@type\":\"ListItem\",\"position\":1,\"name\":\"Home\",\"item\":\"https:\\\/\\\/skin-heal.com\\\/\"},{\"@type\":\"ListItem\",\"position\":2,\"name\":\"Store\",\"item\":\"https:\\\/\\\/skin-heal.com\\\/store\\\/\"},{\"@type\":\"ListItem\",\"position\":3,\"name\":\"A-Jax D&#8217;azur PLA (PDLLA) Filler &#8211; 1 vial \\\/ 200mg\"}]},{\"@type\":\"WebSite\",\"@id\":\"https:\\\/\\\/skin-heal.com\\\/#website\",\"url\":\"https:\\\/\\\/skin-heal.com\\\/\",\"name\":\"Skin Heal\",\"description\":\"Lowest Prices for Dermal Fillers\",\"potentialAction\":[{\"@type\":\"SearchAction\",\"target\":{\"@type\":\"EntryPoint\",\"urlTemplate\":\"https:\\\/\\\/skin-heal.com\\\/?s={search_term_string}\"},\"query-input\":{\"@type\":\"PropertyValueSpecification\",\"valueRequired\":true,\"valueName\":\"search_term_string\"}}],\"inLanguage\":\"es\"}]}<\/script>\n<!-- \/ Yoast SEO plugin. -->","yoast_head_json":{"title":"A-Jax D'azure Filler - Belleza duradera y estimulaci\u00f3n natural del col\u00e1geno","description":"Descubra A-Jax D'azure, el relleno de PLA ecol\u00f3gico dise\u00f1ado para restaurar dr\u00e1sticamente el volumen y reducir las arrugas. Seguro, sostenible y eficaz, es su secreto para una belleza duradera.","robots":{"index":"index","follow":"follow","max-snippet":"max-snippet:-1","max-image-preview":"max-image-preview:large","max-video-preview":"max-video-preview:-1"},"canonical":"https:\/\/skin-heal.com\/es\/producto\/a-jax-dazur-pla-pdlla-filler-1-vial-200mg\/","og_locale":"es_MX","og_type":"article","og_title":"A-Jax D'azure Filler - Lasting Beauty & Natural Collagen Stimulation","og_description":"Discover A-Jax D'azure, the eco-friendly PLA filler designed for dramatic volume restoration and wrinkle reduction. Safe, sustainable, and effective, it's your secret to enduring beauty.","og_url":"https:\/\/skin-heal.com\/es\/producto\/a-jax-dazur-pla-pdlla-filler-1-vial-200mg\/","og_site_name":"Skin Heal","og_image":[{"width":600,"height":600,"url":"https:\/\/cdn.skin-heal.com\/wp-content\/uploads\/2024\/02\/A-Jax-Dazur.jpg","type":"image\/jpeg"}],"twitter_card":"summary_large_image","twitter_misc":{"Tiempo de lectura":"2 minutos"},"schema":{"@context":"https:\/\/schema.org","@graph":[{"@type":"WebPage","@id":"https:\/\/skin-heal.com\/product\/a-jax-dazur-pla-pdlla-filler-1-vial-200mg\/","url":"https:\/\/skin-heal.com\/product\/a-jax-dazur-pla-pdlla-filler-1-vial-200mg\/","name":"A-Jax D'azure Filler - Belleza duradera y estimulaci\u00f3n natural del col\u00e1geno","isPartOf":{"@id":"https:\/\/skin-heal.com\/#website"},"primaryImageOfPage":{"@id":"https:\/\/skin-heal.com\/product\/a-jax-dazur-pla-pdlla-filler-1-vial-200mg\/#primaryimage"},"image":{"@id":"https:\/\/skin-heal.com\/product\/a-jax-dazur-pla-pdlla-filler-1-vial-200mg\/#primaryimage"},"thumbnailUrl":"https:\/\/cdn.skin-heal.com\/wp-content\/uploads\/2024\/02\/A-Jax-Dazur.jpg","datePublished":"2024-02-21T14:11:12+00:00","description":"Descubra A-Jax D'azure, el relleno de PLA ecol\u00f3gico dise\u00f1ado para restaurar dr\u00e1sticamente el volumen y reducir las arrugas. Seguro, sostenible y eficaz, es su secreto para una belleza duradera.","breadcrumb":{"@id":"https:\/\/skin-heal.com\/product\/a-jax-dazur-pla-pdlla-filler-1-vial-200mg\/#breadcrumb"},"inLanguage":"es","potentialAction":[{"@type":"ReadAction","target":["https:\/\/skin-heal.com\/product\/a-jax-dazur-pla-pdlla-filler-1-vial-200mg\/"]}]},{"@type":"ImageObject","inLanguage":"es","@id":"https:\/\/skin-heal.com\/product\/a-jax-dazur-pla-pdlla-filler-1-vial-200mg\/#primaryimage","url":"https:\/\/cdn.skin-heal.com\/wp-content\/uploads\/2024\/02\/A-Jax-Dazur.jpg","contentUrl":"https:\/\/cdn.skin-heal.com\/wp-content\/uploads\/2024\/02\/A-Jax-Dazur.jpg","width":600,"height":600,"caption":"A-Jax Dazur"},{"@type":"BreadcrumbList","@id":"https:\/\/skin-heal.com\/product\/a-jax-dazur-pla-pdlla-filler-1-vial-200mg\/#breadcrumb","itemListElement":[{"@type":"ListItem","position":1,"name":"Home","item":"https:\/\/skin-heal.com\/"},{"@type":"ListItem","position":2,"name":"Store","item":"https:\/\/skin-heal.com\/store\/"},{"@type":"ListItem","position":3,"name":"A-Jax D&#8217;azur PLA (PDLLA) Filler &#8211; 1 vial \/ 200mg"}]},{"@type":"WebSite","@id":"https:\/\/skin-heal.com\/#website","url":"https:\/\/skin-heal.com\/","name":"Curaci\u00f3n de la piel","description":"Los precios m\u00e1s bajos para los rellenos d\u00e9rmicos","potentialAction":[{"@type":"SearchAction","target":{"@type":"EntryPoint","urlTemplate":"https:\/\/skin-heal.com\/?s={search_term_string}"},"query-input":{"@type":"PropertyValueSpecification","valueRequired":true,"valueName":"search_term_string"}}],"inLanguage":"es"}]}},"_links":{"self":[{"href":"https:\/\/skin-heal.com\/es\/wp-json\/wp\/v2\/product\/36408","targetHints":{"allow":["GET"]}}],"collection":[{"href":"https:\/\/skin-heal.com\/es\/wp-json\/wp\/v2\/product"}],"about":[{"href":"https:\/\/skin-heal.com\/es\/wp-json\/wp\/v2\/types\/product"}],"wp:featuredmedia":[{"embeddable":true,"href":"https:\/\/skin-heal.com\/es\/wp-json\/wp\/v2\/media\/36409"}],"wp:attachment":[{"href":"https:\/\/skin-heal.com\/es\/wp-json\/wp\/v2\/media?parent=36408"}],"wp:term":[{"taxonomy":"product_brand","embeddable":true,"href":"https:\/\/skin-heal.com\/es\/wp-json\/wp\/v2\/product_brand?post=36408"},{"taxonomy":"product_cat","embeddable":true,"href":"https:\/\/skin-heal.com\/es\/wp-json\/wp\/v2\/product_cat?post=36408"},{"taxonomy":"product_tag","embeddable":true,"href":"https:\/\/skin-heal.com\/es\/wp-json\/wp\/v2\/product_tag?post=36408"}],"curies":[{"name":"wp","href":"https:\/\/api.w.org\/{rel}","templated":true}]}}