{"id":36464,"date":"2024-04-12T10:44:54","date_gmt":"2024-04-12T07:44:54","guid":{"rendered":"https:\/\/skin-heal.com\/?post_type=product&#038;p=36464"},"modified":"2026-02-09T21:26:54","modified_gmt":"2026-02-09T19:26:54","slug":"prima-heal-1-x-2ml","status":"publish","type":"product","link":"https:\/\/skin-heal.com\/es\/producto\/prima-heal-1-x-2ml\/","title":{"rendered":"Prima Heal (1 x 2ml)"},"content":{"rendered":"<p>Prima Heal es la primera alternativa adecuada al popular producto italiano Profhilo, que consigue proporcionar el mismo nivel de revitalizaci\u00f3n y rejuvenecimiento de la piel a un precio m\u00e1s bajo, sin comprometer la calidad. Este potenciador de la piel mezcla 32 mg de \u00e1cido hialur\u00f3nico de alto peso y 32 mg de \u00e1cido hialur\u00f3nico de bajo peso, para maximizar el efecto revitalizante de la piel.<\/p>\n<p>El efecto \u00f3ptimo se consigue utilizando el m\u00e9todo de los cinco puntos, dirigido:<\/p>\n<ul>\n<li>Protrusi\u00f3n cigom\u00e1tica<\/li>\n<li>Base nasal<\/li>\n<li>Trago<\/li>\n<li>Chin<\/li>\n<li>\u00c1ngulo mandibular<\/li>\n<\/ul>\n<p>Esto permite que todo el rostro se rejuvenezca adecuadamente y reciba un impulso d\u00e9rmico completo. La alta concentraci\u00f3n de \u00e1cido hialur\u00f3nico no s\u00f3lo ayudar\u00e1 a restaurar el nivel de hidrataci\u00f3n natural de la piel, sino que promover\u00e1 la regeneraci\u00f3n del tejido cut\u00e1neo, lo que producir\u00e1 un efecto lifting en los tejidos d\u00e9rmicos superiores fl\u00e1cidos, as\u00ed como una reducci\u00f3n general de las arrugas visibles del rostro.<\/p>","protected":false},"excerpt":{"rendered":"<p>Prima Heal es una alternativa directa al popular potenciador de la piel a base de \u00e1cido hialur\u00f3nico Profhilo. Iguala perfectamente sus propiedades y calidad, utilizando una mezcla de HA de alto y bajo peso molecular, para aumentar r\u00e1pidamente la condici\u00f3n de la piel para un rejuvenecimiento duradero y completo en m\u00faltiples \u00e1reas del rostro. Producto altamente eficaz para el lifting cut\u00e1neo, el blanqueamiento y la mejora de la hidrataci\u00f3n d\u00e9rmica.<\/p>","protected":false},"featured_media":36468,"template":"","meta":[],"product_brand":[],"product_cat":[79,80,156],"product_tag":[],"class_list":{"0":"post-36464","1":"product","2":"type-product","3":"status-publish","4":"has-post-thumbnail","6":"product_cat-dermal-fillers","7":"product_cat-mesotherapy","8":"product_cat-prima","9":"clearfix","11":"first","12":"outofstock","13":"taxable","14":"shipping-taxable","15":"purchasable","16":"product-type-simple"},"yoast_head":"<!-- This site is optimized with the Yoast SEO plugin v27.3 - https:\/\/yoast.com\/product\/yoast-seo-wordpress\/ -->\n<title>Prima Heal (1 x 2ml) - Skin Heal<\/title>\n<meta name=\"description\" content=\"Prima Heal is the first real alternative to Profhilo. A high and low weight Hyaluronic acid based skinbooster for skin cell regeneration and wrinkle removal.\" \/>\n<meta name=\"robots\" content=\"index, follow, max-snippet:-1, max-image-preview:large, max-video-preview:-1\" \/>\n<link rel=\"canonical\" href=\"https:\/\/skin-heal.com\/es\/producto\/prima-heal-1-x-2ml\/\" \/>\n<meta property=\"og:locale\" content=\"es_MX\" \/>\n<meta property=\"og:type\" content=\"article\" \/>\n<meta property=\"og:title\" content=\"Prima Heal (1 x 2ml) - Skin Heal\" \/>\n<meta property=\"og:description\" content=\"Prima Heal is the first real alternative to Profhilo. A high and low weight Hyaluronic acid based skinbooster for skin cell regeneration and wrinkle removal.\" \/>\n<meta property=\"og:url\" content=\"https:\/\/skin-heal.com\/es\/producto\/prima-heal-1-x-2ml\/\" \/>\n<meta property=\"og:site_name\" content=\"Skin Heal\" \/>\n<meta property=\"article:modified_time\" content=\"2026-02-09T19:26:54+00:00\" \/>\n<meta property=\"og:image\" content=\"https:\/\/cdn.skin-heal.com\/wp-content\/uploads\/2024\/04\/Prima-Heal.jpg\" \/>\n\t<meta property=\"og:image:width\" content=\"600\" \/>\n\t<meta property=\"og:image:height\" content=\"600\" \/>\n\t<meta property=\"og:image:type\" content=\"image\/jpeg\" \/>\n<meta name=\"twitter:card\" content=\"summary_large_image\" \/>\n<meta name=\"twitter:label1\" content=\"Tiempo de lectura\" \/>\n\t<meta name=\"twitter:data1\" content=\"1 minuto\" \/>\n<script type=\"application\/ld+json\" class=\"yoast-schema-graph\">{\"@context\":\"https:\\\/\\\/schema.org\",\"@graph\":[{\"@type\":\"WebPage\",\"@id\":\"https:\\\/\\\/skin-heal.com\\\/product\\\/prima-heal-1-x-2ml\\\/\",\"url\":\"https:\\\/\\\/skin-heal.com\\\/product\\\/prima-heal-1-x-2ml\\\/\",\"name\":\"Prima Heal (1 x 2ml) - Skin Heal\",\"isPartOf\":{\"@id\":\"https:\\\/\\\/skin-heal.com\\\/#website\"},\"primaryImageOfPage\":{\"@id\":\"https:\\\/\\\/skin-heal.com\\\/product\\\/prima-heal-1-x-2ml\\\/#primaryimage\"},\"image\":{\"@id\":\"https:\\\/\\\/skin-heal.com\\\/product\\\/prima-heal-1-x-2ml\\\/#primaryimage\"},\"thumbnailUrl\":\"https:\\\/\\\/skin-heal.com\\\/wp-content\\\/uploads\\\/2024\\\/04\\\/Prima-Heal.jpg\",\"datePublished\":\"2024-04-12T07:44:54+00:00\",\"dateModified\":\"2026-02-09T19:26:54+00:00\",\"description\":\"Prima Heal is the first real alternative to Profhilo. A high and low weight Hyaluronic acid based skinbooster for skin cell regeneration and wrinkle removal.\",\"breadcrumb\":{\"@id\":\"https:\\\/\\\/skin-heal.com\\\/product\\\/prima-heal-1-x-2ml\\\/#breadcrumb\"},\"inLanguage\":\"es\",\"potentialAction\":[{\"@type\":\"ReadAction\",\"target\":[\"https:\\\/\\\/skin-heal.com\\\/product\\\/prima-heal-1-x-2ml\\\/\"]}]},{\"@type\":\"ImageObject\",\"inLanguage\":\"es\",\"@id\":\"https:\\\/\\\/skin-heal.com\\\/product\\\/prima-heal-1-x-2ml\\\/#primaryimage\",\"url\":\"https:\\\/\\\/skin-heal.com\\\/wp-content\\\/uploads\\\/2024\\\/04\\\/Prima-Heal.jpg\",\"contentUrl\":\"https:\\\/\\\/skin-heal.com\\\/wp-content\\\/uploads\\\/2024\\\/04\\\/Prima-Heal.jpg\",\"width\":600,\"height\":600,\"caption\":\"Prima Heal\"},{\"@type\":\"BreadcrumbList\",\"@id\":\"https:\\\/\\\/skin-heal.com\\\/product\\\/prima-heal-1-x-2ml\\\/#breadcrumb\",\"itemListElement\":[{\"@type\":\"ListItem\",\"position\":1,\"name\":\"Home\",\"item\":\"https:\\\/\\\/skin-heal.com\\\/\"},{\"@type\":\"ListItem\",\"position\":2,\"name\":\"Store\",\"item\":\"https:\\\/\\\/skin-heal.com\\\/store\\\/\"},{\"@type\":\"ListItem\",\"position\":3,\"name\":\"Prima Heal (1 x 2ml)\"}]},{\"@type\":\"WebSite\",\"@id\":\"https:\\\/\\\/skin-heal.com\\\/#website\",\"url\":\"https:\\\/\\\/skin-heal.com\\\/\",\"name\":\"Skin Heal\",\"description\":\"Lowest Prices for Dermal Fillers\",\"potentialAction\":[{\"@type\":\"SearchAction\",\"target\":{\"@type\":\"EntryPoint\",\"urlTemplate\":\"https:\\\/\\\/skin-heal.com\\\/?s={search_term_string}\"},\"query-input\":{\"@type\":\"PropertyValueSpecification\",\"valueRequired\":true,\"valueName\":\"search_term_string\"}}],\"inLanguage\":\"es\"}]}<\/script>\n<!-- \/ Yoast SEO plugin. -->","yoast_head_json":{"title":"Prima Heal (1 x 2ml) - Piel sana","description":"Prima Heal es la primera alternativa real a Profhilo. Un skinbooster a base de \u00e1cido hialur\u00f3nico de alto y bajo peso para la regeneraci\u00f3n celular de la piel y la eliminaci\u00f3n de arrugas.","robots":{"index":"index","follow":"follow","max-snippet":"max-snippet:-1","max-image-preview":"max-image-preview:large","max-video-preview":"max-video-preview:-1"},"canonical":"https:\/\/skin-heal.com\/es\/producto\/prima-heal-1-x-2ml\/","og_locale":"es_MX","og_type":"article","og_title":"Prima Heal (1 x 2ml) - Skin Heal","og_description":"Prima Heal is the first real alternative to Profhilo. A high and low weight Hyaluronic acid based skinbooster for skin cell regeneration and wrinkle removal.","og_url":"https:\/\/skin-heal.com\/es\/producto\/prima-heal-1-x-2ml\/","og_site_name":"Skin Heal","article_modified_time":"2026-02-09T19:26:54+00:00","og_image":[{"width":600,"height":600,"url":"https:\/\/cdn.skin-heal.com\/wp-content\/uploads\/2024\/04\/Prima-Heal.jpg","type":"image\/jpeg"}],"twitter_card":"summary_large_image","twitter_misc":{"Tiempo de lectura":"1 minuto"},"schema":{"@context":"https:\/\/schema.org","@graph":[{"@type":"WebPage","@id":"https:\/\/skin-heal.com\/product\/prima-heal-1-x-2ml\/","url":"https:\/\/skin-heal.com\/product\/prima-heal-1-x-2ml\/","name":"Prima Heal (1 x 2ml) - Piel sana","isPartOf":{"@id":"https:\/\/skin-heal.com\/#website"},"primaryImageOfPage":{"@id":"https:\/\/skin-heal.com\/product\/prima-heal-1-x-2ml\/#primaryimage"},"image":{"@id":"https:\/\/skin-heal.com\/product\/prima-heal-1-x-2ml\/#primaryimage"},"thumbnailUrl":"https:\/\/cdn.skin-heal.com\/wp-content\/uploads\/2024\/04\/Prima-Heal.jpg","datePublished":"2024-04-12T07:44:54+00:00","dateModified":"2026-02-09T19:26:54+00:00","description":"Prima Heal es la primera alternativa real a Profhilo. Un skinbooster a base de \u00e1cido hialur\u00f3nico de alto y bajo peso para la regeneraci\u00f3n celular de la piel y la eliminaci\u00f3n de arrugas.","breadcrumb":{"@id":"https:\/\/skin-heal.com\/product\/prima-heal-1-x-2ml\/#breadcrumb"},"inLanguage":"es","potentialAction":[{"@type":"ReadAction","target":["https:\/\/skin-heal.com\/product\/prima-heal-1-x-2ml\/"]}]},{"@type":"ImageObject","inLanguage":"es","@id":"https:\/\/skin-heal.com\/product\/prima-heal-1-x-2ml\/#primaryimage","url":"https:\/\/cdn.skin-heal.com\/wp-content\/uploads\/2024\/04\/Prima-Heal.jpg","contentUrl":"https:\/\/cdn.skin-heal.com\/wp-content\/uploads\/2024\/04\/Prima-Heal.jpg","width":600,"height":600,"caption":"Prima Heal"},{"@type":"BreadcrumbList","@id":"https:\/\/skin-heal.com\/product\/prima-heal-1-x-2ml\/#breadcrumb","itemListElement":[{"@type":"ListItem","position":1,"name":"Home","item":"https:\/\/skin-heal.com\/"},{"@type":"ListItem","position":2,"name":"Store","item":"https:\/\/skin-heal.com\/store\/"},{"@type":"ListItem","position":3,"name":"Prima Heal (1 x 2ml)"}]},{"@type":"WebSite","@id":"https:\/\/skin-heal.com\/#website","url":"https:\/\/skin-heal.com\/","name":"Curaci\u00f3n de la piel","description":"Los precios m\u00e1s bajos para los rellenos d\u00e9rmicos","potentialAction":[{"@type":"SearchAction","target":{"@type":"EntryPoint","urlTemplate":"https:\/\/skin-heal.com\/?s={search_term_string}"},"query-input":{"@type":"PropertyValueSpecification","valueRequired":true,"valueName":"search_term_string"}}],"inLanguage":"es"}]}},"_links":{"self":[{"href":"https:\/\/skin-heal.com\/es\/wp-json\/wp\/v2\/product\/36464","targetHints":{"allow":["GET"]}}],"collection":[{"href":"https:\/\/skin-heal.com\/es\/wp-json\/wp\/v2\/product"}],"about":[{"href":"https:\/\/skin-heal.com\/es\/wp-json\/wp\/v2\/types\/product"}],"wp:featuredmedia":[{"embeddable":true,"href":"https:\/\/skin-heal.com\/es\/wp-json\/wp\/v2\/media\/36468"}],"wp:attachment":[{"href":"https:\/\/skin-heal.com\/es\/wp-json\/wp\/v2\/media?parent=36464"}],"wp:term":[{"taxonomy":"product_brand","embeddable":true,"href":"https:\/\/skin-heal.com\/es\/wp-json\/wp\/v2\/product_brand?post=36464"},{"taxonomy":"product_cat","embeddable":true,"href":"https:\/\/skin-heal.com\/es\/wp-json\/wp\/v2\/product_cat?post=36464"},{"taxonomy":"product_tag","embeddable":true,"href":"https:\/\/skin-heal.com\/es\/wp-json\/wp\/v2\/product_tag?post=36464"}],"curies":[{"name":"wp","href":"https:\/\/api.w.org\/{rel}","templated":true}]}}