{"id":36466,"date":"2024-04-12T10:44:21","date_gmt":"2024-04-12T07:44:21","guid":{"rendered":"https:\/\/skin-heal.com\/?post_type=product&#038;p=36466"},"modified":"2024-08-15T11:01:07","modified_gmt":"2024-08-15T08:01:07","slug":"reprima-pn-plynucleotide-1-x-1-1ml","status":"publish","type":"product","link":"https:\/\/skin-heal.com\/es\/producto\/reprima-pn-plynucleotide-1-x-1-1ml\/","title":{"rendered":"RE:Prima PN Polinucle\u00f3tido (1 x 1,1ml)"},"content":{"rendered":"<p>Los polinucle\u00f3tidos han demostrado ser algunos de los agentes m\u00e1s beneficiosos para la piel, utilizados por la industria de la belleza. Los rellenos PN y los potenciadores de la piel son herramientas multivectoriales para el rejuvenecimiento facial. Asimismo, RE:Prima es un producto potenciador de la piel hecho a medida que puede eliminar r\u00e1pidamente los signos perceptibles del envejecimiento y la fatiga alrededor de los ojos. Es un producto similar a Dermaren Lumi Eyes.<\/p>\n<p>Act\u00faa promoviendo la s\u00edntesis de col\u00e1geno y elastina en la dermis, devolviendo as\u00ed la elasticidad a la piel y reduciendo cualquier efecto visible de flacidez. Al mismo tiempo, el col\u00e1geno rellena de forma natural las arrugas superficiales y la piel aparece m\u00e1s lisa y joven.<\/p>\n<p>Por otra parte, se ha demostrado que los polinucle\u00f3tidos son agentes tensores e iluminadores de la piel, y la RE:Prima PN tambi\u00e9n reducir\u00e1 las bolsas visibles de los ojos al mismo tiempo que elimina la hiperpigmentaci\u00f3n de la piel causada por las ojeras. A menudo, ambos problemas est\u00e1n relacionados.<\/p>\n<p>Por \u00faltimo, RE:Prima ayudar\u00e1 a la piel a recuperar sus propiedades naturales de autocuraci\u00f3n. La piel da\u00f1ada o propensa a las heridas se volver\u00e1 m\u00e1s sana y resistente a las influencias externas.<\/p>\n<h2>Destacados<\/h2>\n<ul>\n<li>Efecto iluminador de la piel<\/li>\n<li>Reducci\u00f3n de las arrugas visibles alrededor de los ojos<\/li>\n<li>Mejora la elasticidad de la piel<\/li>\n<li>Impulso de la cicatrizaci\u00f3n de heridas<\/li>\n<li>Cura el acn\u00e9 y sus cicatrices<\/li>\n<li>Ayuda contra los poros dilatados<\/li>\n<\/ul>","protected":false},"excerpt":{"rendered":"<p>RE:Prima es un potenciador cut\u00e1neo a medida basado en polinucle\u00f3tidos derivados del semen de salm\u00f3n. El producto RE:Prima PN puede utilizarse para restaurar el tono de la piel, reducir las arrugas y alisar la piel de diversas partes del rostro, pero est\u00e1 espec\u00edficamente dirigido a las zonas alrededor y debajo de los ojos. Una soluci\u00f3n altamente eficaz para la eliminaci\u00f3n de bolsas, ojeras, l\u00edneas de expresi\u00f3n y arrugas en el contorno de los ojos.<\/p>","protected":false},"featured_media":36467,"template":"","meta":[],"product_brand":[],"product_cat":[79,80,156],"product_tag":[],"class_list":{"0":"post-36466","1":"product","2":"type-product","3":"status-publish","4":"has-post-thumbnail","6":"product_cat-dermal-fillers","7":"product_cat-mesotherapy","8":"product_cat-prima","9":"clearfix","11":"first","12":"outofstock","13":"taxable","14":"shipping-taxable","15":"purchasable","16":"product-type-simple"},"yoast_head":"<!-- This site is optimized with the Yoast SEO plugin v27.4 - https:\/\/yoast.com\/product\/yoast-seo-wordpress\/ -->\n<title>RE:Prima PN Polynucleotide (1 x 1.1ml) - Skin Heal<\/title>\n<meta name=\"description\" content=\"RE:Prima is a multi-purpose Polynucleotide skinboosters for the area around the eyes, helping with issues like dark circles, eyebags, wrinkles and Crow\u2019s feet.\" \/>\n<meta name=\"robots\" content=\"index, follow, max-snippet:-1, max-image-preview:large, max-video-preview:-1\" \/>\n<link rel=\"canonical\" href=\"https:\/\/skin-heal.com\/es\/producto\/reprima-pn-plynucleotide-1-x-1-1ml\/\" \/>\n<meta property=\"og:locale\" content=\"es_MX\" \/>\n<meta property=\"og:type\" content=\"article\" \/>\n<meta property=\"og:title\" content=\"RE:Prima PN Polynucleotide (1 x 1.1ml) - Skin Heal\" \/>\n<meta property=\"og:description\" content=\"RE:Prima is a multi-purpose Polynucleotide skinboosters for the area around the eyes, helping with issues like dark circles, eyebags, wrinkles and Crow\u2019s feet.\" \/>\n<meta property=\"og:url\" content=\"https:\/\/skin-heal.com\/es\/producto\/reprima-pn-plynucleotide-1-x-1-1ml\/\" \/>\n<meta property=\"og:site_name\" content=\"Skin Heal\" \/>\n<meta property=\"article:modified_time\" content=\"2024-08-15T08:01:07+00:00\" \/>\n<meta property=\"og:image\" content=\"https:\/\/cdn.skin-heal.com\/wp-content\/uploads\/2024\/04\/RE-Prima.jpg\" \/>\n\t<meta property=\"og:image:width\" content=\"600\" \/>\n\t<meta property=\"og:image:height\" content=\"600\" \/>\n\t<meta property=\"og:image:type\" content=\"image\/jpeg\" \/>\n<meta name=\"twitter:card\" content=\"summary_large_image\" \/>\n<meta name=\"twitter:label1\" content=\"Tiempo de lectura\" \/>\n\t<meta name=\"twitter:data1\" content=\"2 minutos\" \/>\n<script type=\"application\/ld+json\" class=\"yoast-schema-graph\">{\"@context\":\"https:\\\/\\\/schema.org\",\"@graph\":[{\"@type\":\"WebPage\",\"@id\":\"https:\\\/\\\/skin-heal.com\\\/product\\\/reprima-pn-plynucleotide-1-x-1-1ml\\\/\",\"url\":\"https:\\\/\\\/skin-heal.com\\\/product\\\/reprima-pn-plynucleotide-1-x-1-1ml\\\/\",\"name\":\"RE:Prima PN Polynucleotide (1 x 1.1ml) - Skin Heal\",\"isPartOf\":{\"@id\":\"https:\\\/\\\/skin-heal.com\\\/#website\"},\"primaryImageOfPage\":{\"@id\":\"https:\\\/\\\/skin-heal.com\\\/product\\\/reprima-pn-plynucleotide-1-x-1-1ml\\\/#primaryimage\"},\"image\":{\"@id\":\"https:\\\/\\\/skin-heal.com\\\/product\\\/reprima-pn-plynucleotide-1-x-1-1ml\\\/#primaryimage\"},\"thumbnailUrl\":\"https:\\\/\\\/skin-heal.com\\\/wp-content\\\/uploads\\\/2024\\\/04\\\/RE-Prima.jpg\",\"datePublished\":\"2024-04-12T07:44:21+00:00\",\"dateModified\":\"2024-08-15T08:01:07+00:00\",\"description\":\"RE:Prima is a multi-purpose Polynucleotide skinboosters for the area around the eyes, helping with issues like dark circles, eyebags, wrinkles and Crow\u2019s feet.\",\"breadcrumb\":{\"@id\":\"https:\\\/\\\/skin-heal.com\\\/product\\\/reprima-pn-plynucleotide-1-x-1-1ml\\\/#breadcrumb\"},\"inLanguage\":\"es\",\"potentialAction\":[{\"@type\":\"ReadAction\",\"target\":[\"https:\\\/\\\/skin-heal.com\\\/product\\\/reprima-pn-plynucleotide-1-x-1-1ml\\\/\"]}]},{\"@type\":\"ImageObject\",\"inLanguage\":\"es\",\"@id\":\"https:\\\/\\\/skin-heal.com\\\/product\\\/reprima-pn-plynucleotide-1-x-1-1ml\\\/#primaryimage\",\"url\":\"https:\\\/\\\/skin-heal.com\\\/wp-content\\\/uploads\\\/2024\\\/04\\\/RE-Prima.jpg\",\"contentUrl\":\"https:\\\/\\\/skin-heal.com\\\/wp-content\\\/uploads\\\/2024\\\/04\\\/RE-Prima.jpg\",\"width\":600,\"height\":600,\"caption\":\"RE Prima Polynucleotide\"},{\"@type\":\"BreadcrumbList\",\"@id\":\"https:\\\/\\\/skin-heal.com\\\/product\\\/reprima-pn-plynucleotide-1-x-1-1ml\\\/#breadcrumb\",\"itemListElement\":[{\"@type\":\"ListItem\",\"position\":1,\"name\":\"Home\",\"item\":\"https:\\\/\\\/skin-heal.com\\\/\"},{\"@type\":\"ListItem\",\"position\":2,\"name\":\"Store\",\"item\":\"https:\\\/\\\/skin-heal.com\\\/store\\\/\"},{\"@type\":\"ListItem\",\"position\":3,\"name\":\"RE:Prima PN Polynucleotide (1 x 1.1ml)\"}]},{\"@type\":\"WebSite\",\"@id\":\"https:\\\/\\\/skin-heal.com\\\/#website\",\"url\":\"https:\\\/\\\/skin-heal.com\\\/\",\"name\":\"Skin Heal\",\"description\":\"Lowest Prices for Dermal Fillers\",\"potentialAction\":[{\"@type\":\"SearchAction\",\"target\":{\"@type\":\"EntryPoint\",\"urlTemplate\":\"https:\\\/\\\/skin-heal.com\\\/?s={search_term_string}\"},\"query-input\":{\"@type\":\"PropertyValueSpecification\",\"valueRequired\":true,\"valueName\":\"search_term_string\"}}],\"inLanguage\":\"es\"}]}<\/script>\n<!-- \/ Yoast SEO plugin. -->","yoast_head_json":{"title":"RE:Prima PN Polinucle\u00f3tido (1 x 1,1ml) - Skin Heal","description":"RE:Prima es un polinucle\u00f3tido potenciador de la piel polivalente para la zona del contorno de los ojos, que ayuda con problemas como las ojeras, las bolsas de los ojos, las arrugas y las patas de gallo.","robots":{"index":"index","follow":"follow","max-snippet":"max-snippet:-1","max-image-preview":"max-image-preview:large","max-video-preview":"max-video-preview:-1"},"canonical":"https:\/\/skin-heal.com\/es\/producto\/reprima-pn-plynucleotide-1-x-1-1ml\/","og_locale":"es_MX","og_type":"article","og_title":"RE:Prima PN Polynucleotide (1 x 1.1ml) - Skin Heal","og_description":"RE:Prima is a multi-purpose Polynucleotide skinboosters for the area around the eyes, helping with issues like dark circles, eyebags, wrinkles and Crow\u2019s feet.","og_url":"https:\/\/skin-heal.com\/es\/producto\/reprima-pn-plynucleotide-1-x-1-1ml\/","og_site_name":"Skin Heal","article_modified_time":"2024-08-15T08:01:07+00:00","og_image":[{"width":600,"height":600,"url":"https:\/\/cdn.skin-heal.com\/wp-content\/uploads\/2024\/04\/RE-Prima.jpg","type":"image\/jpeg"}],"twitter_card":"summary_large_image","twitter_misc":{"Tiempo de lectura":"2 minutos"},"schema":{"@context":"https:\/\/schema.org","@graph":[{"@type":"WebPage","@id":"https:\/\/skin-heal.com\/product\/reprima-pn-plynucleotide-1-x-1-1ml\/","url":"https:\/\/skin-heal.com\/product\/reprima-pn-plynucleotide-1-x-1-1ml\/","name":"RE:Prima PN Polinucle\u00f3tido (1 x 1,1ml) - Skin Heal","isPartOf":{"@id":"https:\/\/skin-heal.com\/#website"},"primaryImageOfPage":{"@id":"https:\/\/skin-heal.com\/product\/reprima-pn-plynucleotide-1-x-1-1ml\/#primaryimage"},"image":{"@id":"https:\/\/skin-heal.com\/product\/reprima-pn-plynucleotide-1-x-1-1ml\/#primaryimage"},"thumbnailUrl":"https:\/\/cdn.skin-heal.com\/wp-content\/uploads\/2024\/04\/RE-Prima.jpg","datePublished":"2024-04-12T07:44:21+00:00","dateModified":"2024-08-15T08:01:07+00:00","description":"RE:Prima es un polinucle\u00f3tido potenciador de la piel polivalente para la zona del contorno de los ojos, que ayuda con problemas como las ojeras, las bolsas de los ojos, las arrugas y las patas de gallo.","breadcrumb":{"@id":"https:\/\/skin-heal.com\/product\/reprima-pn-plynucleotide-1-x-1-1ml\/#breadcrumb"},"inLanguage":"es","potentialAction":[{"@type":"ReadAction","target":["https:\/\/skin-heal.com\/product\/reprima-pn-plynucleotide-1-x-1-1ml\/"]}]},{"@type":"ImageObject","inLanguage":"es","@id":"https:\/\/skin-heal.com\/product\/reprima-pn-plynucleotide-1-x-1-1ml\/#primaryimage","url":"https:\/\/cdn.skin-heal.com\/wp-content\/uploads\/2024\/04\/RE-Prima.jpg","contentUrl":"https:\/\/cdn.skin-heal.com\/wp-content\/uploads\/2024\/04\/RE-Prima.jpg","width":600,"height":600,"caption":"RE Prima Polynucleotide"},{"@type":"BreadcrumbList","@id":"https:\/\/skin-heal.com\/product\/reprima-pn-plynucleotide-1-x-1-1ml\/#breadcrumb","itemListElement":[{"@type":"ListItem","position":1,"name":"Home","item":"https:\/\/skin-heal.com\/"},{"@type":"ListItem","position":2,"name":"Store","item":"https:\/\/skin-heal.com\/store\/"},{"@type":"ListItem","position":3,"name":"RE:Prima PN Polynucleotide (1 x 1.1ml)"}]},{"@type":"WebSite","@id":"https:\/\/skin-heal.com\/#website","url":"https:\/\/skin-heal.com\/","name":"Curaci\u00f3n de la piel","description":"Los precios m\u00e1s bajos para los rellenos d\u00e9rmicos","potentialAction":[{"@type":"SearchAction","target":{"@type":"EntryPoint","urlTemplate":"https:\/\/skin-heal.com\/?s={search_term_string}"},"query-input":{"@type":"PropertyValueSpecification","valueRequired":true,"valueName":"search_term_string"}}],"inLanguage":"es"}]}},"_links":{"self":[{"href":"https:\/\/skin-heal.com\/es\/wp-json\/wp\/v2\/product\/36466","targetHints":{"allow":["GET"]}}],"collection":[{"href":"https:\/\/skin-heal.com\/es\/wp-json\/wp\/v2\/product"}],"about":[{"href":"https:\/\/skin-heal.com\/es\/wp-json\/wp\/v2\/types\/product"}],"wp:featuredmedia":[{"embeddable":true,"href":"https:\/\/skin-heal.com\/es\/wp-json\/wp\/v2\/media\/36467"}],"wp:attachment":[{"href":"https:\/\/skin-heal.com\/es\/wp-json\/wp\/v2\/media?parent=36466"}],"wp:term":[{"taxonomy":"product_brand","embeddable":true,"href":"https:\/\/skin-heal.com\/es\/wp-json\/wp\/v2\/product_brand?post=36466"},{"taxonomy":"product_cat","embeddable":true,"href":"https:\/\/skin-heal.com\/es\/wp-json\/wp\/v2\/product_cat?post=36466"},{"taxonomy":"product_tag","embeddable":true,"href":"https:\/\/skin-heal.com\/es\/wp-json\/wp\/v2\/product_tag?post=36466"}],"curies":[{"name":"wp","href":"https:\/\/api.w.org\/{rel}","templated":true}]}}