{"id":36522,"date":"2024-05-16T16:08:45","date_gmt":"2024-05-16T13:08:45","guid":{"rendered":"https:\/\/skin-heal.com\/?post_type=product&#038;p=36522"},"modified":"2024-05-16T16:09:15","modified_gmt":"2024-05-16T13:09:15","slug":"linerase-collagen-powder-100mg","status":"publish","type":"product","link":"https:\/\/skin-heal.com\/es\/producto\/linerase-collagen-powder-100mg\/","title":{"rendered":"Col\u00e1geno en polvo Linerase (100 mg)"},"content":{"rendered":"<p>La piel sana necesita col\u00e1geno y las c\u00e9lulas sanas de la piel producen col\u00e1geno. Sin embargo, a medida que envejecemos, la capacidad de nuestra piel para hacerlo disminuye gradualmente hasta el punto de que nuestra dermis simplemente no puede mantener el ritmo. Soluciones como el col\u00e1geno Lienrase, permiten compensar ese desequilibrio y devolver a la piel su estado m\u00e1s joven y revitalizado.<\/p>\n<p>El col\u00e1geno desempe\u00f1a un papel vital en la regeneraci\u00f3n de las c\u00e9lulas de la piel y es especialmente \u00fatil para la cicatrizaci\u00f3n de heridas. Adem\u00e1s, la elasticidad natural de la piel est\u00e1 directamente relacionada con la presencia de suficiente col\u00e1geno y elastina en los tejidos d\u00e9rmicos. Y la mejor manera de estimular la producci\u00f3n de col\u00e1geno es creando las mejores condiciones posibles para su producci\u00f3n mediante la adici\u00f3n de una soluci\u00f3n de alta calidad como el col\u00e1geno Linerase en la piel. El resultado final es una piel m\u00e1s suave y menos arrugada, pero el col\u00e1geno tambi\u00e9n ayuda a aumentar la fuerza de los tejidos conectivos y de sost\u00e9n de la piel, produciendo un notable efecto lifting. Se recomienda su uso en zonas como:<\/p>\n<ul>\n<li>Cara - rejuvenecimiento facial completo<\/li>\n<li>Cuello y escote<\/li>\n<li>Hombros y brazos<\/li>\n<li>Enc\u00edas en caso de retracci\u00f3n gingival<\/li>\n<li>Rodillas, piernas y nalgas: estr\u00edas<\/li>\n<\/ul>\n<p>El col\u00e1geno Linerase es una forma eficaz de tratamiento no s\u00f3lo de las arrugas, l\u00edneas de expresi\u00f3n y pliegues cut\u00e1neos habituales, sino tambi\u00e9n de problemas espec\u00edficos como las estr\u00edas.<\/p>\n<p>El ciclo de tratamiento est\u00e1ndar es de cuatro sesiones (un vial por procedimiento), espaciadas dos semanas cada una. Los tratamientos de mantenimiento posteriores pueden realizarse una vez cada dos meses para conservar el efecto rejuvenecedor del polvo de col\u00e1geno Linerase.<\/p>","protected":false},"excerpt":{"rendered":"<p>Estimulante de la regeneraci\u00f3n profunda y duradera de la piel, Linerase es un Col\u00e1geno Heter\u00f3logo Tipo I en polvo, que revitaliza en profundidad la piel del rostro, cuello, brazos y cuerpo. Es un producto skinbooster vers\u00e1til, destinado a levantar de forma natural los tejidos fl\u00e1cidos y a rejuvenecer la dermis superior e inferior, restaurando el col\u00e1geno cut\u00e1neo perdido y creando las condiciones adecuadas para la s\u00edntesis de uno nuevo.<\/p>","protected":false},"featured_media":36523,"template":"","meta":[],"product_brand":[],"product_cat":[159,158,80],"product_tag":[],"class_list":{"0":"post-36522","1":"product","2":"type-product","3":"status-publish","4":"has-post-thumbnail","6":"product_cat-csd","7":"product_cat-linerase","8":"product_cat-mesotherapy","9":"clearfix","11":"first","12":"instock","13":"taxable","14":"shipping-taxable","15":"purchasable","16":"product-type-simple"},"yoast_head":"<!-- This site is optimized with the Yoast SEO plugin v27.4 - https:\/\/yoast.com\/product\/yoast-seo-wordpress\/ -->\n<title>Linerase Collagen Powder (100mg) - Skin Heal<\/title>\n<meta name=\"description\" content=\"Linerase is a premium quality powdered collagen which can be used for thorough and lasting rejuvenation of the skin of the face, neck, arms and body, lifting the sagging skin, removing stretchmarks and stimulating further collagen synthesis.\" \/>\n<meta name=\"robots\" content=\"index, follow, max-snippet:-1, max-image-preview:large, max-video-preview:-1\" \/>\n<link rel=\"canonical\" href=\"https:\/\/skin-heal.com\/es\/producto\/linerase-collagen-powder-100mg\/\" \/>\n<meta property=\"og:locale\" content=\"es_MX\" \/>\n<meta property=\"og:type\" content=\"article\" \/>\n<meta property=\"og:title\" content=\"Linerase Collagen Powder (100mg) - Skin Heal\" \/>\n<meta property=\"og:description\" content=\"Linerase is a premium quality powdered collagen which can be used for thorough and lasting rejuvenation of the skin of the face, neck, arms and body, lifting the sagging skin, removing stretchmarks and stimulating further collagen synthesis.\" \/>\n<meta property=\"og:url\" content=\"https:\/\/skin-heal.com\/es\/producto\/linerase-collagen-powder-100mg\/\" \/>\n<meta property=\"og:site_name\" content=\"Skin Heal\" \/>\n<meta property=\"article:modified_time\" content=\"2024-05-16T13:09:15+00:00\" \/>\n<meta property=\"og:image\" content=\"https:\/\/cdn.skin-heal.com\/wp-content\/uploads\/2024\/05\/Linerase-Collagen.jpg\" \/>\n\t<meta property=\"og:image:width\" content=\"600\" \/>\n\t<meta property=\"og:image:height\" content=\"600\" \/>\n\t<meta property=\"og:image:type\" content=\"image\/jpeg\" \/>\n<meta name=\"twitter:card\" content=\"summary_large_image\" \/>\n<meta name=\"twitter:label1\" content=\"Tiempo de lectura\" \/>\n\t<meta name=\"twitter:data1\" content=\"2 minutos\" \/>\n<script type=\"application\/ld+json\" class=\"yoast-schema-graph\">{\"@context\":\"https:\\\/\\\/schema.org\",\"@graph\":[{\"@type\":\"WebPage\",\"@id\":\"https:\\\/\\\/skin-heal.com\\\/product\\\/linerase-collagen-powder-100mg\\\/\",\"url\":\"https:\\\/\\\/skin-heal.com\\\/product\\\/linerase-collagen-powder-100mg\\\/\",\"name\":\"Linerase Collagen Powder (100mg) - Skin Heal\",\"isPartOf\":{\"@id\":\"https:\\\/\\\/skin-heal.com\\\/#website\"},\"primaryImageOfPage\":{\"@id\":\"https:\\\/\\\/skin-heal.com\\\/product\\\/linerase-collagen-powder-100mg\\\/#primaryimage\"},\"image\":{\"@id\":\"https:\\\/\\\/skin-heal.com\\\/product\\\/linerase-collagen-powder-100mg\\\/#primaryimage\"},\"thumbnailUrl\":\"https:\\\/\\\/skin-heal.com\\\/wp-content\\\/uploads\\\/2024\\\/05\\\/Linerase-Collagen.jpg\",\"datePublished\":\"2024-05-16T13:08:45+00:00\",\"dateModified\":\"2024-05-16T13:09:15+00:00\",\"description\":\"Linerase is a premium quality powdered collagen which can be used for thorough and lasting rejuvenation of the skin of the face, neck, arms and body, lifting the sagging skin, removing stretchmarks and stimulating further collagen synthesis.\",\"breadcrumb\":{\"@id\":\"https:\\\/\\\/skin-heal.com\\\/product\\\/linerase-collagen-powder-100mg\\\/#breadcrumb\"},\"inLanguage\":\"es\",\"potentialAction\":[{\"@type\":\"ReadAction\",\"target\":[\"https:\\\/\\\/skin-heal.com\\\/product\\\/linerase-collagen-powder-100mg\\\/\"]}]},{\"@type\":\"ImageObject\",\"inLanguage\":\"es\",\"@id\":\"https:\\\/\\\/skin-heal.com\\\/product\\\/linerase-collagen-powder-100mg\\\/#primaryimage\",\"url\":\"https:\\\/\\\/skin-heal.com\\\/wp-content\\\/uploads\\\/2024\\\/05\\\/Linerase-Collagen.jpg\",\"contentUrl\":\"https:\\\/\\\/skin-heal.com\\\/wp-content\\\/uploads\\\/2024\\\/05\\\/Linerase-Collagen.jpg\",\"width\":600,\"height\":600,\"caption\":\"Linerase Collagen\"},{\"@type\":\"BreadcrumbList\",\"@id\":\"https:\\\/\\\/skin-heal.com\\\/product\\\/linerase-collagen-powder-100mg\\\/#breadcrumb\",\"itemListElement\":[{\"@type\":\"ListItem\",\"position\":1,\"name\":\"Home\",\"item\":\"https:\\\/\\\/skin-heal.com\\\/\"},{\"@type\":\"ListItem\",\"position\":2,\"name\":\"Store\",\"item\":\"https:\\\/\\\/skin-heal.com\\\/store\\\/\"},{\"@type\":\"ListItem\",\"position\":3,\"name\":\"Linerase Collagen Powder (100mg)\"}]},{\"@type\":\"WebSite\",\"@id\":\"https:\\\/\\\/skin-heal.com\\\/#website\",\"url\":\"https:\\\/\\\/skin-heal.com\\\/\",\"name\":\"Skin Heal\",\"description\":\"Lowest Prices for Dermal Fillers\",\"potentialAction\":[{\"@type\":\"SearchAction\",\"target\":{\"@type\":\"EntryPoint\",\"urlTemplate\":\"https:\\\/\\\/skin-heal.com\\\/?s={search_term_string}\"},\"query-input\":{\"@type\":\"PropertyValueSpecification\",\"valueRequired\":true,\"valueName\":\"search_term_string\"}}],\"inLanguage\":\"es\"}]}<\/script>\n<!-- \/ Yoast SEO plugin. -->","yoast_head_json":{"title":"Linerase Col\u00e1geno en Polvo (100mg) - Skin Heal","description":"Linerase es un col\u00e1geno en polvo de primera calidad que puede utilizarse para un rejuvenecimiento completo y duradero de la piel de la cara, el cuello, los brazos y el cuerpo, levantando la piel fl\u00e1cida, eliminando las estr\u00edas y estimulando una mayor s\u00edntesis de col\u00e1geno.","robots":{"index":"index","follow":"follow","max-snippet":"max-snippet:-1","max-image-preview":"max-image-preview:large","max-video-preview":"max-video-preview:-1"},"canonical":"https:\/\/skin-heal.com\/es\/producto\/linerase-collagen-powder-100mg\/","og_locale":"es_MX","og_type":"article","og_title":"Linerase Collagen Powder (100mg) - Skin Heal","og_description":"Linerase is a premium quality powdered collagen which can be used for thorough and lasting rejuvenation of the skin of the face, neck, arms and body, lifting the sagging skin, removing stretchmarks and stimulating further collagen synthesis.","og_url":"https:\/\/skin-heal.com\/es\/producto\/linerase-collagen-powder-100mg\/","og_site_name":"Skin Heal","article_modified_time":"2024-05-16T13:09:15+00:00","og_image":[{"width":600,"height":600,"url":"https:\/\/cdn.skin-heal.com\/wp-content\/uploads\/2024\/05\/Linerase-Collagen.jpg","type":"image\/jpeg"}],"twitter_card":"summary_large_image","twitter_misc":{"Tiempo de lectura":"2 minutos"},"schema":{"@context":"https:\/\/schema.org","@graph":[{"@type":"WebPage","@id":"https:\/\/skin-heal.com\/product\/linerase-collagen-powder-100mg\/","url":"https:\/\/skin-heal.com\/product\/linerase-collagen-powder-100mg\/","name":"Linerase Col\u00e1geno en Polvo (100mg) - Skin Heal","isPartOf":{"@id":"https:\/\/skin-heal.com\/#website"},"primaryImageOfPage":{"@id":"https:\/\/skin-heal.com\/product\/linerase-collagen-powder-100mg\/#primaryimage"},"image":{"@id":"https:\/\/skin-heal.com\/product\/linerase-collagen-powder-100mg\/#primaryimage"},"thumbnailUrl":"https:\/\/cdn.skin-heal.com\/wp-content\/uploads\/2024\/05\/Linerase-Collagen.jpg","datePublished":"2024-05-16T13:08:45+00:00","dateModified":"2024-05-16T13:09:15+00:00","description":"Linerase es un col\u00e1geno en polvo de primera calidad que puede utilizarse para un rejuvenecimiento completo y duradero de la piel de la cara, el cuello, los brazos y el cuerpo, levantando la piel fl\u00e1cida, eliminando las estr\u00edas y estimulando una mayor s\u00edntesis de col\u00e1geno.","breadcrumb":{"@id":"https:\/\/skin-heal.com\/product\/linerase-collagen-powder-100mg\/#breadcrumb"},"inLanguage":"es","potentialAction":[{"@type":"ReadAction","target":["https:\/\/skin-heal.com\/product\/linerase-collagen-powder-100mg\/"]}]},{"@type":"ImageObject","inLanguage":"es","@id":"https:\/\/skin-heal.com\/product\/linerase-collagen-powder-100mg\/#primaryimage","url":"https:\/\/cdn.skin-heal.com\/wp-content\/uploads\/2024\/05\/Linerase-Collagen.jpg","contentUrl":"https:\/\/cdn.skin-heal.com\/wp-content\/uploads\/2024\/05\/Linerase-Collagen.jpg","width":600,"height":600,"caption":"Linerase Collagen"},{"@type":"BreadcrumbList","@id":"https:\/\/skin-heal.com\/product\/linerase-collagen-powder-100mg\/#breadcrumb","itemListElement":[{"@type":"ListItem","position":1,"name":"Home","item":"https:\/\/skin-heal.com\/"},{"@type":"ListItem","position":2,"name":"Store","item":"https:\/\/skin-heal.com\/store\/"},{"@type":"ListItem","position":3,"name":"Linerase Collagen Powder (100mg)"}]},{"@type":"WebSite","@id":"https:\/\/skin-heal.com\/#website","url":"https:\/\/skin-heal.com\/","name":"Curaci\u00f3n de la piel","description":"Los precios m\u00e1s bajos para los rellenos d\u00e9rmicos","potentialAction":[{"@type":"SearchAction","target":{"@type":"EntryPoint","urlTemplate":"https:\/\/skin-heal.com\/?s={search_term_string}"},"query-input":{"@type":"PropertyValueSpecification","valueRequired":true,"valueName":"search_term_string"}}],"inLanguage":"es"}]}},"_links":{"self":[{"href":"https:\/\/skin-heal.com\/es\/wp-json\/wp\/v2\/product\/36522","targetHints":{"allow":["GET"]}}],"collection":[{"href":"https:\/\/skin-heal.com\/es\/wp-json\/wp\/v2\/product"}],"about":[{"href":"https:\/\/skin-heal.com\/es\/wp-json\/wp\/v2\/types\/product"}],"wp:featuredmedia":[{"embeddable":true,"href":"https:\/\/skin-heal.com\/es\/wp-json\/wp\/v2\/media\/36523"}],"wp:attachment":[{"href":"https:\/\/skin-heal.com\/es\/wp-json\/wp\/v2\/media?parent=36522"}],"wp:term":[{"taxonomy":"product_brand","embeddable":true,"href":"https:\/\/skin-heal.com\/es\/wp-json\/wp\/v2\/product_brand?post=36522"},{"taxonomy":"product_cat","embeddable":true,"href":"https:\/\/skin-heal.com\/es\/wp-json\/wp\/v2\/product_cat?post=36522"},{"taxonomy":"product_tag","embeddable":true,"href":"https:\/\/skin-heal.com\/es\/wp-json\/wp\/v2\/product_tag?post=36522"}],"curies":[{"name":"wp","href":"https:\/\/api.w.org\/{rel}","templated":true}]}}