{"id":36540,"date":"2024-06-03T17:59:28","date_gmt":"2024-06-03T14:59:28","guid":{"rendered":"https:\/\/skin-heal.com\/?post_type=product&#038;p=36540"},"modified":"2024-06-03T18:07:12","modified_gmt":"2024-06-03T15:07:12","slug":"gouri-pcl-polycaprolactone-skinbooster-1-x-1ml","status":"publish","type":"product","link":"https:\/\/skin-heal.com\/es\/producto\/gouri-pcl-polycaprolactone-skinbooster-1-x-1ml\/","title":{"rendered":"Gouri PCL Policaprolactona Skinbooster (1 x 1ml)"},"content":{"rendered":"<p>Las soluciones tradicionales de PCL tienen un efecto de relleno inmediato y posterior generaci\u00f3n de col\u00e1geno en la dermis. Sin embargo, el enfoque utilizado con Gouri es diferente. Utilizando la tecnolog\u00eda CESABP, es un potenciador de col\u00e1geno l\u00edquido, destinado al rejuvenecimiento profundo y a largo plazo de la piel. Act\u00faa en varias etapas:<\/p>\n<ol>\n<li><strong>Aplicaci\u00f3n<\/strong> - El relleno de PCL de Gouri se a\u00f1ade directamente en la piel. No hay un efecto de relleno inmediato, pero eso se compensa con los mejores resultados a largo plazo del rejuvenecimiento de la piel.<\/li>\n<li><strong>Difusi\u00f3n del producto<\/strong> - Al ser un potenciador de col\u00e1geno l\u00edquido, el relleno de polinucle\u00f3tidos Gouri es mucho m\u00e1s sencillo de extender eficazmente. Un simple masaje suave es suficiente para una aplicaci\u00f3n uniforme. No hay protuberancias, bultos o desplazamiento del producto, como los rellenos de gel a base de PCL a veces hacen.<\/li>\n<li><strong>Matriz 3D reconstruida<\/strong> - A medida que pasa el tiempo, las mol\u00e9culas de PCL aplicadas a la piel comenzar\u00e1n a formar una nueva estructura de matriz tridimensional para mejorar el soporte de la piel y el efecto lifting. A su alrededor se crear\u00e1n nuevas c\u00e9lulas cut\u00e1neas y se estimular\u00e1 la producci\u00f3n de fibroblastos.<\/li>\n<li>Neo-colag\u00e9nesis - a medida que se forman las nuevas c\u00e9lulas de la piel, \u00e9stas generan col\u00e1geno r\u00e1pidamente. Con el tiempo, la zona alrededor de la nueva matriz 3D se rellena con col\u00e1geno natural y el estado de la piel mejora r\u00e1pidamente: m\u00e1s lisa, m\u00e1s el\u00e1stica y con arrugas y pliegues cut\u00e1neos menos visibles.<\/li>\n<\/ol>\n<p>Los rellenos de policaprolactona en gel suelen estar limitados en su \u00e1mbito de uso, principalmente para el contorno. En cambio, Gouri PCL es un producto flexible para el rejuvenecimiento de todo el rostro. Se puede realizar un procedimiento de revitalizaci\u00f3n completo con neocolag\u00e9nesis inducida por policaprolactona l\u00edquida utilizando solo dos envases de Gouri, aplicando 0,2 ml por zona, en un protocolo de tratamiento global de 10 puntos.<\/p>","protected":false},"excerpt":{"rendered":"<p>Ofreciendo un enfoque completamente nuevo del rejuvenecimiento facial completo, Gouri es un relleno cut\u00e1neo potenciador del col\u00e1geno, basado en el pol\u00edmero biodegradable y seguro Policaprolactona. El PCL, uno de los estimulantes m\u00e1s potentes de la s\u00edntesis de col\u00e1geno, se utiliza en este relleno en forma l\u00edquida, lo que permite obtener resultados mejores y m\u00e1s uniformes, as\u00ed como un aspecto completamente natural y el relleno de las depresiones cut\u00e1neas relacionadas con la edad.<\/p>","protected":false},"featured_media":36541,"template":"","meta":[],"product_brand":[],"product_cat":[79,160,80],"product_tag":[],"class_list":{"0":"post-36540","1":"product","2":"type-product","3":"status-publish","4":"has-post-thumbnail","6":"product_cat-dermal-fillers","7":"product_cat-gouri","8":"product_cat-mesotherapy","9":"clearfix","11":"first","12":"instock","13":"taxable","14":"shipping-taxable","15":"purchasable","16":"product-type-simple"},"yoast_head":"<!-- This site is optimized with the Yoast SEO plugin v27.5 - https:\/\/yoast.com\/product\/yoast-seo-wordpress\/ -->\n<title>Gouri PCL Polycaprolactone Skinbooster (1 x 1ml) - Skin Heal<\/title>\n<meta name=\"description\" content=\"Neo-collagenensis can be achieved for an extended period of time, using the Gouri Polycaprolactone collagen booster, lifting, smoothing and softening the aged skin, removing all wrinkles and skin folds.\" \/>\n<meta name=\"robots\" content=\"index, follow, max-snippet:-1, max-image-preview:large, max-video-preview:-1\" \/>\n<link rel=\"canonical\" href=\"https:\/\/skin-heal.com\/es\/producto\/gouri-pcl-polycaprolactone-skinbooster-1-x-1ml\/\" \/>\n<meta property=\"og:locale\" content=\"es_MX\" \/>\n<meta property=\"og:type\" content=\"article\" \/>\n<meta property=\"og:title\" content=\"Gouri PCL Polycaprolactone Skinbooster (1 x 1ml) - Skin Heal\" \/>\n<meta property=\"og:description\" content=\"Neo-collagenensis can be achieved for an extended period of time, using the Gouri Polycaprolactone collagen booster, lifting, smoothing and softening the aged skin, removing all wrinkles and skin folds.\" \/>\n<meta property=\"og:url\" content=\"https:\/\/skin-heal.com\/es\/producto\/gouri-pcl-polycaprolactone-skinbooster-1-x-1ml\/\" \/>\n<meta property=\"og:site_name\" content=\"Skin Heal\" \/>\n<meta property=\"article:modified_time\" content=\"2024-06-03T15:07:12+00:00\" \/>\n<meta property=\"og:image\" content=\"https:\/\/cdn.skin-heal.com\/wp-content\/uploads\/2024\/06\/Gouri.jpg\" \/>\n\t<meta property=\"og:image:width\" content=\"600\" \/>\n\t<meta property=\"og:image:height\" content=\"600\" \/>\n\t<meta property=\"og:image:type\" content=\"image\/jpeg\" \/>\n<meta name=\"twitter:card\" content=\"summary_large_image\" \/>\n<meta name=\"twitter:label1\" content=\"Tiempo de lectura\" \/>\n\t<meta name=\"twitter:data1\" content=\"2 minutos\" \/>\n<script type=\"application\/ld+json\" class=\"yoast-schema-graph\">{\"@context\":\"https:\\\/\\\/schema.org\",\"@graph\":[{\"@type\":\"WebPage\",\"@id\":\"https:\\\/\\\/skin-heal.com\\\/product\\\/gouri-pcl-polycaprolactone-skinbooster-1-x-1ml\\\/\",\"url\":\"https:\\\/\\\/skin-heal.com\\\/product\\\/gouri-pcl-polycaprolactone-skinbooster-1-x-1ml\\\/\",\"name\":\"Gouri PCL Polycaprolactone Skinbooster (1 x 1ml) - Skin Heal\",\"isPartOf\":{\"@id\":\"https:\\\/\\\/skin-heal.com\\\/#website\"},\"primaryImageOfPage\":{\"@id\":\"https:\\\/\\\/skin-heal.com\\\/product\\\/gouri-pcl-polycaprolactone-skinbooster-1-x-1ml\\\/#primaryimage\"},\"image\":{\"@id\":\"https:\\\/\\\/skin-heal.com\\\/product\\\/gouri-pcl-polycaprolactone-skinbooster-1-x-1ml\\\/#primaryimage\"},\"thumbnailUrl\":\"https:\\\/\\\/skin-heal.com\\\/wp-content\\\/uploads\\\/2024\\\/06\\\/Gouri.jpg\",\"datePublished\":\"2024-06-03T14:59:28+00:00\",\"dateModified\":\"2024-06-03T15:07:12+00:00\",\"description\":\"Neo-collagenensis can be achieved for an extended period of time, using the Gouri Polycaprolactone collagen booster, lifting, smoothing and softening the aged skin, removing all wrinkles and skin folds.\",\"breadcrumb\":{\"@id\":\"https:\\\/\\\/skin-heal.com\\\/product\\\/gouri-pcl-polycaprolactone-skinbooster-1-x-1ml\\\/#breadcrumb\"},\"inLanguage\":\"es\",\"potentialAction\":[{\"@type\":\"ReadAction\",\"target\":[\"https:\\\/\\\/skin-heal.com\\\/product\\\/gouri-pcl-polycaprolactone-skinbooster-1-x-1ml\\\/\"]}]},{\"@type\":\"ImageObject\",\"inLanguage\":\"es\",\"@id\":\"https:\\\/\\\/skin-heal.com\\\/product\\\/gouri-pcl-polycaprolactone-skinbooster-1-x-1ml\\\/#primaryimage\",\"url\":\"https:\\\/\\\/skin-heal.com\\\/wp-content\\\/uploads\\\/2024\\\/06\\\/Gouri.jpg\",\"contentUrl\":\"https:\\\/\\\/skin-heal.com\\\/wp-content\\\/uploads\\\/2024\\\/06\\\/Gouri.jpg\",\"width\":600,\"height\":600,\"caption\":\"Gouri\"},{\"@type\":\"BreadcrumbList\",\"@id\":\"https:\\\/\\\/skin-heal.com\\\/product\\\/gouri-pcl-polycaprolactone-skinbooster-1-x-1ml\\\/#breadcrumb\",\"itemListElement\":[{\"@type\":\"ListItem\",\"position\":1,\"name\":\"Home\",\"item\":\"https:\\\/\\\/skin-heal.com\\\/\"},{\"@type\":\"ListItem\",\"position\":2,\"name\":\"Store\",\"item\":\"https:\\\/\\\/skin-heal.com\\\/store\\\/\"},{\"@type\":\"ListItem\",\"position\":3,\"name\":\"Gouri PCL Polycaprolactone Skinbooster (1 x 1ml)\"}]},{\"@type\":\"WebSite\",\"@id\":\"https:\\\/\\\/skin-heal.com\\\/#website\",\"url\":\"https:\\\/\\\/skin-heal.com\\\/\",\"name\":\"Skin Heal\",\"description\":\"Lowest Prices for Dermal Fillers\",\"potentialAction\":[{\"@type\":\"SearchAction\",\"target\":{\"@type\":\"EntryPoint\",\"urlTemplate\":\"https:\\\/\\\/skin-heal.com\\\/?s={search_term_string}\"},\"query-input\":{\"@type\":\"PropertyValueSpecification\",\"valueRequired\":true,\"valueName\":\"search_term_string\"}}],\"inLanguage\":\"es\"}]}<\/script>\n<!-- \/ Yoast SEO plugin. -->","yoast_head_json":{"title":"Skinbooster Gouri PCL Policaprolactona (1 x 1ml) - Skin Heal","description":"Con el potenciador de col\u00e1geno Gouri Polycaprolactone se puede conseguir una neocolagenensis prolongada, levantando, alisando y suavizando la piel envejecida, eliminando todas las arrugas y pliegues cut\u00e1neos.","robots":{"index":"index","follow":"follow","max-snippet":"max-snippet:-1","max-image-preview":"max-image-preview:large","max-video-preview":"max-video-preview:-1"},"canonical":"https:\/\/skin-heal.com\/es\/producto\/gouri-pcl-polycaprolactone-skinbooster-1-x-1ml\/","og_locale":"es_MX","og_type":"article","og_title":"Gouri PCL Polycaprolactone Skinbooster (1 x 1ml) - Skin Heal","og_description":"Neo-collagenensis can be achieved for an extended period of time, using the Gouri Polycaprolactone collagen booster, lifting, smoothing and softening the aged skin, removing all wrinkles and skin folds.","og_url":"https:\/\/skin-heal.com\/es\/producto\/gouri-pcl-polycaprolactone-skinbooster-1-x-1ml\/","og_site_name":"Skin Heal","article_modified_time":"2024-06-03T15:07:12+00:00","og_image":[{"width":600,"height":600,"url":"https:\/\/cdn.skin-heal.com\/wp-content\/uploads\/2024\/06\/Gouri.jpg","type":"image\/jpeg"}],"twitter_card":"summary_large_image","twitter_misc":{"Tiempo de lectura":"2 minutos"},"schema":{"@context":"https:\/\/schema.org","@graph":[{"@type":"WebPage","@id":"https:\/\/skin-heal.com\/product\/gouri-pcl-polycaprolactone-skinbooster-1-x-1ml\/","url":"https:\/\/skin-heal.com\/product\/gouri-pcl-polycaprolactone-skinbooster-1-x-1ml\/","name":"Skinbooster Gouri PCL Policaprolactona (1 x 1ml) - Skin Heal","isPartOf":{"@id":"https:\/\/skin-heal.com\/#website"},"primaryImageOfPage":{"@id":"https:\/\/skin-heal.com\/product\/gouri-pcl-polycaprolactone-skinbooster-1-x-1ml\/#primaryimage"},"image":{"@id":"https:\/\/skin-heal.com\/product\/gouri-pcl-polycaprolactone-skinbooster-1-x-1ml\/#primaryimage"},"thumbnailUrl":"https:\/\/cdn.skin-heal.com\/wp-content\/uploads\/2024\/06\/Gouri.jpg","datePublished":"2024-06-03T14:59:28+00:00","dateModified":"2024-06-03T15:07:12+00:00","description":"Con el potenciador de col\u00e1geno Gouri Polycaprolactone se puede conseguir una neocolagenensis prolongada, levantando, alisando y suavizando la piel envejecida, eliminando todas las arrugas y pliegues cut\u00e1neos.","breadcrumb":{"@id":"https:\/\/skin-heal.com\/product\/gouri-pcl-polycaprolactone-skinbooster-1-x-1ml\/#breadcrumb"},"inLanguage":"es","potentialAction":[{"@type":"ReadAction","target":["https:\/\/skin-heal.com\/product\/gouri-pcl-polycaprolactone-skinbooster-1-x-1ml\/"]}]},{"@type":"ImageObject","inLanguage":"es","@id":"https:\/\/skin-heal.com\/product\/gouri-pcl-polycaprolactone-skinbooster-1-x-1ml\/#primaryimage","url":"https:\/\/cdn.skin-heal.com\/wp-content\/uploads\/2024\/06\/Gouri.jpg","contentUrl":"https:\/\/cdn.skin-heal.com\/wp-content\/uploads\/2024\/06\/Gouri.jpg","width":600,"height":600,"caption":"Gouri"},{"@type":"BreadcrumbList","@id":"https:\/\/skin-heal.com\/product\/gouri-pcl-polycaprolactone-skinbooster-1-x-1ml\/#breadcrumb","itemListElement":[{"@type":"ListItem","position":1,"name":"Home","item":"https:\/\/skin-heal.com\/"},{"@type":"ListItem","position":2,"name":"Store","item":"https:\/\/skin-heal.com\/store\/"},{"@type":"ListItem","position":3,"name":"Gouri PCL Polycaprolactone Skinbooster (1 x 1ml)"}]},{"@type":"WebSite","@id":"https:\/\/skin-heal.com\/#website","url":"https:\/\/skin-heal.com\/","name":"Curaci\u00f3n de la piel","description":"Los precios m\u00e1s bajos para los rellenos d\u00e9rmicos","potentialAction":[{"@type":"SearchAction","target":{"@type":"EntryPoint","urlTemplate":"https:\/\/skin-heal.com\/?s={search_term_string}"},"query-input":{"@type":"PropertyValueSpecification","valueRequired":true,"valueName":"search_term_string"}}],"inLanguage":"es"}]}},"_links":{"self":[{"href":"https:\/\/skin-heal.com\/es\/wp-json\/wp\/v2\/product\/36540","targetHints":{"allow":["GET"]}}],"collection":[{"href":"https:\/\/skin-heal.com\/es\/wp-json\/wp\/v2\/product"}],"about":[{"href":"https:\/\/skin-heal.com\/es\/wp-json\/wp\/v2\/types\/product"}],"wp:featuredmedia":[{"embeddable":true,"href":"https:\/\/skin-heal.com\/es\/wp-json\/wp\/v2\/media\/36541"}],"wp:attachment":[{"href":"https:\/\/skin-heal.com\/es\/wp-json\/wp\/v2\/media?parent=36540"}],"wp:term":[{"taxonomy":"product_brand","embeddable":true,"href":"https:\/\/skin-heal.com\/es\/wp-json\/wp\/v2\/product_brand?post=36540"},{"taxonomy":"product_cat","embeddable":true,"href":"https:\/\/skin-heal.com\/es\/wp-json\/wp\/v2\/product_cat?post=36540"},{"taxonomy":"product_tag","embeddable":true,"href":"https:\/\/skin-heal.com\/es\/wp-json\/wp\/v2\/product_tag?post=36540"}],"curies":[{"name":"wp","href":"https:\/\/api.w.org\/{rel}","templated":true}]}}