{"id":36553,"date":"2024-06-12T18:26:02","date_gmt":"2024-06-12T15:26:02","guid":{"rendered":"https:\/\/skin-heal.com\/?post_type=product&#038;p=36553"},"modified":"2024-06-12T18:26:03","modified_gmt":"2024-06-12T15:26:03","slug":"priere-tulip-red-lips-1-x-1-1ml","status":"publish","type":"product","link":"https:\/\/skin-heal.com\/es\/producto\/priere-tulip-red-lips-1-x-1-1ml\/","title":{"rendered":"Priere Tulip - Labios Rojos (1 x 1,1ml)"},"content":{"rendered":"<p>Uno de los primeros rellenos labiales del mercado en utilizar la tecnolog\u00eda patentada HLD, el gel de Priere Tulip es una mezcla de \u00e1cido hialur\u00f3nico de baja y alta densidad, para un proceso avanzado de reticulaci\u00f3n. Esta tecnolog\u00eda presenta dos ventajas principales. En primer lugar, el agente de reticulaci\u00f3n BDDE que se utiliza normalmente en el proceso de reticulaci\u00f3n del gel de HA, pr\u00e1cticamente no deja residuos (por debajo del umbral detectable). Esto garantiza que el relleno labial PRiere Tulip es seguro y no contiene agentes nocivos.<\/p>\n<p>En t\u00e9rminos m\u00e1s pr\u00e1cticos (en cuanto a resultados), el gel fabricado es de una uniformidad suprema. Como el \u00e1cido hialur\u00f3nico est\u00e1 reticulado, el HA de bajo volumen, rellena eficazmente el espacio entre las mol\u00e9culas de alto volumen. Por lo tanto, la textura del relleno Priere Tulip es m\u00e1s suave, m\u00e1s uniforme y permite un manejo y aplicaci\u00f3n m\u00e1s f\u00e1cil. El uso de Priere es una garant\u00eda de que los labios ser\u00e1n le\u00eddos y embellecer, no se formar\u00e1 el labio y el desplazamiento de gel. El contorno de los labios aparece completamente natural y el volumen labial ganado no parecer\u00e1 excesivo.<\/p>\n<p>Las \u00faltimas pruebas exhaustivas han demostrado que Priere Tulip es, en comparaci\u00f3n con los rellenos labiales normales:<\/p>\n<ul>\n<li>Aplicaci\u00f3n m\u00e1s uniforme y de aspecto m\u00e1s natural.<\/li>\n<li>Mantiene la forma durante m\u00e1s tiempo, garantizando un contorno m\u00e1s duradero.<\/li>\n<li>Es m\u00e1s resistente a la disoluci\u00f3n por enzimas.<\/li>\n<li>Contiene significativamente menos part\u00edculas de agente reticulante BDDE.<\/li>\n<\/ul>\n<p>Desde un punto de vista puramente t\u00e9cnico, se trata de un relleno a base de \u00e1cido hialur\u00f3nico (HLD crosslinking) de 26mg\/ml, en forma de gel uniforme y monof\u00e1sico, que tambi\u00e9n contiene 0,3% de Lidoca\u00edna, para reducir las molestias.<\/p>","protected":false},"excerpt":{"rendered":"<p>Innovador y eficaz, Priere Tulip es el relleno por excelencia para unos labios rojos, voluminosos y bonitos. Aprovechando la tecnolog\u00eda HLD potencia el efecto voluminizador de labios del \u00e1cido hialur\u00f3nico reticulado, haciendo los labios m\u00e1s pronunciados y notables durante un largo periodo de tiempo, superando a los rellenos labiales habituales. Definido por la suavidad y uniformidad del gel, Priere Tulip proporciona un realce espectacular de los labios que sigue apareciendo de forma natural.<\/p>","protected":false},"featured_media":36555,"template":"","meta":[],"product_brand":[],"product_cat":[79],"product_tag":[],"class_list":{"0":"post-36553","1":"product","2":"type-product","3":"status-publish","4":"has-post-thumbnail","6":"product_cat-dermal-fillers","7":"clearfix","9":"first","10":"instock","11":"taxable","12":"shipping-taxable","13":"purchasable","14":"product-type-simple"},"yoast_head":"<!-- This site is optimized with the Yoast SEO plugin v27.4 - https:\/\/yoast.com\/product\/yoast-seo-wordpress\/ -->\n<title>Priere Tulip - Red Lips (1 x 1.1ml) - Skin Heal<\/title>\n<meta name=\"description\" content=\"Gain beautiful, full and red lips with Priere Tulip \u2013 a new filler for lip enhancement, which extends the duration of lip improvement and makes it seem more natural.\" \/>\n<meta name=\"robots\" content=\"index, follow, max-snippet:-1, max-image-preview:large, max-video-preview:-1\" \/>\n<link rel=\"canonical\" href=\"https:\/\/skin-heal.com\/es\/producto\/priere-tulip-red-lips-1-x-1-1ml\/\" \/>\n<meta property=\"og:locale\" content=\"es_MX\" \/>\n<meta property=\"og:type\" content=\"article\" \/>\n<meta property=\"og:title\" content=\"Priere Tulip - Red Lips (1 x 1.1ml) - Skin Heal\" \/>\n<meta property=\"og:description\" content=\"Gain beautiful, full and red lips with Priere Tulip \u2013 a new filler for lip enhancement, which extends the duration of lip improvement and makes it seem more natural.\" \/>\n<meta property=\"og:url\" content=\"https:\/\/skin-heal.com\/es\/producto\/priere-tulip-red-lips-1-x-1-1ml\/\" \/>\n<meta property=\"og:site_name\" content=\"Skin Heal\" \/>\n<meta property=\"article:modified_time\" content=\"2024-06-12T15:26:03+00:00\" \/>\n<meta property=\"og:image\" content=\"https:\/\/cdn.skin-heal.com\/wp-content\/uploads\/2024\/06\/Priere-Tulip.jpg\" \/>\n\t<meta property=\"og:image:width\" content=\"600\" \/>\n\t<meta property=\"og:image:height\" content=\"600\" \/>\n\t<meta property=\"og:image:type\" content=\"image\/jpeg\" \/>\n<meta name=\"twitter:card\" content=\"summary_large_image\" \/>\n<meta name=\"twitter:label1\" content=\"Tiempo de lectura\" \/>\n\t<meta name=\"twitter:data1\" content=\"2 minutos\" \/>\n<script type=\"application\/ld+json\" class=\"yoast-schema-graph\">{\"@context\":\"https:\\\/\\\/schema.org\",\"@graph\":[{\"@type\":\"WebPage\",\"@id\":\"https:\\\/\\\/skin-heal.com\\\/product\\\/priere-tulip-red-lips-1-x-1-1ml\\\/\",\"url\":\"https:\\\/\\\/skin-heal.com\\\/product\\\/priere-tulip-red-lips-1-x-1-1ml\\\/\",\"name\":\"Priere Tulip - Red Lips (1 x 1.1ml) - Skin Heal\",\"isPartOf\":{\"@id\":\"https:\\\/\\\/skin-heal.com\\\/#website\"},\"primaryImageOfPage\":{\"@id\":\"https:\\\/\\\/skin-heal.com\\\/product\\\/priere-tulip-red-lips-1-x-1-1ml\\\/#primaryimage\"},\"image\":{\"@id\":\"https:\\\/\\\/skin-heal.com\\\/product\\\/priere-tulip-red-lips-1-x-1-1ml\\\/#primaryimage\"},\"thumbnailUrl\":\"https:\\\/\\\/skin-heal.com\\\/wp-content\\\/uploads\\\/2024\\\/06\\\/Priere-Tulip.jpg\",\"datePublished\":\"2024-06-12T15:26:02+00:00\",\"dateModified\":\"2024-06-12T15:26:03+00:00\",\"description\":\"Gain beautiful, full and red lips with Priere Tulip \u2013 a new filler for lip enhancement, which extends the duration of lip improvement and makes it seem more natural.\",\"breadcrumb\":{\"@id\":\"https:\\\/\\\/skin-heal.com\\\/product\\\/priere-tulip-red-lips-1-x-1-1ml\\\/#breadcrumb\"},\"inLanguage\":\"es\",\"potentialAction\":[{\"@type\":\"ReadAction\",\"target\":[\"https:\\\/\\\/skin-heal.com\\\/product\\\/priere-tulip-red-lips-1-x-1-1ml\\\/\"]}]},{\"@type\":\"ImageObject\",\"inLanguage\":\"es\",\"@id\":\"https:\\\/\\\/skin-heal.com\\\/product\\\/priere-tulip-red-lips-1-x-1-1ml\\\/#primaryimage\",\"url\":\"https:\\\/\\\/skin-heal.com\\\/wp-content\\\/uploads\\\/2024\\\/06\\\/Priere-Tulip.jpg\",\"contentUrl\":\"https:\\\/\\\/skin-heal.com\\\/wp-content\\\/uploads\\\/2024\\\/06\\\/Priere-Tulip.jpg\",\"width\":600,\"height\":600,\"caption\":\"Priere Tulip\"},{\"@type\":\"BreadcrumbList\",\"@id\":\"https:\\\/\\\/skin-heal.com\\\/product\\\/priere-tulip-red-lips-1-x-1-1ml\\\/#breadcrumb\",\"itemListElement\":[{\"@type\":\"ListItem\",\"position\":1,\"name\":\"Home\",\"item\":\"https:\\\/\\\/skin-heal.com\\\/\"},{\"@type\":\"ListItem\",\"position\":2,\"name\":\"Store\",\"item\":\"https:\\\/\\\/skin-heal.com\\\/store\\\/\"},{\"@type\":\"ListItem\",\"position\":3,\"name\":\"Priere Tulip &#8211; Red Lips (1 x 1.1ml)\"}]},{\"@type\":\"WebSite\",\"@id\":\"https:\\\/\\\/skin-heal.com\\\/#website\",\"url\":\"https:\\\/\\\/skin-heal.com\\\/\",\"name\":\"Skin Heal\",\"description\":\"Lowest Prices for Dermal Fillers\",\"potentialAction\":[{\"@type\":\"SearchAction\",\"target\":{\"@type\":\"EntryPoint\",\"urlTemplate\":\"https:\\\/\\\/skin-heal.com\\\/?s={search_term_string}\"},\"query-input\":{\"@type\":\"PropertyValueSpecification\",\"valueRequired\":true,\"valueName\":\"search_term_string\"}}],\"inLanguage\":\"es\"}]}<\/script>\n<!-- \/ Yoast SEO plugin. -->","yoast_head_json":{"title":"Priere Tulip - Labios Rojos (1 x 1.1ml) - Skin Heal","description":"Consiga unos labios bonitos, carnosos y rojos con Priere Tulip - un nuevo relleno para el realce de labios, que prolonga la duraci\u00f3n de la mejora de los labios y hace que parezca m\u00e1s natural.","robots":{"index":"index","follow":"follow","max-snippet":"max-snippet:-1","max-image-preview":"max-image-preview:large","max-video-preview":"max-video-preview:-1"},"canonical":"https:\/\/skin-heal.com\/es\/producto\/priere-tulip-red-lips-1-x-1-1ml\/","og_locale":"es_MX","og_type":"article","og_title":"Priere Tulip - Red Lips (1 x 1.1ml) - Skin Heal","og_description":"Gain beautiful, full and red lips with Priere Tulip \u2013 a new filler for lip enhancement, which extends the duration of lip improvement and makes it seem more natural.","og_url":"https:\/\/skin-heal.com\/es\/producto\/priere-tulip-red-lips-1-x-1-1ml\/","og_site_name":"Skin Heal","article_modified_time":"2024-06-12T15:26:03+00:00","og_image":[{"width":600,"height":600,"url":"https:\/\/cdn.skin-heal.com\/wp-content\/uploads\/2024\/06\/Priere-Tulip.jpg","type":"image\/jpeg"}],"twitter_card":"summary_large_image","twitter_misc":{"Tiempo de lectura":"2 minutos"},"schema":{"@context":"https:\/\/schema.org","@graph":[{"@type":"WebPage","@id":"https:\/\/skin-heal.com\/product\/priere-tulip-red-lips-1-x-1-1ml\/","url":"https:\/\/skin-heal.com\/product\/priere-tulip-red-lips-1-x-1-1ml\/","name":"Priere Tulip - Labios Rojos (1 x 1.1ml) - Skin Heal","isPartOf":{"@id":"https:\/\/skin-heal.com\/#website"},"primaryImageOfPage":{"@id":"https:\/\/skin-heal.com\/product\/priere-tulip-red-lips-1-x-1-1ml\/#primaryimage"},"image":{"@id":"https:\/\/skin-heal.com\/product\/priere-tulip-red-lips-1-x-1-1ml\/#primaryimage"},"thumbnailUrl":"https:\/\/cdn.skin-heal.com\/wp-content\/uploads\/2024\/06\/Priere-Tulip.jpg","datePublished":"2024-06-12T15:26:02+00:00","dateModified":"2024-06-12T15:26:03+00:00","description":"Consiga unos labios bonitos, carnosos y rojos con Priere Tulip - un nuevo relleno para el realce de labios, que prolonga la duraci\u00f3n de la mejora de los labios y hace que parezca m\u00e1s natural.","breadcrumb":{"@id":"https:\/\/skin-heal.com\/product\/priere-tulip-red-lips-1-x-1-1ml\/#breadcrumb"},"inLanguage":"es","potentialAction":[{"@type":"ReadAction","target":["https:\/\/skin-heal.com\/product\/priere-tulip-red-lips-1-x-1-1ml\/"]}]},{"@type":"ImageObject","inLanguage":"es","@id":"https:\/\/skin-heal.com\/product\/priere-tulip-red-lips-1-x-1-1ml\/#primaryimage","url":"https:\/\/cdn.skin-heal.com\/wp-content\/uploads\/2024\/06\/Priere-Tulip.jpg","contentUrl":"https:\/\/cdn.skin-heal.com\/wp-content\/uploads\/2024\/06\/Priere-Tulip.jpg","width":600,"height":600,"caption":"Priere Tulip"},{"@type":"BreadcrumbList","@id":"https:\/\/skin-heal.com\/product\/priere-tulip-red-lips-1-x-1-1ml\/#breadcrumb","itemListElement":[{"@type":"ListItem","position":1,"name":"Home","item":"https:\/\/skin-heal.com\/"},{"@type":"ListItem","position":2,"name":"Store","item":"https:\/\/skin-heal.com\/store\/"},{"@type":"ListItem","position":3,"name":"Priere Tulip &#8211; Red Lips (1 x 1.1ml)"}]},{"@type":"WebSite","@id":"https:\/\/skin-heal.com\/#website","url":"https:\/\/skin-heal.com\/","name":"Curaci\u00f3n de la piel","description":"Los precios m\u00e1s bajos para los rellenos d\u00e9rmicos","potentialAction":[{"@type":"SearchAction","target":{"@type":"EntryPoint","urlTemplate":"https:\/\/skin-heal.com\/?s={search_term_string}"},"query-input":{"@type":"PropertyValueSpecification","valueRequired":true,"valueName":"search_term_string"}}],"inLanguage":"es"}]}},"_links":{"self":[{"href":"https:\/\/skin-heal.com\/es\/wp-json\/wp\/v2\/product\/36553","targetHints":{"allow":["GET"]}}],"collection":[{"href":"https:\/\/skin-heal.com\/es\/wp-json\/wp\/v2\/product"}],"about":[{"href":"https:\/\/skin-heal.com\/es\/wp-json\/wp\/v2\/types\/product"}],"wp:featuredmedia":[{"embeddable":true,"href":"https:\/\/skin-heal.com\/es\/wp-json\/wp\/v2\/media\/36555"}],"wp:attachment":[{"href":"https:\/\/skin-heal.com\/es\/wp-json\/wp\/v2\/media?parent=36553"}],"wp:term":[{"taxonomy":"product_brand","embeddable":true,"href":"https:\/\/skin-heal.com\/es\/wp-json\/wp\/v2\/product_brand?post=36553"},{"taxonomy":"product_cat","embeddable":true,"href":"https:\/\/skin-heal.com\/es\/wp-json\/wp\/v2\/product_cat?post=36553"},{"taxonomy":"product_tag","embeddable":true,"href":"https:\/\/skin-heal.com\/es\/wp-json\/wp\/v2\/product_tag?post=36553"}],"curies":[{"name":"wp","href":"https:\/\/api.w.org\/{rel}","templated":true}]}}