{"id":36577,"date":"2024-07-11T10:43:27","date_gmt":"2024-07-11T07:43:27","guid":{"rendered":"https:\/\/skin-heal.com\/?post_type=product&#038;p=36577"},"modified":"2024-07-09T18:41:53","modified_gmt":"2024-07-09T15:41:53","slug":"sunekos-1200-for-skin-boost","status":"publish","type":"product","link":"https:\/\/skin-heal.com\/es\/producto\/sunekos-1200-for-skin-boost\/","title":{"rendered":"Sunekos 1200 para potenciar la piel"},"content":{"rendered":"<p>Sunekos 1200 inicia el proceso de rejuvenecimiento de la piel combatiendo el efecto negativo de los radicales libres, uno de los principales factores que aceleran el proceso de envejecimiento y provocan la formaci\u00f3n de arrugas y la flacidez de la piel. Est\u00e1 cient\u00edficamente demostrado que el \u00e1cido hialur\u00f3nico de m\u00e1s de 1 Mio Dalton es muy eficaz para proteger los fibroblastos y los elementos estructurales extracelulares, por lo que a menudo se le denomina \"eliminador de radicales libres\". Al utilizar \u00e1cido hialur\u00f3nico de alto peso molecular, Sunekos 1200 es el producto id\u00f3neo para tratar las arrugas profundas y las zonas del rostro con p\u00e9rdida de volumen muy visible. Esto le da un lugar \u00fanico entre los potenciadores de la piel, ya que la voluminizaci\u00f3n profunda no es algo que la mayor\u00eda de los potenciadores de col\u00e1geno y elastina sean conocidos por hacer.<\/p>\n<p>Hablando de rcolalgeno y elastina, los beneficios para la matriz estructural extracelular y potenciados a\u00fan m\u00e1s por los amino\u00e1cidos especialmente seleccionados. Los productos Suenkos son conocidos por sus potentes mezclas de amino\u00e1cidos y Sunekos 1200 no marca la diferencia. Sanando y estimulando el fibroblasto para producir vibraciones de elastina, as\u00ed como sintetizar col\u00e1geno, en el espacio de la matriz extracelular 3D, este meso producto fija la estructura general del espacio entre las c\u00e9lulas d\u00e9rmicas y restaura la fuerza de los tejidos de sost\u00e9n de la piel.<\/p>\n<p>\u00bfD\u00f3nde debe utilizarse Sunekos 1200? Sus principales \u00e1reas de uso son las:<\/p>\n<ul>\n<li>Manos<\/li>\n<li>Cuello<\/li>\n<li>Cara<\/li>\n<li>Decolt\u00e8<\/li>\n<\/ul>\n<p>Los resultados son r\u00e1pidos, aunque no tan inmediatos como con un relleno d\u00e9rmico. En combinaci\u00f3n con Sunekos 200, el efecto voluminizador es espectacular, con una mejora visible del alisamiento y la elasticidad.<\/p>","protected":false},"excerpt":{"rendered":"<p>\u00bfUn skinboost con efecto duradero y profunda curaci\u00f3n de la dermis? S\u00ed, Sunekos 1200 es la soluci\u00f3n que detiene el envejecimiento prematuro debido a los da\u00f1inos radicales libres, cura la piel cansada y herida, al tiempo que elimina visiblemente las arrugas y pliegues profundos de la piel y eleva los tejidos fl\u00e1cidos al restaurar la fuerza de las estructuras de soporte de la matriz extracelular. Rejuvenecimiento y cicatrizaci\u00f3n eficaces de la piel, con eliminaci\u00f3n de arrugas durante un periodo de tres a cuatro meses.<\/p>","protected":false},"featured_media":36576,"template":"","meta":[],"product_brand":[],"product_cat":[80],"product_tag":[],"class_list":{"0":"post-36577","1":"product","2":"type-product","3":"status-publish","4":"has-post-thumbnail","6":"product_cat-mesotherapy","7":"clearfix","9":"first","10":"instock","11":"taxable","12":"shipping-taxable","13":"purchasable","14":"product-type-simple"},"yoast_head":"<!-- This site is optimized with the Yoast SEO plugin v27.4 - https:\/\/yoast.com\/product\/yoast-seo-wordpress\/ -->\n<title>Sunekos 1200 for Skin Boost - Skin Heal<\/title>\n<meta name=\"description\" content=\"Sunekos 1200 is the only skinbosoter with deep volumizing effect on the market, mixing together collagen production boosting amino-acids and high-molecular-weight Hyaluronic acid.\" \/>\n<meta name=\"robots\" content=\"index, follow, max-snippet:-1, max-image-preview:large, max-video-preview:-1\" \/>\n<link rel=\"canonical\" href=\"https:\/\/skin-heal.com\/es\/producto\/sunekos-1200-for-skin-boost\/\" \/>\n<meta property=\"og:locale\" content=\"es_MX\" \/>\n<meta property=\"og:type\" content=\"article\" \/>\n<meta property=\"og:title\" content=\"Sunekos 1200 for Skin Boost - Skin Heal\" \/>\n<meta property=\"og:description\" content=\"Sunekos 1200 is the only skinbosoter with deep volumizing effect on the market, mixing together collagen production boosting amino-acids and high-molecular-weight Hyaluronic acid.\" \/>\n<meta property=\"og:url\" content=\"https:\/\/skin-heal.com\/es\/producto\/sunekos-1200-for-skin-boost\/\" \/>\n<meta property=\"og:site_name\" content=\"Skin Heal\" \/>\n<meta property=\"og:image\" content=\"https:\/\/cdn.skin-heal.com\/wp-content\/uploads\/2024\/07\/Sunekos-1200.jpg\" \/>\n\t<meta property=\"og:image:width\" content=\"600\" \/>\n\t<meta property=\"og:image:height\" content=\"600\" \/>\n\t<meta property=\"og:image:type\" content=\"image\/jpeg\" \/>\n<meta name=\"twitter:card\" content=\"summary_large_image\" \/>\n<meta name=\"twitter:label1\" content=\"Tiempo de lectura\" \/>\n\t<meta name=\"twitter:data1\" content=\"2 minutos\" \/>\n<script type=\"application\/ld+json\" class=\"yoast-schema-graph\">{\"@context\":\"https:\\\/\\\/schema.org\",\"@graph\":[{\"@type\":\"WebPage\",\"@id\":\"https:\\\/\\\/skin-heal.com\\\/product\\\/sunekos-1200-for-skin-boost\\\/\",\"url\":\"https:\\\/\\\/skin-heal.com\\\/product\\\/sunekos-1200-for-skin-boost\\\/\",\"name\":\"Sunekos 1200 for Skin Boost - Skin Heal\",\"isPartOf\":{\"@id\":\"https:\\\/\\\/skin-heal.com\\\/#website\"},\"primaryImageOfPage\":{\"@id\":\"https:\\\/\\\/skin-heal.com\\\/product\\\/sunekos-1200-for-skin-boost\\\/#primaryimage\"},\"image\":{\"@id\":\"https:\\\/\\\/skin-heal.com\\\/product\\\/sunekos-1200-for-skin-boost\\\/#primaryimage\"},\"thumbnailUrl\":\"https:\\\/\\\/skin-heal.com\\\/wp-content\\\/uploads\\\/2024\\\/07\\\/Sunekos-1200.jpg\",\"datePublished\":\"2024-07-11T07:43:27+00:00\",\"description\":\"Sunekos 1200 is the only skinbosoter with deep volumizing effect on the market, mixing together collagen production boosting amino-acids and high-molecular-weight Hyaluronic acid.\",\"breadcrumb\":{\"@id\":\"https:\\\/\\\/skin-heal.com\\\/product\\\/sunekos-1200-for-skin-boost\\\/#breadcrumb\"},\"inLanguage\":\"es\",\"potentialAction\":[{\"@type\":\"ReadAction\",\"target\":[\"https:\\\/\\\/skin-heal.com\\\/product\\\/sunekos-1200-for-skin-boost\\\/\"]}]},{\"@type\":\"ImageObject\",\"inLanguage\":\"es\",\"@id\":\"https:\\\/\\\/skin-heal.com\\\/product\\\/sunekos-1200-for-skin-boost\\\/#primaryimage\",\"url\":\"https:\\\/\\\/skin-heal.com\\\/wp-content\\\/uploads\\\/2024\\\/07\\\/Sunekos-1200.jpg\",\"contentUrl\":\"https:\\\/\\\/skin-heal.com\\\/wp-content\\\/uploads\\\/2024\\\/07\\\/Sunekos-1200.jpg\",\"width\":600,\"height\":600,\"caption\":\"Sunekos 1200\"},{\"@type\":\"BreadcrumbList\",\"@id\":\"https:\\\/\\\/skin-heal.com\\\/product\\\/sunekos-1200-for-skin-boost\\\/#breadcrumb\",\"itemListElement\":[{\"@type\":\"ListItem\",\"position\":1,\"name\":\"Home\",\"item\":\"https:\\\/\\\/skin-heal.com\\\/\"},{\"@type\":\"ListItem\",\"position\":2,\"name\":\"Store\",\"item\":\"https:\\\/\\\/skin-heal.com\\\/store\\\/\"},{\"@type\":\"ListItem\",\"position\":3,\"name\":\"Sunekos 1200 for Skin Boost\"}]},{\"@type\":\"WebSite\",\"@id\":\"https:\\\/\\\/skin-heal.com\\\/#website\",\"url\":\"https:\\\/\\\/skin-heal.com\\\/\",\"name\":\"Skin Heal\",\"description\":\"Lowest Prices for Dermal Fillers\",\"potentialAction\":[{\"@type\":\"SearchAction\",\"target\":{\"@type\":\"EntryPoint\",\"urlTemplate\":\"https:\\\/\\\/skin-heal.com\\\/?s={search_term_string}\"},\"query-input\":{\"@type\":\"PropertyValueSpecification\",\"valueRequired\":true,\"valueName\":\"search_term_string\"}}],\"inLanguage\":\"es\"}]}<\/script>\n<!-- \/ Yoast SEO plugin. -->","yoast_head_json":{"title":"Sunekos 1200 para estimular la piel - Skin Heal","description":"Sunekos 1200 es el \u00fanico skinbosoter con efecto voluminizador profundo del mercado, que mezcla amino\u00e1cidos potenciadores de la producci\u00f3n de col\u00e1geno y \u00e1cido hialur\u00f3nico de alto peso molecular.","robots":{"index":"index","follow":"follow","max-snippet":"max-snippet:-1","max-image-preview":"max-image-preview:large","max-video-preview":"max-video-preview:-1"},"canonical":"https:\/\/skin-heal.com\/es\/producto\/sunekos-1200-for-skin-boost\/","og_locale":"es_MX","og_type":"article","og_title":"Sunekos 1200 for Skin Boost - Skin Heal","og_description":"Sunekos 1200 is the only skinbosoter with deep volumizing effect on the market, mixing together collagen production boosting amino-acids and high-molecular-weight Hyaluronic acid.","og_url":"https:\/\/skin-heal.com\/es\/producto\/sunekos-1200-for-skin-boost\/","og_site_name":"Skin Heal","og_image":[{"width":600,"height":600,"url":"https:\/\/cdn.skin-heal.com\/wp-content\/uploads\/2024\/07\/Sunekos-1200.jpg","type":"image\/jpeg"}],"twitter_card":"summary_large_image","twitter_misc":{"Tiempo de lectura":"2 minutos"},"schema":{"@context":"https:\/\/schema.org","@graph":[{"@type":"WebPage","@id":"https:\/\/skin-heal.com\/product\/sunekos-1200-for-skin-boost\/","url":"https:\/\/skin-heal.com\/product\/sunekos-1200-for-skin-boost\/","name":"Sunekos 1200 para estimular la piel - Skin Heal","isPartOf":{"@id":"https:\/\/skin-heal.com\/#website"},"primaryImageOfPage":{"@id":"https:\/\/skin-heal.com\/product\/sunekos-1200-for-skin-boost\/#primaryimage"},"image":{"@id":"https:\/\/skin-heal.com\/product\/sunekos-1200-for-skin-boost\/#primaryimage"},"thumbnailUrl":"https:\/\/cdn.skin-heal.com\/wp-content\/uploads\/2024\/07\/Sunekos-1200.jpg","datePublished":"2024-07-11T07:43:27+00:00","description":"Sunekos 1200 es el \u00fanico skinbosoter con efecto voluminizador profundo del mercado, que mezcla amino\u00e1cidos potenciadores de la producci\u00f3n de col\u00e1geno y \u00e1cido hialur\u00f3nico de alto peso molecular.","breadcrumb":{"@id":"https:\/\/skin-heal.com\/product\/sunekos-1200-for-skin-boost\/#breadcrumb"},"inLanguage":"es","potentialAction":[{"@type":"ReadAction","target":["https:\/\/skin-heal.com\/product\/sunekos-1200-for-skin-boost\/"]}]},{"@type":"ImageObject","inLanguage":"es","@id":"https:\/\/skin-heal.com\/product\/sunekos-1200-for-skin-boost\/#primaryimage","url":"https:\/\/cdn.skin-heal.com\/wp-content\/uploads\/2024\/07\/Sunekos-1200.jpg","contentUrl":"https:\/\/cdn.skin-heal.com\/wp-content\/uploads\/2024\/07\/Sunekos-1200.jpg","width":600,"height":600,"caption":"Sunekos 1200"},{"@type":"BreadcrumbList","@id":"https:\/\/skin-heal.com\/product\/sunekos-1200-for-skin-boost\/#breadcrumb","itemListElement":[{"@type":"ListItem","position":1,"name":"Home","item":"https:\/\/skin-heal.com\/"},{"@type":"ListItem","position":2,"name":"Store","item":"https:\/\/skin-heal.com\/store\/"},{"@type":"ListItem","position":3,"name":"Sunekos 1200 for Skin Boost"}]},{"@type":"WebSite","@id":"https:\/\/skin-heal.com\/#website","url":"https:\/\/skin-heal.com\/","name":"Curaci\u00f3n de la piel","description":"Los precios m\u00e1s bajos para los rellenos d\u00e9rmicos","potentialAction":[{"@type":"SearchAction","target":{"@type":"EntryPoint","urlTemplate":"https:\/\/skin-heal.com\/?s={search_term_string}"},"query-input":{"@type":"PropertyValueSpecification","valueRequired":true,"valueName":"search_term_string"}}],"inLanguage":"es"}]}},"_links":{"self":[{"href":"https:\/\/skin-heal.com\/es\/wp-json\/wp\/v2\/product\/36577","targetHints":{"allow":["GET"]}}],"collection":[{"href":"https:\/\/skin-heal.com\/es\/wp-json\/wp\/v2\/product"}],"about":[{"href":"https:\/\/skin-heal.com\/es\/wp-json\/wp\/v2\/types\/product"}],"wp:featuredmedia":[{"embeddable":true,"href":"https:\/\/skin-heal.com\/es\/wp-json\/wp\/v2\/media\/36576"}],"wp:attachment":[{"href":"https:\/\/skin-heal.com\/es\/wp-json\/wp\/v2\/media?parent=36577"}],"wp:term":[{"taxonomy":"product_brand","embeddable":true,"href":"https:\/\/skin-heal.com\/es\/wp-json\/wp\/v2\/product_brand?post=36577"},{"taxonomy":"product_cat","embeddable":true,"href":"https:\/\/skin-heal.com\/es\/wp-json\/wp\/v2\/product_cat?post=36577"},{"taxonomy":"product_tag","embeddable":true,"href":"https:\/\/skin-heal.com\/es\/wp-json\/wp\/v2\/product_tag?post=36577"}],"curies":[{"name":"wp","href":"https:\/\/api.w.org\/{rel}","templated":true}]}}