{"id":36578,"date":"2024-07-11T10:43:34","date_gmt":"2024-07-11T07:43:34","guid":{"rendered":"https:\/\/skin-heal.com\/?post_type=product&#038;p=36578"},"modified":"2024-07-09T18:41:41","modified_gmt":"2024-07-09T15:41:41","slug":"sunekos-performa","status":"publish","type":"product","link":"https:\/\/skin-heal.com\/es\/producto\/sunekos-performa\/","title":{"rendered":"Sunekos Performa"},"content":{"rendered":"<p>Utilizado en casos en los que la piel de la persona est\u00e1 notablemente degradada, ya sea debido al envejecimiento natural y\/o a factores externos, Sunekos Peforma puede ofrecer tanto una mejora r\u00e1pida de la hidrataci\u00f3n y un aumento de la retenci\u00f3n de humedad, como un efecto a m\u00e1s largo plazo. Los dos pilares de este potenciador de la piel son:<\/p>\n<ul>\n<li>\u00c1cido hialur\u00f3nico: utilizado en forma de hialuronato s\u00f3dico (la sal de HA), forma parte natural de la circulaci\u00f3n de hidrataci\u00f3n de nuestra piel. La introducci\u00f3n de grandes cantidades en la dermis seca y cansada puede aumentar r\u00e1pidamente la suavidad, la textura y la elasticidad. El \u00e1cido hialur\u00f3nico es tambi\u00e9n un requisito vital para crear las mejores condiciones posibles para la s\u00edntesis de col\u00e1geno, aunque no lo induzca por s\u00ed mismo.<\/li>\n<li>F\u00f3rmula HY6AA - una selecci\u00f3n patentada de amino\u00e1cidos, elegidos espec\u00edficamente por su efecto beneficioso en la inducci\u00f3n de la producci\u00f3n de col\u00e1geno y elastina. Las pruebas de laboratorio han demostrado que HY6AA es hasta dos veces m\u00e1s eficaz, en t\u00e9rminos de cantidad de col\u00e1geno y elastina sintetiza en la matriz extracelular, en comparaci\u00f3n con col\u00e1geno skinbosoters regulares.<\/li>\n<\/ul>\n<p>En general, el efecto de Sunekos Peforma es que reduce visiblemente las arrugas, los pliegues cut\u00e1neos, la sequedad y la aspereza. Adem\u00e1s, al potenciar la s\u00edntesis de elastina y col\u00e1geno, inicia un proceso de restauraci\u00f3n de la matriz extracelular, cicatrizando los tejidos de sost\u00e9n y alisando la piel en su superficie.<\/p>\n<p>Cada envase contiene dos viales de 3,5 ml de Sunekos Performa. Una gran ventaja de esta soluci\u00f3n meso es que combina bien con otras formas de terapia antiedad y cicatrizante de la piel.<\/p>","protected":false},"excerpt":{"rendered":"<p>Abordando el rejuvenecimiento de la piel de la manera correcta, Sunekos Peforma es un skinbosoter para la revitalizaci\u00f3n profunda y profunda de la mesoterapia de la piel. Potencia eficazmente el estado de la dermis superior e inferior y de las capas subcut\u00e1neas, en las zonas del rostro, cuello y escote, pero tambi\u00e9n es eficaz para el tratamiento cut\u00e1neo de las manos. Una potente mezcla entre amino\u00e1cidos y una soluci\u00f3n de Hialuronato de Sodio (HA de bajo peso molecular), ayuda a restaurar la matriz extracelular.<\/p>","protected":false},"featured_media":36582,"template":"","meta":[],"product_brand":[],"product_cat":[80],"product_tag":[],"class_list":{"0":"post-36578","1":"product","2":"type-product","3":"status-publish","4":"has-post-thumbnail","6":"product_cat-mesotherapy","7":"clearfix","9":"first","10":"instock","11":"taxable","12":"shipping-taxable","13":"purchasable","14":"product-type-simple"},"yoast_head":"<!-- This site is optimized with the Yoast SEO plugin v27.5 - https:\/\/yoast.com\/product\/yoast-seo-wordpress\/ -->\n<title>Sunekos Performa - Skin Heal<\/title>\n<meta name=\"description\" content=\"Deeply and thoroughly rejuvenate the skin of the face and neck using Sunekos Performa skinbooster \u2013 a meso solution mixing Sodium Hyaluronate with amino-acids.\" \/>\n<meta name=\"robots\" content=\"index, follow, max-snippet:-1, max-image-preview:large, max-video-preview:-1\" \/>\n<link rel=\"canonical\" href=\"https:\/\/skin-heal.com\/es\/producto\/sunekos-performa\/\" \/>\n<meta property=\"og:locale\" content=\"es_MX\" \/>\n<meta property=\"og:type\" content=\"article\" \/>\n<meta property=\"og:title\" content=\"Sunekos Performa - Skin Heal\" \/>\n<meta property=\"og:description\" content=\"Deeply and thoroughly rejuvenate the skin of the face and neck using Sunekos Performa skinbooster \u2013 a meso solution mixing Sodium Hyaluronate with amino-acids.\" \/>\n<meta property=\"og:url\" content=\"https:\/\/skin-heal.com\/es\/producto\/sunekos-performa\/\" \/>\n<meta property=\"og:site_name\" content=\"Skin Heal\" \/>\n<meta property=\"og:image\" content=\"https:\/\/cdn.skin-heal.com\/wp-content\/uploads\/2024\/07\/Sunekos-Performa.jpg\" \/>\n\t<meta property=\"og:image:width\" content=\"600\" \/>\n\t<meta property=\"og:image:height\" content=\"600\" \/>\n\t<meta property=\"og:image:type\" content=\"image\/jpeg\" \/>\n<meta name=\"twitter:card\" content=\"summary_large_image\" \/>\n<meta name=\"twitter:label1\" content=\"Tiempo de lectura\" \/>\n\t<meta name=\"twitter:data1\" content=\"2 minutos\" \/>\n<script type=\"application\/ld+json\" class=\"yoast-schema-graph\">{\"@context\":\"https:\\\/\\\/schema.org\",\"@graph\":[{\"@type\":\"WebPage\",\"@id\":\"https:\\\/\\\/skin-heal.com\\\/product\\\/sunekos-performa\\\/\",\"url\":\"https:\\\/\\\/skin-heal.com\\\/product\\\/sunekos-performa\\\/\",\"name\":\"Sunekos Performa - Skin Heal\",\"isPartOf\":{\"@id\":\"https:\\\/\\\/skin-heal.com\\\/#website\"},\"primaryImageOfPage\":{\"@id\":\"https:\\\/\\\/skin-heal.com\\\/product\\\/sunekos-performa\\\/#primaryimage\"},\"image\":{\"@id\":\"https:\\\/\\\/skin-heal.com\\\/product\\\/sunekos-performa\\\/#primaryimage\"},\"thumbnailUrl\":\"https:\\\/\\\/skin-heal.com\\\/wp-content\\\/uploads\\\/2024\\\/07\\\/Sunekos-Performa.jpg\",\"datePublished\":\"2024-07-11T07:43:34+00:00\",\"description\":\"Deeply and thoroughly rejuvenate the skin of the face and neck using Sunekos Performa skinbooster \u2013 a meso solution mixing Sodium Hyaluronate with amino-acids.\",\"breadcrumb\":{\"@id\":\"https:\\\/\\\/skin-heal.com\\\/product\\\/sunekos-performa\\\/#breadcrumb\"},\"inLanguage\":\"es\",\"potentialAction\":[{\"@type\":\"ReadAction\",\"target\":[\"https:\\\/\\\/skin-heal.com\\\/product\\\/sunekos-performa\\\/\"]}]},{\"@type\":\"ImageObject\",\"inLanguage\":\"es\",\"@id\":\"https:\\\/\\\/skin-heal.com\\\/product\\\/sunekos-performa\\\/#primaryimage\",\"url\":\"https:\\\/\\\/skin-heal.com\\\/wp-content\\\/uploads\\\/2024\\\/07\\\/Sunekos-Performa.jpg\",\"contentUrl\":\"https:\\\/\\\/skin-heal.com\\\/wp-content\\\/uploads\\\/2024\\\/07\\\/Sunekos-Performa.jpg\",\"width\":600,\"height\":600,\"caption\":\"Sunekos Performa\"},{\"@type\":\"BreadcrumbList\",\"@id\":\"https:\\\/\\\/skin-heal.com\\\/product\\\/sunekos-performa\\\/#breadcrumb\",\"itemListElement\":[{\"@type\":\"ListItem\",\"position\":1,\"name\":\"Home\",\"item\":\"https:\\\/\\\/skin-heal.com\\\/\"},{\"@type\":\"ListItem\",\"position\":2,\"name\":\"Store\",\"item\":\"https:\\\/\\\/skin-heal.com\\\/store\\\/\"},{\"@type\":\"ListItem\",\"position\":3,\"name\":\"Sunekos Performa\"}]},{\"@type\":\"WebSite\",\"@id\":\"https:\\\/\\\/skin-heal.com\\\/#website\",\"url\":\"https:\\\/\\\/skin-heal.com\\\/\",\"name\":\"Skin Heal\",\"description\":\"Lowest Prices for Dermal Fillers\",\"potentialAction\":[{\"@type\":\"SearchAction\",\"target\":{\"@type\":\"EntryPoint\",\"urlTemplate\":\"https:\\\/\\\/skin-heal.com\\\/?s={search_term_string}\"},\"query-input\":{\"@type\":\"PropertyValueSpecification\",\"valueRequired\":true,\"valueName\":\"search_term_string\"}}],\"inLanguage\":\"es\"}]}<\/script>\n<!-- \/ Yoast SEO plugin. -->","yoast_head_json":{"title":"Sunekos Performa - Piel sana","description":"Rejuvenezca en profundidad la piel del rostro y el cuello con Sunekos Performa skinbooster, una soluci\u00f3n meso que mezcla hialuronato s\u00f3dico con amino\u00e1cidos.","robots":{"index":"index","follow":"follow","max-snippet":"max-snippet:-1","max-image-preview":"max-image-preview:large","max-video-preview":"max-video-preview:-1"},"canonical":"https:\/\/skin-heal.com\/es\/producto\/sunekos-performa\/","og_locale":"es_MX","og_type":"article","og_title":"Sunekos Performa - Skin Heal","og_description":"Deeply and thoroughly rejuvenate the skin of the face and neck using Sunekos Performa skinbooster \u2013 a meso solution mixing Sodium Hyaluronate with amino-acids.","og_url":"https:\/\/skin-heal.com\/es\/producto\/sunekos-performa\/","og_site_name":"Skin Heal","og_image":[{"width":600,"height":600,"url":"https:\/\/cdn.skin-heal.com\/wp-content\/uploads\/2024\/07\/Sunekos-Performa.jpg","type":"image\/jpeg"}],"twitter_card":"summary_large_image","twitter_misc":{"Tiempo de lectura":"2 minutos"},"schema":{"@context":"https:\/\/schema.org","@graph":[{"@type":"WebPage","@id":"https:\/\/skin-heal.com\/product\/sunekos-performa\/","url":"https:\/\/skin-heal.com\/product\/sunekos-performa\/","name":"Sunekos Performa - Piel sana","isPartOf":{"@id":"https:\/\/skin-heal.com\/#website"},"primaryImageOfPage":{"@id":"https:\/\/skin-heal.com\/product\/sunekos-performa\/#primaryimage"},"image":{"@id":"https:\/\/skin-heal.com\/product\/sunekos-performa\/#primaryimage"},"thumbnailUrl":"https:\/\/cdn.skin-heal.com\/wp-content\/uploads\/2024\/07\/Sunekos-Performa.jpg","datePublished":"2024-07-11T07:43:34+00:00","description":"Rejuvenezca en profundidad la piel del rostro y el cuello con Sunekos Performa skinbooster, una soluci\u00f3n meso que mezcla hialuronato s\u00f3dico con amino\u00e1cidos.","breadcrumb":{"@id":"https:\/\/skin-heal.com\/product\/sunekos-performa\/#breadcrumb"},"inLanguage":"es","potentialAction":[{"@type":"ReadAction","target":["https:\/\/skin-heal.com\/product\/sunekos-performa\/"]}]},{"@type":"ImageObject","inLanguage":"es","@id":"https:\/\/skin-heal.com\/product\/sunekos-performa\/#primaryimage","url":"https:\/\/cdn.skin-heal.com\/wp-content\/uploads\/2024\/07\/Sunekos-Performa.jpg","contentUrl":"https:\/\/cdn.skin-heal.com\/wp-content\/uploads\/2024\/07\/Sunekos-Performa.jpg","width":600,"height":600,"caption":"Sunekos Performa"},{"@type":"BreadcrumbList","@id":"https:\/\/skin-heal.com\/product\/sunekos-performa\/#breadcrumb","itemListElement":[{"@type":"ListItem","position":1,"name":"Home","item":"https:\/\/skin-heal.com\/"},{"@type":"ListItem","position":2,"name":"Store","item":"https:\/\/skin-heal.com\/store\/"},{"@type":"ListItem","position":3,"name":"Sunekos Performa"}]},{"@type":"WebSite","@id":"https:\/\/skin-heal.com\/#website","url":"https:\/\/skin-heal.com\/","name":"Curaci\u00f3n de la piel","description":"Los precios m\u00e1s bajos para los rellenos d\u00e9rmicos","potentialAction":[{"@type":"SearchAction","target":{"@type":"EntryPoint","urlTemplate":"https:\/\/skin-heal.com\/?s={search_term_string}"},"query-input":{"@type":"PropertyValueSpecification","valueRequired":true,"valueName":"search_term_string"}}],"inLanguage":"es"}]}},"_links":{"self":[{"href":"https:\/\/skin-heal.com\/es\/wp-json\/wp\/v2\/product\/36578","targetHints":{"allow":["GET"]}}],"collection":[{"href":"https:\/\/skin-heal.com\/es\/wp-json\/wp\/v2\/product"}],"about":[{"href":"https:\/\/skin-heal.com\/es\/wp-json\/wp\/v2\/types\/product"}],"wp:featuredmedia":[{"embeddable":true,"href":"https:\/\/skin-heal.com\/es\/wp-json\/wp\/v2\/media\/36582"}],"wp:attachment":[{"href":"https:\/\/skin-heal.com\/es\/wp-json\/wp\/v2\/media?parent=36578"}],"wp:term":[{"taxonomy":"product_brand","embeddable":true,"href":"https:\/\/skin-heal.com\/es\/wp-json\/wp\/v2\/product_brand?post=36578"},{"taxonomy":"product_cat","embeddable":true,"href":"https:\/\/skin-heal.com\/es\/wp-json\/wp\/v2\/product_cat?post=36578"},{"taxonomy":"product_tag","embeddable":true,"href":"https:\/\/skin-heal.com\/es\/wp-json\/wp\/v2\/product_tag?post=36578"}],"curies":[{"name":"wp","href":"https:\/\/api.w.org\/{rel}","templated":true}]}}