{"id":36579,"date":"2024-07-11T10:51:06","date_gmt":"2024-07-11T07:51:06","guid":{"rendered":"https:\/\/skin-heal.com\/?post_type=product&#038;p=36579"},"modified":"2024-07-06T10:52:05","modified_gmt":"2024-07-06T07:52:05","slug":"linerase-hydro-5-x-5ml","status":"publish","type":"product","link":"https:\/\/skin-heal.com\/es\/producto\/linerase-hydro-5-x-5ml\/","title":{"rendered":"Linerase Hydro - 5 x 5ml"},"content":{"rendered":"<p>Los Skinboosters suelen preferirse a los rellenos habituales por su capacidad para mejorar la piel a largo plazo. Aunque Linerase Hydro no tendr\u00e1 el efecto voluminizador inmediato de un relleno d\u00e9rmico suave, en t\u00e9rminos de tratamiento de las arrugas, lo superar\u00e1 a largo plazo al mejorar el estado de la piel. Su \u00e1cido hialur\u00f3nico de bajo peso molecular rellenar\u00e1 eficazmente la matriz extracelular de la piel y mejorar\u00e1 su salud, al tiempo que aumentar\u00e1 la capacidad de las c\u00e9lulas de la piel para hidratarse. Este es el entorno perfecto para la s\u00edntesis de col\u00e1geno.<\/p>\n<p>Una vez creadas las condiciones para esa s\u00edntesis, los amino\u00e1cidos que contiene Linerase Hydro skinbosoter surtir\u00e1n efecto. Se seleccionan y combinan cuidadosamente para lograr resultados \u00f3ptimos en la s\u00edntesis de col\u00e1geno y elastina. A medida que este proceso tiene lugar, las depresiones cut\u00e1neas se rellenan de forma natural, al tiempo que se restauran los tejidos de sost\u00e9n de las capas m\u00e1s profundas de la piel. Una vez finalizado el tratamiento, se observar\u00e1 un efecto lifting visible y potente en los tejidos fl\u00e1cidos.<\/p>\n<p>Soluci\u00f3n compleja para la mesoterapia y el rejuvenecimiento cut\u00e1neo, Linerase Hydro ayuda en multitud de problemas:<\/p>\n<ul>\n<li>Trata la piel seca y envejecida, hidrat\u00e1ndola en profundidad.<\/li>\n<li>Ayuda a recuperar la elasticidad, la tersura y la textura de la piel perdidas.<\/li>\n<li>Equilibra el tono de la piel y potencia la luminosidad general del rostro.<\/li>\n<li>Amplifica las capacidades naturales de autocuraci\u00f3n de la piel.<\/li>\n<\/ul>","protected":false},"excerpt":{"rendered":"<p>La combinaci\u00f3n del refuerzo de la s\u00edntesis de col\u00e1geno con una hidrataci\u00f3n completa convierte a Linerase Hydro en un producto skinbooster de referencia para los profesionales que buscan una soluci\u00f3n altamente eficaz para la terapia antiedad. Ofrece un r\u00e1pido rejuvenecimiento general de la dermis con mejoras duraderas en la salud de la piel, con mejoras en la capacidad de hidrataci\u00f3n y s\u00edntesis de col\u00e1geno y elastina. Linerase Hyadro es apropiado para su uso en todo el rostro, as\u00ed como en el cuello y las zonas de la l\u00ednea V.<\/p>","protected":false},"featured_media":36583,"template":"","meta":[],"product_brand":[],"product_cat":[158,80],"product_tag":[],"class_list":{"0":"post-36579","1":"product","2":"type-product","3":"status-publish","4":"has-post-thumbnail","6":"product_cat-linerase","7":"product_cat-mesotherapy","8":"clearfix","10":"first","11":"instock","12":"taxable","13":"shipping-taxable","14":"purchasable","15":"product-type-simple"},"yoast_head":"<!-- This site is optimized with the Yoast SEO plugin v27.4 - https:\/\/yoast.com\/product\/yoast-seo-wordpress\/ -->\n<title>Linerase Hydro - 5 x 5ml - Skin Heal<\/title>\n<meta name=\"description\" content=\"Complex solution for overall skin rejuvenation \u2013 Linerase Hydro is the penultimate skinbooster, combining the power of low-molecular-weight Hyaluronic acid with collagen boosting amino-acids.\" \/>\n<meta name=\"robots\" content=\"index, follow, max-snippet:-1, max-image-preview:large, max-video-preview:-1\" \/>\n<link rel=\"canonical\" href=\"https:\/\/skin-heal.com\/es\/producto\/linerase-hydro-5-x-5ml\/\" \/>\n<meta property=\"og:locale\" content=\"es_MX\" \/>\n<meta property=\"og:type\" content=\"article\" \/>\n<meta property=\"og:title\" content=\"Linerase Hydro - 5 x 5ml - Skin Heal\" \/>\n<meta property=\"og:description\" content=\"Complex solution for overall skin rejuvenation \u2013 Linerase Hydro is the penultimate skinbooster, combining the power of low-molecular-weight Hyaluronic acid with collagen boosting amino-acids.\" \/>\n<meta property=\"og:url\" content=\"https:\/\/skin-heal.com\/es\/producto\/linerase-hydro-5-x-5ml\/\" \/>\n<meta property=\"og:site_name\" content=\"Skin Heal\" \/>\n<meta property=\"og:image\" content=\"https:\/\/cdn.skin-heal.com\/wp-content\/uploads\/2024\/07\/Linerase-Hydro.jpg\" \/>\n\t<meta property=\"og:image:width\" content=\"600\" \/>\n\t<meta property=\"og:image:height\" content=\"600\" \/>\n\t<meta property=\"og:image:type\" content=\"image\/jpeg\" \/>\n<meta name=\"twitter:card\" content=\"summary_large_image\" \/>\n<meta name=\"twitter:label1\" content=\"Tiempo de lectura\" \/>\n\t<meta name=\"twitter:data1\" content=\"2 minutos\" \/>\n<script type=\"application\/ld+json\" class=\"yoast-schema-graph\">{\"@context\":\"https:\\\/\\\/schema.org\",\"@graph\":[{\"@type\":\"WebPage\",\"@id\":\"https:\\\/\\\/skin-heal.com\\\/product\\\/linerase-hydro-5-x-5ml\\\/\",\"url\":\"https:\\\/\\\/skin-heal.com\\\/product\\\/linerase-hydro-5-x-5ml\\\/\",\"name\":\"Linerase Hydro - 5 x 5ml - Skin Heal\",\"isPartOf\":{\"@id\":\"https:\\\/\\\/skin-heal.com\\\/#website\"},\"primaryImageOfPage\":{\"@id\":\"https:\\\/\\\/skin-heal.com\\\/product\\\/linerase-hydro-5-x-5ml\\\/#primaryimage\"},\"image\":{\"@id\":\"https:\\\/\\\/skin-heal.com\\\/product\\\/linerase-hydro-5-x-5ml\\\/#primaryimage\"},\"thumbnailUrl\":\"https:\\\/\\\/skin-heal.com\\\/wp-content\\\/uploads\\\/2024\\\/07\\\/Linerase-Hydro.jpg\",\"datePublished\":\"2024-07-11T07:51:06+00:00\",\"description\":\"Complex solution for overall skin rejuvenation \u2013 Linerase Hydro is the penultimate skinbooster, combining the power of low-molecular-weight Hyaluronic acid with collagen boosting amino-acids.\",\"breadcrumb\":{\"@id\":\"https:\\\/\\\/skin-heal.com\\\/product\\\/linerase-hydro-5-x-5ml\\\/#breadcrumb\"},\"inLanguage\":\"es\",\"potentialAction\":[{\"@type\":\"ReadAction\",\"target\":[\"https:\\\/\\\/skin-heal.com\\\/product\\\/linerase-hydro-5-x-5ml\\\/\"]}]},{\"@type\":\"ImageObject\",\"inLanguage\":\"es\",\"@id\":\"https:\\\/\\\/skin-heal.com\\\/product\\\/linerase-hydro-5-x-5ml\\\/#primaryimage\",\"url\":\"https:\\\/\\\/skin-heal.com\\\/wp-content\\\/uploads\\\/2024\\\/07\\\/Linerase-Hydro.jpg\",\"contentUrl\":\"https:\\\/\\\/skin-heal.com\\\/wp-content\\\/uploads\\\/2024\\\/07\\\/Linerase-Hydro.jpg\",\"width\":600,\"height\":600,\"caption\":\"Linerase Hydro\"},{\"@type\":\"BreadcrumbList\",\"@id\":\"https:\\\/\\\/skin-heal.com\\\/product\\\/linerase-hydro-5-x-5ml\\\/#breadcrumb\",\"itemListElement\":[{\"@type\":\"ListItem\",\"position\":1,\"name\":\"Home\",\"item\":\"https:\\\/\\\/skin-heal.com\\\/\"},{\"@type\":\"ListItem\",\"position\":2,\"name\":\"Store\",\"item\":\"https:\\\/\\\/skin-heal.com\\\/store\\\/\"},{\"@type\":\"ListItem\",\"position\":3,\"name\":\"Linerase Hydro &#8211; 5 x 5ml\"}]},{\"@type\":\"WebSite\",\"@id\":\"https:\\\/\\\/skin-heal.com\\\/#website\",\"url\":\"https:\\\/\\\/skin-heal.com\\\/\",\"name\":\"Skin Heal\",\"description\":\"Lowest Prices for Dermal Fillers\",\"potentialAction\":[{\"@type\":\"SearchAction\",\"target\":{\"@type\":\"EntryPoint\",\"urlTemplate\":\"https:\\\/\\\/skin-heal.com\\\/?s={search_term_string}\"},\"query-input\":{\"@type\":\"PropertyValueSpecification\",\"valueRequired\":true,\"valueName\":\"search_term_string\"}}],\"inLanguage\":\"es\"}]}<\/script>\n<!-- \/ Yoast SEO plugin. -->","yoast_head_json":{"title":"Linerase Hydro - 5 x 5ml - Skin Heal","description":"Soluci\u00f3n compleja para el rejuvenecimiento global de la piel - Linerase Hydro es el pen\u00faltimo potenciador de la piel, que combina el poder del \u00e1cido hialur\u00f3nico de bajo peso molecular con amino\u00e1cidos potenciadores del col\u00e1geno.","robots":{"index":"index","follow":"follow","max-snippet":"max-snippet:-1","max-image-preview":"max-image-preview:large","max-video-preview":"max-video-preview:-1"},"canonical":"https:\/\/skin-heal.com\/es\/producto\/linerase-hydro-5-x-5ml\/","og_locale":"es_MX","og_type":"article","og_title":"Linerase Hydro - 5 x 5ml - Skin Heal","og_description":"Complex solution for overall skin rejuvenation \u2013 Linerase Hydro is the penultimate skinbooster, combining the power of low-molecular-weight Hyaluronic acid with collagen boosting amino-acids.","og_url":"https:\/\/skin-heal.com\/es\/producto\/linerase-hydro-5-x-5ml\/","og_site_name":"Skin Heal","og_image":[{"width":600,"height":600,"url":"https:\/\/cdn.skin-heal.com\/wp-content\/uploads\/2024\/07\/Linerase-Hydro.jpg","type":"image\/jpeg"}],"twitter_card":"summary_large_image","twitter_misc":{"Tiempo de lectura":"2 minutos"},"schema":{"@context":"https:\/\/schema.org","@graph":[{"@type":"WebPage","@id":"https:\/\/skin-heal.com\/product\/linerase-hydro-5-x-5ml\/","url":"https:\/\/skin-heal.com\/product\/linerase-hydro-5-x-5ml\/","name":"Linerase Hydro - 5 x 5ml - Skin Heal","isPartOf":{"@id":"https:\/\/skin-heal.com\/#website"},"primaryImageOfPage":{"@id":"https:\/\/skin-heal.com\/product\/linerase-hydro-5-x-5ml\/#primaryimage"},"image":{"@id":"https:\/\/skin-heal.com\/product\/linerase-hydro-5-x-5ml\/#primaryimage"},"thumbnailUrl":"https:\/\/cdn.skin-heal.com\/wp-content\/uploads\/2024\/07\/Linerase-Hydro.jpg","datePublished":"2024-07-11T07:51:06+00:00","description":"Soluci\u00f3n compleja para el rejuvenecimiento global de la piel - Linerase Hydro es el pen\u00faltimo potenciador de la piel, que combina el poder del \u00e1cido hialur\u00f3nico de bajo peso molecular con amino\u00e1cidos potenciadores del col\u00e1geno.","breadcrumb":{"@id":"https:\/\/skin-heal.com\/product\/linerase-hydro-5-x-5ml\/#breadcrumb"},"inLanguage":"es","potentialAction":[{"@type":"ReadAction","target":["https:\/\/skin-heal.com\/product\/linerase-hydro-5-x-5ml\/"]}]},{"@type":"ImageObject","inLanguage":"es","@id":"https:\/\/skin-heal.com\/product\/linerase-hydro-5-x-5ml\/#primaryimage","url":"https:\/\/cdn.skin-heal.com\/wp-content\/uploads\/2024\/07\/Linerase-Hydro.jpg","contentUrl":"https:\/\/cdn.skin-heal.com\/wp-content\/uploads\/2024\/07\/Linerase-Hydro.jpg","width":600,"height":600,"caption":"Linerase Hydro"},{"@type":"BreadcrumbList","@id":"https:\/\/skin-heal.com\/product\/linerase-hydro-5-x-5ml\/#breadcrumb","itemListElement":[{"@type":"ListItem","position":1,"name":"Home","item":"https:\/\/skin-heal.com\/"},{"@type":"ListItem","position":2,"name":"Store","item":"https:\/\/skin-heal.com\/store\/"},{"@type":"ListItem","position":3,"name":"Linerase Hydro &#8211; 5 x 5ml"}]},{"@type":"WebSite","@id":"https:\/\/skin-heal.com\/#website","url":"https:\/\/skin-heal.com\/","name":"Curaci\u00f3n de la piel","description":"Los precios m\u00e1s bajos para los rellenos d\u00e9rmicos","potentialAction":[{"@type":"SearchAction","target":{"@type":"EntryPoint","urlTemplate":"https:\/\/skin-heal.com\/?s={search_term_string}"},"query-input":{"@type":"PropertyValueSpecification","valueRequired":true,"valueName":"search_term_string"}}],"inLanguage":"es"}]}},"_links":{"self":[{"href":"https:\/\/skin-heal.com\/es\/wp-json\/wp\/v2\/product\/36579","targetHints":{"allow":["GET"]}}],"collection":[{"href":"https:\/\/skin-heal.com\/es\/wp-json\/wp\/v2\/product"}],"about":[{"href":"https:\/\/skin-heal.com\/es\/wp-json\/wp\/v2\/types\/product"}],"wp:featuredmedia":[{"embeddable":true,"href":"https:\/\/skin-heal.com\/es\/wp-json\/wp\/v2\/media\/36583"}],"wp:attachment":[{"href":"https:\/\/skin-heal.com\/es\/wp-json\/wp\/v2\/media?parent=36579"}],"wp:term":[{"taxonomy":"product_brand","embeddable":true,"href":"https:\/\/skin-heal.com\/es\/wp-json\/wp\/v2\/product_brand?post=36579"},{"taxonomy":"product_cat","embeddable":true,"href":"https:\/\/skin-heal.com\/es\/wp-json\/wp\/v2\/product_cat?post=36579"},{"taxonomy":"product_tag","embeddable":true,"href":"https:\/\/skin-heal.com\/es\/wp-json\/wp\/v2\/product_tag?post=36579"}],"curies":[{"name":"wp","href":"https:\/\/api.w.org\/{rel}","templated":true}]}}