{"id":36581,"date":"2024-07-06T10:56:05","date_gmt":"2024-07-06T07:56:05","guid":{"rendered":"https:\/\/skin-heal.com\/?post_type=product&#038;p=36581"},"modified":"2026-02-09T21:27:08","modified_gmt":"2026-02-09T19:27:08","slug":"aquanex-1-x-2-5ml-ha-skin-booster","status":"publish","type":"product","link":"https:\/\/skin-heal.com\/es\/producto\/aquanex-1-x-2-5ml-ha-skin-booster\/","title":{"rendered":"Aquanex (1 x 2,5 ml) - Potenciador de HA para la piel"},"content":{"rendered":"<p>Aquanex es un potenciador de la piel a base de \u00e1cido hialur\u00f3nico puro, fabricado con AH no reticulado. En t\u00e9rminos de propiedades del producto, esta soluci\u00f3n de hidrataci\u00f3n de la piel es bastante similar a Hyaron, con una diferencia importante: Aquanex tiene el doble de concentraci\u00f3n de hialur\u00f3n. Cada caja de Aquanex contiene 25 ml de AH, frente a los 12,5 mg de Hyaron. Una mayor concentraci\u00f3n de AH tambi\u00e9n significa una mejor hidrataci\u00f3n de la piel y, en general, unos resultados m\u00e1s potentes en la potenciaci\u00f3n de la piel.<\/p>\n<p>Abordar los aspectos b\u00e1sicos del rejuvenecimiento y la restauraci\u00f3n de la piel:<\/p>\n<ul>\n<li>Aumenta r\u00e1pidamente la hidrataci\u00f3n de la piel y restablece el equilibrio natural de humedad en la dermis.<\/li>\n<li>Aseg\u00farese de que el efecto, aunque r\u00e1pido, sea tambi\u00e9n duradero, es decir, que la suavidad y la tersura se conviertan en la norma.<\/li>\n<li>Mejorar globalmente las condiciones de la dermis, sobre todo en lo que respecta a la creaci\u00f3n de las condiciones perfectas para la s\u00edntesis de col\u00e1geno.<\/li>\n<\/ul>\n<p>Aquanex no es un relleno t\u00edpico, cuyo objetivo es restaurar el volumen de forma inmediata. En su lugar, cuida la dermis envejecida y cansada, mejorando el estado de las c\u00e9lulas cut\u00e1neas. Adem\u00e1s, ayuda a la regeneraci\u00f3n de los tejidos de sost\u00e9n y reduce la flacidez general a medida que la piel se eleva, debido al efecto positivo del skinbooster Aquanex.<\/p>\n<p>Se recomienda un protocolo est\u00e1ndar de cuatro procedimientos para lograr los resultados m\u00e1s duraderos en rejuvenecimiento e hidrataci\u00f3n de la piel. Cada sesi\u00f3n puede espaciarse unas tres semanas. Una vez completado el ciclo, los procedimientos de mantenimiento para la reactivaci\u00f3n de la piel con Aquanex pueden realizarse cada trimestre aproximadamente, para mantener el efecto potenciador de la piel.<\/p>","protected":false},"excerpt":{"rendered":"<p>Toda familia de rellenos necesita un skinbooster para completar la l\u00ednea de productos. Nex \/ Nexfill no es una excepci\u00f3n. Aqyanex es una soluci\u00f3n de primera calidad para la hidrataci\u00f3n y el refuerzo de la piel, que crea las condiciones perfectas para activar y potenciar las capacidades naturales de autorrejuvenecimiento de la piel, incluida la predisposici\u00f3n de la matriz extracelular 3D para la s\u00edntesis de col\u00e1geno. Aquanex skinbooster no s\u00f3lo proporciona resultados r\u00e1pidos y visibles, sino que su beneficioso efecto posterior se sentir\u00e1 durante meses despu\u00e9s del procedimiento.<\/p>","protected":false},"featured_media":36587,"template":"","meta":[],"product_brand":[],"product_cat":[80,161],"product_tag":[],"class_list":{"0":"post-36581","1":"product","2":"type-product","3":"status-publish","4":"has-post-thumbnail","6":"product_cat-mesotherapy","7":"product_cat-nexfill","8":"clearfix","10":"first","11":"outofstock","12":"taxable","13":"shipping-taxable","14":"purchasable","15":"product-type-simple"},"yoast_head":"<!-- This site is optimized with the Yoast SEO plugin v27.3 - https:\/\/yoast.com\/product\/yoast-seo-wordpress\/ -->\n<title>Aquanex (1 x 2.5ml) - HA Skin Booster - Skin Heal<\/title>\n<meta name=\"description\" content=\"Utilizing the power of non-crosslinked Hyaluronic acid, Aquanex can offer rapid and lasting boost in the condition of the skin, creating the perfect environment for collagen synthesis.\" \/>\n<meta name=\"robots\" content=\"index, follow, max-snippet:-1, max-image-preview:large, max-video-preview:-1\" \/>\n<link rel=\"canonical\" href=\"https:\/\/skin-heal.com\/es\/producto\/aquanex-1-x-2-5ml-ha-skin-booster\/\" \/>\n<meta property=\"og:locale\" content=\"es_MX\" \/>\n<meta property=\"og:type\" content=\"article\" \/>\n<meta property=\"og:title\" content=\"Aquanex (1 x 2.5ml) - HA Skin Booster - Skin Heal\" \/>\n<meta property=\"og:description\" content=\"Utilizing the power of non-crosslinked Hyaluronic acid, Aquanex can offer rapid and lasting boost in the condition of the skin, creating the perfect environment for collagen synthesis.\" \/>\n<meta property=\"og:url\" content=\"https:\/\/skin-heal.com\/es\/producto\/aquanex-1-x-2-5ml-ha-skin-booster\/\" \/>\n<meta property=\"og:site_name\" content=\"Skin Heal\" \/>\n<meta property=\"article:modified_time\" content=\"2026-02-09T19:27:08+00:00\" \/>\n<meta property=\"og:image\" content=\"https:\/\/cdn.skin-heal.com\/wp-content\/uploads\/2024\/07\/Aquanex.jpg\" \/>\n\t<meta property=\"og:image:width\" content=\"600\" \/>\n\t<meta property=\"og:image:height\" content=\"600\" \/>\n\t<meta property=\"og:image:type\" content=\"image\/jpeg\" \/>\n<meta name=\"twitter:card\" content=\"summary_large_image\" \/>\n<meta name=\"twitter:label1\" content=\"Tiempo de lectura\" \/>\n\t<meta name=\"twitter:data1\" content=\"2 minutos\" \/>\n<script type=\"application\/ld+json\" class=\"yoast-schema-graph\">{\"@context\":\"https:\\\/\\\/schema.org\",\"@graph\":[{\"@type\":\"WebPage\",\"@id\":\"https:\\\/\\\/skin-heal.com\\\/product\\\/aquanex-1-x-2-5ml-ha-skin-booster\\\/\",\"url\":\"https:\\\/\\\/skin-heal.com\\\/product\\\/aquanex-1-x-2-5ml-ha-skin-booster\\\/\",\"name\":\"Aquanex (1 x 2.5ml) - HA Skin Booster - Skin Heal\",\"isPartOf\":{\"@id\":\"https:\\\/\\\/skin-heal.com\\\/#website\"},\"primaryImageOfPage\":{\"@id\":\"https:\\\/\\\/skin-heal.com\\\/product\\\/aquanex-1-x-2-5ml-ha-skin-booster\\\/#primaryimage\"},\"image\":{\"@id\":\"https:\\\/\\\/skin-heal.com\\\/product\\\/aquanex-1-x-2-5ml-ha-skin-booster\\\/#primaryimage\"},\"thumbnailUrl\":\"https:\\\/\\\/skin-heal.com\\\/wp-content\\\/uploads\\\/2024\\\/07\\\/Aquanex.jpg\",\"datePublished\":\"2024-07-06T07:56:05+00:00\",\"dateModified\":\"2026-02-09T19:27:08+00:00\",\"description\":\"Utilizing the power of non-crosslinked Hyaluronic acid, Aquanex can offer rapid and lasting boost in the condition of the skin, creating the perfect environment for collagen synthesis.\",\"breadcrumb\":{\"@id\":\"https:\\\/\\\/skin-heal.com\\\/product\\\/aquanex-1-x-2-5ml-ha-skin-booster\\\/#breadcrumb\"},\"inLanguage\":\"es\",\"potentialAction\":[{\"@type\":\"ReadAction\",\"target\":[\"https:\\\/\\\/skin-heal.com\\\/product\\\/aquanex-1-x-2-5ml-ha-skin-booster\\\/\"]}]},{\"@type\":\"ImageObject\",\"inLanguage\":\"es\",\"@id\":\"https:\\\/\\\/skin-heal.com\\\/product\\\/aquanex-1-x-2-5ml-ha-skin-booster\\\/#primaryimage\",\"url\":\"https:\\\/\\\/skin-heal.com\\\/wp-content\\\/uploads\\\/2024\\\/07\\\/Aquanex.jpg\",\"contentUrl\":\"https:\\\/\\\/skin-heal.com\\\/wp-content\\\/uploads\\\/2024\\\/07\\\/Aquanex.jpg\",\"width\":600,\"height\":600,\"caption\":\"Aquanex\"},{\"@type\":\"BreadcrumbList\",\"@id\":\"https:\\\/\\\/skin-heal.com\\\/product\\\/aquanex-1-x-2-5ml-ha-skin-booster\\\/#breadcrumb\",\"itemListElement\":[{\"@type\":\"ListItem\",\"position\":1,\"name\":\"Home\",\"item\":\"https:\\\/\\\/skin-heal.com\\\/\"},{\"@type\":\"ListItem\",\"position\":2,\"name\":\"Store\",\"item\":\"https:\\\/\\\/skin-heal.com\\\/store\\\/\"},{\"@type\":\"ListItem\",\"position\":3,\"name\":\"Aquanex (1 x 2.5ml) &#8211; HA Skin Booster\"}]},{\"@type\":\"WebSite\",\"@id\":\"https:\\\/\\\/skin-heal.com\\\/#website\",\"url\":\"https:\\\/\\\/skin-heal.com\\\/\",\"name\":\"Skin Heal\",\"description\":\"Lowest Prices for Dermal Fillers\",\"potentialAction\":[{\"@type\":\"SearchAction\",\"target\":{\"@type\":\"EntryPoint\",\"urlTemplate\":\"https:\\\/\\\/skin-heal.com\\\/?s={search_term_string}\"},\"query-input\":{\"@type\":\"PropertyValueSpecification\",\"valueRequired\":true,\"valueName\":\"search_term_string\"}}],\"inLanguage\":\"es\"}]}<\/script>\n<!-- \/ Yoast SEO plugin. -->","yoast_head_json":{"title":"Aquanex (1 x 2.5ml) - HA Skin Booster - Piel sana","description":"Utilizando el poder del \u00e1cido hialur\u00f3nico no reticulado, Aquanex puede ofrecer una mejora r\u00e1pida y duradera del estado de la piel, creando el entorno perfecto para la s\u00edntesis de col\u00e1geno.","robots":{"index":"index","follow":"follow","max-snippet":"max-snippet:-1","max-image-preview":"max-image-preview:large","max-video-preview":"max-video-preview:-1"},"canonical":"https:\/\/skin-heal.com\/es\/producto\/aquanex-1-x-2-5ml-ha-skin-booster\/","og_locale":"es_MX","og_type":"article","og_title":"Aquanex (1 x 2.5ml) - HA Skin Booster - Skin Heal","og_description":"Utilizing the power of non-crosslinked Hyaluronic acid, Aquanex can offer rapid and lasting boost in the condition of the skin, creating the perfect environment for collagen synthesis.","og_url":"https:\/\/skin-heal.com\/es\/producto\/aquanex-1-x-2-5ml-ha-skin-booster\/","og_site_name":"Skin Heal","article_modified_time":"2026-02-09T19:27:08+00:00","og_image":[{"width":600,"height":600,"url":"https:\/\/cdn.skin-heal.com\/wp-content\/uploads\/2024\/07\/Aquanex.jpg","type":"image\/jpeg"}],"twitter_card":"summary_large_image","twitter_misc":{"Tiempo de lectura":"2 minutos"},"schema":{"@context":"https:\/\/schema.org","@graph":[{"@type":"WebPage","@id":"https:\/\/skin-heal.com\/product\/aquanex-1-x-2-5ml-ha-skin-booster\/","url":"https:\/\/skin-heal.com\/product\/aquanex-1-x-2-5ml-ha-skin-booster\/","name":"Aquanex (1 x 2.5ml) - HA Skin Booster - Piel sana","isPartOf":{"@id":"https:\/\/skin-heal.com\/#website"},"primaryImageOfPage":{"@id":"https:\/\/skin-heal.com\/product\/aquanex-1-x-2-5ml-ha-skin-booster\/#primaryimage"},"image":{"@id":"https:\/\/skin-heal.com\/product\/aquanex-1-x-2-5ml-ha-skin-booster\/#primaryimage"},"thumbnailUrl":"https:\/\/cdn.skin-heal.com\/wp-content\/uploads\/2024\/07\/Aquanex.jpg","datePublished":"2024-07-06T07:56:05+00:00","dateModified":"2026-02-09T19:27:08+00:00","description":"Utilizando el poder del \u00e1cido hialur\u00f3nico no reticulado, Aquanex puede ofrecer una mejora r\u00e1pida y duradera del estado de la piel, creando el entorno perfecto para la s\u00edntesis de col\u00e1geno.","breadcrumb":{"@id":"https:\/\/skin-heal.com\/product\/aquanex-1-x-2-5ml-ha-skin-booster\/#breadcrumb"},"inLanguage":"es","potentialAction":[{"@type":"ReadAction","target":["https:\/\/skin-heal.com\/product\/aquanex-1-x-2-5ml-ha-skin-booster\/"]}]},{"@type":"ImageObject","inLanguage":"es","@id":"https:\/\/skin-heal.com\/product\/aquanex-1-x-2-5ml-ha-skin-booster\/#primaryimage","url":"https:\/\/cdn.skin-heal.com\/wp-content\/uploads\/2024\/07\/Aquanex.jpg","contentUrl":"https:\/\/cdn.skin-heal.com\/wp-content\/uploads\/2024\/07\/Aquanex.jpg","width":600,"height":600,"caption":"Aquanex"},{"@type":"BreadcrumbList","@id":"https:\/\/skin-heal.com\/product\/aquanex-1-x-2-5ml-ha-skin-booster\/#breadcrumb","itemListElement":[{"@type":"ListItem","position":1,"name":"Home","item":"https:\/\/skin-heal.com\/"},{"@type":"ListItem","position":2,"name":"Store","item":"https:\/\/skin-heal.com\/store\/"},{"@type":"ListItem","position":3,"name":"Aquanex (1 x 2.5ml) &#8211; HA Skin Booster"}]},{"@type":"WebSite","@id":"https:\/\/skin-heal.com\/#website","url":"https:\/\/skin-heal.com\/","name":"Curaci\u00f3n de la piel","description":"Los precios m\u00e1s bajos para los rellenos d\u00e9rmicos","potentialAction":[{"@type":"SearchAction","target":{"@type":"EntryPoint","urlTemplate":"https:\/\/skin-heal.com\/?s={search_term_string}"},"query-input":{"@type":"PropertyValueSpecification","valueRequired":true,"valueName":"search_term_string"}}],"inLanguage":"es"}]}},"_links":{"self":[{"href":"https:\/\/skin-heal.com\/es\/wp-json\/wp\/v2\/product\/36581","targetHints":{"allow":["GET"]}}],"collection":[{"href":"https:\/\/skin-heal.com\/es\/wp-json\/wp\/v2\/product"}],"about":[{"href":"https:\/\/skin-heal.com\/es\/wp-json\/wp\/v2\/types\/product"}],"wp:featuredmedia":[{"embeddable":true,"href":"https:\/\/skin-heal.com\/es\/wp-json\/wp\/v2\/media\/36587"}],"wp:attachment":[{"href":"https:\/\/skin-heal.com\/es\/wp-json\/wp\/v2\/media?parent=36581"}],"wp:term":[{"taxonomy":"product_brand","embeddable":true,"href":"https:\/\/skin-heal.com\/es\/wp-json\/wp\/v2\/product_brand?post=36581"},{"taxonomy":"product_cat","embeddable":true,"href":"https:\/\/skin-heal.com\/es\/wp-json\/wp\/v2\/product_cat?post=36581"},{"taxonomy":"product_tag","embeddable":true,"href":"https:\/\/skin-heal.com\/es\/wp-json\/wp\/v2\/product_tag?post=36581"}],"curies":[{"name":"wp","href":"https:\/\/api.w.org\/{rel}","templated":true}]}}