{"id":36584,"date":"2024-07-06T10:58:27","date_gmt":"2024-07-06T07:58:27","guid":{"rendered":"https:\/\/skin-heal.com\/?post_type=product&#038;p=36584"},"modified":"2026-02-25T10:07:25","modified_gmt":"2026-02-25T08:07:25","slug":"nexfill-fine-1-x-1ml","status":"publish","type":"product","link":"https:\/\/skin-heal.com\/es\/producto\/nexfill-fine-1-x-1ml\/","title":{"rendered":"Nexfill Fino (1 x 1ml)"},"content":{"rendered":"<p>Espec\u00edficamente desarrollado para serlo, Nexfill Fine es un relleno monof\u00e1sico. Esto significa que este producto para la eliminaci\u00f3n de arrugas es m\u00e1s suave y mono homog\u00e9neo - ambas cualidades primordiales para una soluci\u00f3n destinada a rellenar suavemente las depresiones cut\u00e1neas m\u00e1s delicadas. Estas cualidades lo convierten en un m\u00e9todo ideal para restaurar la textura de la piel en zonas como:<\/p>\n<ul>\n<li>Arrugas superficiales en la frente<\/li>\n<li>Rinc\u00f3n del ojo (patas de gallo)<\/li>\n<li>L\u00edneas glabelares poco profundas<\/li>\n<li>Debajo del ojo<\/li>\n<li>L\u00edneas y arrugas del cuello<\/li>\n<\/ul>\n<p>En general, Nexfill Fine est\u00e1 destinado a las partes m\u00e1s delicadas del rostro y el cuello, donde es necesaria una viscoelasticidad particular del gel de \u00e1cido hialur\u00f3nico para que los resultados parezcan naturales.<\/p>\n<p>Caracterizada por su pureza, as\u00ed como por ser homog\u00e9nea, esta marca de relleno se fabrica a partir de \u00e1cido hialur\u00f3nico esterilizado de origen no animal. Y aunque se utiliza BDDE como agente reticulante, el m\u00e9todo de fabricaci\u00f3n permite niveles de BDDE no detectables en el producto final. Adem\u00e1s, la uniformidad del gel de relleno monof\u00e1sico permite al profesional aplicar una fuerza de extrusi\u00f3n uniforme al utilizar el producto. Esto se traduce en un control superior y mejores resultados de apariencia.<\/p>\n<p>Nexfill Fine es un relleno blando con certificaci\u00f3n CE que se presenta en un envase de 1 ml. Hay un 0.3% Lidoca\u00edna como parte de los ingredientes con la concentraci\u00f3n de HA de 24mg\/ml. Las propiedades generales lo hacen muy similar a productos como Revolax Fine, Dermalax Plus y Rejeunesse Fine.<\/p>","protected":false},"excerpt":{"rendered":"<p>Alisar la piel y detener los signos visibles del envejecimiento es posible gracias a Nexfill Fine, un relleno coreano de primera calidad con certificaci\u00f3n CE. Este suave producto de \u00e1cido hialur\u00f3nico, en forma de gel monof\u00e1sico, es muy eficaz para rellenar y alisar nuestras arrugas superficiales y l\u00edneas cut\u00e1neas. Nexfill Fine elimina eficazmente las depresiones cut\u00e1neas superficiales visibles, sin protuberancias visibles, de forma natural y segura.<\/p>","protected":false},"featured_media":36589,"template":"","meta":[],"product_brand":[],"product_cat":[79,161],"product_tag":[],"class_list":{"0":"post-36584","1":"product","2":"type-product","3":"status-publish","4":"has-post-thumbnail","6":"product_cat-dermal-fillers","7":"product_cat-nexfill","8":"clearfix","10":"first","11":"outofstock","12":"taxable","13":"shipping-taxable","14":"purchasable","15":"product-type-simple"},"yoast_head":"<!-- This site is optimized with the Yoast SEO plugin v27.4 - https:\/\/yoast.com\/product\/yoast-seo-wordpress\/ -->\n<title>Nexfill Fine (1 x 1ml) - Skin Heal<\/title>\n<meta name=\"description\" content=\"For natural filling of superficial wrinkles, Nexfill Fine is the ideal solution \u2013 lasting and effective correction of surface wrinkles with a Hyaluronic acid filler.\" \/>\n<meta name=\"robots\" content=\"index, follow, max-snippet:-1, max-image-preview:large, max-video-preview:-1\" \/>\n<link rel=\"canonical\" href=\"https:\/\/skin-heal.com\/es\/producto\/nexfill-fine-1-x-1ml\/\" \/>\n<meta property=\"og:locale\" content=\"es_MX\" \/>\n<meta property=\"og:type\" content=\"article\" \/>\n<meta property=\"og:title\" content=\"Nexfill Fine (1 x 1ml) - Skin Heal\" \/>\n<meta property=\"og:description\" content=\"For natural filling of superficial wrinkles, Nexfill Fine is the ideal solution \u2013 lasting and effective correction of surface wrinkles with a Hyaluronic acid filler.\" \/>\n<meta property=\"og:url\" content=\"https:\/\/skin-heal.com\/es\/producto\/nexfill-fine-1-x-1ml\/\" \/>\n<meta property=\"og:site_name\" content=\"Skin Heal\" \/>\n<meta property=\"article:modified_time\" content=\"2026-02-25T08:07:25+00:00\" \/>\n<meta property=\"og:image\" content=\"https:\/\/cdn.skin-heal.com\/wp-content\/uploads\/2024\/07\/Nexfill-Fine.jpg\" \/>\n\t<meta property=\"og:image:width\" content=\"600\" \/>\n\t<meta property=\"og:image:height\" content=\"600\" \/>\n\t<meta property=\"og:image:type\" content=\"image\/jpeg\" \/>\n<meta name=\"twitter:card\" content=\"summary_large_image\" \/>\n<meta name=\"twitter:label1\" content=\"Tiempo de lectura\" \/>\n\t<meta name=\"twitter:data1\" content=\"2 minutos\" \/>\n<script type=\"application\/ld+json\" class=\"yoast-schema-graph\">{\"@context\":\"https:\\\/\\\/schema.org\",\"@graph\":[{\"@type\":\"WebPage\",\"@id\":\"https:\\\/\\\/skin-heal.com\\\/product\\\/nexfill-fine-1-x-1ml\\\/\",\"url\":\"https:\\\/\\\/skin-heal.com\\\/product\\\/nexfill-fine-1-x-1ml\\\/\",\"name\":\"Nexfill Fine (1 x 1ml) - Skin Heal\",\"isPartOf\":{\"@id\":\"https:\\\/\\\/skin-heal.com\\\/#website\"},\"primaryImageOfPage\":{\"@id\":\"https:\\\/\\\/skin-heal.com\\\/product\\\/nexfill-fine-1-x-1ml\\\/#primaryimage\"},\"image\":{\"@id\":\"https:\\\/\\\/skin-heal.com\\\/product\\\/nexfill-fine-1-x-1ml\\\/#primaryimage\"},\"thumbnailUrl\":\"https:\\\/\\\/skin-heal.com\\\/wp-content\\\/uploads\\\/2024\\\/07\\\/Nexfill-Fine.jpg\",\"datePublished\":\"2024-07-06T07:58:27+00:00\",\"dateModified\":\"2026-02-25T08:07:25+00:00\",\"description\":\"For natural filling of superficial wrinkles, Nexfill Fine is the ideal solution \u2013 lasting and effective correction of surface wrinkles with a Hyaluronic acid filler.\",\"breadcrumb\":{\"@id\":\"https:\\\/\\\/skin-heal.com\\\/product\\\/nexfill-fine-1-x-1ml\\\/#breadcrumb\"},\"inLanguage\":\"es\",\"potentialAction\":[{\"@type\":\"ReadAction\",\"target\":[\"https:\\\/\\\/skin-heal.com\\\/product\\\/nexfill-fine-1-x-1ml\\\/\"]}]},{\"@type\":\"ImageObject\",\"inLanguage\":\"es\",\"@id\":\"https:\\\/\\\/skin-heal.com\\\/product\\\/nexfill-fine-1-x-1ml\\\/#primaryimage\",\"url\":\"https:\\\/\\\/skin-heal.com\\\/wp-content\\\/uploads\\\/2024\\\/07\\\/Nexfill-Fine.jpg\",\"contentUrl\":\"https:\\\/\\\/skin-heal.com\\\/wp-content\\\/uploads\\\/2024\\\/07\\\/Nexfill-Fine.jpg\",\"width\":600,\"height\":600,\"caption\":\"Nexfill Fine\"},{\"@type\":\"BreadcrumbList\",\"@id\":\"https:\\\/\\\/skin-heal.com\\\/product\\\/nexfill-fine-1-x-1ml\\\/#breadcrumb\",\"itemListElement\":[{\"@type\":\"ListItem\",\"position\":1,\"name\":\"Home\",\"item\":\"https:\\\/\\\/skin-heal.com\\\/\"},{\"@type\":\"ListItem\",\"position\":2,\"name\":\"Store\",\"item\":\"https:\\\/\\\/skin-heal.com\\\/store\\\/\"},{\"@type\":\"ListItem\",\"position\":3,\"name\":\"Nexfill Fine (1 x 1ml)\"}]},{\"@type\":\"WebSite\",\"@id\":\"https:\\\/\\\/skin-heal.com\\\/#website\",\"url\":\"https:\\\/\\\/skin-heal.com\\\/\",\"name\":\"Skin Heal\",\"description\":\"Lowest Prices for Dermal Fillers\",\"potentialAction\":[{\"@type\":\"SearchAction\",\"target\":{\"@type\":\"EntryPoint\",\"urlTemplate\":\"https:\\\/\\\/skin-heal.com\\\/?s={search_term_string}\"},\"query-input\":{\"@type\":\"PropertyValueSpecification\",\"valueRequired\":true,\"valueName\":\"search_term_string\"}}],\"inLanguage\":\"es\"}]}<\/script>\n<!-- \/ Yoast SEO plugin. -->","yoast_head_json":{"title":"Nexfill Fino (1 x 1ml) - Skin Heal","description":"Para un relleno natural de las arrugas superficiales, Nexfill Fine es la soluci\u00f3n ideal: correcci\u00f3n duradera y eficaz de las arrugas superficiales con un relleno de \u00e1cido hialur\u00f3nico.","robots":{"index":"index","follow":"follow","max-snippet":"max-snippet:-1","max-image-preview":"max-image-preview:large","max-video-preview":"max-video-preview:-1"},"canonical":"https:\/\/skin-heal.com\/es\/producto\/nexfill-fine-1-x-1ml\/","og_locale":"es_MX","og_type":"article","og_title":"Nexfill Fine (1 x 1ml) - Skin Heal","og_description":"For natural filling of superficial wrinkles, Nexfill Fine is the ideal solution \u2013 lasting and effective correction of surface wrinkles with a Hyaluronic acid filler.","og_url":"https:\/\/skin-heal.com\/es\/producto\/nexfill-fine-1-x-1ml\/","og_site_name":"Skin Heal","article_modified_time":"2026-02-25T08:07:25+00:00","og_image":[{"width":600,"height":600,"url":"https:\/\/cdn.skin-heal.com\/wp-content\/uploads\/2024\/07\/Nexfill-Fine.jpg","type":"image\/jpeg"}],"twitter_card":"summary_large_image","twitter_misc":{"Tiempo de lectura":"2 minutos"},"schema":{"@context":"https:\/\/schema.org","@graph":[{"@type":"WebPage","@id":"https:\/\/skin-heal.com\/product\/nexfill-fine-1-x-1ml\/","url":"https:\/\/skin-heal.com\/product\/nexfill-fine-1-x-1ml\/","name":"Nexfill Fino (1 x 1ml) - Skin Heal","isPartOf":{"@id":"https:\/\/skin-heal.com\/#website"},"primaryImageOfPage":{"@id":"https:\/\/skin-heal.com\/product\/nexfill-fine-1-x-1ml\/#primaryimage"},"image":{"@id":"https:\/\/skin-heal.com\/product\/nexfill-fine-1-x-1ml\/#primaryimage"},"thumbnailUrl":"https:\/\/cdn.skin-heal.com\/wp-content\/uploads\/2024\/07\/Nexfill-Fine.jpg","datePublished":"2024-07-06T07:58:27+00:00","dateModified":"2026-02-25T08:07:25+00:00","description":"Para un relleno natural de las arrugas superficiales, Nexfill Fine es la soluci\u00f3n ideal: correcci\u00f3n duradera y eficaz de las arrugas superficiales con un relleno de \u00e1cido hialur\u00f3nico.","breadcrumb":{"@id":"https:\/\/skin-heal.com\/product\/nexfill-fine-1-x-1ml\/#breadcrumb"},"inLanguage":"es","potentialAction":[{"@type":"ReadAction","target":["https:\/\/skin-heal.com\/product\/nexfill-fine-1-x-1ml\/"]}]},{"@type":"ImageObject","inLanguage":"es","@id":"https:\/\/skin-heal.com\/product\/nexfill-fine-1-x-1ml\/#primaryimage","url":"https:\/\/cdn.skin-heal.com\/wp-content\/uploads\/2024\/07\/Nexfill-Fine.jpg","contentUrl":"https:\/\/cdn.skin-heal.com\/wp-content\/uploads\/2024\/07\/Nexfill-Fine.jpg","width":600,"height":600,"caption":"Nexfill Fine"},{"@type":"BreadcrumbList","@id":"https:\/\/skin-heal.com\/product\/nexfill-fine-1-x-1ml\/#breadcrumb","itemListElement":[{"@type":"ListItem","position":1,"name":"Home","item":"https:\/\/skin-heal.com\/"},{"@type":"ListItem","position":2,"name":"Store","item":"https:\/\/skin-heal.com\/store\/"},{"@type":"ListItem","position":3,"name":"Nexfill Fine (1 x 1ml)"}]},{"@type":"WebSite","@id":"https:\/\/skin-heal.com\/#website","url":"https:\/\/skin-heal.com\/","name":"Curaci\u00f3n de la piel","description":"Los precios m\u00e1s bajos para los rellenos d\u00e9rmicos","potentialAction":[{"@type":"SearchAction","target":{"@type":"EntryPoint","urlTemplate":"https:\/\/skin-heal.com\/?s={search_term_string}"},"query-input":{"@type":"PropertyValueSpecification","valueRequired":true,"valueName":"search_term_string"}}],"inLanguage":"es"}]}},"_links":{"self":[{"href":"https:\/\/skin-heal.com\/es\/wp-json\/wp\/v2\/product\/36584","targetHints":{"allow":["GET"]}}],"collection":[{"href":"https:\/\/skin-heal.com\/es\/wp-json\/wp\/v2\/product"}],"about":[{"href":"https:\/\/skin-heal.com\/es\/wp-json\/wp\/v2\/types\/product"}],"wp:featuredmedia":[{"embeddable":true,"href":"https:\/\/skin-heal.com\/es\/wp-json\/wp\/v2\/media\/36589"}],"wp:attachment":[{"href":"https:\/\/skin-heal.com\/es\/wp-json\/wp\/v2\/media?parent=36584"}],"wp:term":[{"taxonomy":"product_brand","embeddable":true,"href":"https:\/\/skin-heal.com\/es\/wp-json\/wp\/v2\/product_brand?post=36584"},{"taxonomy":"product_cat","embeddable":true,"href":"https:\/\/skin-heal.com\/es\/wp-json\/wp\/v2\/product_cat?post=36584"},{"taxonomy":"product_tag","embeddable":true,"href":"https:\/\/skin-heal.com\/es\/wp-json\/wp\/v2\/product_tag?post=36584"}],"curies":[{"name":"wp","href":"https:\/\/api.w.org\/{rel}","templated":true}]}}