{"id":36585,"date":"2024-07-06T11:03:41","date_gmt":"2024-07-06T08:03:41","guid":{"rendered":"https:\/\/skin-heal.com\/?post_type=product&#038;p=36585"},"modified":"2026-02-25T10:07:25","modified_gmt":"2026-02-25T08:07:25","slug":"nexfill-deep-1-x-1ml","status":"publish","type":"product","link":"https:\/\/skin-heal.com\/es\/producto\/nexfill-deep-1-x-1ml\/","title":{"rendered":"Nexfill Deep (1 x 1ml)"},"content":{"rendered":"<p>Los rellenos de grosor medio destacan cuando se utilizan para tratar problemas que requieren un equilibrio entre la firmeza del gel de HA, para dar un realce visible al volumen, y la conservaci\u00f3n de un nivel de suavidad, que permite que el relleno aplicado parezca natural, especialmente en la parte media de la cara, donde la contracci\u00f3n muscular es una constante.<\/p>\n<p>Nexfill Deep resuelve el problema de la falta de volumen o el contorno pronunciado de los labios. Se trata de un relleno labial coreano que puede mejorar el aspecto general de los labios, aumentando el volumen y la forma durante un periodo de 6 a 12 meses.<\/p>\n<p>Seguro y totalmente certificado CE, es un competidor directo de soluciones reconocibles como Revolax Deep, Dermalax Deep Plus o Rejeuness Deep. Este gel monof\u00e1sico, que tambi\u00e9n act\u00faa como filtrante facial intermedio, garantiza unos resultados excelentes y visibles:<\/p>\n<ul>\n<li>Aumentar el volumen de los labios<\/li>\n<li>Relleno de surcos nasogenianos de moderados a profundos<\/li>\n<li>Eliminaci\u00f3n de l\u00edneas de marioneta pronunciadas<\/li>\n<li>Dar forma al ment\u00f3n<\/li>\n<li>Alisar las arrugas m\u00e1s profundas de la frente<\/li>\n<\/ul>\n<p>Probado exhaustivamente durante su fase de desarrollo, Nexfill Deep est\u00e1 completamente purificado y no es de origen animal. El gel monof\u00e1sico homog\u00e9neo que lo compone es f\u00e1cil de utilizar por los profesionales, por un lado, y mejor en t\u00e9rminos de resultados, por otro, especialmente en comparaci\u00f3n con los rellenos bif\u00e1sicos. El proceso de fabricaci\u00f3n incluye un proceso de reticulaci\u00f3n patentado, caracterizado por un efecto posterior sin residuos de BDDE. Seguro y fiable, este relleno de \u00e1cido hialur\u00f3nico de 24mg\/ml para labios y surcos nasogenianos, tambi\u00e9n contiene 0,3% de Lidoca\u00edna, para reducir las molestias.<\/p>","protected":false},"excerpt":{"rendered":"<p>Cuando el objetivo es conseguir un volumen y un contorno naturales y visibles de la zona de los labios o eliminar las arrugas profundas y los pliegues cut\u00e1neos de la parte media de la cara, Nexfill Deep es el relleno d\u00e9rmico que hay que buscar. Este gel de HA de densidad media posee la viscoelasticidad perfecta para conseguir un aumento duradero y bonito en la zona media de la cara, tratando problemas como labios peque\u00f1os, pliegues nasolabiales profundos y l\u00edneas de marioneta e incluso ment\u00f3n peque\u00f1o.<\/p>","protected":false},"featured_media":36588,"template":"","meta":[],"product_brand":[],"product_cat":[79,161],"product_tag":[],"class_list":{"0":"post-36585","1":"product","2":"type-product","3":"status-publish","4":"has-post-thumbnail","6":"product_cat-dermal-fillers","7":"product_cat-nexfill","8":"clearfix","10":"first","11":"outofstock","12":"taxable","13":"shipping-taxable","14":"purchasable","15":"product-type-simple"},"yoast_head":"<!-- This site is optimized with the Yoast SEO plugin v27.4 - https:\/\/yoast.com\/product\/yoast-seo-wordpress\/ -->\n<title>Nexfill Deep (1 x 1ml) - Skin Heal<\/title>\n<meta name=\"description\" content=\"Effective lip volumization and contouring for up an year with Nexfill Deep \u2013 a mid-face Hyaluronic acid filler for lip enhancement and nasolabial fold filling.\" \/>\n<meta name=\"robots\" content=\"index, follow, max-snippet:-1, max-image-preview:large, max-video-preview:-1\" \/>\n<link rel=\"canonical\" href=\"https:\/\/skin-heal.com\/es\/producto\/nexfill-deep-1-x-1ml\/\" \/>\n<meta property=\"og:locale\" content=\"es_MX\" \/>\n<meta property=\"og:type\" content=\"article\" \/>\n<meta property=\"og:title\" content=\"Nexfill Deep (1 x 1ml) - Skin Heal\" \/>\n<meta property=\"og:description\" content=\"Effective lip volumization and contouring for up an year with Nexfill Deep \u2013 a mid-face Hyaluronic acid filler for lip enhancement and nasolabial fold filling.\" \/>\n<meta property=\"og:url\" content=\"https:\/\/skin-heal.com\/es\/producto\/nexfill-deep-1-x-1ml\/\" \/>\n<meta property=\"og:site_name\" content=\"Skin Heal\" \/>\n<meta property=\"article:modified_time\" content=\"2026-02-25T08:07:25+00:00\" \/>\n<meta property=\"og:image\" content=\"https:\/\/cdn.skin-heal.com\/wp-content\/uploads\/2024\/07\/Nexfill-Deep.jpg\" \/>\n\t<meta property=\"og:image:width\" content=\"600\" \/>\n\t<meta property=\"og:image:height\" content=\"600\" \/>\n\t<meta property=\"og:image:type\" content=\"image\/jpeg\" \/>\n<meta name=\"twitter:card\" content=\"summary_large_image\" \/>\n<meta name=\"twitter:label1\" content=\"Tiempo de lectura\" \/>\n\t<meta name=\"twitter:data1\" content=\"2 minutos\" \/>\n<script type=\"application\/ld+json\" class=\"yoast-schema-graph\">{\"@context\":\"https:\\\/\\\/schema.org\",\"@graph\":[{\"@type\":\"WebPage\",\"@id\":\"https:\\\/\\\/skin-heal.com\\\/product\\\/nexfill-deep-1-x-1ml\\\/\",\"url\":\"https:\\\/\\\/skin-heal.com\\\/product\\\/nexfill-deep-1-x-1ml\\\/\",\"name\":\"Nexfill Deep (1 x 1ml) - Skin Heal\",\"isPartOf\":{\"@id\":\"https:\\\/\\\/skin-heal.com\\\/#website\"},\"primaryImageOfPage\":{\"@id\":\"https:\\\/\\\/skin-heal.com\\\/product\\\/nexfill-deep-1-x-1ml\\\/#primaryimage\"},\"image\":{\"@id\":\"https:\\\/\\\/skin-heal.com\\\/product\\\/nexfill-deep-1-x-1ml\\\/#primaryimage\"},\"thumbnailUrl\":\"https:\\\/\\\/skin-heal.com\\\/wp-content\\\/uploads\\\/2024\\\/07\\\/Nexfill-Deep.jpg\",\"datePublished\":\"2024-07-06T08:03:41+00:00\",\"dateModified\":\"2026-02-25T08:07:25+00:00\",\"description\":\"Effective lip volumization and contouring for up an year with Nexfill Deep \u2013 a mid-face Hyaluronic acid filler for lip enhancement and nasolabial fold filling.\",\"breadcrumb\":{\"@id\":\"https:\\\/\\\/skin-heal.com\\\/product\\\/nexfill-deep-1-x-1ml\\\/#breadcrumb\"},\"inLanguage\":\"es\",\"potentialAction\":[{\"@type\":\"ReadAction\",\"target\":[\"https:\\\/\\\/skin-heal.com\\\/product\\\/nexfill-deep-1-x-1ml\\\/\"]}]},{\"@type\":\"ImageObject\",\"inLanguage\":\"es\",\"@id\":\"https:\\\/\\\/skin-heal.com\\\/product\\\/nexfill-deep-1-x-1ml\\\/#primaryimage\",\"url\":\"https:\\\/\\\/skin-heal.com\\\/wp-content\\\/uploads\\\/2024\\\/07\\\/Nexfill-Deep.jpg\",\"contentUrl\":\"https:\\\/\\\/skin-heal.com\\\/wp-content\\\/uploads\\\/2024\\\/07\\\/Nexfill-Deep.jpg\",\"width\":600,\"height\":600,\"caption\":\"Nexfill Deep\"},{\"@type\":\"BreadcrumbList\",\"@id\":\"https:\\\/\\\/skin-heal.com\\\/product\\\/nexfill-deep-1-x-1ml\\\/#breadcrumb\",\"itemListElement\":[{\"@type\":\"ListItem\",\"position\":1,\"name\":\"Home\",\"item\":\"https:\\\/\\\/skin-heal.com\\\/\"},{\"@type\":\"ListItem\",\"position\":2,\"name\":\"Store\",\"item\":\"https:\\\/\\\/skin-heal.com\\\/store\\\/\"},{\"@type\":\"ListItem\",\"position\":3,\"name\":\"Nexfill Deep (1 x 1ml)\"}]},{\"@type\":\"WebSite\",\"@id\":\"https:\\\/\\\/skin-heal.com\\\/#website\",\"url\":\"https:\\\/\\\/skin-heal.com\\\/\",\"name\":\"Skin Heal\",\"description\":\"Lowest Prices for Dermal Fillers\",\"potentialAction\":[{\"@type\":\"SearchAction\",\"target\":{\"@type\":\"EntryPoint\",\"urlTemplate\":\"https:\\\/\\\/skin-heal.com\\\/?s={search_term_string}\"},\"query-input\":{\"@type\":\"PropertyValueSpecification\",\"valueRequired\":true,\"valueName\":\"search_term_string\"}}],\"inLanguage\":\"es\"}]}<\/script>\n<!-- \/ Yoast SEO plugin. -->","yoast_head_json":{"title":"Nexfill Deep (1 x 1ml) - Skin Heal","description":"Voluminizaci\u00f3n y contorno labial eficaces durante un a\u00f1o con Nexfill Deep, un relleno de \u00e1cido hialur\u00f3nico en la parte media del rostro para el realce de los labios y el relleno del surco nasogeniano.","robots":{"index":"index","follow":"follow","max-snippet":"max-snippet:-1","max-image-preview":"max-image-preview:large","max-video-preview":"max-video-preview:-1"},"canonical":"https:\/\/skin-heal.com\/es\/producto\/nexfill-deep-1-x-1ml\/","og_locale":"es_MX","og_type":"article","og_title":"Nexfill Deep (1 x 1ml) - Skin Heal","og_description":"Effective lip volumization and contouring for up an year with Nexfill Deep \u2013 a mid-face Hyaluronic acid filler for lip enhancement and nasolabial fold filling.","og_url":"https:\/\/skin-heal.com\/es\/producto\/nexfill-deep-1-x-1ml\/","og_site_name":"Skin Heal","article_modified_time":"2026-02-25T08:07:25+00:00","og_image":[{"width":600,"height":600,"url":"https:\/\/cdn.skin-heal.com\/wp-content\/uploads\/2024\/07\/Nexfill-Deep.jpg","type":"image\/jpeg"}],"twitter_card":"summary_large_image","twitter_misc":{"Tiempo de lectura":"2 minutos"},"schema":{"@context":"https:\/\/schema.org","@graph":[{"@type":"WebPage","@id":"https:\/\/skin-heal.com\/product\/nexfill-deep-1-x-1ml\/","url":"https:\/\/skin-heal.com\/product\/nexfill-deep-1-x-1ml\/","name":"Nexfill Deep (1 x 1ml) - Skin Heal","isPartOf":{"@id":"https:\/\/skin-heal.com\/#website"},"primaryImageOfPage":{"@id":"https:\/\/skin-heal.com\/product\/nexfill-deep-1-x-1ml\/#primaryimage"},"image":{"@id":"https:\/\/skin-heal.com\/product\/nexfill-deep-1-x-1ml\/#primaryimage"},"thumbnailUrl":"https:\/\/cdn.skin-heal.com\/wp-content\/uploads\/2024\/07\/Nexfill-Deep.jpg","datePublished":"2024-07-06T08:03:41+00:00","dateModified":"2026-02-25T08:07:25+00:00","description":"Voluminizaci\u00f3n y contorno labial eficaces durante un a\u00f1o con Nexfill Deep, un relleno de \u00e1cido hialur\u00f3nico en la parte media del rostro para el realce de los labios y el relleno del surco nasogeniano.","breadcrumb":{"@id":"https:\/\/skin-heal.com\/product\/nexfill-deep-1-x-1ml\/#breadcrumb"},"inLanguage":"es","potentialAction":[{"@type":"ReadAction","target":["https:\/\/skin-heal.com\/product\/nexfill-deep-1-x-1ml\/"]}]},{"@type":"ImageObject","inLanguage":"es","@id":"https:\/\/skin-heal.com\/product\/nexfill-deep-1-x-1ml\/#primaryimage","url":"https:\/\/cdn.skin-heal.com\/wp-content\/uploads\/2024\/07\/Nexfill-Deep.jpg","contentUrl":"https:\/\/cdn.skin-heal.com\/wp-content\/uploads\/2024\/07\/Nexfill-Deep.jpg","width":600,"height":600,"caption":"Nexfill Deep"},{"@type":"BreadcrumbList","@id":"https:\/\/skin-heal.com\/product\/nexfill-deep-1-x-1ml\/#breadcrumb","itemListElement":[{"@type":"ListItem","position":1,"name":"Home","item":"https:\/\/skin-heal.com\/"},{"@type":"ListItem","position":2,"name":"Store","item":"https:\/\/skin-heal.com\/store\/"},{"@type":"ListItem","position":3,"name":"Nexfill Deep (1 x 1ml)"}]},{"@type":"WebSite","@id":"https:\/\/skin-heal.com\/#website","url":"https:\/\/skin-heal.com\/","name":"Curaci\u00f3n de la piel","description":"Los precios m\u00e1s bajos para los rellenos d\u00e9rmicos","potentialAction":[{"@type":"SearchAction","target":{"@type":"EntryPoint","urlTemplate":"https:\/\/skin-heal.com\/?s={search_term_string}"},"query-input":{"@type":"PropertyValueSpecification","valueRequired":true,"valueName":"search_term_string"}}],"inLanguage":"es"}]}},"_links":{"self":[{"href":"https:\/\/skin-heal.com\/es\/wp-json\/wp\/v2\/product\/36585","targetHints":{"allow":["GET"]}}],"collection":[{"href":"https:\/\/skin-heal.com\/es\/wp-json\/wp\/v2\/product"}],"about":[{"href":"https:\/\/skin-heal.com\/es\/wp-json\/wp\/v2\/types\/product"}],"wp:featuredmedia":[{"embeddable":true,"href":"https:\/\/skin-heal.com\/es\/wp-json\/wp\/v2\/media\/36588"}],"wp:attachment":[{"href":"https:\/\/skin-heal.com\/es\/wp-json\/wp\/v2\/media?parent=36585"}],"wp:term":[{"taxonomy":"product_brand","embeddable":true,"href":"https:\/\/skin-heal.com\/es\/wp-json\/wp\/v2\/product_brand?post=36585"},{"taxonomy":"product_cat","embeddable":true,"href":"https:\/\/skin-heal.com\/es\/wp-json\/wp\/v2\/product_cat?post=36585"},{"taxonomy":"product_tag","embeddable":true,"href":"https:\/\/skin-heal.com\/es\/wp-json\/wp\/v2\/product_tag?post=36585"}],"curies":[{"name":"wp","href":"https:\/\/api.w.org\/{rel}","templated":true}]}}