{"id":36586,"date":"2024-07-06T11:06:23","date_gmt":"2024-07-06T08:06:23","guid":{"rendered":"https:\/\/skin-heal.com\/?post_type=product&#038;p=36586"},"modified":"2025-07-07T18:23:12","modified_gmt":"2025-07-07T15:23:12","slug":"nexfill-volume-1-x-1ml","status":"publish","type":"product","link":"https:\/\/skin-heal.com\/es\/producto\/nexfill-volume-1-x-1ml\/","title":{"rendered":"Volumen Nexfill (1 x 1ml)"},"content":{"rendered":"<p>La seguridad y la fiabilidad son los dos requisitos m\u00e1s importantes para un relleno d\u00e9rmico que se vaya a utilizar para el contorno facial. Nexfill Volume es una soluci\u00f3n densa a base de \u00e1cido hialur\u00f3nico, en forma de gel monof\u00e1sico con una viscoelasticidad superior, en comparaci\u00f3n con productos similares, especialmente para esculpir los rasgos faciales.<\/p>\n<p>Un relleno a base de HA 24mg\/ml con 0.3% de Lidoca\u00edna, garantiza una experiencia confortable durante la sesi\u00f3n de 20-30 minutos. Los resultados post-tratamiento son duraderos y una persona puede esperar hasta un a\u00f1o o m\u00e1s de mejora de:<\/p>\n<ul>\n<li>Ment\u00f3n muy visible<\/li>\n<li>Hacer los p\u00f3mulos m\u00e1s pronunciados<\/li>\n<li>Remodelaci\u00f3n de la nariz \/ rinoplastia<\/li>\n<\/ul>\n<p>Adem\u00e1s, Nexfill Volume es lo suficientemente denso como para ayudar con \u00e9xito en problemas de formas muy severas de pliegues nasolabiales. Tambi\u00e9n puede restaurar el volumen en casos muy notables de p\u00e9rdida de volumen en las mejillas, proporcionando el efecto de relleno y elevaci\u00f3n necesario.<\/p>\n<p>El gel de Nexfill Volume es muy estable y una vez aplicado el relleno en la zona del ment\u00f3n o los p\u00f3mulos, por ejemplo, permanece impresionantemente inm\u00f3vil, sin desplazamientos ni p\u00e9rdidas de forma no deseadas. Combinado con la excelente homogeneidad, en manos de un profesional cualificado, este relleno de contorno puede utilizarse para conseguir mejoras espectaculares en el aspecto percibido.<\/p>\n<p>Los efectos secundarios son m\u00ednimos o nulos (aunque siempre es necesaria una consulta previa) y suelen limitarse a enrojecimiento e hinchaz\u00f3n leves. Basado en \u00e1cido hialur\u00f3nico original de origen no animal, Nexfill Volume es totalmente biocompatible y biodegradable, sin efectos secundarios graves previstos.<\/p>\n<p>Este relleno se puede utilizar es comparable a productos como Revolax SubQ, Dermalax Implant y Rejeunesse Shape.<\/p>","protected":false},"excerpt":{"rendered":"<p>Un contorneado facial eficaz s\u00f3lo puede realizarse con un relleno d\u00e9rmico modelador de alta calidad. Nexfill Volume cumple todos los requisitos para convertirse en una de las soluciones coreanas preferidas para el aumento de diversos rasgos faciales. F\u00e1cil de usar y aplicar, este relleno denso y homog\u00e9neo puede mejorar dr\u00e1sticamente rasgos como la l\u00ednea de la mand\u00edbula y los p\u00f3mulos, con un aspecto totalmente natural e indistinguible para el espectador.<\/p>","protected":false},"featured_media":36590,"template":"","meta":[],"product_brand":[],"product_cat":[79,161],"product_tag":[],"class_list":{"0":"post-36586","1":"product","2":"type-product","3":"status-publish","4":"has-post-thumbnail","6":"product_cat-dermal-fillers","7":"product_cat-nexfill","8":"clearfix","10":"first","11":"outofstock","12":"taxable","13":"shipping-taxable","14":"purchasable","15":"product-type-simple"},"yoast_head":"<!-- This site is optimized with the Yoast SEO plugin v27.4 - https:\/\/yoast.com\/product\/yoast-seo-wordpress\/ -->\n<title>Nexfill Volume (1 x 1ml) - Skin Heal<\/title>\n<meta name=\"description\" content=\"Defined by safety and high quality, Nexfill Volume is a contouring filler, based on Hyaluronic acid, with complete CE certification. Augments the cheekbones, jawline and chin.\" \/>\n<meta name=\"robots\" content=\"index, follow, max-snippet:-1, max-image-preview:large, max-video-preview:-1\" \/>\n<link rel=\"canonical\" href=\"https:\/\/skin-heal.com\/es\/producto\/nexfill-volume-1-x-1ml\/\" \/>\n<meta property=\"og:locale\" content=\"es_MX\" \/>\n<meta property=\"og:type\" content=\"article\" \/>\n<meta property=\"og:title\" content=\"Nexfill Volume (1 x 1ml) - Skin Heal\" \/>\n<meta property=\"og:description\" content=\"Defined by safety and high quality, Nexfill Volume is a contouring filler, based on Hyaluronic acid, with complete CE certification. Augments the cheekbones, jawline and chin.\" \/>\n<meta property=\"og:url\" content=\"https:\/\/skin-heal.com\/es\/producto\/nexfill-volume-1-x-1ml\/\" \/>\n<meta property=\"og:site_name\" content=\"Skin Heal\" \/>\n<meta property=\"article:modified_time\" content=\"2025-07-07T15:23:12+00:00\" \/>\n<meta property=\"og:image\" content=\"https:\/\/cdn.skin-heal.com\/wp-content\/uploads\/2024\/07\/Nexfill-Volume.jpg\" \/>\n\t<meta property=\"og:image:width\" content=\"600\" \/>\n\t<meta property=\"og:image:height\" content=\"600\" \/>\n\t<meta property=\"og:image:type\" content=\"image\/jpeg\" \/>\n<meta name=\"twitter:card\" content=\"summary_large_image\" \/>\n<meta name=\"twitter:label1\" content=\"Tiempo de lectura\" \/>\n\t<meta name=\"twitter:data1\" content=\"2 minutos\" \/>\n<script type=\"application\/ld+json\" class=\"yoast-schema-graph\">{\"@context\":\"https:\\\/\\\/schema.org\",\"@graph\":[{\"@type\":\"WebPage\",\"@id\":\"https:\\\/\\\/skin-heal.com\\\/product\\\/nexfill-volume-1-x-1ml\\\/\",\"url\":\"https:\\\/\\\/skin-heal.com\\\/product\\\/nexfill-volume-1-x-1ml\\\/\",\"name\":\"Nexfill Volume (1 x 1ml) - Skin Heal\",\"isPartOf\":{\"@id\":\"https:\\\/\\\/skin-heal.com\\\/#website\"},\"primaryImageOfPage\":{\"@id\":\"https:\\\/\\\/skin-heal.com\\\/product\\\/nexfill-volume-1-x-1ml\\\/#primaryimage\"},\"image\":{\"@id\":\"https:\\\/\\\/skin-heal.com\\\/product\\\/nexfill-volume-1-x-1ml\\\/#primaryimage\"},\"thumbnailUrl\":\"https:\\\/\\\/skin-heal.com\\\/wp-content\\\/uploads\\\/2024\\\/07\\\/Nexfill-Volume.jpg\",\"datePublished\":\"2024-07-06T08:06:23+00:00\",\"dateModified\":\"2025-07-07T15:23:12+00:00\",\"description\":\"Defined by safety and high quality, Nexfill Volume is a contouring filler, based on Hyaluronic acid, with complete CE certification. Augments the cheekbones, jawline and chin.\",\"breadcrumb\":{\"@id\":\"https:\\\/\\\/skin-heal.com\\\/product\\\/nexfill-volume-1-x-1ml\\\/#breadcrumb\"},\"inLanguage\":\"es\",\"potentialAction\":[{\"@type\":\"ReadAction\",\"target\":[\"https:\\\/\\\/skin-heal.com\\\/product\\\/nexfill-volume-1-x-1ml\\\/\"]}]},{\"@type\":\"ImageObject\",\"inLanguage\":\"es\",\"@id\":\"https:\\\/\\\/skin-heal.com\\\/product\\\/nexfill-volume-1-x-1ml\\\/#primaryimage\",\"url\":\"https:\\\/\\\/skin-heal.com\\\/wp-content\\\/uploads\\\/2024\\\/07\\\/Nexfill-Volume.jpg\",\"contentUrl\":\"https:\\\/\\\/skin-heal.com\\\/wp-content\\\/uploads\\\/2024\\\/07\\\/Nexfill-Volume.jpg\",\"width\":600,\"height\":600,\"caption\":\"Nexfill Volume\"},{\"@type\":\"BreadcrumbList\",\"@id\":\"https:\\\/\\\/skin-heal.com\\\/product\\\/nexfill-volume-1-x-1ml\\\/#breadcrumb\",\"itemListElement\":[{\"@type\":\"ListItem\",\"position\":1,\"name\":\"Home\",\"item\":\"https:\\\/\\\/skin-heal.com\\\/\"},{\"@type\":\"ListItem\",\"position\":2,\"name\":\"Store\",\"item\":\"https:\\\/\\\/skin-heal.com\\\/store\\\/\"},{\"@type\":\"ListItem\",\"position\":3,\"name\":\"Nexfill Volume (1 x 1ml)\"}]},{\"@type\":\"WebSite\",\"@id\":\"https:\\\/\\\/skin-heal.com\\\/#website\",\"url\":\"https:\\\/\\\/skin-heal.com\\\/\",\"name\":\"Skin Heal\",\"description\":\"Lowest Prices for Dermal Fillers\",\"potentialAction\":[{\"@type\":\"SearchAction\",\"target\":{\"@type\":\"EntryPoint\",\"urlTemplate\":\"https:\\\/\\\/skin-heal.com\\\/?s={search_term_string}\"},\"query-input\":{\"@type\":\"PropertyValueSpecification\",\"valueRequired\":true,\"valueName\":\"search_term_string\"}}],\"inLanguage\":\"es\"}]}<\/script>\n<!-- \/ Yoast SEO plugin. -->","yoast_head_json":{"title":"Nexfill Volumen (1 x 1ml) - Skin Heal","description":"Definido por su seguridad y alta calidad, Nexfill Volume es un relleno de contorno, a base de \u00e1cido hialur\u00f3nico, con certificaci\u00f3n CE completa. Aumenta los p\u00f3mulos, la l\u00ednea de la mand\u00edbula y el ment\u00f3n.","robots":{"index":"index","follow":"follow","max-snippet":"max-snippet:-1","max-image-preview":"max-image-preview:large","max-video-preview":"max-video-preview:-1"},"canonical":"https:\/\/skin-heal.com\/es\/producto\/nexfill-volume-1-x-1ml\/","og_locale":"es_MX","og_type":"article","og_title":"Nexfill Volume (1 x 1ml) - Skin Heal","og_description":"Defined by safety and high quality, Nexfill Volume is a contouring filler, based on Hyaluronic acid, with complete CE certification. Augments the cheekbones, jawline and chin.","og_url":"https:\/\/skin-heal.com\/es\/producto\/nexfill-volume-1-x-1ml\/","og_site_name":"Skin Heal","article_modified_time":"2025-07-07T15:23:12+00:00","og_image":[{"width":600,"height":600,"url":"https:\/\/cdn.skin-heal.com\/wp-content\/uploads\/2024\/07\/Nexfill-Volume.jpg","type":"image\/jpeg"}],"twitter_card":"summary_large_image","twitter_misc":{"Tiempo de lectura":"2 minutos"},"schema":{"@context":"https:\/\/schema.org","@graph":[{"@type":"WebPage","@id":"https:\/\/skin-heal.com\/product\/nexfill-volume-1-x-1ml\/","url":"https:\/\/skin-heal.com\/product\/nexfill-volume-1-x-1ml\/","name":"Nexfill Volumen (1 x 1ml) - Skin Heal","isPartOf":{"@id":"https:\/\/skin-heal.com\/#website"},"primaryImageOfPage":{"@id":"https:\/\/skin-heal.com\/product\/nexfill-volume-1-x-1ml\/#primaryimage"},"image":{"@id":"https:\/\/skin-heal.com\/product\/nexfill-volume-1-x-1ml\/#primaryimage"},"thumbnailUrl":"https:\/\/cdn.skin-heal.com\/wp-content\/uploads\/2024\/07\/Nexfill-Volume.jpg","datePublished":"2024-07-06T08:06:23+00:00","dateModified":"2025-07-07T15:23:12+00:00","description":"Definido por su seguridad y alta calidad, Nexfill Volume es un relleno de contorno, a base de \u00e1cido hialur\u00f3nico, con certificaci\u00f3n CE completa. Aumenta los p\u00f3mulos, la l\u00ednea de la mand\u00edbula y el ment\u00f3n.","breadcrumb":{"@id":"https:\/\/skin-heal.com\/product\/nexfill-volume-1-x-1ml\/#breadcrumb"},"inLanguage":"es","potentialAction":[{"@type":"ReadAction","target":["https:\/\/skin-heal.com\/product\/nexfill-volume-1-x-1ml\/"]}]},{"@type":"ImageObject","inLanguage":"es","@id":"https:\/\/skin-heal.com\/product\/nexfill-volume-1-x-1ml\/#primaryimage","url":"https:\/\/cdn.skin-heal.com\/wp-content\/uploads\/2024\/07\/Nexfill-Volume.jpg","contentUrl":"https:\/\/cdn.skin-heal.com\/wp-content\/uploads\/2024\/07\/Nexfill-Volume.jpg","width":600,"height":600,"caption":"Nexfill Volume"},{"@type":"BreadcrumbList","@id":"https:\/\/skin-heal.com\/product\/nexfill-volume-1-x-1ml\/#breadcrumb","itemListElement":[{"@type":"ListItem","position":1,"name":"Home","item":"https:\/\/skin-heal.com\/"},{"@type":"ListItem","position":2,"name":"Store","item":"https:\/\/skin-heal.com\/store\/"},{"@type":"ListItem","position":3,"name":"Nexfill Volume (1 x 1ml)"}]},{"@type":"WebSite","@id":"https:\/\/skin-heal.com\/#website","url":"https:\/\/skin-heal.com\/","name":"Curaci\u00f3n de la piel","description":"Los precios m\u00e1s bajos para los rellenos d\u00e9rmicos","potentialAction":[{"@type":"SearchAction","target":{"@type":"EntryPoint","urlTemplate":"https:\/\/skin-heal.com\/?s={search_term_string}"},"query-input":{"@type":"PropertyValueSpecification","valueRequired":true,"valueName":"search_term_string"}}],"inLanguage":"es"}]}},"_links":{"self":[{"href":"https:\/\/skin-heal.com\/es\/wp-json\/wp\/v2\/product\/36586","targetHints":{"allow":["GET"]}}],"collection":[{"href":"https:\/\/skin-heal.com\/es\/wp-json\/wp\/v2\/product"}],"about":[{"href":"https:\/\/skin-heal.com\/es\/wp-json\/wp\/v2\/types\/product"}],"wp:featuredmedia":[{"embeddable":true,"href":"https:\/\/skin-heal.com\/es\/wp-json\/wp\/v2\/media\/36590"}],"wp:attachment":[{"href":"https:\/\/skin-heal.com\/es\/wp-json\/wp\/v2\/media?parent=36586"}],"wp:term":[{"taxonomy":"product_brand","embeddable":true,"href":"https:\/\/skin-heal.com\/es\/wp-json\/wp\/v2\/product_brand?post=36586"},{"taxonomy":"product_cat","embeddable":true,"href":"https:\/\/skin-heal.com\/es\/wp-json\/wp\/v2\/product_cat?post=36586"},{"taxonomy":"product_tag","embeddable":true,"href":"https:\/\/skin-heal.com\/es\/wp-json\/wp\/v2\/product_tag?post=36586"}],"curies":[{"name":"wp","href":"https:\/\/api.w.org\/{rel}","templated":true}]}}