{"id":36597,"date":"2024-07-15T18:19:37","date_gmt":"2024-07-15T15:19:37","guid":{"rendered":"https:\/\/skin-heal.com\/?post_type=product&#038;p=36597"},"modified":"2024-08-05T22:40:36","modified_gmt":"2024-08-05T19:40:36","slug":"reprima-pn-niacinamide-1-x-1-1ml","status":"publish","type":"product","link":"https:\/\/skin-heal.com\/es\/producto\/reprima-pn-niacinamide-1-x-1-1ml\/","title":{"rendered":"RE:Prima i PN + Niacinamida (1 x 1,1ml)"},"content":{"rendered":"<p>La forma en que act\u00faa el Polinucle\u00f3tido de RE:Prima i es estimulando el fibroblasto y promoviendo una r\u00e1pida s\u00edntesis de col\u00e1geno en la matriz extracelular, as\u00ed como impulsando la producci\u00f3n de fibras de elastina. Esto tiene varios efectos positivos. Por un lado, la piel se vuelve m\u00e1s suave, ya que recupera su elasticidad natural. Con ello, la textura y la tersura y el aspecto general de juventud.<\/p>\n<p>Adem\u00e1s, RE:Prima i proporciona un r\u00e1pido impulso en la hidrataci\u00f3n de la piel, que, con la ayuda del nuevo col\u00e1geno se mantiene. Pero lo m\u00e1s importante es que la s\u00edntesis de cantidades adicionales de col\u00e1geno en la matriz extracelular crea nuevas estructuras de soporte, que mantienen la dermis superior m\u00e1s firme y reducen notablemente la flacidez de la piel.<\/p>\n<p>La diferencia de RE:Prima i radica en que tambi\u00e9n contiene 2% de Niacinamida. Este potente complejo de vitamina B tiene propiedades que amplifican los efectos potenciadores del col\u00e1geno y la elastina del polinucle\u00f3tido. Sin embargo, su efecto clave es tratar el oscurecimiento de la piel. Aunque se promociona como un producto especializado en el contorno de los ojos, RE:Prima tambi\u00e9n es un buen m\u00e9todo para eliminar las manchas de hiperpigmentaci\u00f3n cut\u00e1nea en otras zonas de la cara.<\/p>\n<p>Caracter\u00edsticas principales:<\/p>\n<ul>\n<li>Trata las arrugas superficiales y las l\u00edneas superficiales de la piel.<\/li>\n<li>Amplifica los procesos de cicatrizaci\u00f3n de la piel.<\/li>\n<li>Ayuda a combatir las cicatrices, especialmente las del acn\u00e9.<\/li>\n<li>Tiene efecto reafirmante de los poros de la piel.<\/li>\n<li>Aclara la piel e invierte la hiperproducci\u00f3n de melanina.<\/li>\n<li>Mejora la elasticidad y la suavidad de la dermis superior e inferior.<\/li>\n<\/ul>","protected":false},"excerpt":{"rendered":"<p>Los potenciadores de la piel basados en polinucle\u00f3tidos derivados del ADN de salm\u00f3n son una de las mejores herramientas para detener el proceso de envejecimiento natural de la piel. Al aumentar r\u00e1pidamente la producci\u00f3n de col\u00e1geno y elastina, RE:Prima i aborda los principales problemas de la piel envejecida y cansada y le devuelve su juventud de forma totalmente natural. Mejorando el producto base, el RE:Prima i skinbooster incluye 2% de Niacinamida, ayudando tambi\u00e9n con los problemas relacionados con la hiperpigmentaci\u00f3n como las ojeras, pero tambi\u00e9n las manchas oscuras en varias partes de la cara.<\/p>","protected":false},"featured_media":36598,"template":"","meta":[],"product_brand":[],"product_cat":[80,156],"product_tag":[],"class_list":{"0":"post-36597","1":"product","2":"type-product","3":"status-publish","4":"has-post-thumbnail","6":"product_cat-mesotherapy","7":"product_cat-prima","8":"clearfix","10":"first","11":"instock","12":"taxable","13":"shipping-taxable","14":"purchasable","15":"product-type-simple"},"yoast_head":"<!-- This site is optimized with the Yoast SEO plugin v27.4 - https:\/\/yoast.com\/product\/yoast-seo-wordpress\/ -->\n<title>RE:Prima i PN + Niacinamide (1 x 1.1ml) - Skin Heal<\/title>\n<meta name=\"description\" content=\"Polynucleotide skinboosters with Niacinamide Vitamin B complex for skin brightening \u2013 RE:Prima i is a simple solution for complex skin problems.\" \/>\n<meta name=\"robots\" content=\"index, follow, max-snippet:-1, max-image-preview:large, max-video-preview:-1\" \/>\n<link rel=\"canonical\" href=\"https:\/\/skin-heal.com\/es\/producto\/reprima-pn-niacinamide-1-x-1-1ml\/\" \/>\n<meta property=\"og:locale\" content=\"es_MX\" \/>\n<meta property=\"og:type\" content=\"article\" \/>\n<meta property=\"og:title\" content=\"RE:Prima i PN + Niacinamide (1 x 1.1ml) - Skin Heal\" \/>\n<meta property=\"og:description\" content=\"Polynucleotide skinboosters with Niacinamide Vitamin B complex for skin brightening \u2013 RE:Prima i is a simple solution for complex skin problems.\" \/>\n<meta property=\"og:url\" content=\"https:\/\/skin-heal.com\/es\/producto\/reprima-pn-niacinamide-1-x-1-1ml\/\" \/>\n<meta property=\"og:site_name\" content=\"Skin Heal\" \/>\n<meta property=\"article:modified_time\" content=\"2024-08-05T19:40:36+00:00\" \/>\n<meta property=\"og:image\" content=\"https:\/\/cdn.skin-heal.com\/wp-content\/uploads\/2024\/07\/RE-Prima-i.jpg\" \/>\n\t<meta property=\"og:image:width\" content=\"600\" \/>\n\t<meta property=\"og:image:height\" content=\"600\" \/>\n\t<meta property=\"og:image:type\" content=\"image\/jpeg\" \/>\n<meta name=\"twitter:card\" content=\"summary_large_image\" \/>\n<meta name=\"twitter:label1\" content=\"Tiempo de lectura\" \/>\n\t<meta name=\"twitter:data1\" content=\"2 minutos\" \/>\n<script type=\"application\/ld+json\" class=\"yoast-schema-graph\">{\"@context\":\"https:\\\/\\\/schema.org\",\"@graph\":[{\"@type\":\"WebPage\",\"@id\":\"https:\\\/\\\/skin-heal.com\\\/product\\\/reprima-pn-niacinamide-1-x-1-1ml\\\/\",\"url\":\"https:\\\/\\\/skin-heal.com\\\/product\\\/reprima-pn-niacinamide-1-x-1-1ml\\\/\",\"name\":\"RE:Prima i PN + Niacinamide (1 x 1.1ml) - Skin Heal\",\"isPartOf\":{\"@id\":\"https:\\\/\\\/skin-heal.com\\\/#website\"},\"primaryImageOfPage\":{\"@id\":\"https:\\\/\\\/skin-heal.com\\\/product\\\/reprima-pn-niacinamide-1-x-1-1ml\\\/#primaryimage\"},\"image\":{\"@id\":\"https:\\\/\\\/skin-heal.com\\\/product\\\/reprima-pn-niacinamide-1-x-1-1ml\\\/#primaryimage\"},\"thumbnailUrl\":\"https:\\\/\\\/skin-heal.com\\\/wp-content\\\/uploads\\\/2024\\\/07\\\/RE-Prima-i.jpg\",\"datePublished\":\"2024-07-15T15:19:37+00:00\",\"dateModified\":\"2024-08-05T19:40:36+00:00\",\"description\":\"Polynucleotide skinboosters with Niacinamide Vitamin B complex for skin brightening \u2013 RE:Prima i is a simple solution for complex skin problems.\",\"breadcrumb\":{\"@id\":\"https:\\\/\\\/skin-heal.com\\\/product\\\/reprima-pn-niacinamide-1-x-1-1ml\\\/#breadcrumb\"},\"inLanguage\":\"es\",\"potentialAction\":[{\"@type\":\"ReadAction\",\"target\":[\"https:\\\/\\\/skin-heal.com\\\/product\\\/reprima-pn-niacinamide-1-x-1-1ml\\\/\"]}]},{\"@type\":\"ImageObject\",\"inLanguage\":\"es\",\"@id\":\"https:\\\/\\\/skin-heal.com\\\/product\\\/reprima-pn-niacinamide-1-x-1-1ml\\\/#primaryimage\",\"url\":\"https:\\\/\\\/skin-heal.com\\\/wp-content\\\/uploads\\\/2024\\\/07\\\/RE-Prima-i.jpg\",\"contentUrl\":\"https:\\\/\\\/skin-heal.com\\\/wp-content\\\/uploads\\\/2024\\\/07\\\/RE-Prima-i.jpg\",\"width\":600,\"height\":600,\"caption\":\"RE Prima i\"},{\"@type\":\"BreadcrumbList\",\"@id\":\"https:\\\/\\\/skin-heal.com\\\/product\\\/reprima-pn-niacinamide-1-x-1-1ml\\\/#breadcrumb\",\"itemListElement\":[{\"@type\":\"ListItem\",\"position\":1,\"name\":\"Home\",\"item\":\"https:\\\/\\\/skin-heal.com\\\/\"},{\"@type\":\"ListItem\",\"position\":2,\"name\":\"Store\",\"item\":\"https:\\\/\\\/skin-heal.com\\\/store\\\/\"},{\"@type\":\"ListItem\",\"position\":3,\"name\":\"RE:Prima i PN + Niacinamide (1 x 1.1ml)\"}]},{\"@type\":\"WebSite\",\"@id\":\"https:\\\/\\\/skin-heal.com\\\/#website\",\"url\":\"https:\\\/\\\/skin-heal.com\\\/\",\"name\":\"Skin Heal\",\"description\":\"Lowest Prices for Dermal Fillers\",\"potentialAction\":[{\"@type\":\"SearchAction\",\"target\":{\"@type\":\"EntryPoint\",\"urlTemplate\":\"https:\\\/\\\/skin-heal.com\\\/?s={search_term_string}\"},\"query-input\":{\"@type\":\"PropertyValueSpecification\",\"valueRequired\":true,\"valueName\":\"search_term_string\"}}],\"inLanguage\":\"es\"}]}<\/script>\n<!-- \/ Yoast SEO plugin. -->","yoast_head_json":{"title":"RE:Prima i PN + Niacinamida (1 x 1,1ml) - Skin Heal","description":"Polinucle\u00f3tidos potenciadores de la piel con niacinamida y complejo de vitamina B para iluminar la piel - RE:Prima i es una soluci\u00f3n sencilla para problemas cut\u00e1neos complejos.","robots":{"index":"index","follow":"follow","max-snippet":"max-snippet:-1","max-image-preview":"max-image-preview:large","max-video-preview":"max-video-preview:-1"},"canonical":"https:\/\/skin-heal.com\/es\/producto\/reprima-pn-niacinamide-1-x-1-1ml\/","og_locale":"es_MX","og_type":"article","og_title":"RE:Prima i PN + Niacinamide (1 x 1.1ml) - Skin Heal","og_description":"Polynucleotide skinboosters with Niacinamide Vitamin B complex for skin brightening \u2013 RE:Prima i is a simple solution for complex skin problems.","og_url":"https:\/\/skin-heal.com\/es\/producto\/reprima-pn-niacinamide-1-x-1-1ml\/","og_site_name":"Skin Heal","article_modified_time":"2024-08-05T19:40:36+00:00","og_image":[{"width":600,"height":600,"url":"https:\/\/cdn.skin-heal.com\/wp-content\/uploads\/2024\/07\/RE-Prima-i.jpg","type":"image\/jpeg"}],"twitter_card":"summary_large_image","twitter_misc":{"Tiempo de lectura":"2 minutos"},"schema":{"@context":"https:\/\/schema.org","@graph":[{"@type":"WebPage","@id":"https:\/\/skin-heal.com\/product\/reprima-pn-niacinamide-1-x-1-1ml\/","url":"https:\/\/skin-heal.com\/product\/reprima-pn-niacinamide-1-x-1-1ml\/","name":"RE:Prima i PN + Niacinamida (1 x 1,1ml) - Skin Heal","isPartOf":{"@id":"https:\/\/skin-heal.com\/#website"},"primaryImageOfPage":{"@id":"https:\/\/skin-heal.com\/product\/reprima-pn-niacinamide-1-x-1-1ml\/#primaryimage"},"image":{"@id":"https:\/\/skin-heal.com\/product\/reprima-pn-niacinamide-1-x-1-1ml\/#primaryimage"},"thumbnailUrl":"https:\/\/cdn.skin-heal.com\/wp-content\/uploads\/2024\/07\/RE-Prima-i.jpg","datePublished":"2024-07-15T15:19:37+00:00","dateModified":"2024-08-05T19:40:36+00:00","description":"Polinucle\u00f3tidos potenciadores de la piel con niacinamida y complejo de vitamina B para iluminar la piel - RE:Prima i es una soluci\u00f3n sencilla para problemas cut\u00e1neos complejos.","breadcrumb":{"@id":"https:\/\/skin-heal.com\/product\/reprima-pn-niacinamide-1-x-1-1ml\/#breadcrumb"},"inLanguage":"es","potentialAction":[{"@type":"ReadAction","target":["https:\/\/skin-heal.com\/product\/reprima-pn-niacinamide-1-x-1-1ml\/"]}]},{"@type":"ImageObject","inLanguage":"es","@id":"https:\/\/skin-heal.com\/product\/reprima-pn-niacinamide-1-x-1-1ml\/#primaryimage","url":"https:\/\/cdn.skin-heal.com\/wp-content\/uploads\/2024\/07\/RE-Prima-i.jpg","contentUrl":"https:\/\/cdn.skin-heal.com\/wp-content\/uploads\/2024\/07\/RE-Prima-i.jpg","width":600,"height":600,"caption":"RE Prima i"},{"@type":"BreadcrumbList","@id":"https:\/\/skin-heal.com\/product\/reprima-pn-niacinamide-1-x-1-1ml\/#breadcrumb","itemListElement":[{"@type":"ListItem","position":1,"name":"Home","item":"https:\/\/skin-heal.com\/"},{"@type":"ListItem","position":2,"name":"Store","item":"https:\/\/skin-heal.com\/store\/"},{"@type":"ListItem","position":3,"name":"RE:Prima i PN + Niacinamide (1 x 1.1ml)"}]},{"@type":"WebSite","@id":"https:\/\/skin-heal.com\/#website","url":"https:\/\/skin-heal.com\/","name":"Curaci\u00f3n de la piel","description":"Los precios m\u00e1s bajos para los rellenos d\u00e9rmicos","potentialAction":[{"@type":"SearchAction","target":{"@type":"EntryPoint","urlTemplate":"https:\/\/skin-heal.com\/?s={search_term_string}"},"query-input":{"@type":"PropertyValueSpecification","valueRequired":true,"valueName":"search_term_string"}}],"inLanguage":"es"}]}},"_links":{"self":[{"href":"https:\/\/skin-heal.com\/es\/wp-json\/wp\/v2\/product\/36597","targetHints":{"allow":["GET"]}}],"collection":[{"href":"https:\/\/skin-heal.com\/es\/wp-json\/wp\/v2\/product"}],"about":[{"href":"https:\/\/skin-heal.com\/es\/wp-json\/wp\/v2\/types\/product"}],"wp:featuredmedia":[{"embeddable":true,"href":"https:\/\/skin-heal.com\/es\/wp-json\/wp\/v2\/media\/36598"}],"wp:attachment":[{"href":"https:\/\/skin-heal.com\/es\/wp-json\/wp\/v2\/media?parent=36597"}],"wp:term":[{"taxonomy":"product_brand","embeddable":true,"href":"https:\/\/skin-heal.com\/es\/wp-json\/wp\/v2\/product_brand?post=36597"},{"taxonomy":"product_cat","embeddable":true,"href":"https:\/\/skin-heal.com\/es\/wp-json\/wp\/v2\/product_cat?post=36597"},{"taxonomy":"product_tag","embeddable":true,"href":"https:\/\/skin-heal.com\/es\/wp-json\/wp\/v2\/product_tag?post=36597"}],"curies":[{"name":"wp","href":"https:\/\/api.w.org\/{rel}","templated":true}]}}