{"id":36600,"date":"2024-07-18T18:37:39","date_gmt":"2024-07-18T15:37:39","guid":{"rendered":"https:\/\/skin-heal.com\/?post_type=product&#038;p=36600"},"modified":"2025-08-06T10:14:18","modified_gmt":"2025-08-06T07:14:18","slug":"lemon-bottle-lipo-product","status":"publish","type":"product","link":"https:\/\/skin-heal.com\/es\/producto\/lemon-bottle-lipo-product\/","title":{"rendered":"Lim\u00f3n Botella Lipo Producto"},"content":{"rendered":"<p>Lemon Bottle es una soluci\u00f3n a base de \u00e1cido c\u00edtrico para disolver las c\u00e9lulas grasas. Se aplica localmente en las zonas del cuerpo, el cuello y la barbilla para provocar r\u00e1pidamente un efecto lipol\u00edtico. Una gran ventaja que tiene este producto para los labios es que est\u00e1 basado en un ingrediente natural. El n\u00facleo de la soluci\u00f3n disolvente de grasa LemonBottle son los tres ingredientes siguientes:<\/p>\n<ul>\n<li>Riboflavina (vitamina B2): se sabe que acelera r\u00e1pidamente el metabolismo de las c\u00e9lulas grasas, lo que a su vez acelera su eventual descomposici\u00f3n y expulsi\u00f3n del organismo.<\/li>\n<li>Bromelina: esta enzima proteol\u00edtica procede de la pi\u00f1a. Desempe\u00f1a dos funciones clave: en primer lugar, ayuda a disolver las c\u00e9lulas grasas. En segundo lugar, tiene propiedades antiinflamatorias, lo que reduce las molestias tras el procedimiento.<\/li>\n<li>Lecitina - un ingrediente com\u00fan de los productos lipol\u00edticos, la lecitina es un emulsionante, que es bastante eficaz en la destrucci\u00f3n, disoluci\u00f3n y extrusi\u00f3n segura de las c\u00e9lulas grasas del cuerpo.<\/li>\n<\/ul>\n<p>El objetivo principal de Lemon Bottle es proporcionar a las personas un m\u00e9todo seguro para la lipoterapia y permitir la eliminaci\u00f3n r\u00e1pida de los dep\u00f3sitos de tejidos grasos en diversas partes del cuerpo. A diferencia de muchos otros productos que se ocupan de la grasa, Lemon Bottle no s\u00f3lo ayuda contra la grasa, sino que tiene un potente efecto tensor de la piel, ayudando contra la flacidez de la piel, t\u00edpica despu\u00e9s de los procedimientos de lipo.<\/p>\n<p>En resumen, Lemon Bottle es un producto eficaz para eliminar la grasa no deseada de partes del cuerpo como el abdomen, las piernas, los muslos y las manos. Adem\u00e1s, al ser un producto disolvente de grasa suave, aunque muy eficaz, tambi\u00e9n puede ayudar en zonas m\u00e1s delicadas como el cuello y la barbilla.<\/p>","protected":false},"excerpt":{"rendered":"<p>Uno de los productos lipol\u00edticos m\u00e1s eficaces del mercado, Lemon Bottle es un m\u00e9todo equilibrado, \u00fatil y de eficacia probada para disolver los tejidos grasos del cuerpo, el cuello y la barbilla. Un r\u00e1pido procedimiento de 30 minutos puede dar lugar a resultados masivos y notables, que pueden hacerse visibles entre 24 horas y tres semanas. El efecto es duradero y, combinado con una dieta y un estilo de vida adecuados, puede ser permanente.<\/p>","protected":false},"featured_media":36601,"template":"","meta":[],"product_brand":[],"product_cat":[86],"product_tag":[],"class_list":{"0":"post-36600","1":"product","2":"type-product","3":"status-publish","4":"has-post-thumbnail","6":"product_cat-fat-resolving","7":"clearfix","9":"first","10":"instock","11":"taxable","12":"shipping-taxable","13":"purchasable","14":"product-type-variable","15":"has-default-attributes"},"yoast_head":"<!-- This site is optimized with the Yoast SEO plugin v27.4 - https:\/\/yoast.com\/product\/yoast-seo-wordpress\/ -->\n<title>Lemon Bottle Lipo Product - Skin Heal<\/title>\n<meta name=\"description\" content=\"The most effective and innovative fat dissolving product is here. Lemon Bottle will swiftly solve your excessive fat problems in a period of just three weeks.\" \/>\n<meta name=\"robots\" content=\"index, follow, max-snippet:-1, max-image-preview:large, max-video-preview:-1\" \/>\n<link rel=\"canonical\" href=\"https:\/\/skin-heal.com\/es\/producto\/lemon-bottle-lipo-product\/\" \/>\n<meta property=\"og:locale\" content=\"es_MX\" \/>\n<meta property=\"og:type\" content=\"article\" \/>\n<meta property=\"og:title\" content=\"Lemon Bottle Lipo Product - Skin Heal\" \/>\n<meta property=\"og:description\" content=\"The most effective and innovative fat dissolving product is here. Lemon Bottle will swiftly solve your excessive fat problems in a period of just three weeks.\" \/>\n<meta property=\"og:url\" content=\"https:\/\/skin-heal.com\/es\/producto\/lemon-bottle-lipo-product\/\" \/>\n<meta property=\"og:site_name\" content=\"Skin Heal\" \/>\n<meta property=\"article:modified_time\" content=\"2025-08-06T07:14:18+00:00\" \/>\n<meta property=\"og:image\" content=\"https:\/\/cdn.skin-heal.com\/wp-content\/uploads\/2024\/07\/Lemon-Bottle.jpg\" \/>\n\t<meta property=\"og:image:width\" content=\"600\" \/>\n\t<meta property=\"og:image:height\" content=\"600\" \/>\n\t<meta property=\"og:image:type\" content=\"image\/jpeg\" \/>\n<meta name=\"twitter:card\" content=\"summary_large_image\" \/>\n<meta name=\"twitter:label1\" content=\"Tiempo de lectura\" \/>\n\t<meta name=\"twitter:data1\" content=\"2 minutos\" \/>\n<script type=\"application\/ld+json\" class=\"yoast-schema-graph\">{\"@context\":\"https:\\\/\\\/schema.org\",\"@graph\":[{\"@type\":\"WebPage\",\"@id\":\"https:\\\/\\\/skin-heal.com\\\/product\\\/lemon-bottle-lipo-product\\\/\",\"url\":\"https:\\\/\\\/skin-heal.com\\\/product\\\/lemon-bottle-lipo-product\\\/\",\"name\":\"Lemon Bottle Lipo Product - Skin Heal\",\"isPartOf\":{\"@id\":\"https:\\\/\\\/skin-heal.com\\\/#website\"},\"primaryImageOfPage\":{\"@id\":\"https:\\\/\\\/skin-heal.com\\\/product\\\/lemon-bottle-lipo-product\\\/#primaryimage\"},\"image\":{\"@id\":\"https:\\\/\\\/skin-heal.com\\\/product\\\/lemon-bottle-lipo-product\\\/#primaryimage\"},\"thumbnailUrl\":\"https:\\\/\\\/skin-heal.com\\\/wp-content\\\/uploads\\\/2024\\\/07\\\/Lemon-Bottle.jpg\",\"datePublished\":\"2024-07-18T15:37:39+00:00\",\"dateModified\":\"2025-08-06T07:14:18+00:00\",\"description\":\"The most effective and innovative fat dissolving product is here. Lemon Bottle will swiftly solve your excessive fat problems in a period of just three weeks.\",\"breadcrumb\":{\"@id\":\"https:\\\/\\\/skin-heal.com\\\/product\\\/lemon-bottle-lipo-product\\\/#breadcrumb\"},\"inLanguage\":\"es\",\"potentialAction\":[{\"@type\":\"ReadAction\",\"target\":[\"https:\\\/\\\/skin-heal.com\\\/product\\\/lemon-bottle-lipo-product\\\/\"]}]},{\"@type\":\"ImageObject\",\"inLanguage\":\"es\",\"@id\":\"https:\\\/\\\/skin-heal.com\\\/product\\\/lemon-bottle-lipo-product\\\/#primaryimage\",\"url\":\"https:\\\/\\\/skin-heal.com\\\/wp-content\\\/uploads\\\/2024\\\/07\\\/Lemon-Bottle.jpg\",\"contentUrl\":\"https:\\\/\\\/skin-heal.com\\\/wp-content\\\/uploads\\\/2024\\\/07\\\/Lemon-Bottle.jpg\",\"width\":600,\"height\":600,\"caption\":\"Lemon Bottle\"},{\"@type\":\"BreadcrumbList\",\"@id\":\"https:\\\/\\\/skin-heal.com\\\/product\\\/lemon-bottle-lipo-product\\\/#breadcrumb\",\"itemListElement\":[{\"@type\":\"ListItem\",\"position\":1,\"name\":\"Home\",\"item\":\"https:\\\/\\\/skin-heal.com\\\/\"},{\"@type\":\"ListItem\",\"position\":2,\"name\":\"Store\",\"item\":\"https:\\\/\\\/skin-heal.com\\\/store\\\/\"},{\"@type\":\"ListItem\",\"position\":3,\"name\":\"Lemon Bottle Lipo Product\"}]},{\"@type\":\"WebSite\",\"@id\":\"https:\\\/\\\/skin-heal.com\\\/#website\",\"url\":\"https:\\\/\\\/skin-heal.com\\\/\",\"name\":\"Skin Heal\",\"description\":\"Lowest Prices for Dermal Fillers\",\"potentialAction\":[{\"@type\":\"SearchAction\",\"target\":{\"@type\":\"EntryPoint\",\"urlTemplate\":\"https:\\\/\\\/skin-heal.com\\\/?s={search_term_string}\"},\"query-input\":{\"@type\":\"PropertyValueSpecification\",\"valueRequired\":true,\"valueName\":\"search_term_string\"}}],\"inLanguage\":\"es\"}]}<\/script>\n<!-- \/ Yoast SEO plugin. -->","yoast_head_json":{"title":"Lim\u00f3n Botella Lipo Producto - Skin Heal","description":"Ya est\u00e1 aqu\u00ed el producto disolvente de grasa m\u00e1s eficaz e innovador. Lemon Bottle resolver\u00e1 r\u00e1pidamente sus problemas de exceso de grasa en un per\u00edodo de s\u00f3lo tres semanas.","robots":{"index":"index","follow":"follow","max-snippet":"max-snippet:-1","max-image-preview":"max-image-preview:large","max-video-preview":"max-video-preview:-1"},"canonical":"https:\/\/skin-heal.com\/es\/producto\/lemon-bottle-lipo-product\/","og_locale":"es_MX","og_type":"article","og_title":"Lemon Bottle Lipo Product - Skin Heal","og_description":"The most effective and innovative fat dissolving product is here. Lemon Bottle will swiftly solve your excessive fat problems in a period of just three weeks.","og_url":"https:\/\/skin-heal.com\/es\/producto\/lemon-bottle-lipo-product\/","og_site_name":"Skin Heal","article_modified_time":"2025-08-06T07:14:18+00:00","og_image":[{"width":600,"height":600,"url":"https:\/\/cdn.skin-heal.com\/wp-content\/uploads\/2024\/07\/Lemon-Bottle.jpg","type":"image\/jpeg"}],"twitter_card":"summary_large_image","twitter_misc":{"Tiempo de lectura":"2 minutos"},"schema":{"@context":"https:\/\/schema.org","@graph":[{"@type":"WebPage","@id":"https:\/\/skin-heal.com\/product\/lemon-bottle-lipo-product\/","url":"https:\/\/skin-heal.com\/product\/lemon-bottle-lipo-product\/","name":"Lim\u00f3n Botella Lipo Producto - Skin Heal","isPartOf":{"@id":"https:\/\/skin-heal.com\/#website"},"primaryImageOfPage":{"@id":"https:\/\/skin-heal.com\/product\/lemon-bottle-lipo-product\/#primaryimage"},"image":{"@id":"https:\/\/skin-heal.com\/product\/lemon-bottle-lipo-product\/#primaryimage"},"thumbnailUrl":"https:\/\/cdn.skin-heal.com\/wp-content\/uploads\/2024\/07\/Lemon-Bottle.jpg","datePublished":"2024-07-18T15:37:39+00:00","dateModified":"2025-08-06T07:14:18+00:00","description":"Ya est\u00e1 aqu\u00ed el producto disolvente de grasa m\u00e1s eficaz e innovador. Lemon Bottle resolver\u00e1 r\u00e1pidamente sus problemas de exceso de grasa en un per\u00edodo de s\u00f3lo tres semanas.","breadcrumb":{"@id":"https:\/\/skin-heal.com\/product\/lemon-bottle-lipo-product\/#breadcrumb"},"inLanguage":"es","potentialAction":[{"@type":"ReadAction","target":["https:\/\/skin-heal.com\/product\/lemon-bottle-lipo-product\/"]}]},{"@type":"ImageObject","inLanguage":"es","@id":"https:\/\/skin-heal.com\/product\/lemon-bottle-lipo-product\/#primaryimage","url":"https:\/\/cdn.skin-heal.com\/wp-content\/uploads\/2024\/07\/Lemon-Bottle.jpg","contentUrl":"https:\/\/cdn.skin-heal.com\/wp-content\/uploads\/2024\/07\/Lemon-Bottle.jpg","width":600,"height":600,"caption":"Lemon Bottle"},{"@type":"BreadcrumbList","@id":"https:\/\/skin-heal.com\/product\/lemon-bottle-lipo-product\/#breadcrumb","itemListElement":[{"@type":"ListItem","position":1,"name":"Home","item":"https:\/\/skin-heal.com\/"},{"@type":"ListItem","position":2,"name":"Store","item":"https:\/\/skin-heal.com\/store\/"},{"@type":"ListItem","position":3,"name":"Lemon Bottle Lipo Product"}]},{"@type":"WebSite","@id":"https:\/\/skin-heal.com\/#website","url":"https:\/\/skin-heal.com\/","name":"Curaci\u00f3n de la piel","description":"Los precios m\u00e1s bajos para los rellenos d\u00e9rmicos","potentialAction":[{"@type":"SearchAction","target":{"@type":"EntryPoint","urlTemplate":"https:\/\/skin-heal.com\/?s={search_term_string}"},"query-input":{"@type":"PropertyValueSpecification","valueRequired":true,"valueName":"search_term_string"}}],"inLanguage":"es"}]}},"_links":{"self":[{"href":"https:\/\/skin-heal.com\/es\/wp-json\/wp\/v2\/product\/36600","targetHints":{"allow":["GET"]}}],"collection":[{"href":"https:\/\/skin-heal.com\/es\/wp-json\/wp\/v2\/product"}],"about":[{"href":"https:\/\/skin-heal.com\/es\/wp-json\/wp\/v2\/types\/product"}],"wp:featuredmedia":[{"embeddable":true,"href":"https:\/\/skin-heal.com\/es\/wp-json\/wp\/v2\/media\/36601"}],"wp:attachment":[{"href":"https:\/\/skin-heal.com\/es\/wp-json\/wp\/v2\/media?parent=36600"}],"wp:term":[{"taxonomy":"product_brand","embeddable":true,"href":"https:\/\/skin-heal.com\/es\/wp-json\/wp\/v2\/product_brand?post=36600"},{"taxonomy":"product_cat","embeddable":true,"href":"https:\/\/skin-heal.com\/es\/wp-json\/wp\/v2\/product_cat?post=36600"},{"taxonomy":"product_tag","embeddable":true,"href":"https:\/\/skin-heal.com\/es\/wp-json\/wp\/v2\/product_tag?post=36600"}],"curies":[{"name":"wp","href":"https:\/\/api.w.org\/{rel}","templated":true}]}}