{"id":36606,"date":"2024-07-22T18:49:50","date_gmt":"2024-07-22T15:49:50","guid":{"rendered":"https:\/\/skin-heal.com\/?post_type=product&#038;p=36606"},"modified":"2024-07-12T19:17:24","modified_gmt":"2024-07-12T16:17:24","slug":"ejal-40-1-x-2ml","status":"publish","type":"product","link":"https:\/\/skin-heal.com\/es\/producto\/ejal-40-1-x-2ml\/","title":{"rendered":"Ejal 40 (1 x 2ml)"},"content":{"rendered":"<p>Ejal 40 permite un enfoque simplificado pero muy eficaz del envejecimiento de la piel. A medida que nuestra piel envejece, ya sea de forma natural o como resultado de un efecto externo adverso, presenta niveles m\u00e1s bajos de \u00e1cido hialur\u00f3nico, se desnutre y los fibroblastos se vuelven menos capaces de producir col\u00e1geno, al tiempo que el n\u00famero de fibras de elastina disminuye r\u00e1pidamente. Todo ello contribuye al deterioro r\u00e1pido y visible de la piel.<\/p>\n<p>El n\u00facleo del skinbosoter Ejal 40 es la hidrataci\u00f3n. Cada envase contiene una jeringa con 2 ml de gel de \u00e1cido hialur\u00f3nico no reticulado, de muy baja densidad. Al no estar reticulado, el AH penetra de forma muy eficaz en la matriz extracelular (por ejemplo, el espacio entre las c\u00e9lulas de la piel), donde se encuentran los fibroblastos. De forma m\u00e1s inmediata, esto se traducir\u00e1 en un aumento de la hidrataci\u00f3n, una reducci\u00f3n de la aspereza de la piel y un tacto y sensaci\u00f3n mucho m\u00e1s agradables de la textura de la piel, ya que se vuelve m\u00e1s suave.<\/p>\n<p>Sin embargo, a largo plazo, Ejal 40 ayudar\u00e1 a crear las mejores condiciones posibles para la s\u00edntesis de col\u00e1geno en la ECM. Aunque el \u00e1cido hialur\u00f3nico no provoca directamente la producci\u00f3n de col\u00e1geno, el gel no reticulado crear\u00e1 el entorno perfecto para que los fibroblastos puedan sintetizar m\u00e1s cantidad de este agente vital. Lo mismo es v\u00e1lido para la producci\u00f3n de fibras de col\u00e1geno. Por lo tanto, el potenciador cut\u00e1neo Ejal 40 se utiliza a menudo junto con otras formas de rejuvenecimiento de la piel (como las soluciones de polinucle\u00f3tidos u otros potenciadores del col\u00e1geno) para lograr resultados \u00f3ptimos.<\/p>\n<p>Cada caja de Ejal contiene una \u00fanica jeringa de 2 ml y una aguja de 30 G. La aplicaci\u00f3n est\u00e1ndar es de 0,25 ml por punto, para un total de cuatro puntos, repartiendo el producto entre dos zonas distintas del rostro.<\/p>","protected":false},"excerpt":{"rendered":"<p>Los potenciadores de la piel a base de \u00e1cido hialur\u00f3nico, como el Ejal 40, no rejuvenecen la piel introduciendo alg\u00fan agente milagroso en la dermis. En su lugar, se basan en la adici\u00f3n de cantidades concentradas de \u00e1cido hialur\u00f3nico en los tejidos d\u00e9rmicos superior e inferior, con el fin de compensar cualquier desequilibrio causante del envejecimiento prematuro de la piel, as\u00ed como para crear las mejores condiciones posibles para que los fibroblastos produzcan col\u00e1geno y restauren las estructuras ECM, de forma natural.<\/p>","protected":false},"featured_media":36609,"template":"","meta":[],"product_brand":[],"product_cat":[79,80],"product_tag":[],"class_list":{"0":"post-36606","1":"product","2":"type-product","3":"status-publish","4":"has-post-thumbnail","6":"product_cat-dermal-fillers","7":"product_cat-mesotherapy","8":"clearfix","10":"first","11":"instock","12":"taxable","13":"shipping-taxable","14":"purchasable","15":"product-type-simple"},"yoast_head":"<!-- This site is optimized with the Yoast SEO plugin v27.4 - https:\/\/yoast.com\/product\/yoast-seo-wordpress\/ -->\n<title>Ejal 40 (1 x 2ml) - Skin Heal<\/title>\n<meta name=\"description\" content=\"Improve the health and radiance of your skin using the Ejal 40 skinbooster \u2013 a 20mg\/ml non-crosslinked rejuvenating product, for lasting skin revitalization results.\" \/>\n<meta name=\"robots\" content=\"index, follow, max-snippet:-1, max-image-preview:large, max-video-preview:-1\" \/>\n<link rel=\"canonical\" href=\"https:\/\/skin-heal.com\/es\/producto\/ejal-40-1-x-2ml\/\" \/>\n<meta property=\"og:locale\" content=\"es_MX\" \/>\n<meta property=\"og:type\" content=\"article\" \/>\n<meta property=\"og:title\" content=\"Ejal 40 (1 x 2ml) - Skin Heal\" \/>\n<meta property=\"og:description\" content=\"Improve the health and radiance of your skin using the Ejal 40 skinbooster \u2013 a 20mg\/ml non-crosslinked rejuvenating product, for lasting skin revitalization results.\" \/>\n<meta property=\"og:url\" content=\"https:\/\/skin-heal.com\/es\/producto\/ejal-40-1-x-2ml\/\" \/>\n<meta property=\"og:site_name\" content=\"Skin Heal\" \/>\n<meta property=\"og:image\" content=\"https:\/\/cdn.skin-heal.com\/wp-content\/uploads\/2024\/07\/Ejal-40.jpg\" \/>\n\t<meta property=\"og:image:width\" content=\"600\" \/>\n\t<meta property=\"og:image:height\" content=\"600\" \/>\n\t<meta property=\"og:image:type\" content=\"image\/jpeg\" \/>\n<meta name=\"twitter:card\" content=\"summary_large_image\" \/>\n<meta name=\"twitter:label1\" content=\"Tiempo de lectura\" \/>\n\t<meta name=\"twitter:data1\" content=\"2 minutos\" \/>\n<script type=\"application\/ld+json\" class=\"yoast-schema-graph\">{\"@context\":\"https:\\\/\\\/schema.org\",\"@graph\":[{\"@type\":\"WebPage\",\"@id\":\"https:\\\/\\\/skin-heal.com\\\/product\\\/ejal-40-1-x-2ml\\\/\",\"url\":\"https:\\\/\\\/skin-heal.com\\\/product\\\/ejal-40-1-x-2ml\\\/\",\"name\":\"Ejal 40 (1 x 2ml) - Skin Heal\",\"isPartOf\":{\"@id\":\"https:\\\/\\\/skin-heal.com\\\/#website\"},\"primaryImageOfPage\":{\"@id\":\"https:\\\/\\\/skin-heal.com\\\/product\\\/ejal-40-1-x-2ml\\\/#primaryimage\"},\"image\":{\"@id\":\"https:\\\/\\\/skin-heal.com\\\/product\\\/ejal-40-1-x-2ml\\\/#primaryimage\"},\"thumbnailUrl\":\"https:\\\/\\\/skin-heal.com\\\/wp-content\\\/uploads\\\/2024\\\/07\\\/Ejal-40.jpg\",\"datePublished\":\"2024-07-22T15:49:50+00:00\",\"description\":\"Improve the health and radiance of your skin using the Ejal 40 skinbooster \u2013 a 20mg\\\/ml non-crosslinked rejuvenating product, for lasting skin revitalization results.\",\"breadcrumb\":{\"@id\":\"https:\\\/\\\/skin-heal.com\\\/product\\\/ejal-40-1-x-2ml\\\/#breadcrumb\"},\"inLanguage\":\"es\",\"potentialAction\":[{\"@type\":\"ReadAction\",\"target\":[\"https:\\\/\\\/skin-heal.com\\\/product\\\/ejal-40-1-x-2ml\\\/\"]}]},{\"@type\":\"ImageObject\",\"inLanguage\":\"es\",\"@id\":\"https:\\\/\\\/skin-heal.com\\\/product\\\/ejal-40-1-x-2ml\\\/#primaryimage\",\"url\":\"https:\\\/\\\/skin-heal.com\\\/wp-content\\\/uploads\\\/2024\\\/07\\\/Ejal-40.jpg\",\"contentUrl\":\"https:\\\/\\\/skin-heal.com\\\/wp-content\\\/uploads\\\/2024\\\/07\\\/Ejal-40.jpg\",\"width\":600,\"height\":600,\"caption\":\"Ejal 40\"},{\"@type\":\"BreadcrumbList\",\"@id\":\"https:\\\/\\\/skin-heal.com\\\/product\\\/ejal-40-1-x-2ml\\\/#breadcrumb\",\"itemListElement\":[{\"@type\":\"ListItem\",\"position\":1,\"name\":\"Home\",\"item\":\"https:\\\/\\\/skin-heal.com\\\/\"},{\"@type\":\"ListItem\",\"position\":2,\"name\":\"Store\",\"item\":\"https:\\\/\\\/skin-heal.com\\\/store\\\/\"},{\"@type\":\"ListItem\",\"position\":3,\"name\":\"Ejal 40 (1 x 2ml)\"}]},{\"@type\":\"WebSite\",\"@id\":\"https:\\\/\\\/skin-heal.com\\\/#website\",\"url\":\"https:\\\/\\\/skin-heal.com\\\/\",\"name\":\"Skin Heal\",\"description\":\"Lowest Prices for Dermal Fillers\",\"potentialAction\":[{\"@type\":\"SearchAction\",\"target\":{\"@type\":\"EntryPoint\",\"urlTemplate\":\"https:\\\/\\\/skin-heal.com\\\/?s={search_term_string}\"},\"query-input\":{\"@type\":\"PropertyValueSpecification\",\"valueRequired\":true,\"valueName\":\"search_term_string\"}}],\"inLanguage\":\"es\"}]}<\/script>\n<!-- \/ Yoast SEO plugin. -->","yoast_head_json":{"title":"Ejal 40 (1 x 2ml) - Skin Heal","description":"Mejore la salud y luminosidad de su piel utilizando el skinbooster Ejal 40, un producto rejuvenecedor no reticulado de 20mg\/ml, para unos resultados de revitalizaci\u00f3n de la piel duraderos.","robots":{"index":"index","follow":"follow","max-snippet":"max-snippet:-1","max-image-preview":"max-image-preview:large","max-video-preview":"max-video-preview:-1"},"canonical":"https:\/\/skin-heal.com\/es\/producto\/ejal-40-1-x-2ml\/","og_locale":"es_MX","og_type":"article","og_title":"Ejal 40 (1 x 2ml) - Skin Heal","og_description":"Improve the health and radiance of your skin using the Ejal 40 skinbooster \u2013 a 20mg\/ml non-crosslinked rejuvenating product, for lasting skin revitalization results.","og_url":"https:\/\/skin-heal.com\/es\/producto\/ejal-40-1-x-2ml\/","og_site_name":"Skin Heal","og_image":[{"width":600,"height":600,"url":"https:\/\/cdn.skin-heal.com\/wp-content\/uploads\/2024\/07\/Ejal-40.jpg","type":"image\/jpeg"}],"twitter_card":"summary_large_image","twitter_misc":{"Tiempo de lectura":"2 minutos"},"schema":{"@context":"https:\/\/schema.org","@graph":[{"@type":"WebPage","@id":"https:\/\/skin-heal.com\/product\/ejal-40-1-x-2ml\/","url":"https:\/\/skin-heal.com\/product\/ejal-40-1-x-2ml\/","name":"Ejal 40 (1 x 2ml) - Skin Heal","isPartOf":{"@id":"https:\/\/skin-heal.com\/#website"},"primaryImageOfPage":{"@id":"https:\/\/skin-heal.com\/product\/ejal-40-1-x-2ml\/#primaryimage"},"image":{"@id":"https:\/\/skin-heal.com\/product\/ejal-40-1-x-2ml\/#primaryimage"},"thumbnailUrl":"https:\/\/cdn.skin-heal.com\/wp-content\/uploads\/2024\/07\/Ejal-40.jpg","datePublished":"2024-07-22T15:49:50+00:00","description":"Mejore la salud y luminosidad de su piel utilizando el skinbooster Ejal 40, un producto rejuvenecedor no reticulado de 20mg\/ml, para unos resultados de revitalizaci\u00f3n de la piel duraderos.","breadcrumb":{"@id":"https:\/\/skin-heal.com\/product\/ejal-40-1-x-2ml\/#breadcrumb"},"inLanguage":"es","potentialAction":[{"@type":"ReadAction","target":["https:\/\/skin-heal.com\/product\/ejal-40-1-x-2ml\/"]}]},{"@type":"ImageObject","inLanguage":"es","@id":"https:\/\/skin-heal.com\/product\/ejal-40-1-x-2ml\/#primaryimage","url":"https:\/\/cdn.skin-heal.com\/wp-content\/uploads\/2024\/07\/Ejal-40.jpg","contentUrl":"https:\/\/cdn.skin-heal.com\/wp-content\/uploads\/2024\/07\/Ejal-40.jpg","width":600,"height":600,"caption":"Ejal 40"},{"@type":"BreadcrumbList","@id":"https:\/\/skin-heal.com\/product\/ejal-40-1-x-2ml\/#breadcrumb","itemListElement":[{"@type":"ListItem","position":1,"name":"Home","item":"https:\/\/skin-heal.com\/"},{"@type":"ListItem","position":2,"name":"Store","item":"https:\/\/skin-heal.com\/store\/"},{"@type":"ListItem","position":3,"name":"Ejal 40 (1 x 2ml)"}]},{"@type":"WebSite","@id":"https:\/\/skin-heal.com\/#website","url":"https:\/\/skin-heal.com\/","name":"Curaci\u00f3n de la piel","description":"Los precios m\u00e1s bajos para los rellenos d\u00e9rmicos","potentialAction":[{"@type":"SearchAction","target":{"@type":"EntryPoint","urlTemplate":"https:\/\/skin-heal.com\/?s={search_term_string}"},"query-input":{"@type":"PropertyValueSpecification","valueRequired":true,"valueName":"search_term_string"}}],"inLanguage":"es"}]}},"_links":{"self":[{"href":"https:\/\/skin-heal.com\/es\/wp-json\/wp\/v2\/product\/36606","targetHints":{"allow":["GET"]}}],"collection":[{"href":"https:\/\/skin-heal.com\/es\/wp-json\/wp\/v2\/product"}],"about":[{"href":"https:\/\/skin-heal.com\/es\/wp-json\/wp\/v2\/types\/product"}],"wp:featuredmedia":[{"embeddable":true,"href":"https:\/\/skin-heal.com\/es\/wp-json\/wp\/v2\/media\/36609"}],"wp:attachment":[{"href":"https:\/\/skin-heal.com\/es\/wp-json\/wp\/v2\/media?parent=36606"}],"wp:term":[{"taxonomy":"product_brand","embeddable":true,"href":"https:\/\/skin-heal.com\/es\/wp-json\/wp\/v2\/product_brand?post=36606"},{"taxonomy":"product_cat","embeddable":true,"href":"https:\/\/skin-heal.com\/es\/wp-json\/wp\/v2\/product_cat?post=36606"},{"taxonomy":"product_tag","embeddable":true,"href":"https:\/\/skin-heal.com\/es\/wp-json\/wp\/v2\/product_tag?post=36606"}],"curies":[{"name":"wp","href":"https:\/\/api.w.org\/{rel}","templated":true}]}}