{"id":36607,"date":"2024-07-20T19:15:51","date_gmt":"2024-07-20T16:15:51","guid":{"rendered":"https:\/\/skin-heal.com\/?post_type=product&#038;p=36607"},"modified":"2024-07-12T19:22:04","modified_gmt":"2024-07-12T16:22:04","slug":"exo-17s-exosome-skinbooster-1-x-2-2ml","status":"publish","type":"product","link":"https:\/\/skin-heal.com\/es\/producto\/exo-17s-exosome-skinbooster-1-x-2-2ml\/","title":{"rendered":"Exo 17S Exosome Skinbooster (1 x 2,2ml)"},"content":{"rendered":"<p>Los exosomas han empezado a adue\u00f1arse del mundo de la cosm\u00e9tica profesional y el cuidado de la piel. Utilizados tanto en soluciones inyectables como t\u00f3picas, como el Exo 17S skinbooster, son uno de los agentes revitalizantes de la piel m\u00e1s potentes que utiliza la industria de la belleza actual. Pero, \u00bfqu\u00e9 son?<\/p>\n<p>Los exosomas son ves\u00edculas extracelulares muy peque\u00f1as, cuyo tama\u00f1o oscila entre 30 y 150 nan\u00f3metros. Para nuestro organismo, su importancia radica en el proceso de comunicaci\u00f3n de c\u00e9lula a c\u00e9lula. En lo que respecta al cuidado de la piel, en particular, son importantes como ingrediente, ya que contienen muchas mol\u00e9culas bioactivas beneficiosas, como prote\u00ednas, \u00e1cidos nucleicos y l\u00edpidos. Los potenciadores de la piel como el Exo 17S utilizan exosomas derivados de c\u00e9lulas madre y conf\u00edan en su capacidad para potenciar de forma significativa las propiedades regenerativas y autocurativas naturales de la piel. Esto incluye no s\u00f3lo la curaci\u00f3n de heridas o el tratamiento de problemas como las cicatrices del acn\u00e9, sino tambi\u00e9n la mejora de la resistencia de las c\u00e9lulas de la piel en general.<\/p>\n<p>Los otros ingredientes del potenciador de exosomas Exo 17S incluyen:<\/p>\n<ul>\n<li>Polinucle\u00f3tidos: normalmente derivados del ADN del salm\u00f3n, son un potente potenciador de la piel por derecho propio, ya que mejoran la producci\u00f3n de col\u00e1geno y tienen propiedades iluminadoras de la piel.<\/li>\n<li>\u00c1cido hialur\u00f3nico - una de las sustancias m\u00e1s eficaces para mejorar seriamente la hidrataci\u00f3n de la piel.<\/li>\n<li>P\u00e9ptidos: un c\u00f3ctel especialmente seleccionado de p\u00e9ptidos patentados amplificar\u00e1 enormemente el efecto potenciador del col\u00e1geno de Exo 17S.<\/li>\n<li>Gluthatione - un potente antioxidante con propiedades iluminadoras de la piel, por derecho propio.<\/li>\n<\/ul>\n<p>Y una amplia selecci\u00f3n de ingredientes adicionales, equilibrados para hacer del Exo 17S exosome skinbooster la soluci\u00f3n de rejuvenecimiento d\u00e9rmico de uso t\u00f3pico m\u00e1s eficaz del mercado.<\/p>","protected":false},"excerpt":{"rendered":"<p>Mientras que la mayor\u00eda de los potenciadores cut\u00e1neos se aplican directamente en la dermis, Exo 17S es un potenciador cut\u00e1neo inmunoexosomal, 100% de uso t\u00f3pico. Sin embargo, se las arregl\u00f3 para tener un efecto profundamente positivo en las c\u00e9lulas de la piel, mejorando su salud y fuerza, mientras que en general el rejuvenecimiento de la piel a trav\u00e9s de boostilng col\u00e1geno y la producci\u00f3n de elastina y el fortalecimiento de la matriz extracelular. Tambi\u00e9n mejora el tono y la hidrataci\u00f3n general de la piel a largo plazo.<\/p>","protected":false},"featured_media":36610,"template":"","meta":[],"product_brand":[],"product_cat":[80],"product_tag":[],"class_list":{"0":"post-36607","1":"product","2":"type-product","3":"status-publish","4":"has-post-thumbnail","6":"product_cat-mesotherapy","7":"clearfix","9":"first","10":"instock","11":"taxable","12":"shipping-taxable","13":"purchasable","14":"product-type-simple"},"yoast_head":"<!-- This site is optimized with the Yoast SEO plugin v27.4 - https:\/\/yoast.com\/product\/yoast-seo-wordpress\/ -->\n<title>Exo 17S Exosome Skinbooster (1 x 2.2ml) - Skin Heal<\/title>\n<meta name=\"description\" content=\"Rapid and lasting rejuvenation of the skin, utilizing exosomes. Exo 17S will combine them with Hyaluronic acid, Polynucleotides and peptides for lasting skin revitalization.\" \/>\n<meta name=\"robots\" content=\"index, follow, max-snippet:-1, max-image-preview:large, max-video-preview:-1\" \/>\n<link rel=\"canonical\" href=\"https:\/\/skin-heal.com\/es\/producto\/exo-17s-exosome-skinbooster-1-x-2-2ml\/\" \/>\n<meta property=\"og:locale\" content=\"es_MX\" \/>\n<meta property=\"og:type\" content=\"article\" \/>\n<meta property=\"og:title\" content=\"Exo 17S Exosome Skinbooster (1 x 2.2ml) - Skin Heal\" \/>\n<meta property=\"og:description\" content=\"Rapid and lasting rejuvenation of the skin, utilizing exosomes. Exo 17S will combine them with Hyaluronic acid, Polynucleotides and peptides for lasting skin revitalization.\" \/>\n<meta property=\"og:url\" content=\"https:\/\/skin-heal.com\/es\/producto\/exo-17s-exosome-skinbooster-1-x-2-2ml\/\" \/>\n<meta property=\"og:site_name\" content=\"Skin Heal\" \/>\n<meta property=\"og:image\" content=\"https:\/\/cdn.skin-heal.com\/wp-content\/uploads\/2024\/07\/Exo-17S.jpg\" \/>\n\t<meta property=\"og:image:width\" content=\"600\" \/>\n\t<meta property=\"og:image:height\" content=\"600\" \/>\n\t<meta property=\"og:image:type\" content=\"image\/jpeg\" \/>\n<meta name=\"twitter:card\" content=\"summary_large_image\" \/>\n<meta name=\"twitter:label1\" content=\"Tiempo de lectura\" \/>\n\t<meta name=\"twitter:data1\" content=\"2 minutos\" \/>\n<script type=\"application\/ld+json\" class=\"yoast-schema-graph\">{\"@context\":\"https:\\\/\\\/schema.org\",\"@graph\":[{\"@type\":\"WebPage\",\"@id\":\"https:\\\/\\\/skin-heal.com\\\/product\\\/exo-17s-exosome-skinbooster-1-x-2-2ml\\\/\",\"url\":\"https:\\\/\\\/skin-heal.com\\\/product\\\/exo-17s-exosome-skinbooster-1-x-2-2ml\\\/\",\"name\":\"Exo 17S Exosome Skinbooster (1 x 2.2ml) - Skin Heal\",\"isPartOf\":{\"@id\":\"https:\\\/\\\/skin-heal.com\\\/#website\"},\"primaryImageOfPage\":{\"@id\":\"https:\\\/\\\/skin-heal.com\\\/product\\\/exo-17s-exosome-skinbooster-1-x-2-2ml\\\/#primaryimage\"},\"image\":{\"@id\":\"https:\\\/\\\/skin-heal.com\\\/product\\\/exo-17s-exosome-skinbooster-1-x-2-2ml\\\/#primaryimage\"},\"thumbnailUrl\":\"https:\\\/\\\/skin-heal.com\\\/wp-content\\\/uploads\\\/2024\\\/07\\\/Exo-17S.jpg\",\"datePublished\":\"2024-07-20T16:15:51+00:00\",\"description\":\"Rapid and lasting rejuvenation of the skin, utilizing exosomes. Exo 17S will combine them with Hyaluronic acid, Polynucleotides and peptides for lasting skin revitalization.\",\"breadcrumb\":{\"@id\":\"https:\\\/\\\/skin-heal.com\\\/product\\\/exo-17s-exosome-skinbooster-1-x-2-2ml\\\/#breadcrumb\"},\"inLanguage\":\"es\",\"potentialAction\":[{\"@type\":\"ReadAction\",\"target\":[\"https:\\\/\\\/skin-heal.com\\\/product\\\/exo-17s-exosome-skinbooster-1-x-2-2ml\\\/\"]}]},{\"@type\":\"ImageObject\",\"inLanguage\":\"es\",\"@id\":\"https:\\\/\\\/skin-heal.com\\\/product\\\/exo-17s-exosome-skinbooster-1-x-2-2ml\\\/#primaryimage\",\"url\":\"https:\\\/\\\/skin-heal.com\\\/wp-content\\\/uploads\\\/2024\\\/07\\\/Exo-17S.jpg\",\"contentUrl\":\"https:\\\/\\\/skin-heal.com\\\/wp-content\\\/uploads\\\/2024\\\/07\\\/Exo-17S.jpg\",\"width\":600,\"height\":600,\"caption\":\"Exo 17S\"},{\"@type\":\"BreadcrumbList\",\"@id\":\"https:\\\/\\\/skin-heal.com\\\/product\\\/exo-17s-exosome-skinbooster-1-x-2-2ml\\\/#breadcrumb\",\"itemListElement\":[{\"@type\":\"ListItem\",\"position\":1,\"name\":\"Home\",\"item\":\"https:\\\/\\\/skin-heal.com\\\/\"},{\"@type\":\"ListItem\",\"position\":2,\"name\":\"Store\",\"item\":\"https:\\\/\\\/skin-heal.com\\\/store\\\/\"},{\"@type\":\"ListItem\",\"position\":3,\"name\":\"Exo 17S Exosome Skinbooster (1 x 2.2ml)\"}]},{\"@type\":\"WebSite\",\"@id\":\"https:\\\/\\\/skin-heal.com\\\/#website\",\"url\":\"https:\\\/\\\/skin-heal.com\\\/\",\"name\":\"Skin Heal\",\"description\":\"Lowest Prices for Dermal Fillers\",\"potentialAction\":[{\"@type\":\"SearchAction\",\"target\":{\"@type\":\"EntryPoint\",\"urlTemplate\":\"https:\\\/\\\/skin-heal.com\\\/?s={search_term_string}\"},\"query-input\":{\"@type\":\"PropertyValueSpecification\",\"valueRequired\":true,\"valueName\":\"search_term_string\"}}],\"inLanguage\":\"es\"}]}<\/script>\n<!-- \/ Yoast SEO plugin. -->","yoast_head_json":{"title":"Exo 17S Exosome Skinbooster (1 x 2,2ml) - Skin Heal","description":"Rejuvenecimiento r\u00e1pido y duradero de la piel, utilizando exosomas. Exo 17S los combinar\u00e1 con \u00e1cido hialur\u00f3nico, polinucle\u00f3tidos y p\u00e9ptidos para una revitalizaci\u00f3n duradera de la piel.","robots":{"index":"index","follow":"follow","max-snippet":"max-snippet:-1","max-image-preview":"max-image-preview:large","max-video-preview":"max-video-preview:-1"},"canonical":"https:\/\/skin-heal.com\/es\/producto\/exo-17s-exosome-skinbooster-1-x-2-2ml\/","og_locale":"es_MX","og_type":"article","og_title":"Exo 17S Exosome Skinbooster (1 x 2.2ml) - Skin Heal","og_description":"Rapid and lasting rejuvenation of the skin, utilizing exosomes. Exo 17S will combine them with Hyaluronic acid, Polynucleotides and peptides for lasting skin revitalization.","og_url":"https:\/\/skin-heal.com\/es\/producto\/exo-17s-exosome-skinbooster-1-x-2-2ml\/","og_site_name":"Skin Heal","og_image":[{"width":600,"height":600,"url":"https:\/\/cdn.skin-heal.com\/wp-content\/uploads\/2024\/07\/Exo-17S.jpg","type":"image\/jpeg"}],"twitter_card":"summary_large_image","twitter_misc":{"Tiempo de lectura":"2 minutos"},"schema":{"@context":"https:\/\/schema.org","@graph":[{"@type":"WebPage","@id":"https:\/\/skin-heal.com\/product\/exo-17s-exosome-skinbooster-1-x-2-2ml\/","url":"https:\/\/skin-heal.com\/product\/exo-17s-exosome-skinbooster-1-x-2-2ml\/","name":"Exo 17S Exosome Skinbooster (1 x 2,2ml) - Skin Heal","isPartOf":{"@id":"https:\/\/skin-heal.com\/#website"},"primaryImageOfPage":{"@id":"https:\/\/skin-heal.com\/product\/exo-17s-exosome-skinbooster-1-x-2-2ml\/#primaryimage"},"image":{"@id":"https:\/\/skin-heal.com\/product\/exo-17s-exosome-skinbooster-1-x-2-2ml\/#primaryimage"},"thumbnailUrl":"https:\/\/cdn.skin-heal.com\/wp-content\/uploads\/2024\/07\/Exo-17S.jpg","datePublished":"2024-07-20T16:15:51+00:00","description":"Rejuvenecimiento r\u00e1pido y duradero de la piel, utilizando exosomas. Exo 17S los combinar\u00e1 con \u00e1cido hialur\u00f3nico, polinucle\u00f3tidos y p\u00e9ptidos para una revitalizaci\u00f3n duradera de la piel.","breadcrumb":{"@id":"https:\/\/skin-heal.com\/product\/exo-17s-exosome-skinbooster-1-x-2-2ml\/#breadcrumb"},"inLanguage":"es","potentialAction":[{"@type":"ReadAction","target":["https:\/\/skin-heal.com\/product\/exo-17s-exosome-skinbooster-1-x-2-2ml\/"]}]},{"@type":"ImageObject","inLanguage":"es","@id":"https:\/\/skin-heal.com\/product\/exo-17s-exosome-skinbooster-1-x-2-2ml\/#primaryimage","url":"https:\/\/cdn.skin-heal.com\/wp-content\/uploads\/2024\/07\/Exo-17S.jpg","contentUrl":"https:\/\/cdn.skin-heal.com\/wp-content\/uploads\/2024\/07\/Exo-17S.jpg","width":600,"height":600,"caption":"Exo 17S"},{"@type":"BreadcrumbList","@id":"https:\/\/skin-heal.com\/product\/exo-17s-exosome-skinbooster-1-x-2-2ml\/#breadcrumb","itemListElement":[{"@type":"ListItem","position":1,"name":"Home","item":"https:\/\/skin-heal.com\/"},{"@type":"ListItem","position":2,"name":"Store","item":"https:\/\/skin-heal.com\/store\/"},{"@type":"ListItem","position":3,"name":"Exo 17S Exosome Skinbooster (1 x 2.2ml)"}]},{"@type":"WebSite","@id":"https:\/\/skin-heal.com\/#website","url":"https:\/\/skin-heal.com\/","name":"Curaci\u00f3n de la piel","description":"Los precios m\u00e1s bajos para los rellenos d\u00e9rmicos","potentialAction":[{"@type":"SearchAction","target":{"@type":"EntryPoint","urlTemplate":"https:\/\/skin-heal.com\/?s={search_term_string}"},"query-input":{"@type":"PropertyValueSpecification","valueRequired":true,"valueName":"search_term_string"}}],"inLanguage":"es"}]}},"_links":{"self":[{"href":"https:\/\/skin-heal.com\/es\/wp-json\/wp\/v2\/product\/36607","targetHints":{"allow":["GET"]}}],"collection":[{"href":"https:\/\/skin-heal.com\/es\/wp-json\/wp\/v2\/product"}],"about":[{"href":"https:\/\/skin-heal.com\/es\/wp-json\/wp\/v2\/types\/product"}],"wp:featuredmedia":[{"embeddable":true,"href":"https:\/\/skin-heal.com\/es\/wp-json\/wp\/v2\/media\/36610"}],"wp:attachment":[{"href":"https:\/\/skin-heal.com\/es\/wp-json\/wp\/v2\/media?parent=36607"}],"wp:term":[{"taxonomy":"product_brand","embeddable":true,"href":"https:\/\/skin-heal.com\/es\/wp-json\/wp\/v2\/product_brand?post=36607"},{"taxonomy":"product_cat","embeddable":true,"href":"https:\/\/skin-heal.com\/es\/wp-json\/wp\/v2\/product_cat?post=36607"},{"taxonomy":"product_tag","embeddable":true,"href":"https:\/\/skin-heal.com\/es\/wp-json\/wp\/v2\/product_tag?post=36607"}],"curies":[{"name":"wp","href":"https:\/\/api.w.org\/{rel}","templated":true}]}}