{"id":36608,"date":"2024-07-20T19:15:51","date_gmt":"2024-07-20T16:15:51","guid":{"rendered":"https:\/\/skin-heal.com\/?post_type=product&#038;p=36608"},"modified":"2024-07-12T19:21:48","modified_gmt":"2024-07-12T16:21:48","slug":"exo-17v-exosome-skinbooster-1-x-2ml","status":"publish","type":"product","link":"https:\/\/skin-heal.com\/es\/producto\/exo-17v-exosome-skinbooster-1-x-2ml\/","title":{"rendered":"Exo 17V Exosome Skinbooster (1 x 2ml)"},"content":{"rendered":"<p>Los skinboosters m\u00e1s eficaces se dirigen espec\u00edficamente a la matriz extracelular: el espacio entre las c\u00e9lulas de la piel, donde se encuentran las estructuras de sost\u00e9n de la dermis y donde los fibroblastos sintetizan el col\u00e1geno. Tambi\u00e9n es donde se producen las fibras de elastina. Para que un potenciador levante eficazmente la piel fl\u00e1cida y mejore la producci\u00f3n de estas dos \u00faltimas, debe ser muy eficaz en la estimulaci\u00f3n de los fibroblastos.<\/p>\n<p>Exo 17V lo consigue introduciendo exosomas, que son ves\u00edculas extracelulares portadoras de mol\u00e9culas bioactivas vitales. Su papel en la comunicaci\u00f3n natural de c\u00e9lula a c\u00e9lula les confiere una funci\u00f3n \u00fanica como ingrediente potenciador de la piel. Los potenciadores del col\u00e1geno basados en exosomas, como Exo 17V, tienden a ser m\u00e1s eficaces a la hora de mejorar la resistencia de las c\u00e9lulas d\u00e9rmicas. La piel se vuelve menos propensa a las heridas y los procesos naturales de cicatrizaci\u00f3n se aceleran enormemente. Problemas como la inflamaci\u00f3n o el acn\u00e9 se alivian sustancialmente.<\/p>\n<p>En combinaci\u00f3n, el \u00e1cido hialur\u00f3nico mejora la hidrataci\u00f3n de la piel y los p\u00e9ptidos y polinucle\u00f3tidos, que tambi\u00e9n estimulan los fibroblastos, contribuyen a la s\u00edntesis de col\u00e1geno.<\/p>\n<p>Al final, la piel de la zona tratada se vuelve:<\/p>\n<ul>\n<li>M\u00e1s suave<\/li>\n<li>Heathier<\/li>\n<li>M\u00e1s suave<\/li>\n<li>M\u00e1s radiante<\/li>\n<\/ul>\n<p>Exo 17V es un potenciador cut\u00e1neo de uso puramente t\u00f3pico con exosomas que se absorbe eficazmente a trav\u00e9s de la dermis superior de la piel. Utilizado como soluci\u00f3n a largo plazo para la revitalizaci\u00f3n de la piel, tambi\u00e9n puede combinarse con otras formas de terapia antiedad o de curaci\u00f3n de la piel para lograr un efecto \u00f3ptimo, debido a su naturaleza no agresiva y a la lista general de ingredientes naturales del producto.<\/p>","protected":false},"excerpt":{"rendered":"<p>La amplificaci\u00f3n del efecto beneficioso de los ingredientes potenciadores de la piel tradicionales, como el \u00e1cido hialur\u00f3nico y los polinucle\u00f3tidos, con exosomas derivados de c\u00e9lulas madre, convierte a Exo 17V en uno de los potenciadores de la piel de uso t\u00f3pico m\u00e1s potentes del mercado. Al mismo tiempo que cura y fortalece las c\u00e9lulas de la piel, aumenta enormemente la s\u00edntesis de col\u00e1geno y la producci\u00f3n de elastina, al tiempo que aclara el tono general de la piel y mejora la luminosidad del rostro.<\/p>","protected":false},"featured_media":36611,"template":"","meta":[],"product_brand":[],"product_cat":[80],"product_tag":[],"class_list":{"0":"post-36608","1":"product","2":"type-product","3":"status-publish","4":"has-post-thumbnail","6":"product_cat-mesotherapy","7":"clearfix","9":"first","10":"instock","11":"taxable","12":"shipping-taxable","13":"purchasable","14":"product-type-simple"},"yoast_head":"<!-- This site is optimized with the Yoast SEO plugin v27.3 - https:\/\/yoast.com\/product\/yoast-seo-wordpress\/ -->\n<title>Exo 17V Exosome Skinbooster (1 x 2ml) - Skin Heal<\/title>\n<meta name=\"description\" content=\"Topical skinbooster with exosomes? Yes, the Exo 17V is just the right mesotherapy solution to apply to your skin to achieve lasting healing and rejuvenation.\" \/>\n<meta name=\"robots\" content=\"index, follow, max-snippet:-1, max-image-preview:large, max-video-preview:-1\" \/>\n<link rel=\"canonical\" href=\"https:\/\/skin-heal.com\/es\/producto\/exo-17v-exosome-skinbooster-1-x-2ml\/\" \/>\n<meta property=\"og:locale\" content=\"es_MX\" \/>\n<meta property=\"og:type\" content=\"article\" \/>\n<meta property=\"og:title\" content=\"Exo 17V Exosome Skinbooster (1 x 2ml) - Skin Heal\" \/>\n<meta property=\"og:description\" content=\"Topical skinbooster with exosomes? Yes, the Exo 17V is just the right mesotherapy solution to apply to your skin to achieve lasting healing and rejuvenation.\" \/>\n<meta property=\"og:url\" content=\"https:\/\/skin-heal.com\/es\/producto\/exo-17v-exosome-skinbooster-1-x-2ml\/\" \/>\n<meta property=\"og:site_name\" content=\"Skin Heal\" \/>\n<meta property=\"og:image\" content=\"https:\/\/cdn.skin-heal.com\/wp-content\/uploads\/2024\/07\/Exo-17V.jpg\" \/>\n\t<meta property=\"og:image:width\" content=\"600\" \/>\n\t<meta property=\"og:image:height\" content=\"600\" \/>\n\t<meta property=\"og:image:type\" content=\"image\/jpeg\" \/>\n<meta name=\"twitter:card\" content=\"summary_large_image\" \/>\n<meta name=\"twitter:label1\" content=\"Tiempo de lectura\" \/>\n\t<meta name=\"twitter:data1\" content=\"2 minutos\" \/>\n<script type=\"application\/ld+json\" class=\"yoast-schema-graph\">{\"@context\":\"https:\\\/\\\/schema.org\",\"@graph\":[{\"@type\":\"WebPage\",\"@id\":\"https:\\\/\\\/skin-heal.com\\\/product\\\/exo-17v-exosome-skinbooster-1-x-2ml\\\/\",\"url\":\"https:\\\/\\\/skin-heal.com\\\/product\\\/exo-17v-exosome-skinbooster-1-x-2ml\\\/\",\"name\":\"Exo 17V Exosome Skinbooster (1 x 2ml) - Skin Heal\",\"isPartOf\":{\"@id\":\"https:\\\/\\\/skin-heal.com\\\/#website\"},\"primaryImageOfPage\":{\"@id\":\"https:\\\/\\\/skin-heal.com\\\/product\\\/exo-17v-exosome-skinbooster-1-x-2ml\\\/#primaryimage\"},\"image\":{\"@id\":\"https:\\\/\\\/skin-heal.com\\\/product\\\/exo-17v-exosome-skinbooster-1-x-2ml\\\/#primaryimage\"},\"thumbnailUrl\":\"https:\\\/\\\/skin-heal.com\\\/wp-content\\\/uploads\\\/2024\\\/07\\\/Exo-17V.jpg\",\"datePublished\":\"2024-07-20T16:15:51+00:00\",\"description\":\"Topical skinbooster with exosomes? Yes, the Exo 17V is just the right mesotherapy solution to apply to your skin to achieve lasting healing and rejuvenation.\",\"breadcrumb\":{\"@id\":\"https:\\\/\\\/skin-heal.com\\\/product\\\/exo-17v-exosome-skinbooster-1-x-2ml\\\/#breadcrumb\"},\"inLanguage\":\"es\",\"potentialAction\":[{\"@type\":\"ReadAction\",\"target\":[\"https:\\\/\\\/skin-heal.com\\\/product\\\/exo-17v-exosome-skinbooster-1-x-2ml\\\/\"]}]},{\"@type\":\"ImageObject\",\"inLanguage\":\"es\",\"@id\":\"https:\\\/\\\/skin-heal.com\\\/product\\\/exo-17v-exosome-skinbooster-1-x-2ml\\\/#primaryimage\",\"url\":\"https:\\\/\\\/skin-heal.com\\\/wp-content\\\/uploads\\\/2024\\\/07\\\/Exo-17V.jpg\",\"contentUrl\":\"https:\\\/\\\/skin-heal.com\\\/wp-content\\\/uploads\\\/2024\\\/07\\\/Exo-17V.jpg\",\"width\":600,\"height\":600,\"caption\":\"Exo 17V\"},{\"@type\":\"BreadcrumbList\",\"@id\":\"https:\\\/\\\/skin-heal.com\\\/product\\\/exo-17v-exosome-skinbooster-1-x-2ml\\\/#breadcrumb\",\"itemListElement\":[{\"@type\":\"ListItem\",\"position\":1,\"name\":\"Home\",\"item\":\"https:\\\/\\\/skin-heal.com\\\/\"},{\"@type\":\"ListItem\",\"position\":2,\"name\":\"Store\",\"item\":\"https:\\\/\\\/skin-heal.com\\\/store\\\/\"},{\"@type\":\"ListItem\",\"position\":3,\"name\":\"Exo 17V Exosome Skinbooster (1 x 2ml)\"}]},{\"@type\":\"WebSite\",\"@id\":\"https:\\\/\\\/skin-heal.com\\\/#website\",\"url\":\"https:\\\/\\\/skin-heal.com\\\/\",\"name\":\"Skin Heal\",\"description\":\"Lowest Prices for Dermal Fillers\",\"potentialAction\":[{\"@type\":\"SearchAction\",\"target\":{\"@type\":\"EntryPoint\",\"urlTemplate\":\"https:\\\/\\\/skin-heal.com\\\/?s={search_term_string}\"},\"query-input\":{\"@type\":\"PropertyValueSpecification\",\"valueRequired\":true,\"valueName\":\"search_term_string\"}}],\"inLanguage\":\"es\"}]}<\/script>\n<!-- \/ Yoast SEO plugin. -->","yoast_head_json":{"title":"Exo 17V Exosome Skinbooster (1 x 2ml) - Skin Heal","description":"\u00bfReforzador t\u00f3pico de la piel con exosomas? S\u00ed, Exo 17V es la soluci\u00f3n de mesoterapia adecuada para aplicar sobre la piel y conseguir una curaci\u00f3n y un rejuvenecimiento duraderos.","robots":{"index":"index","follow":"follow","max-snippet":"max-snippet:-1","max-image-preview":"max-image-preview:large","max-video-preview":"max-video-preview:-1"},"canonical":"https:\/\/skin-heal.com\/es\/producto\/exo-17v-exosome-skinbooster-1-x-2ml\/","og_locale":"es_MX","og_type":"article","og_title":"Exo 17V Exosome Skinbooster (1 x 2ml) - Skin Heal","og_description":"Topical skinbooster with exosomes? Yes, the Exo 17V is just the right mesotherapy solution to apply to your skin to achieve lasting healing and rejuvenation.","og_url":"https:\/\/skin-heal.com\/es\/producto\/exo-17v-exosome-skinbooster-1-x-2ml\/","og_site_name":"Skin Heal","og_image":[{"width":600,"height":600,"url":"https:\/\/cdn.skin-heal.com\/wp-content\/uploads\/2024\/07\/Exo-17V.jpg","type":"image\/jpeg"}],"twitter_card":"summary_large_image","twitter_misc":{"Tiempo de lectura":"2 minutos"},"schema":{"@context":"https:\/\/schema.org","@graph":[{"@type":"WebPage","@id":"https:\/\/skin-heal.com\/product\/exo-17v-exosome-skinbooster-1-x-2ml\/","url":"https:\/\/skin-heal.com\/product\/exo-17v-exosome-skinbooster-1-x-2ml\/","name":"Exo 17V Exosome Skinbooster (1 x 2ml) - Skin Heal","isPartOf":{"@id":"https:\/\/skin-heal.com\/#website"},"primaryImageOfPage":{"@id":"https:\/\/skin-heal.com\/product\/exo-17v-exosome-skinbooster-1-x-2ml\/#primaryimage"},"image":{"@id":"https:\/\/skin-heal.com\/product\/exo-17v-exosome-skinbooster-1-x-2ml\/#primaryimage"},"thumbnailUrl":"https:\/\/cdn.skin-heal.com\/wp-content\/uploads\/2024\/07\/Exo-17V.jpg","datePublished":"2024-07-20T16:15:51+00:00","description":"\u00bfReforzador t\u00f3pico de la piel con exosomas? S\u00ed, Exo 17V es la soluci\u00f3n de mesoterapia adecuada para aplicar sobre la piel y conseguir una curaci\u00f3n y un rejuvenecimiento duraderos.","breadcrumb":{"@id":"https:\/\/skin-heal.com\/product\/exo-17v-exosome-skinbooster-1-x-2ml\/#breadcrumb"},"inLanguage":"es","potentialAction":[{"@type":"ReadAction","target":["https:\/\/skin-heal.com\/product\/exo-17v-exosome-skinbooster-1-x-2ml\/"]}]},{"@type":"ImageObject","inLanguage":"es","@id":"https:\/\/skin-heal.com\/product\/exo-17v-exosome-skinbooster-1-x-2ml\/#primaryimage","url":"https:\/\/cdn.skin-heal.com\/wp-content\/uploads\/2024\/07\/Exo-17V.jpg","contentUrl":"https:\/\/cdn.skin-heal.com\/wp-content\/uploads\/2024\/07\/Exo-17V.jpg","width":600,"height":600,"caption":"Exo 17V"},{"@type":"BreadcrumbList","@id":"https:\/\/skin-heal.com\/product\/exo-17v-exosome-skinbooster-1-x-2ml\/#breadcrumb","itemListElement":[{"@type":"ListItem","position":1,"name":"Home","item":"https:\/\/skin-heal.com\/"},{"@type":"ListItem","position":2,"name":"Store","item":"https:\/\/skin-heal.com\/store\/"},{"@type":"ListItem","position":3,"name":"Exo 17V Exosome Skinbooster (1 x 2ml)"}]},{"@type":"WebSite","@id":"https:\/\/skin-heal.com\/#website","url":"https:\/\/skin-heal.com\/","name":"Curaci\u00f3n de la piel","description":"Los precios m\u00e1s bajos para los rellenos d\u00e9rmicos","potentialAction":[{"@type":"SearchAction","target":{"@type":"EntryPoint","urlTemplate":"https:\/\/skin-heal.com\/?s={search_term_string}"},"query-input":{"@type":"PropertyValueSpecification","valueRequired":true,"valueName":"search_term_string"}}],"inLanguage":"es"}]}},"_links":{"self":[{"href":"https:\/\/skin-heal.com\/es\/wp-json\/wp\/v2\/product\/36608","targetHints":{"allow":["GET"]}}],"collection":[{"href":"https:\/\/skin-heal.com\/es\/wp-json\/wp\/v2\/product"}],"about":[{"href":"https:\/\/skin-heal.com\/es\/wp-json\/wp\/v2\/types\/product"}],"wp:featuredmedia":[{"embeddable":true,"href":"https:\/\/skin-heal.com\/es\/wp-json\/wp\/v2\/media\/36611"}],"wp:attachment":[{"href":"https:\/\/skin-heal.com\/es\/wp-json\/wp\/v2\/media?parent=36608"}],"wp:term":[{"taxonomy":"product_brand","embeddable":true,"href":"https:\/\/skin-heal.com\/es\/wp-json\/wp\/v2\/product_brand?post=36608"},{"taxonomy":"product_cat","embeddable":true,"href":"https:\/\/skin-heal.com\/es\/wp-json\/wp\/v2\/product_cat?post=36608"},{"taxonomy":"product_tag","embeddable":true,"href":"https:\/\/skin-heal.com\/es\/wp-json\/wp\/v2\/product_tag?post=36608"}],"curies":[{"name":"wp","href":"https:\/\/api.w.org\/{rel}","templated":true}]}}